{"id":7356,"date":"2024-12-06T08:33:59","date_gmt":"2024-12-06T08:33:59","guid":{"rendered":"https:\/\/jinhuaceramic.com\/?post_type=product&#038;p=7356"},"modified":"2025-03-10T08:55:04","modified_gmt":"2025-03-10T08:55:04","slug":"ceramic-baking-pans-wholesale","status":"publish","type":"product","link":"https:\/\/jinhuaceramic.com\/de\/product\/ceramic-baking-pans-wholesale\/","title":{"rendered":"Keramische Backformen Gro\u00dfhandel, Wei\u00df Backen Ramekins Bulk"},"content":{"rendered":"<div class=\"wp-block-columns is-layout-flex wp-container-core-columns-is-layout-9d6595d7 wp-block-columns-is-layout-flex\">\n<div class=\"wp-block-column is-layout-flow wp-block-column-is-layout-flow\">\n<h3 class=\"wp-block-heading\">Hochwertige Keramik-Backformen Gro\u00dfhandel Merkmale:<\/h3>\n\n\n\n<ul class=\"wp-block-list\">\n<li><strong>Elegantes Design: <\/strong>Diese keramischen Backformen im Gro\u00dfhandel in reinem Wei\u00df mit Linien und vertikalen Streifenmustern setzen einen schlichten, eleganten Akzent, der den Geschmack unterstreicht.<\/li>\n\n\n\n<li><strong>Hochwertiges Material: <\/strong>Diese wei\u00dfen Backf\u00f6rmchen werden aus hochwertiger Keramik hergestellt, die bei hohen Temperaturen gebrannt wird und somit sehr hitzebest\u00e4ndig ist. Sie k\u00f6nnen f\u00fcr verschiedene Zubereitungsarten verwendet werden, beispielsweise im Backofen oder in der Mikrowelle.<\/li>\n\n\n\n<li><strong>Vielseitigkeit: <\/strong>Die gro\u00dfen rechteckigen Keramik-Backformen f\u00fcr den Gro\u00dfhandel haben ein Fassungsverm\u00f6gen von 135 Unzen und eignen sich perfekt f\u00fcr die Zubereitung gro\u00dfer Portionen von Speisen wie Lasagne, Brath\u00e4hnchen usw. Diese kleinen Auflauff\u00f6rmchen haben ein Fassungsverm\u00f6gen von 4 Unzen und eignen sich f\u00fcr die Zubereitung von Desserts wie Cr\u00e8me Br\u00fbl\u00e9e, Souffl\u00e9, kleinen Kuchen oder zum Aufbewahren von So\u00dfen usw.<\/li>\n\n\n\n<li><strong>Funktioneller Deckel: <\/strong>Diese wei\u00dfen Backf\u00f6rmchen werden mit Deckeln geliefert, die effektiv verhindern, dass Lebensmittel Feuchtigkeit verlieren, und sie so frisch halten. Jeder Deckel verf\u00fcgt \u00fcber ein Loch zur Bel\u00fcftung, was sehr praktisch ist. Die Backf\u00f6rmchen mit Deckel k\u00f6nnen zum K\u00fchlen oder Einfrieren von Lebensmitteln verwendet werden, um diese einfach zu lagern.<\/li>\n<\/ul>\n<\/div>\n\n\n\n<div class=\"wp-block-column is-layout-flow wp-block-column-is-layout-flow\">\n<figure class=\"wp-block-image size-full\"><img fetchpriority=\"high\" decoding=\"async\" width=\"717\" height=\"717\" src=\"https:\/\/jinhuaceramic.com\/wp-content\/uploads\/2024\/12\/White-Custom-Baking-Dish-Ramekin-Set-Ceramic-Bakeware-Wholesale.webp\" alt=\"Keramik-Backformen Gro\u00dfhandel, wei\u00dfe Backf\u00f6rmchen Gro\u00dfpackung-1\" class=\"wp-image-7363\" srcset=\"https:\/\/jinhuaceramic.com\/wp-content\/uploads\/2024\/12\/White-Custom-Baking-Dish-Ramekin-Set-Ceramic-Bakeware-Wholesale.webp 717w, https:\/\/jinhuaceramic.com\/wp-content\/uploads\/2024\/12\/White-Custom-Baking-Dish-Ramekin-Set-Ceramic-Bakeware-Wholesale-300x300.webp 300w, https:\/\/jinhuaceramic.com\/wp-content\/uploads\/2024\/12\/White-Custom-Baking-Dish-Ramekin-Set-Ceramic-Bakeware-Wholesale-150x150.webp 150w, https:\/\/jinhuaceramic.com\/wp-content\/uploads\/2024\/12\/White-Custom-Baking-Dish-Ramekin-Set-Ceramic-Bakeware-Wholesale-12x12.webp 12w, https:\/\/jinhuaceramic.com\/wp-content\/uploads\/2024\/12\/White-Custom-Baking-Dish-Ramekin-Set-Ceramic-Bakeware-Wholesale-285x285.webp 285w, https:\/\/jinhuaceramic.com\/wp-content\/uploads\/2024\/12\/White-Custom-Baking-Dish-Ramekin-Set-Ceramic-Bakeware-Wholesale-270x270.webp 270w, https:\/\/jinhuaceramic.com\/wp-content\/uploads\/2024\/12\/White-Custom-Baking-Dish-Ramekin-Set-Ceramic-Bakeware-Wholesale-540x540.webp 540w, https:\/\/jinhuaceramic.com\/wp-content\/uploads\/2024\/12\/White-Custom-Baking-Dish-Ramekin-Set-Ceramic-Bakeware-Wholesale-660x660.webp 660w\" sizes=\"(max-width: 717px) 100vw, 717px\" \/><\/figure>\n<\/div>\n<\/div>","protected":false},"excerpt":{"rendered":"<p>Willkommen beim Kauf von Ramekins in Gro\u00dfmengen. Diese Keramik-Backformen im Gro\u00dfhandel sind \u00e4sthetisch ansprechend, funktional und vielseitig einsetzbar und daher f\u00fcr die K\u00fcche sehr zu empfehlen. Ramekins k\u00f6nnen nicht nur zum Backen, sondern auch zum Servieren von Speisen verwendet werden und verleihen Ihrem Abendessen einen zus\u00e4tzlichen Wert.<\/p>","protected":false},"featured_media":7360,"comment_status":"closed","ping_status":"closed","template":"","meta":{"_acf_changed":false},"product_brand":[],"product_cat":[53],"product_tag":[71],"class_list":{"0":"post-7356","1":"product","2":"type-product","3":"status-publish","4":"has-post-thumbnail","6":"product_cat-bakeware-in-bulk","7":"product_tag-wholesale-baking-pans","9":"first","10":"instock","11":"shipping-taxable","12":"product-type-simple"},"acf":[],"_links":{"self":[{"href":"https:\/\/jinhuaceramic.com\/de\/wp-json\/wp\/v2\/product\/7356","targetHints":{"allow":["GET"]}}],"collection":[{"href":"https:\/\/jinhuaceramic.com\/de\/wp-json\/wp\/v2\/product"}],"about":[{"href":"https:\/\/jinhuaceramic.com\/de\/wp-json\/wp\/v2\/types\/product"}],"replies":[{"embeddable":true,"href":"https:\/\/jinhuaceramic.com\/de\/wp-json\/wp\/v2\/comments?post=7356"}],"version-history":[{"count":0,"href":"https:\/\/jinhuaceramic.com\/de\/wp-json\/wp\/v2\/product\/7356\/revisions"}],"wp:featuredmedia":[{"embeddable":true,"href":"https:\/\/jinhuaceramic.com\/de\/wp-json\/wp\/v2\/media\/7360"}],"wp:attachment":[{"href":"https:\/\/jinhuaceramic.com\/de\/wp-json\/wp\/v2\/media?parent=7356"}],"wp:term":[{"taxonomy":"product_brand","embeddable":true,"href":"https:\/\/jinhuaceramic.com\/de\/wp-json\/wp\/v2\/product_brand?post=7356"},{"taxonomy":"product_cat","embeddable":true,"href":"https:\/\/jinhuaceramic.com\/de\/wp-json\/wp\/v2\/product_cat?post=7356"},{"taxonomy":"product_tag","embeddable":true,"href":"https:\/\/jinhuaceramic.com\/de\/wp-json\/wp\/v2\/product_tag?post=7356"}],"curies":[{"name":"wp","href":"https:\/\/api.w.org\/{rel}","templated":true}]}}