{"id":7381,"date":"2024-12-11T08:55:52","date_gmt":"2024-12-11T08:55:52","guid":{"rendered":"https:\/\/jinhuaceramic.com\/?post_type=product&#038;p=7381"},"modified":"2025-03-10T09:16:36","modified_gmt":"2025-03-10T09:16:36","slug":"pie-pans-wholesale","status":"publish","type":"product","link":"https:\/\/jinhuaceramic.com\/de\/product\/pie-pans-wholesale\/","title":{"rendered":"Langlebige keramische Kuchenpfannen Gro\u00dfhandel, Runde Backformen Bulk"},"content":{"rendered":"<div class=\"wp-block-columns is-layout-flex wp-container-core-columns-is-layout-9d6595d7 wp-block-columns-is-layout-flex\">\n<div class=\"wp-block-column is-layout-flow wp-block-column-is-layout-flow\">\n<h3 class=\"wp-block-heading\">Premium Pie Pans Gro\u00dfhandel Features:<\/h3>\n\n\n\n<ul class=\"wp-block-list\">\n<li><strong>Elegantes Design: <\/strong>Diese Keramikkuchenformen Gro\u00dfhandel sind mit Eleganz gestaltet, und die tief dunkelblaue Farbe gibt den Menschen ein Gef\u00fchl der Ruhe und Atmosph\u00e4re. Das wei\u00dfe geometrische Linienmuster auf der Seite der Backform ist nicht nur sch\u00f6n, sondern auch sehr dekorativ, die eine k\u00fcnstlerische Atmosph\u00e4re auf dem Esstisch hinzuf\u00fcgen k\u00f6nnen.<\/li>\n\n\n\n<li><strong>Hochwertiges keramisches Material: <\/strong>Diese hochwertigen individuellen Backformen bieten eine gro\u00dfe H\u00e4rte und Verschlei\u00dffestigkeit, so dass Kratzer und Abrieb bei t\u00e4glichem Gebrauch vermieden werden und die Lebensdauer erh\u00f6ht wird. Die Backformen halten hohen Backtemperaturen stand und lassen sich nicht so leicht verformen oder brechen.<\/li>\n\n\n\n<li><strong>Praktikabilit\u00e4t: <\/strong>Diese Keramikkuchenformen aus dem Gro\u00dfhandel eignen sich f\u00fcr verschiedene Zubereitungsarten wie Backen, D\u00fcnsten, Erhitzen usw. Sie sind sicher im Ofen, in der Mikrowelle, im Dampfgarer, im K\u00fchlschrank und in der Sp\u00fclmaschine zu verwenden.<\/li>\n\n\n\n<li><strong>Leicht zu reinigen:<\/strong> Diese individuellen Backformen aus Keramik haben glatte R\u00e4nder und eine gleichm\u00e4\u00dfige Glasur, die das Abwaschen von Fett und Essensresten sehr erleichtert. Keramik nimmt nicht so leicht Ger\u00fcche auf, so dass es nach der Reinigung einfacher ist, den urspr\u00fcnglichen Glanz und Geschmack wiederzuerlangen.<\/li>\n<\/ul>\n<\/div>\n\n\n\n<div class=\"wp-block-column is-layout-flow wp-block-column-is-layout-flow\">\n<figure class=\"wp-block-image size-full\"><img fetchpriority=\"high\" decoding=\"async\" width=\"640\" height=\"640\" src=\"https:\/\/jinhuaceramic.com\/wp-content\/uploads\/2024\/12\/Custom-Ceramic-Pie-Baking-Pan-Wholesale-Round-Bakeware-Bulk-2.webp\" alt=\"Langlebige keramische Kuchenpfannen Gro\u00dfhandel, Runde Backformen Bulk-5\" class=\"wp-image-7382\" srcset=\"https:\/\/jinhuaceramic.com\/wp-content\/uploads\/2024\/12\/Custom-Ceramic-Pie-Baking-Pan-Wholesale-Round-Bakeware-Bulk-2.webp 640w, https:\/\/jinhuaceramic.com\/wp-content\/uploads\/2024\/12\/Custom-Ceramic-Pie-Baking-Pan-Wholesale-Round-Bakeware-Bulk-2-300x300.webp 300w, https:\/\/jinhuaceramic.com\/wp-content\/uploads\/2024\/12\/Custom-Ceramic-Pie-Baking-Pan-Wholesale-Round-Bakeware-Bulk-2-150x150.webp 150w, https:\/\/jinhuaceramic.com\/wp-content\/uploads\/2024\/12\/Custom-Ceramic-Pie-Baking-Pan-Wholesale-Round-Bakeware-Bulk-2-12x12.webp 12w, https:\/\/jinhuaceramic.com\/wp-content\/uploads\/2024\/12\/Custom-Ceramic-Pie-Baking-Pan-Wholesale-Round-Bakeware-Bulk-2-285x285.webp 285w, https:\/\/jinhuaceramic.com\/wp-content\/uploads\/2024\/12\/Custom-Ceramic-Pie-Baking-Pan-Wholesale-Round-Bakeware-Bulk-2-270x270.webp 270w, https:\/\/jinhuaceramic.com\/wp-content\/uploads\/2024\/12\/Custom-Ceramic-Pie-Baking-Pan-Wholesale-Round-Bakeware-Bulk-2-540x540.webp 540w\" sizes=\"(max-width: 640px) 100vw, 640px\" \/><\/figure>\n<\/div>\n<\/div>","protected":false},"excerpt":{"rendered":"<p>Willkommen bei Keramikkuchenformen Gro\u00dfhandel zu kaufen. Diese benutzerdefinierte Backformen mit eleganten Form Design, hochwertiges Material ist leicht zu reinigen, und praktisch. Im Allgemeinen k\u00f6nnen diese Keramik-Backformen die verschiedenen Bed\u00fcrfnisse der Menschen im modernen Leben \u00fcber das Familienleben zu befriedigen.<\/p>","protected":false},"featured_media":7385,"comment_status":"closed","ping_status":"closed","template":"","meta":{"_acf_changed":false},"product_brand":[],"product_cat":[53],"product_tag":[70],"class_list":{"0":"post-7381","1":"product","2":"type-product","3":"status-publish","4":"has-post-thumbnail","6":"product_cat-bakeware-in-bulk","7":"product_tag-custom-pie-pans","9":"first","10":"instock","11":"shipping-taxable","12":"product-type-simple"},"acf":[],"_links":{"self":[{"href":"https:\/\/jinhuaceramic.com\/de\/wp-json\/wp\/v2\/product\/7381","targetHints":{"allow":["GET"]}}],"collection":[{"href":"https:\/\/jinhuaceramic.com\/de\/wp-json\/wp\/v2\/product"}],"about":[{"href":"https:\/\/jinhuaceramic.com\/de\/wp-json\/wp\/v2\/types\/product"}],"replies":[{"embeddable":true,"href":"https:\/\/jinhuaceramic.com\/de\/wp-json\/wp\/v2\/comments?post=7381"}],"version-history":[{"count":0,"href":"https:\/\/jinhuaceramic.com\/de\/wp-json\/wp\/v2\/product\/7381\/revisions"}],"wp:featuredmedia":[{"embeddable":true,"href":"https:\/\/jinhuaceramic.com\/de\/wp-json\/wp\/v2\/media\/7385"}],"wp:attachment":[{"href":"https:\/\/jinhuaceramic.com\/de\/wp-json\/wp\/v2\/media?parent=7381"}],"wp:term":[{"taxonomy":"product_brand","embeddable":true,"href":"https:\/\/jinhuaceramic.com\/de\/wp-json\/wp\/v2\/product_brand?post=7381"},{"taxonomy":"product_cat","embeddable":true,"href":"https:\/\/jinhuaceramic.com\/de\/wp-json\/wp\/v2\/product_cat?post=7381"},{"taxonomy":"product_tag","embeddable":true,"href":"https:\/\/jinhuaceramic.com\/de\/wp-json\/wp\/v2\/product_tag?post=7381"}],"curies":[{"name":"wp","href":"https:\/\/api.w.org\/{rel}","templated":true}]}}