{"id":7394,"date":"2024-12-11T08:44:07","date_gmt":"2024-12-11T08:44:07","guid":{"rendered":"https:\/\/jinhuaceramic.com\/?post_type=product&#038;p=7394"},"modified":"2025-06-25T09:09:57","modified_gmt":"2025-06-25T09:09:57","slug":"custom-made-bathroom-accessories","status":"publish","type":"product","link":"https:\/\/jinhuaceramic.com\/de\/product\/custom-made-bathroom-accessories\/","title":{"rendered":"Dunkelblaue Bad-Accessoires nach Ma\u00df, Keramik-Badeset"},"content":{"rendered":"<div class=\"wp-block-columns is-layout-flex wp-container-core-columns-is-layout-9d6595d7 wp-block-columns-is-layout-flex\">\n<div class=\"wp-block-column is-layout-flow wp-block-column-is-layout-flow\">\n<h3 class=\"wp-block-heading\">Premium Custom Made Bad-Accessoires Merkmale:<\/h3>\n\n\n\n<ul class=\"wp-block-list\">\n<li><strong>Minimalistisches Design: <\/strong>Die Linien dieser ma\u00dfgeschneiderten Bad-Accessoires Bad-Accessoires sind glatt und einfach, nicht \u00fcbertrieben dekoriert. Dieser Design-Stil entspricht dem modernen minimalistischen Design-Stil, ist nicht nur sch\u00f6n, sondern auch leichter zu verschiedenen Stilen von B\u00e4dern passen.<\/li>\n\n\n\n<li><strong>Uniform Dunkelblau: <\/strong>Das Design der ma\u00dfgeschneiderten Badezimmer-Accessoires des Gro\u00dfhandels hat viele Vorteile, wie z. B. Best\u00e4ndigkeit gegen hohe Temperaturen, Korrosion und einfache Reinigung. Daher ist es sehr gut f\u00fcr den Einsatz in Badezimmern mit ihrer feuchten und bakterienanf\u00e4lligen Umgebung geeignet.<\/li>\n\n\n\n<li><strong>Hochwertiges keramisches Material:<\/strong> Diese ma\u00dfgefertigten Badaccessoires sind temperatur- und korrosionsbest\u00e4ndig und lassen sich leicht reinigen. Sie eignen sich daher sehr gut f\u00fcr den Einsatz in einem Badezimmer - einer feuchten und bakterienanf\u00e4lligen Umgebung.<\/li>\n\n\n\n<li><strong>Vollst\u00e4ndiger Satz: <\/strong>Jedes Produkt in dieser benutzerdefinierten Bad-Accessoires Gro\u00dfhandel hat praktische Funktionen: Seifenspender, Mundwasser Tassen, Zahnb\u00fcrste Tassen, Seifenschalen, etc. Der Fl\u00fcssigseifenspender ist glatt im Druck, die Fl\u00fcssigkeit ist gleichm\u00e4\u00dfig, und es ist einfach zu bedienen. Die Anti-Rutsch-Design der Textur der Seifenschale ist f\u00fcr Praktikabilit\u00e4t ausgelegt.<\/li>\n<\/ul>\n<\/div>\n\n\n\n<div class=\"wp-block-column is-layout-flow wp-block-column-is-layout-flow\">\n<figure class=\"wp-block-image size-full\"><img fetchpriority=\"high\" decoding=\"async\" width=\"2000\" height=\"2000\" src=\"https:\/\/jinhuaceramic.com\/wp-content\/uploads\/2024\/12\/Dark-Blue-Custom-Bathroom-Set-Bulk-Ceramic-Bath-Accessories-Wholesale.webp\" alt=\"Dunkelblaue Bad-Accessoires nach Ma\u00df, Keramik-Badeset-1\" class=\"wp-image-7401\" srcset=\"https:\/\/jinhuaceramic.com\/wp-content\/uploads\/2024\/12\/Dark-Blue-Custom-Bathroom-Set-Bulk-Ceramic-Bath-Accessories-Wholesale.webp 2000w, https:\/\/jinhuaceramic.com\/wp-content\/uploads\/2024\/12\/Dark-Blue-Custom-Bathroom-Set-Bulk-Ceramic-Bath-Accessories-Wholesale-300x300.webp 300w, https:\/\/jinhuaceramic.com\/wp-content\/uploads\/2024\/12\/Dark-Blue-Custom-Bathroom-Set-Bulk-Ceramic-Bath-Accessories-Wholesale-150x150.webp 150w, https:\/\/jinhuaceramic.com\/wp-content\/uploads\/2024\/12\/Dark-Blue-Custom-Bathroom-Set-Bulk-Ceramic-Bath-Accessories-Wholesale-768x768.webp 768w, https:\/\/jinhuaceramic.com\/wp-content\/uploads\/2024\/12\/Dark-Blue-Custom-Bathroom-Set-Bulk-Ceramic-Bath-Accessories-Wholesale-12x12.webp 12w, https:\/\/jinhuaceramic.com\/wp-content\/uploads\/2024\/12\/Dark-Blue-Custom-Bathroom-Set-Bulk-Ceramic-Bath-Accessories-Wholesale-285x285.webp 285w, https:\/\/jinhuaceramic.com\/wp-content\/uploads\/2024\/12\/Dark-Blue-Custom-Bathroom-Set-Bulk-Ceramic-Bath-Accessories-Wholesale-1600x1600.webp 1600w, https:\/\/jinhuaceramic.com\/wp-content\/uploads\/2024\/12\/Dark-Blue-Custom-Bathroom-Set-Bulk-Ceramic-Bath-Accessories-Wholesale-270x270.webp 270w, https:\/\/jinhuaceramic.com\/wp-content\/uploads\/2024\/12\/Dark-Blue-Custom-Bathroom-Set-Bulk-Ceramic-Bath-Accessories-Wholesale-540x540.webp 540w, https:\/\/jinhuaceramic.com\/wp-content\/uploads\/2024\/12\/Dark-Blue-Custom-Bathroom-Set-Bulk-Ceramic-Bath-Accessories-Wholesale-660x660.webp 660w\" sizes=\"(max-width: 2000px) 100vw, 2000px\" \/><\/figure>\n<\/div>\n<\/div>","protected":false},"excerpt":{"rendered":"<p>Willkommen zum Kauf von Bad-Accessoires im Gro\u00dfhandel. Das Design dieser ma\u00dfgeschneiderten Bad-Accessoires integriert perfekt Praktikabilit\u00e4t, Sch\u00f6nheit und Modernit\u00e4t. Daher kann es voll und ganz die funktionalen Anforderungen der Menschen f\u00fcr Bad liefert und verbessern die gesamte Qualit\u00e4t und Sch\u00f6nheit des Badezimmers. Es ist ein sehr empfehlenswertes Badezimmerprodukt.<\/p>","protected":false},"featured_media":7395,"comment_status":"closed","ping_status":"closed","template":"","meta":{"_acf_changed":false},"product_brand":[],"product_cat":[51],"product_tag":[74],"class_list":{"0":"post-7394","1":"product","2":"type-product","3":"status-publish","4":"has-post-thumbnail","6":"product_cat-bathroom-accessories-wholesale","7":"product_tag-ceramic-bath-accessories-wholesale","9":"first","10":"instock","11":"shipping-taxable","12":"product-type-simple"},"acf":[],"_links":{"self":[{"href":"https:\/\/jinhuaceramic.com\/de\/wp-json\/wp\/v2\/product\/7394","targetHints":{"allow":["GET"]}}],"collection":[{"href":"https:\/\/jinhuaceramic.com\/de\/wp-json\/wp\/v2\/product"}],"about":[{"href":"https:\/\/jinhuaceramic.com\/de\/wp-json\/wp\/v2\/types\/product"}],"replies":[{"embeddable":true,"href":"https:\/\/jinhuaceramic.com\/de\/wp-json\/wp\/v2\/comments?post=7394"}],"version-history":[{"count":0,"href":"https:\/\/jinhuaceramic.com\/de\/wp-json\/wp\/v2\/product\/7394\/revisions"}],"wp:featuredmedia":[{"embeddable":true,"href":"https:\/\/jinhuaceramic.com\/de\/wp-json\/wp\/v2\/media\/7395"}],"wp:attachment":[{"href":"https:\/\/jinhuaceramic.com\/de\/wp-json\/wp\/v2\/media?parent=7394"}],"wp:term":[{"taxonomy":"product_brand","embeddable":true,"href":"https:\/\/jinhuaceramic.com\/de\/wp-json\/wp\/v2\/product_brand?post=7394"},{"taxonomy":"product_cat","embeddable":true,"href":"https:\/\/jinhuaceramic.com\/de\/wp-json\/wp\/v2\/product_cat?post=7394"},{"taxonomy":"product_tag","embeddable":true,"href":"https:\/\/jinhuaceramic.com\/de\/wp-json\/wp\/v2\/product_tag?post=7394"}],"curies":[{"name":"wp","href":"https:\/\/api.w.org\/{rel}","templated":true}]}}