{"id":7431,"date":"2024-12-14T08:19:26","date_gmt":"2024-12-14T08:19:26","guid":{"rendered":"https:\/\/jinhuaceramic.com\/?post_type=product&#038;p=7431"},"modified":"2024-12-19T07:16:05","modified_gmt":"2024-12-19T07:16:05","slug":"wholesale-soap-dispensers","status":"publish","type":"product","link":"https:\/\/jinhuaceramic.com\/de\/product\/wholesale-soap-dispensers\/","title":{"rendered":"Gro\u00dfhandel Seifenspender, Keramik-Zahnb\u00fcrstenhalter Bulk"},"content":{"rendered":"<div class=\"wp-block-columns is-layout-flex wp-container-core-columns-is-layout-9d6595d7 wp-block-columns-is-layout-flex\">\n<div class=\"wp-block-column is-layout-flow wp-block-column-is-layout-flow\">\n<h3 class=\"wp-block-heading\">Premium Gro\u00dfhandel Seifenspender Eigenschaften:<\/h3>\n\n\n\n<ul class=\"wp-block-list\">\n<li><strong>Unregelm\u00e4\u00dfige Form:<\/strong> Formen f\u00fcr diese Gro\u00dfhandel Seifenspender und Zahnb\u00fcrstenhalter Tassen sind sehr einzigartig. Sowohl der Seifenspender und Zahnb\u00fcrstenbecher nehmen eine unregelm\u00e4\u00dfige Wellenform, wie eine Reihe von Blasen, so s\u00fc\u00df. Das Tablett ist in wolken\u00e4hnlicher Form, mit der Linie glatt und nat\u00fcrlich, um ein perfektes Echo auf die Form des Seifenspenders und der Zahnb\u00fcrstenhalter zu bekommen.<\/li>\n\n\n\n<li><strong>Einfache Farbabstimmung: <\/strong>Die Hauptfarbe dieser Gro\u00dfhandel Badezimmer Eitelkeit setzt ist wei\u00df, frisch und k\u00fchl, w\u00e4hrend der goldene Kopf des Seifenspenders erh\u00f6ht die luxuri\u00f6se Gef\u00fchl des Produkts. Die Glasur dieses Satzes ist mit einigen kleinen Flecken in einem unregelm\u00e4\u00dfigen Muster, die die Schichtung und Sch\u00f6nheit des Produkts erh\u00f6ht punktiert.<\/li>\n\n\n\n<li><strong>Hochwertiges keramisches Material: <\/strong>Hochwertige keramische Materialien werden f\u00fcr diese Seifenspender und Zahnb\u00fcrstenhalter Becher f\u00fcr den Gro\u00dfhandel, sehr langlebig und widerstandsf\u00e4hig gegen Verschlei\u00df und Kratzer; Lebensdauer ist lang.<\/li>\n\n\n\n<li><strong>Praktikabilit\u00e4t: <\/strong>Diese Gro\u00dfhandel Badezimmer Eitelkeit-Sets enthalten einen Seifenspender, Zahnb\u00fcrstenhalter und Tablett. Der Seifenspender ist pressglatt, fl\u00fcssigkeitsfest und einfach zu bedienen. Das Tablett ist praktisch, abgesehen von der Speicherung anderer Bad-Accessoires; es k\u00f6nnte verwendet werden, um Schmuck, Uhren und mehr zu platzieren, um das Bad ordentlich zu halten.<\/li>\n<\/ul>\n<\/div>\n\n\n\n<div class=\"wp-block-column is-layout-flow wp-block-column-is-layout-flow\">\n<figure class=\"wp-block-image size-full\"><img fetchpriority=\"high\" decoding=\"async\" width=\"1600\" height=\"1600\" src=\"https:\/\/jinhuaceramic.com\/wp-content\/uploads\/2024\/12\/Ceramic-Designer-Bathroom-Sets-Wholesale-Bath-Accessories-Supplies-2.webp\" alt=\"Gro\u00dfhandel Seifenspender, keramische Zahnb\u00fcrste Halter Bulk-1\" class=\"wp-image-7432\" srcset=\"https:\/\/jinhuaceramic.com\/wp-content\/uploads\/2024\/12\/Ceramic-Designer-Bathroom-Sets-Wholesale-Bath-Accessories-Supplies-2.webp 1600w, https:\/\/jinhuaceramic.com\/wp-content\/uploads\/2024\/12\/Ceramic-Designer-Bathroom-Sets-Wholesale-Bath-Accessories-Supplies-2-300x300.webp 300w, https:\/\/jinhuaceramic.com\/wp-content\/uploads\/2024\/12\/Ceramic-Designer-Bathroom-Sets-Wholesale-Bath-Accessories-Supplies-2-150x150.webp 150w, https:\/\/jinhuaceramic.com\/wp-content\/uploads\/2024\/12\/Ceramic-Designer-Bathroom-Sets-Wholesale-Bath-Accessories-Supplies-2-768x768.webp 768w, https:\/\/jinhuaceramic.com\/wp-content\/uploads\/2024\/12\/Ceramic-Designer-Bathroom-Sets-Wholesale-Bath-Accessories-Supplies-2-12x12.webp 12w, https:\/\/jinhuaceramic.com\/wp-content\/uploads\/2024\/12\/Ceramic-Designer-Bathroom-Sets-Wholesale-Bath-Accessories-Supplies-2-285x285.webp 285w, https:\/\/jinhuaceramic.com\/wp-content\/uploads\/2024\/12\/Ceramic-Designer-Bathroom-Sets-Wholesale-Bath-Accessories-Supplies-2-270x270.webp 270w, https:\/\/jinhuaceramic.com\/wp-content\/uploads\/2024\/12\/Ceramic-Designer-Bathroom-Sets-Wholesale-Bath-Accessories-Supplies-2-540x540.webp 540w, https:\/\/jinhuaceramic.com\/wp-content\/uploads\/2024\/12\/Ceramic-Designer-Bathroom-Sets-Wholesale-Bath-Accessories-Supplies-2-660x660.webp 660w\" sizes=\"(max-width: 1600px) 100vw, 1600px\" \/><\/figure>\n<\/div>\n<\/div>","protected":false},"excerpt":{"rendered":"<p>Willkommen zum Kauf Gro\u00dfhandel Badezimmer Eitelkeit setzt. Diese Designer Keramik Gro\u00dfhandel Seifenspender und Zahnb\u00fcrstenhalter Tassen sind nicht nur praktisch, sondern auch einzigartig in der Form, elegant im Design und sehr dekorativ. Sein einzigartiges Design kann eine k\u00fcnstlerische Note zu Ihrem Badezimmer hinzuf\u00fcgen, so dass Ihr Badezimmer mehr warm und komfortabel.<\/p>","protected":false},"featured_media":7435,"comment_status":"closed","ping_status":"closed","template":"","meta":{"_acf_changed":false},"product_brand":[],"product_cat":[51],"product_tag":[73],"class_list":{"0":"post-7431","1":"product","2":"type-product","3":"status-publish","4":"has-post-thumbnail","6":"product_cat-bathroom-accessories-wholesale","7":"product_tag-custom-soap-dispensers","9":"first","10":"instock","11":"shipping-taxable","12":"product-type-simple"},"acf":[],"_links":{"self":[{"href":"https:\/\/jinhuaceramic.com\/de\/wp-json\/wp\/v2\/product\/7431","targetHints":{"allow":["GET"]}}],"collection":[{"href":"https:\/\/jinhuaceramic.com\/de\/wp-json\/wp\/v2\/product"}],"about":[{"href":"https:\/\/jinhuaceramic.com\/de\/wp-json\/wp\/v2\/types\/product"}],"replies":[{"embeddable":true,"href":"https:\/\/jinhuaceramic.com\/de\/wp-json\/wp\/v2\/comments?post=7431"}],"version-history":[{"count":0,"href":"https:\/\/jinhuaceramic.com\/de\/wp-json\/wp\/v2\/product\/7431\/revisions"}],"wp:featuredmedia":[{"embeddable":true,"href":"https:\/\/jinhuaceramic.com\/de\/wp-json\/wp\/v2\/media\/7435"}],"wp:attachment":[{"href":"https:\/\/jinhuaceramic.com\/de\/wp-json\/wp\/v2\/media?parent=7431"}],"wp:term":[{"taxonomy":"product_brand","embeddable":true,"href":"https:\/\/jinhuaceramic.com\/de\/wp-json\/wp\/v2\/product_brand?post=7431"},{"taxonomy":"product_cat","embeddable":true,"href":"https:\/\/jinhuaceramic.com\/de\/wp-json\/wp\/v2\/product_cat?post=7431"},{"taxonomy":"product_tag","embeddable":true,"href":"https:\/\/jinhuaceramic.com\/de\/wp-json\/wp\/v2\/product_tag?post=7431"}],"curies":[{"name":"wp","href":"https:\/\/api.w.org\/{rel}","templated":true}]}}