{"id":7459,"date":"2024-12-18T08:20:26","date_gmt":"2024-12-18T08:20:26","guid":{"rendered":"https:\/\/jinhuaceramic.com\/?post_type=product&#038;p=7459"},"modified":"2024-12-19T07:15:37","modified_gmt":"2024-12-19T07:15:37","slug":"candlesticks-in-bulk","status":"publish","type":"product","link":"https:\/\/jinhuaceramic.com\/de\/product\/candlesticks-in-bulk\/","title":{"rendered":"Blume Form keramische Kerzenst\u00e4nder in Bulk, Kerzenhalter Gro\u00dfhandel"},"content":{"rendered":"<div class=\"wp-block-columns is-layout-flex wp-container-core-columns-is-layout-9d6595d7 wp-block-columns-is-layout-flex\">\n<div class=\"wp-block-column is-layout-flow wp-block-column-is-layout-flow\">\n<h3 class=\"wp-block-heading\">Premium-Kerzenleuchter In Bulk Eigenschaften:<\/h3>\n\n\n\n<ul class=\"wp-block-list\">\n<li><strong>Einzigartige Form der Blume:<\/strong> Diese Keramik-Kerzenhalter in gro\u00dfen Mengen haben die Form von Blumen, bestehen aber aus mehreren runden Kugeln, die die Form von Bl\u00fctenbl\u00e4ttern haben, wobei die Mitte der Blume zum Aufstellen von Kerzen dient. Dieses Design gibt den Menschen ein modernes, einfaches und kindliches Gef\u00fchl.<\/li>\n\n\n\n<li><strong>Verschiedene weiche Farben: <\/strong>Diese blumenf\u00f6rmigen Keramik-Kerzenhalter im Gro\u00dfhandel sind in sanften Farben gehalten, wie Wei\u00df, Gelb und Hellviolett. Diese Farben sind sehr harmonisch abgestimmt und kann leicht in verschiedenen Wohnumgebungen integriert werden, so dass die Menschen ein warmes und angenehmes Gef\u00fchl.<\/li>\n\n\n\n<li><strong>Hochwertiges keramisches Material: <\/strong>Diese Kerzenhalter aus Keramik werden aus hochwertiger Keramik hergestellt, die sich durch eine hohe Hitzebest\u00e4ndigkeit auszeichnet. Dadurch wird gew\u00e4hrleistet, dass der Halter nicht durch die Erhitzung der darin platzierten hei\u00dfen Kerzen verformt und besch\u00e4digt wird.<\/li>\n\n\n\n<li><strong>Praktikabilit\u00e4t:<\/strong> Diese Keramik-Kerzenhalter Gro\u00dfhandel sind mit zwei verschiedenen Gr\u00f6\u00dfen je nach dem Durchmesser der Kerze gemacht. Das Design erm\u00f6glicht es dem Benutzer, Kerzen in eine einfache und stabile Weise zu platzieren; ob f\u00fcr die Beleuchtung, Aromatherapie oder Dekoration, k\u00f6nnen sie eine gute Rolle spielen.<\/li>\n<\/ul>\n<\/div>\n\n\n\n<div class=\"wp-block-column is-layout-flow wp-block-column-is-layout-flow\">\n<figure class=\"wp-block-image size-full\"><img fetchpriority=\"high\" decoding=\"async\" width=\"800\" height=\"800\" src=\"https:\/\/jinhuaceramic.com\/wp-content\/uploads\/2024\/12\/Flower-Shape-Wholesale-Candle-Holders-Ceramic-Candlesticks-In-Bulk-4.webp\" alt=\"Blumenform-Gro\u00dfhandel-Kerzenhalter,-Keramik-Kerzenst\u00e4nder-In-Bulk\" class=\"wp-image-7462\" srcset=\"https:\/\/jinhuaceramic.com\/wp-content\/uploads\/2024\/12\/Flower-Shape-Wholesale-Candle-Holders-Ceramic-Candlesticks-In-Bulk-4.webp 800w, https:\/\/jinhuaceramic.com\/wp-content\/uploads\/2024\/12\/Flower-Shape-Wholesale-Candle-Holders-Ceramic-Candlesticks-In-Bulk-4-300x300.webp 300w, https:\/\/jinhuaceramic.com\/wp-content\/uploads\/2024\/12\/Flower-Shape-Wholesale-Candle-Holders-Ceramic-Candlesticks-In-Bulk-4-150x150.webp 150w, https:\/\/jinhuaceramic.com\/wp-content\/uploads\/2024\/12\/Flower-Shape-Wholesale-Candle-Holders-Ceramic-Candlesticks-In-Bulk-4-768x768.webp 768w, https:\/\/jinhuaceramic.com\/wp-content\/uploads\/2024\/12\/Flower-Shape-Wholesale-Candle-Holders-Ceramic-Candlesticks-In-Bulk-4-12x12.webp 12w, https:\/\/jinhuaceramic.com\/wp-content\/uploads\/2024\/12\/Flower-Shape-Wholesale-Candle-Holders-Ceramic-Candlesticks-In-Bulk-4-285x285.webp 285w, https:\/\/jinhuaceramic.com\/wp-content\/uploads\/2024\/12\/Flower-Shape-Wholesale-Candle-Holders-Ceramic-Candlesticks-In-Bulk-4-270x270.webp 270w, https:\/\/jinhuaceramic.com\/wp-content\/uploads\/2024\/12\/Flower-Shape-Wholesale-Candle-Holders-Ceramic-Candlesticks-In-Bulk-4-540x540.webp 540w, https:\/\/jinhuaceramic.com\/wp-content\/uploads\/2024\/12\/Flower-Shape-Wholesale-Candle-Holders-Ceramic-Candlesticks-In-Bulk-4-660x660.webp 660w\" sizes=\"(max-width: 800px) 100vw, 800px\" \/><\/figure>\n<\/div>\n<\/div>","protected":false},"excerpt":{"rendered":"<p>Willkommen zum Kauf von Keramik-Kerzenst\u00e4nder in der Masse. Diese Blume Form Kerzenhalter Gro\u00dfhandel ist ein unverzichtbarer Teil der Dekoration zu Hause aufgrund der einzigartigen Form, weichen Farben und Haltbarkeit. Einfach zu bedienen und zu reinigen, w\u00fcrden sie viel W\u00e4rme und Interesse an Ihrem Haus Umwelt neben Hinzuf\u00fcgen einer netten Note in den Geschmack und Stil eines ganzen Ortes hinzuzuf\u00fcgen.<\/p>","protected":false},"featured_media":7465,"comment_status":"closed","ping_status":"closed","template":"","meta":{"_acf_changed":false},"product_brand":[],"product_cat":[52],"product_tag":[68],"class_list":{"0":"post-7459","1":"product","2":"type-product","3":"status-publish","4":"has-post-thumbnail","6":"product_cat-wholesale-candle-containers","7":"product_tag-ceramic-candlesticks-bulk","9":"first","10":"instock","11":"shipping-taxable","12":"product-type-simple"},"acf":[],"_links":{"self":[{"href":"https:\/\/jinhuaceramic.com\/de\/wp-json\/wp\/v2\/product\/7459","targetHints":{"allow":["GET"]}}],"collection":[{"href":"https:\/\/jinhuaceramic.com\/de\/wp-json\/wp\/v2\/product"}],"about":[{"href":"https:\/\/jinhuaceramic.com\/de\/wp-json\/wp\/v2\/types\/product"}],"replies":[{"embeddable":true,"href":"https:\/\/jinhuaceramic.com\/de\/wp-json\/wp\/v2\/comments?post=7459"}],"version-history":[{"count":0,"href":"https:\/\/jinhuaceramic.com\/de\/wp-json\/wp\/v2\/product\/7459\/revisions"}],"wp:featuredmedia":[{"embeddable":true,"href":"https:\/\/jinhuaceramic.com\/de\/wp-json\/wp\/v2\/media\/7465"}],"wp:attachment":[{"href":"https:\/\/jinhuaceramic.com\/de\/wp-json\/wp\/v2\/media?parent=7459"}],"wp:term":[{"taxonomy":"product_brand","embeddable":true,"href":"https:\/\/jinhuaceramic.com\/de\/wp-json\/wp\/v2\/product_brand?post=7459"},{"taxonomy":"product_cat","embeddable":true,"href":"https:\/\/jinhuaceramic.com\/de\/wp-json\/wp\/v2\/product_cat?post=7459"},{"taxonomy":"product_tag","embeddable":true,"href":"https:\/\/jinhuaceramic.com\/de\/wp-json\/wp\/v2\/product_tag?post=7459"}],"curies":[{"name":"wp","href":"https:\/\/api.w.org\/{rel}","templated":true}]}}