{"id":7473,"date":"2024-12-19T07:14:31","date_gmt":"2024-12-19T07:14:31","guid":{"rendered":"https:\/\/jinhuaceramic.com\/?post_type=product&#038;p=7473"},"modified":"2025-03-10T09:24:36","modified_gmt":"2025-03-10T09:24:36","slug":"bulk-bakeware","status":"publish","type":"product","link":"https:\/\/jinhuaceramic.com\/de\/product\/bulk-bakeware\/","title":{"rendered":"Antihaft-Backformen, Rechteckige Keramik-Backform"},"content":{"rendered":"<div class=\"wp-block-columns is-layout-flex wp-container-core-columns-is-layout-9d6595d7 wp-block-columns-is-layout-flex\">\n<div class=\"wp-block-column is-layout-flow wp-block-column-is-layout-flow\">\n<h3 class=\"wp-block-heading\">Premium Bulk-Backformen Merkmale:<\/h3>\n\n\n\n<ul class=\"wp-block-list\">\n<li><strong>Stilvolles Design: <\/strong>Die Hauptfarbe dieser gro\u00dfvolumigen Backformen ist orange und verleiht ihnen eine lebendige und helle Ausstrahlung, die einen Hauch von Farbe in die K\u00fcche bringen kann. Die Seiten der Backformen sind mit einem wei\u00dfen Muster verziert, das aus einer Reihe von sich wiederholenden Linien und Sternen besteht. Dieses Muster hat einen Retro-Stil, der sowohl stilvoll als auch klassisch ist.<\/li>\n\n\n\n<li><strong>Langlebige Keramikkonstruktion: <\/strong>Hochtemperaturbest\u00e4ndig, diese Premium-Keramik-Backformen Gro\u00dfhandel sicher arbeiten innerhalb von Temperaturen im Bereich von 300-400 Grad Celsius ohne Verformung oder Emittieren sch\u00e4dlichen fl\u00fcchtigen Stoffen.<\/li>\n\n\n\n<li><strong>Rechteckige Form &amp; Anti-Rutsch-Griffe: <\/strong>Diese gro\u00dfen Backformen haben eine rechteckige Form, eine sehr praktische Form zum Backen von langen oder gro\u00dfen Speisen wie Kuchen, Brot, Lasagne, Fleisch usw. Beide Seiten der Backformen haben Griffe f\u00fcr eine einfache Handhabung und k\u00f6nnen sicher aus hei\u00dfen \u00d6fen genommen werden.<\/li>\n\n\n\n<li><strong>Antihaftbeschichtete Oberfl\u00e4che: <\/strong>Die Oberfl\u00e4che dieser Keramik-Backformen im Gro\u00dfhandel ist so glatt, dass Lebensmittel nicht an der Oberfl\u00e4che haften bleiben. Die Reinigung erfordert lediglich Sp\u00fclmittel, warmes Wasser und ein weiches Tuch zum Abwischen oder die Verwendung eines Geschirrsp\u00fclers f\u00fcr die Reinigung, was sehr praktisch ist.<\/li>\n<\/ul>\n<\/div>\n\n\n\n<div class=\"wp-block-column is-layout-flow wp-block-column-is-layout-flow\">\n<figure class=\"wp-block-image size-full\"><img fetchpriority=\"high\" decoding=\"async\" width=\"640\" height=\"640\" src=\"https:\/\/jinhuaceramic.com\/wp-content\/uploads\/2024\/12\/Non-Stick-Ceramic-Rectangular-Baking-Dish-Kitchen-Bakeware-Supplies-5.webp\" alt=\"Antihaft-Backformen, Rechteckige Keramik-Backform-4\" class=\"wp-image-7477\" srcset=\"https:\/\/jinhuaceramic.com\/wp-content\/uploads\/2024\/12\/Non-Stick-Ceramic-Rectangular-Baking-Dish-Kitchen-Bakeware-Supplies-5.webp 640w, https:\/\/jinhuaceramic.com\/wp-content\/uploads\/2024\/12\/Non-Stick-Ceramic-Rectangular-Baking-Dish-Kitchen-Bakeware-Supplies-5-300x300.webp 300w, https:\/\/jinhuaceramic.com\/wp-content\/uploads\/2024\/12\/Non-Stick-Ceramic-Rectangular-Baking-Dish-Kitchen-Bakeware-Supplies-5-150x150.webp 150w, https:\/\/jinhuaceramic.com\/wp-content\/uploads\/2024\/12\/Non-Stick-Ceramic-Rectangular-Baking-Dish-Kitchen-Bakeware-Supplies-5-12x12.webp 12w, https:\/\/jinhuaceramic.com\/wp-content\/uploads\/2024\/12\/Non-Stick-Ceramic-Rectangular-Baking-Dish-Kitchen-Bakeware-Supplies-5-285x285.webp 285w, https:\/\/jinhuaceramic.com\/wp-content\/uploads\/2024\/12\/Non-Stick-Ceramic-Rectangular-Baking-Dish-Kitchen-Bakeware-Supplies-5-270x270.webp 270w, https:\/\/jinhuaceramic.com\/wp-content\/uploads\/2024\/12\/Non-Stick-Ceramic-Rectangular-Baking-Dish-Kitchen-Bakeware-Supplies-5-540x540.webp 540w\" sizes=\"(max-width: 640px) 100vw, 640px\" \/><\/figure>\n<\/div>\n<\/div>","protected":false},"excerpt":{"rendered":"<p>Willkommen zum Kauf von Keramik-Backformen im Gro\u00dfhandel. Diese Antihaft-Backformen sind sowohl praktisch als auch \u00e4sthetisch ansprechend gestaltet. Ihre rechteckige Form eignet sich f\u00fcr eine Vielzahl von Backen Bed\u00fcrfnisse, und ihre warme orange Farbe und Retro-Muster machen sie eine sch\u00f6ne Erg\u00e4nzung f\u00fcr die K\u00fcche.<\/p>","protected":false},"featured_media":7474,"comment_status":"closed","ping_status":"closed","template":"","meta":{"_acf_changed":false},"product_brand":[],"product_cat":[53],"product_tag":[71],"class_list":{"0":"post-7473","1":"product","2":"type-product","3":"status-publish","4":"has-post-thumbnail","6":"product_cat-bakeware-in-bulk","7":"product_tag-wholesale-baking-pans","9":"first","10":"instock","11":"shipping-taxable","12":"product-type-simple"},"acf":[],"_links":{"self":[{"href":"https:\/\/jinhuaceramic.com\/de\/wp-json\/wp\/v2\/product\/7473","targetHints":{"allow":["GET"]}}],"collection":[{"href":"https:\/\/jinhuaceramic.com\/de\/wp-json\/wp\/v2\/product"}],"about":[{"href":"https:\/\/jinhuaceramic.com\/de\/wp-json\/wp\/v2\/types\/product"}],"replies":[{"embeddable":true,"href":"https:\/\/jinhuaceramic.com\/de\/wp-json\/wp\/v2\/comments?post=7473"}],"version-history":[{"count":0,"href":"https:\/\/jinhuaceramic.com\/de\/wp-json\/wp\/v2\/product\/7473\/revisions"}],"wp:featuredmedia":[{"embeddable":true,"href":"https:\/\/jinhuaceramic.com\/de\/wp-json\/wp\/v2\/media\/7474"}],"wp:attachment":[{"href":"https:\/\/jinhuaceramic.com\/de\/wp-json\/wp\/v2\/media?parent=7473"}],"wp:term":[{"taxonomy":"product_brand","embeddable":true,"href":"https:\/\/jinhuaceramic.com\/de\/wp-json\/wp\/v2\/product_brand?post=7473"},{"taxonomy":"product_cat","embeddable":true,"href":"https:\/\/jinhuaceramic.com\/de\/wp-json\/wp\/v2\/product_cat?post=7473"},{"taxonomy":"product_tag","embeddable":true,"href":"https:\/\/jinhuaceramic.com\/de\/wp-json\/wp\/v2\/product_tag?post=7473"}],"curies":[{"name":"wp","href":"https:\/\/api.w.org\/{rel}","templated":true}]}}