{"id":7484,"date":"2024-12-20T02:14:40","date_gmt":"2024-12-20T02:14:40","guid":{"rendered":"https:\/\/jinhuaceramic.com\/?post_type=product&#038;p=7484"},"modified":"2024-12-20T02:15:09","modified_gmt":"2024-12-20T02:15:09","slug":"soap-dispenser-bottles-bulk","status":"publish","type":"product","link":"https:\/\/jinhuaceramic.com\/de\/product\/soap-dispenser-bottles-bulk\/","title":{"rendered":"Keramische Seifenspender Flaschen Bulk, Fl\u00fcssigseifenspender Gro\u00dfhandel"},"content":{"rendered":"<div class=\"wp-block-columns is-layout-flex wp-container-core-columns-is-layout-9d6595d7 wp-block-columns-is-layout-flex\">\n<div class=\"wp-block-column is-layout-flow wp-block-column-is-layout-flow\">\n<h3 class=\"wp-block-heading\">Premium Seifenspender Flaschen Bulk Eigenschaften:<\/h3>\n\n\n\n<ul class=\"wp-block-list\">\n<li><strong>Elegantes Design: <\/strong>Wei\u00dfe Farbe, rote Blumen und gr\u00fcne Bl\u00e4tter werden verwendet, um diese Seifenspenderflaschen zu dekorieren, die sehr zart und elegant aussehen. Das Blumenmuster auf der Flasche ist weich in der Farbe und bildet einen scharfen Kontrast mit dem goldenen Pumpenkopf, der die ganze visuelle Wirkung harmonisch und sch\u00f6n macht.<\/li>\n\n\n\n<li><strong>Hochwertiges Material: <\/strong>Diese Fl\u00fcssigseifenspender f\u00fcr den Gro\u00dfhandel sind aus hochwertigem Keramikmaterial gefertigt. Es ist hart und abriebfest, kaum kratzend oder zerst\u00f6rend, aber h\u00e4lt gutes Aussehen im t\u00e4glichen Gebrauch.<\/li>\n\n\n\n<li><strong>Praktikabilit\u00e4t: <\/strong>Die Oberfl\u00e4che dieser keramischen Seifenspenderflaschen ist glatt und nimmt keinen Schmutz auf. Das ist ziemlich einfach zu reinigen. Das mittelgro\u00dfe Fassungsverm\u00f6gen reicht f\u00fcr den t\u00e4glichen Bedarf aus und reduziert die Probleme, die durch h\u00e4ufiges Nachf\u00fcllen von Seife entstehen.<\/li>\n\n\n\n<li><strong>Umweltvertr\u00e4glich: <\/strong>Die Wiederverwendbarkeit dieser keramischen Fl\u00fcssigseifenspender f\u00fcr den Gro\u00dfhandel reduziert die Verwendung von Einweg-Plastikflaschen und f\u00fchrt somit zu einem umweltfreundlichen Effekt.<\/li>\n<\/ul>\n<\/div>\n\n\n\n<div class=\"wp-block-column is-layout-flow wp-block-column-is-layout-flow\">\n<figure class=\"wp-block-image size-full\"><img fetchpriority=\"high\" decoding=\"async\" width=\"761\" height=\"761\" src=\"https:\/\/jinhuaceramic.com\/wp-content\/uploads\/2024\/12\/Bulk-Custom-Liquid-Soap-Dispenser-Ceramic-Bathroom-Accessories-Supplies-3.webp\" alt=\"Keramische Seifenspender-Flaschen Bulk, Fl\u00fcssigseife Spender Gro\u00dfhandel-1\" class=\"wp-image-7486\" srcset=\"https:\/\/jinhuaceramic.com\/wp-content\/uploads\/2024\/12\/Bulk-Custom-Liquid-Soap-Dispenser-Ceramic-Bathroom-Accessories-Supplies-3.webp 761w, https:\/\/jinhuaceramic.com\/wp-content\/uploads\/2024\/12\/Bulk-Custom-Liquid-Soap-Dispenser-Ceramic-Bathroom-Accessories-Supplies-3-300x300.webp 300w, https:\/\/jinhuaceramic.com\/wp-content\/uploads\/2024\/12\/Bulk-Custom-Liquid-Soap-Dispenser-Ceramic-Bathroom-Accessories-Supplies-3-150x150.webp 150w, https:\/\/jinhuaceramic.com\/wp-content\/uploads\/2024\/12\/Bulk-Custom-Liquid-Soap-Dispenser-Ceramic-Bathroom-Accessories-Supplies-3-12x12.webp 12w, https:\/\/jinhuaceramic.com\/wp-content\/uploads\/2024\/12\/Bulk-Custom-Liquid-Soap-Dispenser-Ceramic-Bathroom-Accessories-Supplies-3-285x285.webp 285w, https:\/\/jinhuaceramic.com\/wp-content\/uploads\/2024\/12\/Bulk-Custom-Liquid-Soap-Dispenser-Ceramic-Bathroom-Accessories-Supplies-3-270x270.webp 270w, https:\/\/jinhuaceramic.com\/wp-content\/uploads\/2024\/12\/Bulk-Custom-Liquid-Soap-Dispenser-Ceramic-Bathroom-Accessories-Supplies-3-540x540.webp 540w, https:\/\/jinhuaceramic.com\/wp-content\/uploads\/2024\/12\/Bulk-Custom-Liquid-Soap-Dispenser-Ceramic-Bathroom-Accessories-Supplies-3-660x660.webp 660w\" sizes=\"(max-width: 761px) 100vw, 761px\" \/><\/figure>\n<\/div>\n<\/div>","protected":false},"excerpt":{"rendered":"<p>Willkommen zu kaufen Keramik Seifenspender Flaschen bulk. Diese fl\u00fcssige Seife Spender Gro\u00dfhandel sind sowohl sch\u00f6n und praktisch. Diese exquisite Sch\u00f6nheit ist aus Keramik mit einem zarten floralen Muster auf der Flasche und Gold Pumpe gemacht. Keramisches Material ist wirklich hart, nicht leicht zu besch\u00e4digen, leicht zu reinigen. Das Volumen ist angemessen f\u00fcr den t\u00e4glichen Gebrauch, so kann es nie in der Toilette Raum fehlen.<\/p>","protected":false},"featured_media":7487,"comment_status":"closed","ping_status":"closed","template":"","meta":{"_acf_changed":false},"product_brand":[],"product_cat":[51],"product_tag":[73],"class_list":{"0":"post-7484","1":"product","2":"type-product","3":"status-publish","4":"has-post-thumbnail","6":"product_cat-bathroom-accessories-wholesale","7":"product_tag-custom-soap-dispensers","9":"first","10":"instock","11":"shipping-taxable","12":"product-type-simple"},"acf":[],"_links":{"self":[{"href":"https:\/\/jinhuaceramic.com\/de\/wp-json\/wp\/v2\/product\/7484","targetHints":{"allow":["GET"]}}],"collection":[{"href":"https:\/\/jinhuaceramic.com\/de\/wp-json\/wp\/v2\/product"}],"about":[{"href":"https:\/\/jinhuaceramic.com\/de\/wp-json\/wp\/v2\/types\/product"}],"replies":[{"embeddable":true,"href":"https:\/\/jinhuaceramic.com\/de\/wp-json\/wp\/v2\/comments?post=7484"}],"version-history":[{"count":0,"href":"https:\/\/jinhuaceramic.com\/de\/wp-json\/wp\/v2\/product\/7484\/revisions"}],"wp:featuredmedia":[{"embeddable":true,"href":"https:\/\/jinhuaceramic.com\/de\/wp-json\/wp\/v2\/media\/7487"}],"wp:attachment":[{"href":"https:\/\/jinhuaceramic.com\/de\/wp-json\/wp\/v2\/media?parent=7484"}],"wp:term":[{"taxonomy":"product_brand","embeddable":true,"href":"https:\/\/jinhuaceramic.com\/de\/wp-json\/wp\/v2\/product_brand?post=7484"},{"taxonomy":"product_cat","embeddable":true,"href":"https:\/\/jinhuaceramic.com\/de\/wp-json\/wp\/v2\/product_cat?post=7484"},{"taxonomy":"product_tag","embeddable":true,"href":"https:\/\/jinhuaceramic.com\/de\/wp-json\/wp\/v2\/product_tag?post=7484"}],"curies":[{"name":"wp","href":"https:\/\/api.w.org\/{rel}","templated":true}]}}