{"id":7499,"date":"2024-12-26T10:28:11","date_gmt":"2024-12-26T10:28:11","guid":{"rendered":"https:\/\/jinhuaceramic.com\/?post_type=product&#038;p=7499"},"modified":"2025-01-16T06:24:09","modified_gmt":"2025-01-16T06:24:09","slug":"wholesale-tableware","status":"publish","type":"product","link":"https:\/\/jinhuaceramic.com\/de\/product\/wholesale-tableware\/","title":{"rendered":"Premium-Gro\u00dfhandel Geschirr, keramische Bulk-Geschirr Lieferanten"},"content":{"rendered":"<div class=\"wp-block-columns is-layout-flex wp-container-core-columns-is-layout-9d6595d7 wp-block-columns-is-layout-flex\">\n<div class=\"wp-block-column is-layout-flow wp-block-column-is-layout-flow\">\n<h3 class=\"wp-block-heading\">Premium Gro\u00dfhandel Geschirr Merkmale:<\/h3>\n\n\n\n<ul class=\"wp-block-list\">\n<li><strong>Technologie des Ofenwechsels: <\/strong>Diese Gro\u00dfhandel tablewaree nimmt einen einheitlichen Ton, dunkelgr\u00fcn mit schwarzen Kanten, die sehr elegant und modern aussieht. Die Oberfl\u00e4che des Geschirrs ist mit unregelm\u00e4\u00dfiger Glasur bedeckt, die durch den speziellen keramischen Prozess der \"Unpredictable Kiln Change\" hergestellt wird, bilden zuf\u00e4llige Glasur Farbwechsel, reiche Schichten, einzigartig und sch\u00f6n.<\/li>\n\n\n\n<li><strong>Hochwertiges Material: <\/strong>Dieses keramische Gro\u00dfgeschirr besteht aus hochwertigem keramischem Material, ist hochtemperaturbest\u00e4ndig und eignet sich zum Transport verschiedener hei\u00dfer Gerichte und Suppen, ohne dass giftige Stoffe an die Lebensmittel abgegeben werden. Die Oberfl\u00e4che dieser Keramik hat eine hohe H\u00e4rte. Sie l\u00e4sst sich nicht leicht mit einem Messer oder einer Gabel zerkratzen, so dass die Sch\u00f6nheit dieses Geschirrs erhalten bleibt.<\/li>\n\n\n\n<li><strong>Vielseitigkeit: <\/strong>Diese Geschirrsets f\u00fcr den Gro\u00dfhandel bestehen aus zwei Tellern in verschiedenen Gr\u00f6\u00dfen und einer Sch\u00fcssel. Der gro\u00dfe Teller eignet sich f\u00fcr Hauptgerichte wie gegrilltes Fleisch und Gem\u00fcse, der mittelgro\u00dfe Teller f\u00fcr Obst oder Beilagen und die Sch\u00fcssel f\u00fcr Salate, Suppen usw.<\/li>\n\n\n\n<li><strong>Leicht zu reinigen: <\/strong>Diese keramischen Gro\u00dfgeschirre haben eine glatte Oberfl\u00e4che, die Lebensmittelaromen und Farbstoffe kaum absorbieren w\u00fcrde. Sie sind leicht zu reinigen und k\u00f6nnen in der Sp\u00fclmaschine gereinigt werden.<\/li>\n<\/ul>\n<\/div>\n\n\n\n<div class=\"wp-block-column is-layout-flow wp-block-column-is-layout-flow\">\n<figure class=\"wp-block-image size-full\"><img fetchpriority=\"high\" decoding=\"async\" width=\"1500\" height=\"1500\" src=\"https:\/\/jinhuaceramic.com\/wp-content\/uploads\/2024\/12\/Green-Custom-Dinnerware-Set-Deals-Wholesale-Tableware-Dinner-Services-5.webp\" alt=\"Premium-Gro\u00dfhandel Geschirr, keramische Bulk-Geschirr Lieferanten-1\" class=\"wp-image-7503\" srcset=\"https:\/\/jinhuaceramic.com\/wp-content\/uploads\/2024\/12\/Green-Custom-Dinnerware-Set-Deals-Wholesale-Tableware-Dinner-Services-5.webp 1500w, https:\/\/jinhuaceramic.com\/wp-content\/uploads\/2024\/12\/Green-Custom-Dinnerware-Set-Deals-Wholesale-Tableware-Dinner-Services-5-300x300.webp 300w, https:\/\/jinhuaceramic.com\/wp-content\/uploads\/2024\/12\/Green-Custom-Dinnerware-Set-Deals-Wholesale-Tableware-Dinner-Services-5-150x150.webp 150w, https:\/\/jinhuaceramic.com\/wp-content\/uploads\/2024\/12\/Green-Custom-Dinnerware-Set-Deals-Wholesale-Tableware-Dinner-Services-5-768x768.webp 768w, https:\/\/jinhuaceramic.com\/wp-content\/uploads\/2024\/12\/Green-Custom-Dinnerware-Set-Deals-Wholesale-Tableware-Dinner-Services-5-12x12.webp 12w, https:\/\/jinhuaceramic.com\/wp-content\/uploads\/2024\/12\/Green-Custom-Dinnerware-Set-Deals-Wholesale-Tableware-Dinner-Services-5-285x285.webp 285w, https:\/\/jinhuaceramic.com\/wp-content\/uploads\/2024\/12\/Green-Custom-Dinnerware-Set-Deals-Wholesale-Tableware-Dinner-Services-5-270x270.webp 270w, https:\/\/jinhuaceramic.com\/wp-content\/uploads\/2024\/12\/Green-Custom-Dinnerware-Set-Deals-Wholesale-Tableware-Dinner-Services-5-540x540.webp 540w, https:\/\/jinhuaceramic.com\/wp-content\/uploads\/2024\/12\/Green-Custom-Dinnerware-Set-Deals-Wholesale-Tableware-Dinner-Services-5-660x660.webp 660w\" sizes=\"(max-width: 1500px) 100vw, 1500px\" \/><\/figure>\n<\/div>\n<\/div>\n\n\n\n<p><\/p>","protected":false},"excerpt":{"rendered":"<p>Willkommen zum Kauf von Gro\u00dfhandelsgeschirr. Elegantes Design, strapazierf\u00e4higes Keramikmaterial, praktische Funktionen und einfache Reinigung machen dieses keramische Gro\u00dfgeschirr zu einer unverzichtbaren Wahl. Diese Keramik-Geschirr-Sets sind sowohl sch\u00f6n als auch praktisch, die effektiv das Vergn\u00fcgen des Essens zu verbessern und jede Mahlzeit ein elegantes Ritual des Lebens machen kann.<\/p>","protected":false},"featured_media":7506,"comment_status":"closed","ping_status":"closed","template":"","meta":{"_acf_changed":false},"product_brand":[],"product_cat":[54,83],"product_tag":[78,76],"class_list":{"0":"post-7499","1":"product","2":"type-product","3":"status-publish","4":"has-post-thumbnail","6":"product_cat-tableware-wholesale","7":"product_cat-wholesale-dinnerware-sets","8":"product_tag-bulk-ceramic-bowls","9":"product_tag-dinner-plates-bulk","11":"first","12":"instock","13":"shipping-taxable","14":"product-type-simple"},"acf":[],"_links":{"self":[{"href":"https:\/\/jinhuaceramic.com\/de\/wp-json\/wp\/v2\/product\/7499","targetHints":{"allow":["GET"]}}],"collection":[{"href":"https:\/\/jinhuaceramic.com\/de\/wp-json\/wp\/v2\/product"}],"about":[{"href":"https:\/\/jinhuaceramic.com\/de\/wp-json\/wp\/v2\/types\/product"}],"replies":[{"embeddable":true,"href":"https:\/\/jinhuaceramic.com\/de\/wp-json\/wp\/v2\/comments?post=7499"}],"version-history":[{"count":0,"href":"https:\/\/jinhuaceramic.com\/de\/wp-json\/wp\/v2\/product\/7499\/revisions"}],"wp:featuredmedia":[{"embeddable":true,"href":"https:\/\/jinhuaceramic.com\/de\/wp-json\/wp\/v2\/media\/7506"}],"wp:attachment":[{"href":"https:\/\/jinhuaceramic.com\/de\/wp-json\/wp\/v2\/media?parent=7499"}],"wp:term":[{"taxonomy":"product_brand","embeddable":true,"href":"https:\/\/jinhuaceramic.com\/de\/wp-json\/wp\/v2\/product_brand?post=7499"},{"taxonomy":"product_cat","embeddable":true,"href":"https:\/\/jinhuaceramic.com\/de\/wp-json\/wp\/v2\/product_cat?post=7499"},{"taxonomy":"product_tag","embeddable":true,"href":"https:\/\/jinhuaceramic.com\/de\/wp-json\/wp\/v2\/product_tag?post=7499"}],"curies":[{"name":"wp","href":"https:\/\/api.w.org\/{rel}","templated":true}]}}