{"id":7510,"date":"2024-12-26T10:47:15","date_gmt":"2024-12-26T10:47:15","guid":{"rendered":"https:\/\/jinhuaceramic.com\/?post_type=product&#038;p=7510"},"modified":"2024-12-30T01:39:51","modified_gmt":"2024-12-30T01:39:51","slug":"customized-bathroom-sets","status":"publish","type":"product","link":"https:\/\/jinhuaceramic.com\/de\/product\/customized-bathroom-sets\/","title":{"rendered":"Ma\u00dfgeschneiderte Badezimmer-Sets, keramische Badezimmer-Accessoires Gro\u00dfhandel"},"content":{"rendered":"<div class=\"wp-block-columns is-layout-flex wp-container-core-columns-is-layout-9d6595d7 wp-block-columns-is-layout-flex\">\n<div class=\"wp-block-column is-layout-flow wp-block-column-is-layout-flow\">\n<h3 class=\"wp-block-heading\">Premium Customized Bathroom Sets Eigenschaften:<\/h3>\n\n\n\n<ul class=\"wp-block-list\">\n<li><strong>Elegantes Design: <\/strong>Diese ma\u00dfgeschneiderten Badezimmer-Sets sind alle in schwarzer Farbe, einfach, elegant und modern im Design. Sie k\u00f6nnen f\u00fcr jeden Stil der Badezimmerdekoration verwendet werden und verleihen einer minimalistischen, industriellen oder modernen Dekoration einen modischen Geschmack.<\/li>\n\n\n\n<li><strong>Hochwertiges Material: <\/strong>Diese keramischen Badaccessoires sind aus hochwertiger Keramik gefertigt und zeichnen sich durch Robustheit und Langlebigkeit aus. Weder wird die Keramik in kurzer Zeit besch\u00e4digt noch nutzt sich die Farbe ab. Ihre Lebensdauer ist recht lang. Die glatte Keramikoberfl\u00e4che ist fleckenunempfindlich und leicht zu reinigen. Wischen Sie sie einfach mit einem feuchten Tuch ab, um sie sauber zu halten.<\/li>\n\n\n\n<li><strong>Starke Praktikabilit\u00e4t: <\/strong>Diese ma\u00dfgeschneiderten Badezimmersets haben mehrere Formate, z. B. Flaschen mit einem Pumpkopf f\u00fcr Handwaschseife oder Duschgel, Beh\u00e4lter mit L\u00f6chern f\u00fcr Zahnb\u00fcrsten und einige mit Deckeln f\u00fcr kleine Gegenst\u00e4nde wie Watteb\u00e4llchen, um den Bedarf f\u00fcr jeden t\u00e4glichen Badezimmerbedarf zu decken.<\/li>\n\n\n\n<li><strong>Umweltvertr\u00e4glich: <\/strong>Diese keramischen Bad-Accessoires sind recycelbar und vermeiden die Verwendung von Einweg-Plastikflaschen, was viel umweltfreundlicher ist.<\/li>\n<\/ul>\n<\/div>\n\n\n\n<div class=\"wp-block-column is-layout-flow wp-block-column-is-layout-flow\">\n<figure class=\"wp-block-image size-full\"><img fetchpriority=\"high\" decoding=\"async\" width=\"2000\" height=\"2000\" src=\"https:\/\/jinhuaceramic.com\/wp-content\/uploads\/2024\/12\/Ceramic-Designer-Bathroom-Sets-Wholesale-Bath-Accessories-Suppliers-5-1.webp\" alt=\"Ma\u00dfgeschneiderte Badezimmer-Sets, keramische Badezimmer-Accessoires Gro\u00dfhandel-4\" class=\"wp-image-7520\" srcset=\"https:\/\/jinhuaceramic.com\/wp-content\/uploads\/2024\/12\/Ceramic-Designer-Bathroom-Sets-Wholesale-Bath-Accessories-Suppliers-5-1.webp 2000w, https:\/\/jinhuaceramic.com\/wp-content\/uploads\/2024\/12\/Ceramic-Designer-Bathroom-Sets-Wholesale-Bath-Accessories-Suppliers-5-1-300x300.webp 300w, https:\/\/jinhuaceramic.com\/wp-content\/uploads\/2024\/12\/Ceramic-Designer-Bathroom-Sets-Wholesale-Bath-Accessories-Suppliers-5-1-150x150.webp 150w, https:\/\/jinhuaceramic.com\/wp-content\/uploads\/2024\/12\/Ceramic-Designer-Bathroom-Sets-Wholesale-Bath-Accessories-Suppliers-5-1-768x768.webp 768w, https:\/\/jinhuaceramic.com\/wp-content\/uploads\/2024\/12\/Ceramic-Designer-Bathroom-Sets-Wholesale-Bath-Accessories-Suppliers-5-1-12x12.webp 12w, https:\/\/jinhuaceramic.com\/wp-content\/uploads\/2024\/12\/Ceramic-Designer-Bathroom-Sets-Wholesale-Bath-Accessories-Suppliers-5-1-285x285.webp 285w, https:\/\/jinhuaceramic.com\/wp-content\/uploads\/2024\/12\/Ceramic-Designer-Bathroom-Sets-Wholesale-Bath-Accessories-Suppliers-5-1-1600x1600.webp 1600w, https:\/\/jinhuaceramic.com\/wp-content\/uploads\/2024\/12\/Ceramic-Designer-Bathroom-Sets-Wholesale-Bath-Accessories-Suppliers-5-1-270x270.webp 270w, https:\/\/jinhuaceramic.com\/wp-content\/uploads\/2024\/12\/Ceramic-Designer-Bathroom-Sets-Wholesale-Bath-Accessories-Suppliers-5-1-540x540.webp 540w, https:\/\/jinhuaceramic.com\/wp-content\/uploads\/2024\/12\/Ceramic-Designer-Bathroom-Sets-Wholesale-Bath-Accessories-Suppliers-5-1-660x660.webp 660w\" sizes=\"(max-width: 2000px) 100vw, 2000px\" \/><\/figure>\n<\/div>\n<\/div>","protected":false},"excerpt":{"rendered":"<p>Willkommen zum Kauf von ma\u00dfgeschneiderten Badezimmer-Sets. Diese keramischen Bad-Accessoires Gro\u00dfhandel sind einfach und elegant in der Struktur, und die schwarze Farbe kann mit vielen Stilen von B\u00e4dern abgestimmt werden. Es gibt verschiedene Arten f\u00fcr den Einsatz: Seifenspender, Zahnputzbecher und Wattebauschglas f\u00fcr die Befriedigung der Nachfrage nach Abwasch im t\u00e4glichen Leben. Die Keramikmaterialien garantieren Langlebigkeit und sind leicht zu reinigen und zu pflegen.<\/p>","protected":false},"featured_media":7522,"comment_status":"closed","ping_status":"closed","template":"","meta":{"_acf_changed":false},"product_brand":[],"product_cat":[51],"product_tag":[74],"class_list":{"0":"post-7510","1":"product","2":"type-product","3":"status-publish","4":"has-post-thumbnail","6":"product_cat-bathroom-accessories-wholesale","7":"product_tag-ceramic-bath-accessories-wholesale","9":"first","10":"instock","11":"shipping-taxable","12":"product-type-simple"},"acf":[],"_links":{"self":[{"href":"https:\/\/jinhuaceramic.com\/de\/wp-json\/wp\/v2\/product\/7510","targetHints":{"allow":["GET"]}}],"collection":[{"href":"https:\/\/jinhuaceramic.com\/de\/wp-json\/wp\/v2\/product"}],"about":[{"href":"https:\/\/jinhuaceramic.com\/de\/wp-json\/wp\/v2\/types\/product"}],"replies":[{"embeddable":true,"href":"https:\/\/jinhuaceramic.com\/de\/wp-json\/wp\/v2\/comments?post=7510"}],"version-history":[{"count":0,"href":"https:\/\/jinhuaceramic.com\/de\/wp-json\/wp\/v2\/product\/7510\/revisions"}],"wp:featuredmedia":[{"embeddable":true,"href":"https:\/\/jinhuaceramic.com\/de\/wp-json\/wp\/v2\/media\/7522"}],"wp:attachment":[{"href":"https:\/\/jinhuaceramic.com\/de\/wp-json\/wp\/v2\/media?parent=7510"}],"wp:term":[{"taxonomy":"product_brand","embeddable":true,"href":"https:\/\/jinhuaceramic.com\/de\/wp-json\/wp\/v2\/product_brand?post=7510"},{"taxonomy":"product_cat","embeddable":true,"href":"https:\/\/jinhuaceramic.com\/de\/wp-json\/wp\/v2\/product_cat?post=7510"},{"taxonomy":"product_tag","embeddable":true,"href":"https:\/\/jinhuaceramic.com\/de\/wp-json\/wp\/v2\/product_tag?post=7510"}],"curies":[{"name":"wp","href":"https:\/\/api.w.org\/{rel}","templated":true}]}}