{"id":7547,"date":"2024-12-28T07:54:34","date_gmt":"2024-12-28T07:54:34","guid":{"rendered":"https:\/\/jinhuaceramic.com\/?post_type=product&#038;p=7547"},"modified":"2024-12-30T01:39:28","modified_gmt":"2024-12-30T01:39:28","slug":"candle-holder-wholesale","status":"publish","type":"product","link":"https:\/\/jinhuaceramic.com\/de\/product\/candle-holder-wholesale\/","title":{"rendered":"Einzigartige Kerzenst\u00e4nder Gro\u00dfhandel, Keramik Bulk Kerzenst\u00e4nder Halter"},"content":{"rendered":"<div class=\"wp-block-columns is-layout-flex wp-container-core-columns-is-layout-9d6595d7 wp-block-columns-is-layout-flex\">\n<div class=\"wp-block-column is-layout-flow wp-block-column-is-layout-flow\">\n<h3 class=\"wp-block-heading\">Premium-Kerzenst\u00e4nder Gro\u00dfhandel Merkmale:<\/h3>\n\n\n\n<ul class=\"wp-block-list\">\n<li><strong>Niedliches Design: <\/strong>Diese Keramik-Kerzenhalter im Gro\u00dfhandel haben eine unregelm\u00e4\u00dfige Form, aber eine sch\u00f6ne Linienf\u00fchrung. Schwarze Kerzenst\u00e4nder passen zu wei\u00dfen Flecken, w\u00e4hrend wei\u00dfe Kerzenst\u00e4nder zu schwarzen Flecken passen, genau wie Kuhflecken. Ein solches Design ist so niedlich und einzigartig, dass es ein Highlight in der Inneneinrichtung sein k\u00f6nnte.<\/li>\n\n\n\n<li>Hochwertig<strong>ality Keramisches Material: <\/strong>Diese kundenspezifischen Kerzenhalter sind aus hochwertigem Keramikmaterial hergestellt, das hohen Temperaturen standh\u00e4lt und beim Abbrennen von Kerzen nicht besch\u00e4digt wird oder sch\u00e4dliche Stoffe abgibt, wodurch sie sehr sicher sind.<\/li>\n\n\n\n<li><strong>Vielseitigkeit: <\/strong>Diese Keramik-Kerzenhalter im Gro\u00dfhandel haben 3 verschiedene Formen, ein einzelnes Loch f\u00fcr eine Kerze, ein \"Y\"-f\u00f6rmiges f\u00fcr zwei Kerzen und ein Mehrloch f\u00fcr drei Kerzen. Sie sind sehr gut geeignet, um eine romantische und warme Atmosph\u00e4re zu schaffen und k\u00f6nnen je nach Anzahl der Kerzen gew\u00e4hlt werden.<\/li>\n\n\n\n<li><strong>Gute Stabilit\u00e4t: <\/strong>Diese keramischen Kerzenst\u00e4nder haben einen gro\u00dfen Boden, um stabiler zu sein und das Umkippen der Kerzen zu verhindern.<\/li>\n<\/ul>\n<\/div>\n\n\n\n<div class=\"wp-block-column is-layout-flow wp-block-column-is-layout-flow\">\n<figure class=\"wp-block-image size-full\"><img fetchpriority=\"high\" decoding=\"async\" width=\"800\" height=\"800\" src=\"https:\/\/jinhuaceramic.com\/wp-content\/uploads\/2024\/12\/Various-Wholesale-Candle-Holders-Ceramic-White-Candlesticks-Bulk-4.webp\" alt=\"Diverse-Gro\u00dfhandel-Kerzenhalter,-Keramik-Wei\u00df-Kerzenst\u00e4nder-Gro\u00dfpackung\" class=\"wp-image-7550\" srcset=\"https:\/\/jinhuaceramic.com\/wp-content\/uploads\/2024\/12\/Various-Wholesale-Candle-Holders-Ceramic-White-Candlesticks-Bulk-4.webp 800w, https:\/\/jinhuaceramic.com\/wp-content\/uploads\/2024\/12\/Various-Wholesale-Candle-Holders-Ceramic-White-Candlesticks-Bulk-4-300x300.webp 300w, https:\/\/jinhuaceramic.com\/wp-content\/uploads\/2024\/12\/Various-Wholesale-Candle-Holders-Ceramic-White-Candlesticks-Bulk-4-150x150.webp 150w, https:\/\/jinhuaceramic.com\/wp-content\/uploads\/2024\/12\/Various-Wholesale-Candle-Holders-Ceramic-White-Candlesticks-Bulk-4-768x768.webp 768w, https:\/\/jinhuaceramic.com\/wp-content\/uploads\/2024\/12\/Various-Wholesale-Candle-Holders-Ceramic-White-Candlesticks-Bulk-4-12x12.webp 12w, https:\/\/jinhuaceramic.com\/wp-content\/uploads\/2024\/12\/Various-Wholesale-Candle-Holders-Ceramic-White-Candlesticks-Bulk-4-285x285.webp 285w, https:\/\/jinhuaceramic.com\/wp-content\/uploads\/2024\/12\/Various-Wholesale-Candle-Holders-Ceramic-White-Candlesticks-Bulk-4-270x270.webp 270w, https:\/\/jinhuaceramic.com\/wp-content\/uploads\/2024\/12\/Various-Wholesale-Candle-Holders-Ceramic-White-Candlesticks-Bulk-4-540x540.webp 540w, https:\/\/jinhuaceramic.com\/wp-content\/uploads\/2024\/12\/Various-Wholesale-Candle-Holders-Ceramic-White-Candlesticks-Bulk-4-660x660.webp 660w\" sizes=\"(max-width: 800px) 100vw, 800px\" \/><\/figure>\n<\/div>\n<\/div>","protected":false},"excerpt":{"rendered":"<p>Willkommen zum Kauf Keramik Kerzenhalter Gro\u00dfhandel. Diese einzigartigen unregelm\u00e4\u00dfigen Form Bulk-Kerzenhalter sind niedlich und einzigartig im Design, mit verschiedenen Formen und hochwertigen Materialien. Sie sind nicht nur genial im Design, aber sie sind auch hervorragend in der Praktikabilit\u00e4t und Sicherheit und kann eine warme und k\u00fcnstlerische Atmosph\u00e4re in die h\u00e4usliche Umgebung hinzuf\u00fcgen.<\/p>","protected":false},"featured_media":7550,"comment_status":"closed","ping_status":"closed","template":"","meta":{"_acf_changed":false},"product_brand":[],"product_cat":[52],"product_tag":[68],"class_list":{"0":"post-7547","1":"product","2":"type-product","3":"status-publish","4":"has-post-thumbnail","6":"product_cat-wholesale-candle-containers","7":"product_tag-ceramic-candlesticks-bulk","9":"first","10":"instock","11":"shipping-taxable","12":"product-type-simple"},"acf":[],"_links":{"self":[{"href":"https:\/\/jinhuaceramic.com\/de\/wp-json\/wp\/v2\/product\/7547","targetHints":{"allow":["GET"]}}],"collection":[{"href":"https:\/\/jinhuaceramic.com\/de\/wp-json\/wp\/v2\/product"}],"about":[{"href":"https:\/\/jinhuaceramic.com\/de\/wp-json\/wp\/v2\/types\/product"}],"replies":[{"embeddable":true,"href":"https:\/\/jinhuaceramic.com\/de\/wp-json\/wp\/v2\/comments?post=7547"}],"version-history":[{"count":0,"href":"https:\/\/jinhuaceramic.com\/de\/wp-json\/wp\/v2\/product\/7547\/revisions"}],"wp:featuredmedia":[{"embeddable":true,"href":"https:\/\/jinhuaceramic.com\/de\/wp-json\/wp\/v2\/media\/7550"}],"wp:attachment":[{"href":"https:\/\/jinhuaceramic.com\/de\/wp-json\/wp\/v2\/media?parent=7547"}],"wp:term":[{"taxonomy":"product_brand","embeddable":true,"href":"https:\/\/jinhuaceramic.com\/de\/wp-json\/wp\/v2\/product_brand?post=7547"},{"taxonomy":"product_cat","embeddable":true,"href":"https:\/\/jinhuaceramic.com\/de\/wp-json\/wp\/v2\/product_cat?post=7547"},{"taxonomy":"product_tag","embeddable":true,"href":"https:\/\/jinhuaceramic.com\/de\/wp-json\/wp\/v2\/product_tag?post=7547"}],"curies":[{"name":"wp","href":"https:\/\/api.w.org\/{rel}","templated":true}]}}