{"id":7563,"date":"2025-01-02T02:35:23","date_gmt":"2025-01-02T02:35:23","guid":{"rendered":"https:\/\/jinhuaceramic.com\/?post_type=product&#038;p=7563"},"modified":"2025-01-02T02:35:48","modified_gmt":"2025-01-02T02:35:48","slug":"bath-accessories-bulk","status":"publish","type":"product","link":"https:\/\/jinhuaceramic.com\/de\/product\/bath-accessories-bulk\/","title":{"rendered":"Keramische Bad-Accessoires Bulk, 5-tlg. kundenspezifische Bad-Sets"},"content":{"rendered":"<div class=\"wp-block-columns is-layout-flex wp-container-core-columns-is-layout-9d6595d7 wp-block-columns-is-layout-flex\">\n<div class=\"wp-block-column is-layout-flow wp-block-column-is-layout-flow\">\n<h3 class=\"wp-block-heading\">Premium Bad-Accessoires Bulk Features:<\/h3>\n\n\n\n<ul class=\"wp-block-list\">\n<li><strong>Vereinheitlichtes, minimalistisches Design: <\/strong>Das Design dieser keramischen Badaccessoires ist einheitlich, wei\u00df mit den einfachen vertikalen Streifen kann ziemlich einfach und modisch sein und bietet einen sch\u00f6nen Ausblick in jedem Badezimmer. Der einheitliche Stil macht auch ein Bad ordentlich und gut organisiert.<\/li>\n\n\n\n<li><strong>Hochwertiges keramisches Material: <\/strong>Diese keramischen Bad-Sets aus hochwertigem Keramikmaterial sind langlebig, ihre Oberfl\u00e4che ist glatt und leicht zu reinigen. Dadurch wird sichergestellt, dass das Produkt in der feuchten Badezimmerumgebung lange Zeit nicht besch\u00e4digt wird.<\/li>\n\n\n\n<li><strong>Vollst\u00e4ndiger Satz: <\/strong>Diese keramischen Badaccessoires umfassen multifunktionale Beh\u00e4lter, darunter Becher f\u00fcr Zahnb\u00fcrsten, Gl\u00e4ser f\u00fcr Wattest\u00e4bchen, Seifenschalen f\u00fcr Seife und Flaschen f\u00fcr Fl\u00fcssigseife. Sie sind voll funktionsf\u00e4hig und k\u00f6nnen den Aufbewahrungsbedarf f\u00fcr den t\u00e4glichen Badbedarf decken.<\/li>\n\n\n\n<li><strong>Praktisch und stark:<\/strong> Ausgestattet mit zwei verschiedenen Seifenspendern, einem Schaumseifenspender und einem normalen Seifenspender, k\u00f6nnen diese individuellen Badezimmersets unterschiedliche Bed\u00fcrfnisse erf\u00fcllen. Der Seifenspender hat eine gro\u00dfe \u00d6ffnung zum einfachen Bef\u00fcllen, Auswechseln und Reinigen, w\u00e4hrend der Kopf der Pumpe gro\u00df und weich zu dr\u00fccken ist.<\/li>\n<\/ul>\n<\/div>\n\n\n\n<div class=\"wp-block-column is-layout-flow wp-block-column-is-layout-flow\">\n<figure class=\"wp-block-image size-full\"><img fetchpriority=\"high\" decoding=\"async\" width=\"1600\" height=\"1600\" src=\"https:\/\/jinhuaceramic.com\/wp-content\/uploads\/2024\/12\/5-Piece-Customized-Bathroom-Sets-Wholesale-Bath-And-Body-Accessories-2.webp\" alt=\"Keramische Bad-Accessoires Bulk, 5-teilige kundenspezifische Bad-Sets-1\" class=\"wp-image-7564\" srcset=\"https:\/\/jinhuaceramic.com\/wp-content\/uploads\/2024\/12\/5-Piece-Customized-Bathroom-Sets-Wholesale-Bath-And-Body-Accessories-2.webp 1600w, https:\/\/jinhuaceramic.com\/wp-content\/uploads\/2024\/12\/5-Piece-Customized-Bathroom-Sets-Wholesale-Bath-And-Body-Accessories-2-300x300.webp 300w, https:\/\/jinhuaceramic.com\/wp-content\/uploads\/2024\/12\/5-Piece-Customized-Bathroom-Sets-Wholesale-Bath-And-Body-Accessories-2-150x150.webp 150w, https:\/\/jinhuaceramic.com\/wp-content\/uploads\/2024\/12\/5-Piece-Customized-Bathroom-Sets-Wholesale-Bath-And-Body-Accessories-2-768x768.webp 768w, https:\/\/jinhuaceramic.com\/wp-content\/uploads\/2024\/12\/5-Piece-Customized-Bathroom-Sets-Wholesale-Bath-And-Body-Accessories-2-12x12.webp 12w, https:\/\/jinhuaceramic.com\/wp-content\/uploads\/2024\/12\/5-Piece-Customized-Bathroom-Sets-Wholesale-Bath-And-Body-Accessories-2-285x285.webp 285w, https:\/\/jinhuaceramic.com\/wp-content\/uploads\/2024\/12\/5-Piece-Customized-Bathroom-Sets-Wholesale-Bath-And-Body-Accessories-2-270x270.webp 270w, https:\/\/jinhuaceramic.com\/wp-content\/uploads\/2024\/12\/5-Piece-Customized-Bathroom-Sets-Wholesale-Bath-And-Body-Accessories-2-540x540.webp 540w, https:\/\/jinhuaceramic.com\/wp-content\/uploads\/2024\/12\/5-Piece-Customized-Bathroom-Sets-Wholesale-Bath-And-Body-Accessories-2-660x660.webp 660w\" sizes=\"(max-width: 1600px) 100vw, 1600px\" \/><\/figure>\n<\/div>\n<\/div>","protected":false},"excerpt":{"rendered":"<p>Willkommen bei den individuellen Badezimmersets. Diese keramischen Bad-Accessoires sind haupts\u00e4chlich wei\u00df, mit einfachen und sch\u00f6nen Designs. Der Stil des Seifenspenders, des Wattebeh\u00e4lters, der Seifenschale und des Zahnb\u00fcrstenhalters ist einheitlich. Solche Gro\u00dfhandels-Keramik-Badezimmer-Sets betonen die Langlebigkeit und Reinigungsfreundlichkeit und nutzen den Platz im Badezimmer vollst\u00e4ndig aus, um Sauberkeit und Sch\u00f6nheit zu unterstreichen.<\/p>","protected":false},"featured_media":7565,"comment_status":"closed","ping_status":"closed","template":"","meta":{"_acf_changed":false},"product_brand":[],"product_cat":[51],"product_tag":[74],"class_list":{"0":"post-7563","1":"product","2":"type-product","3":"status-publish","4":"has-post-thumbnail","6":"product_cat-bathroom-accessories-wholesale","7":"product_tag-ceramic-bath-accessories-wholesale","9":"first","10":"instock","11":"shipping-taxable","12":"product-type-simple"},"acf":[],"_links":{"self":[{"href":"https:\/\/jinhuaceramic.com\/de\/wp-json\/wp\/v2\/product\/7563","targetHints":{"allow":["GET"]}}],"collection":[{"href":"https:\/\/jinhuaceramic.com\/de\/wp-json\/wp\/v2\/product"}],"about":[{"href":"https:\/\/jinhuaceramic.com\/de\/wp-json\/wp\/v2\/types\/product"}],"replies":[{"embeddable":true,"href":"https:\/\/jinhuaceramic.com\/de\/wp-json\/wp\/v2\/comments?post=7563"}],"version-history":[{"count":0,"href":"https:\/\/jinhuaceramic.com\/de\/wp-json\/wp\/v2\/product\/7563\/revisions"}],"wp:featuredmedia":[{"embeddable":true,"href":"https:\/\/jinhuaceramic.com\/de\/wp-json\/wp\/v2\/media\/7565"}],"wp:attachment":[{"href":"https:\/\/jinhuaceramic.com\/de\/wp-json\/wp\/v2\/media?parent=7563"}],"wp:term":[{"taxonomy":"product_brand","embeddable":true,"href":"https:\/\/jinhuaceramic.com\/de\/wp-json\/wp\/v2\/product_brand?post=7563"},{"taxonomy":"product_cat","embeddable":true,"href":"https:\/\/jinhuaceramic.com\/de\/wp-json\/wp\/v2\/product_cat?post=7563"},{"taxonomy":"product_tag","embeddable":true,"href":"https:\/\/jinhuaceramic.com\/de\/wp-json\/wp\/v2\/product_tag?post=7563"}],"curies":[{"name":"wp","href":"https:\/\/api.w.org\/{rel}","templated":true}]}}