{"id":7576,"date":"2025-01-03T01:29:31","date_gmt":"2025-01-03T01:29:31","guid":{"rendered":"https:\/\/jinhuaceramic.com\/?post_type=product&#038;p=7576"},"modified":"2025-01-03T01:56:12","modified_gmt":"2025-01-03T01:56:12","slug":"candle-vessel-wholesale","status":"publish","type":"product","link":"https:\/\/jinhuaceramic.com\/de\/product\/candle-vessel-wholesale\/","title":{"rendered":"Conch Form Kerze Gef\u00e4\u00df Gro\u00dfhandel, leere Kerze Gl\u00e4ser Bulk"},"content":{"rendered":"<div class=\"wp-block-columns is-layout-flex wp-container-core-columns-is-layout-9d6595d7 wp-block-columns-is-layout-flex\">\n<div class=\"wp-block-column is-layout-flow wp-block-column-is-layout-flow\">\n<h3 class=\"wp-block-heading\">Premium Candle Vessel Wholesale\u00a0Features:<\/h3>\n\n\n\n<ul class=\"wp-block-list\">\n<li><strong>Unique Conch Shape:<\/strong> This candle vessel wholesale imitates the shape of a conch, including the spiral shape, surface texture, and the wavy edge of the opening. It is very realistic. The natural element design represented here can add an ocean flavor to interior decoration and bring a sense of freshness and quietness.<\/li>\n\n\n\n<li><strong>Dauerhaftes keramisches Material: <\/strong>These conch-shaped empty candle jars bulk are made of high-quality ceramic material in a conch shape, with heat resistance and being appropriate for holding candles. During burning, the ceramic container will insulate well and avoid overheating, thus allowing safe use.<\/li>\n\n\n\n<li><strong>Verschiedene Farben:<\/strong> This candle vessel wholesale has two colors-dark blue and white contrasting to light blue. The white and blue tones give a placid and elegant visual feeling. Thus, any style in home decoration may apply. Whether modern minimalistic style or retro style, they can all be perfectly applied to them.<\/li>\n\n\n\n<li><strong>Vielseitigkeit:<\/strong> Besides being used as candle jars, these conch-shaped empty candle jars bulk can be placed at home as home decorations after the candle is burnt out. They could be used for storing some little items such as jewelry and keys.<\/li>\n<\/ul>\n<\/div>\n\n\n\n<div class=\"wp-block-column is-layout-flow wp-block-column-is-layout-flow\">\n<figure class=\"wp-block-image size-full\"><img fetchpriority=\"high\" decoding=\"async\" width=\"1024\" height=\"1024\" src=\"https:\/\/jinhuaceramic.com\/wp-content\/uploads\/2025\/01\/Conch-Shape-Unique-Candle-Jars-Wholesale-Ceramic-Candle-Containers-6.webp\" alt=\"Conch Shape Candle Vessel Wholesale, Empty Candle Jars Bulk-1\" class=\"wp-image-7581\" srcset=\"https:\/\/jinhuaceramic.com\/wp-content\/uploads\/2025\/01\/Conch-Shape-Unique-Candle-Jars-Wholesale-Ceramic-Candle-Containers-6.webp 1024w, https:\/\/jinhuaceramic.com\/wp-content\/uploads\/2025\/01\/Conch-Shape-Unique-Candle-Jars-Wholesale-Ceramic-Candle-Containers-6-300x300.webp 300w, https:\/\/jinhuaceramic.com\/wp-content\/uploads\/2025\/01\/Conch-Shape-Unique-Candle-Jars-Wholesale-Ceramic-Candle-Containers-6-150x150.webp 150w, https:\/\/jinhuaceramic.com\/wp-content\/uploads\/2025\/01\/Conch-Shape-Unique-Candle-Jars-Wholesale-Ceramic-Candle-Containers-6-768x768.webp 768w, https:\/\/jinhuaceramic.com\/wp-content\/uploads\/2025\/01\/Conch-Shape-Unique-Candle-Jars-Wholesale-Ceramic-Candle-Containers-6-12x12.webp 12w, https:\/\/jinhuaceramic.com\/wp-content\/uploads\/2025\/01\/Conch-Shape-Unique-Candle-Jars-Wholesale-Ceramic-Candle-Containers-6-285x285.webp 285w, https:\/\/jinhuaceramic.com\/wp-content\/uploads\/2025\/01\/Conch-Shape-Unique-Candle-Jars-Wholesale-Ceramic-Candle-Containers-6-270x270.webp 270w, https:\/\/jinhuaceramic.com\/wp-content\/uploads\/2025\/01\/Conch-Shape-Unique-Candle-Jars-Wholesale-Ceramic-Candle-Containers-6-540x540.webp 540w, https:\/\/jinhuaceramic.com\/wp-content\/uploads\/2025\/01\/Conch-Shape-Unique-Candle-Jars-Wholesale-Ceramic-Candle-Containers-6-660x660.webp 660w\" sizes=\"(max-width: 1024px) 100vw, 1024px\" \/><\/figure>\n<\/div>\n<\/div>","protected":false},"excerpt":{"rendered":"<p>Welcome to purchase empty candle jars bulk. This conch-shaped candle vessel wholesale adds ocean feelings to home decor. It is made of ceramic, which is durable, safe, and superior in quality. Integrating beauty and practicality can make this wholesale ceramic candle jar a fantastic choice for house decoration.<\/p>","protected":false},"featured_media":7577,"comment_status":"closed","ping_status":"closed","template":"","meta":{"_acf_changed":false},"product_brand":[],"product_cat":[52],"product_tag":[66],"class_list":{"0":"post-7576","1":"product","2":"type-product","3":"status-publish","4":"has-post-thumbnail","6":"product_cat-wholesale-candle-containers","7":"product_tag-candle-jars-wholesale","9":"first","10":"instock","11":"shipping-taxable","12":"product-type-simple"},"acf":[],"_links":{"self":[{"href":"https:\/\/jinhuaceramic.com\/de\/wp-json\/wp\/v2\/product\/7576","targetHints":{"allow":["GET"]}}],"collection":[{"href":"https:\/\/jinhuaceramic.com\/de\/wp-json\/wp\/v2\/product"}],"about":[{"href":"https:\/\/jinhuaceramic.com\/de\/wp-json\/wp\/v2\/types\/product"}],"replies":[{"embeddable":true,"href":"https:\/\/jinhuaceramic.com\/de\/wp-json\/wp\/v2\/comments?post=7576"}],"version-history":[{"count":0,"href":"https:\/\/jinhuaceramic.com\/de\/wp-json\/wp\/v2\/product\/7576\/revisions"}],"wp:featuredmedia":[{"embeddable":true,"href":"https:\/\/jinhuaceramic.com\/de\/wp-json\/wp\/v2\/media\/7577"}],"wp:attachment":[{"href":"https:\/\/jinhuaceramic.com\/de\/wp-json\/wp\/v2\/media?parent=7576"}],"wp:term":[{"taxonomy":"product_brand","embeddable":true,"href":"https:\/\/jinhuaceramic.com\/de\/wp-json\/wp\/v2\/product_brand?post=7576"},{"taxonomy":"product_cat","embeddable":true,"href":"https:\/\/jinhuaceramic.com\/de\/wp-json\/wp\/v2\/product_cat?post=7576"},{"taxonomy":"product_tag","embeddable":true,"href":"https:\/\/jinhuaceramic.com\/de\/wp-json\/wp\/v2\/product_tag?post=7576"}],"curies":[{"name":"wp","href":"https:\/\/api.w.org\/{rel}","templated":true}]}}