{"id":7587,"date":"2025-01-03T01:55:30","date_gmt":"2025-01-03T01:55:30","guid":{"rendered":"https:\/\/jinhuaceramic.com\/?post_type=product&#038;p=7587"},"modified":"2025-03-10T08:45:16","modified_gmt":"2025-03-10T08:45:16","slug":"custom-baking-pan","status":"publish","type":"product","link":"https:\/\/jinhuaceramic.com\/de\/product\/custom-baking-pan\/","title":{"rendered":"3-teilige benutzerdefinierte Backform, Gro\u00dfhandel Keramik-Backformen"},"content":{"rendered":"<div class=\"wp-block-columns is-layout-flex wp-container-core-columns-is-layout-9d6595d7 wp-block-columns-is-layout-flex\">\n<div class=\"wp-block-column is-layout-flow wp-block-column-is-layout-flow\">\n<h3 class=\"wp-block-heading\">Premium Custom-Backform Merkmale:<\/h3>\n\n\n\n<ul class=\"wp-block-list\">\n<li><strong>Elegantes Design: <\/strong>Diese ma\u00dfgeschneiderten Backformen haben einen Farbverlauf in Blau und Schwarz mit einer horizontal gestreiften Textur. Das dunkle Blau strahlt eine ruhige Atmosph\u00e4re aus, die zu jeder Art von K\u00fcche passt. Es verleiht ein Gef\u00fchl von Ritual, da diese sch\u00f6nen Backformen direkt vom Ofen auf den Tisch wandern.<\/li>\n\n\n\n<li><strong>Hochwertiges keramisches Material: <\/strong>Diese Gro\u00dfhandels-Keramik-Backformen werden aus hochwertigem Keramikmaterial hergestellt. Es ist hoch w\u00e4rmeleitend und erm\u00f6glicht eine gleichm\u00e4\u00dfige Erw\u00e4rmung. Inzwischen haben Keramik-Backformen gute Eigenschaften in der W\u00e4rmeerhaltung und Antihaft.<\/li>\n\n\n\n<li><strong>Verschiedene Gr\u00f6\u00dfen:<\/strong> Diese ma\u00dfgefertigten Backformensets gibt es in 3 Gr\u00f6\u00dfen f\u00fcr unterschiedliche Backbed\u00fcrfnisse. Die gro\u00dfe Backform kann zum Braten von H\u00e4hnchen, Lasagne in mehreren Portionen usw. verwendet werden, und die kleine Backform kann zum Backen von portionierten Speisen verwendet werden. Dar\u00fcber hinaus k\u00f6nnen unsere Gro\u00dfhandels-Backformen ineinander geschachtelt werden, was bei Nichtgebrauch viel Platz in der K\u00fcche spart und die Lagerung erleichtert.<\/li>\n\n\n\n<li><strong>Bequeme Griffe: <\/strong>Diese Gro\u00dfhandels-Keramik-Backformen bieten breite Griffe an beiden Seiten. Die breiten Griffe sorgen f\u00fcr einen besseren Halt beim Herausnehmen des Backblechs aus dem Ofen, wodurch ein Ausrutschen vermieden wird.<\/li>\n<\/ul>\n<\/div>\n\n\n\n<div class=\"wp-block-column is-layout-flow wp-block-column-is-layout-flow\">\n<figure class=\"wp-block-image size-full\"><img fetchpriority=\"high\" decoding=\"async\" width=\"1600\" height=\"1600\" src=\"https:\/\/jinhuaceramic.com\/wp-content\/uploads\/2025\/01\/3-Piece-Ceramic-Custom-Baking-Dish-Set-Professional-Bakeware-Supplies-4.webp\" alt=\"3-teilige benutzerdefinierte Backform, Gro\u00dfhandel Keramik-Backformen-1\" class=\"wp-image-7590\" srcset=\"https:\/\/jinhuaceramic.com\/wp-content\/uploads\/2025\/01\/3-Piece-Ceramic-Custom-Baking-Dish-Set-Professional-Bakeware-Supplies-4.webp 1600w, https:\/\/jinhuaceramic.com\/wp-content\/uploads\/2025\/01\/3-Piece-Ceramic-Custom-Baking-Dish-Set-Professional-Bakeware-Supplies-4-300x300.webp 300w, https:\/\/jinhuaceramic.com\/wp-content\/uploads\/2025\/01\/3-Piece-Ceramic-Custom-Baking-Dish-Set-Professional-Bakeware-Supplies-4-150x150.webp 150w, https:\/\/jinhuaceramic.com\/wp-content\/uploads\/2025\/01\/3-Piece-Ceramic-Custom-Baking-Dish-Set-Professional-Bakeware-Supplies-4-768x768.webp 768w, https:\/\/jinhuaceramic.com\/wp-content\/uploads\/2025\/01\/3-Piece-Ceramic-Custom-Baking-Dish-Set-Professional-Bakeware-Supplies-4-12x12.webp 12w, https:\/\/jinhuaceramic.com\/wp-content\/uploads\/2025\/01\/3-Piece-Ceramic-Custom-Baking-Dish-Set-Professional-Bakeware-Supplies-4-285x285.webp 285w, https:\/\/jinhuaceramic.com\/wp-content\/uploads\/2025\/01\/3-Piece-Ceramic-Custom-Baking-Dish-Set-Professional-Bakeware-Supplies-4-270x270.webp 270w, https:\/\/jinhuaceramic.com\/wp-content\/uploads\/2025\/01\/3-Piece-Ceramic-Custom-Baking-Dish-Set-Professional-Bakeware-Supplies-4-540x540.webp 540w, https:\/\/jinhuaceramic.com\/wp-content\/uploads\/2025\/01\/3-Piece-Ceramic-Custom-Baking-Dish-Set-Professional-Bakeware-Supplies-4-660x660.webp 660w\" sizes=\"(max-width: 1600px) 100vw, 1600px\" \/><\/figure>\n<\/div>\n<\/div>","protected":false},"excerpt":{"rendered":"<p>Willkommen bei der Bestellung kundenspezifischer Backformen. Mit ihrem eleganten Design, haltbarem Keramikmaterial, verschiedenen Gr\u00f6\u00dfen und praktischen Griffen sind diese Gro\u00dfhandels-Keramik-Backformen ein Muss in der K\u00fcche. Diese Keramik benutzerdefinierte Backformen sind funktional und sch\u00f6n, so dass sie perfekt f\u00fcr zu Hause oder im Restaurant verwenden.<\/p>","protected":false},"featured_media":7589,"comment_status":"closed","ping_status":"closed","template":"","meta":{"_acf_changed":false},"product_brand":[],"product_cat":[53],"product_tag":[71],"class_list":{"0":"post-7587","1":"product","2":"type-product","3":"status-publish","4":"has-post-thumbnail","6":"product_cat-bakeware-in-bulk","7":"product_tag-wholesale-baking-pans","9":"first","10":"instock","11":"shipping-taxable","12":"product-type-simple"},"acf":[],"_links":{"self":[{"href":"https:\/\/jinhuaceramic.com\/de\/wp-json\/wp\/v2\/product\/7587","targetHints":{"allow":["GET"]}}],"collection":[{"href":"https:\/\/jinhuaceramic.com\/de\/wp-json\/wp\/v2\/product"}],"about":[{"href":"https:\/\/jinhuaceramic.com\/de\/wp-json\/wp\/v2\/types\/product"}],"replies":[{"embeddable":true,"href":"https:\/\/jinhuaceramic.com\/de\/wp-json\/wp\/v2\/comments?post=7587"}],"version-history":[{"count":0,"href":"https:\/\/jinhuaceramic.com\/de\/wp-json\/wp\/v2\/product\/7587\/revisions"}],"wp:featuredmedia":[{"embeddable":true,"href":"https:\/\/jinhuaceramic.com\/de\/wp-json\/wp\/v2\/media\/7589"}],"wp:attachment":[{"href":"https:\/\/jinhuaceramic.com\/de\/wp-json\/wp\/v2\/media?parent=7587"}],"wp:term":[{"taxonomy":"product_brand","embeddable":true,"href":"https:\/\/jinhuaceramic.com\/de\/wp-json\/wp\/v2\/product_brand?post=7587"},{"taxonomy":"product_cat","embeddable":true,"href":"https:\/\/jinhuaceramic.com\/de\/wp-json\/wp\/v2\/product_cat?post=7587"},{"taxonomy":"product_tag","embeddable":true,"href":"https:\/\/jinhuaceramic.com\/de\/wp-json\/wp\/v2\/product_tag?post=7587"}],"curies":[{"name":"wp","href":"https:\/\/api.w.org\/{rel}","templated":true}]}}