{"id":7613,"date":"2025-01-09T03:42:49","date_gmt":"2025-01-09T03:42:49","guid":{"rendered":"https:\/\/jinhuaceramic.com\/?post_type=product&#038;p=7613"},"modified":"2025-01-09T03:42:53","modified_gmt":"2025-01-09T03:42:53","slug":"pillar-candle-holders-in-bulk","status":"publish","type":"product","link":"https:\/\/jinhuaceramic.com\/de\/product\/pillar-candle-holders-in-bulk\/","title":{"rendered":"Stilvolle S\u00e4ule Kerzenhalter in Bulk, Keramik hohe Kerzenst\u00e4nder Gro\u00dfhandel"},"content":{"rendered":"<div class=\"wp-block-columns is-layout-flex wp-container-core-columns-is-layout-9d6595d7 wp-block-columns-is-layout-flex\">\n<div class=\"wp-block-column is-layout-flow wp-block-column-is-layout-flow\">\n<h3 class=\"wp-block-heading\">Premium Stumpenkerzenhalter in Bulk Eigenschaften:<\/h3>\n\n\n\n<ul class=\"wp-block-list\">\n<li><strong>Geometrische Formen: <\/strong>Diese keramischen Stumpenkerzenhalter in loser Sch\u00fcttung sind in Form von Zylindern, Kegeln und Polyedern gestaltet. Die Mischung aus diesen geometrischen Formen verleiht den Kerzenhaltern ein geordnetes und interessantes Aussehen.<\/li>\n\n\n\n<li><strong>Geschichtetes Design: <\/strong>Jeder dieser hohen Kerzenst\u00e4nder im Gro\u00dfhandel hat verschiedene Arten von geschichteten Designs. Einige von ihnen enthalten ringf\u00f6rmig hervorstehende Teile in einer bestimmten Anzahl, w\u00e4hrend andere eine gestufte Struktur aufweisen. Diese Schichten erh\u00f6hen auch die Stabilit\u00e4t des Kerzenhalters, wenn es um die Verwendung geht.<\/li>\n\n\n\n<li><strong>Gleichm\u00e4\u00dfiger Farbton:<\/strong> Alle keramischen Stumpenkerzenhalter in loser Sch\u00fcttung sind in wei\u00dfer Farbe, sehr harmonisch und bilden einen ganzheitlichen dekorativen Effekt. Wei\u00df ist vielseitig und eignet sich f\u00fcr verschiedene Einrichtungsstile.<\/li>\n\n\n\n<li><strong>Hochwertige Textur: <\/strong>Das Material, aus dem unsere hohen Kerzenhalter f\u00fcr den Gro\u00dfhandel hergestellt werden, ist Keramik, das eine warme Textur hat. Diese Kerzenhalter zeigen nat\u00fcrliche und einfache Sch\u00f6nheit mit den Materialien der Keramik. Au\u00dferdem ist das keramische Material resistent gegen hohe Temperaturen und kann brennende Kerzen sicher halten.<\/li>\n<\/ul>\n<\/div>\n\n\n\n<div class=\"wp-block-column is-layout-flow wp-block-column-is-layout-flow\">\n<figure class=\"wp-block-image size-full\"><img fetchpriority=\"high\" decoding=\"async\" width=\"800\" height=\"800\" src=\"https:\/\/jinhuaceramic.com\/wp-content\/uploads\/2025\/01\/Various-White-Candle-Stick-Holders-In-Bulk-Tall-Candlesticks-Wholesale-2.webp\" alt=\"Stilvolle S\u00e4ule Kerzenhalter in Bulk, keramische hohe Kerzenst\u00e4nder Gro\u00dfhandel-1\" class=\"wp-image-7614\" srcset=\"https:\/\/jinhuaceramic.com\/wp-content\/uploads\/2025\/01\/Various-White-Candle-Stick-Holders-In-Bulk-Tall-Candlesticks-Wholesale-2.webp 800w, https:\/\/jinhuaceramic.com\/wp-content\/uploads\/2025\/01\/Various-White-Candle-Stick-Holders-In-Bulk-Tall-Candlesticks-Wholesale-2-300x300.webp 300w, https:\/\/jinhuaceramic.com\/wp-content\/uploads\/2025\/01\/Various-White-Candle-Stick-Holders-In-Bulk-Tall-Candlesticks-Wholesale-2-150x150.webp 150w, https:\/\/jinhuaceramic.com\/wp-content\/uploads\/2025\/01\/Various-White-Candle-Stick-Holders-In-Bulk-Tall-Candlesticks-Wholesale-2-768x768.webp 768w, https:\/\/jinhuaceramic.com\/wp-content\/uploads\/2025\/01\/Various-White-Candle-Stick-Holders-In-Bulk-Tall-Candlesticks-Wholesale-2-12x12.webp 12w, https:\/\/jinhuaceramic.com\/wp-content\/uploads\/2025\/01\/Various-White-Candle-Stick-Holders-In-Bulk-Tall-Candlesticks-Wholesale-2-285x285.webp 285w, https:\/\/jinhuaceramic.com\/wp-content\/uploads\/2025\/01\/Various-White-Candle-Stick-Holders-In-Bulk-Tall-Candlesticks-Wholesale-2-270x270.webp 270w, https:\/\/jinhuaceramic.com\/wp-content\/uploads\/2025\/01\/Various-White-Candle-Stick-Holders-In-Bulk-Tall-Candlesticks-Wholesale-2-540x540.webp 540w, https:\/\/jinhuaceramic.com\/wp-content\/uploads\/2025\/01\/Various-White-Candle-Stick-Holders-In-Bulk-Tall-Candlesticks-Wholesale-2-660x660.webp 660w\" sizes=\"(max-width: 800px) 100vw, 800px\" \/><\/figure>\n<\/div>\n<\/div>","protected":false},"excerpt":{"rendered":"<p>Willkommen bei hohen Kerzenst\u00e4nder Gro\u00dfhandel zu kaufen. Diese S\u00e4ule Kerzenhalter in loser Sch\u00fcttung zeigen einen unverwechselbaren Stil im Design, die Annahme der geometrischen Form, geschichtetes Design, einheitliche Farbton, und die Textur des keramischen Materials; so ist es attraktiv und praktisch f\u00fcr Innen- und Au\u00dfendekoration.<\/p>","protected":false},"featured_media":7620,"comment_status":"closed","ping_status":"closed","template":"","meta":{"_acf_changed":false},"product_brand":[],"product_cat":[52],"product_tag":[68],"class_list":{"0":"post-7613","1":"product","2":"type-product","3":"status-publish","4":"has-post-thumbnail","6":"product_cat-wholesale-candle-containers","7":"product_tag-ceramic-candlesticks-bulk","9":"first","10":"instock","11":"shipping-taxable","12":"product-type-simple"},"acf":[],"_links":{"self":[{"href":"https:\/\/jinhuaceramic.com\/de\/wp-json\/wp\/v2\/product\/7613","targetHints":{"allow":["GET"]}}],"collection":[{"href":"https:\/\/jinhuaceramic.com\/de\/wp-json\/wp\/v2\/product"}],"about":[{"href":"https:\/\/jinhuaceramic.com\/de\/wp-json\/wp\/v2\/types\/product"}],"replies":[{"embeddable":true,"href":"https:\/\/jinhuaceramic.com\/de\/wp-json\/wp\/v2\/comments?post=7613"}],"version-history":[{"count":0,"href":"https:\/\/jinhuaceramic.com\/de\/wp-json\/wp\/v2\/product\/7613\/revisions"}],"wp:featuredmedia":[{"embeddable":true,"href":"https:\/\/jinhuaceramic.com\/de\/wp-json\/wp\/v2\/media\/7620"}],"wp:attachment":[{"href":"https:\/\/jinhuaceramic.com\/de\/wp-json\/wp\/v2\/media?parent=7613"}],"wp:term":[{"taxonomy":"product_brand","embeddable":true,"href":"https:\/\/jinhuaceramic.com\/de\/wp-json\/wp\/v2\/product_brand?post=7613"},{"taxonomy":"product_cat","embeddable":true,"href":"https:\/\/jinhuaceramic.com\/de\/wp-json\/wp\/v2\/product_cat?post=7613"},{"taxonomy":"product_tag","embeddable":true,"href":"https:\/\/jinhuaceramic.com\/de\/wp-json\/wp\/v2\/product_tag?post=7613"}],"curies":[{"name":"wp","href":"https:\/\/api.w.org\/{rel}","templated":true}]}}