{"id":7623,"date":"2025-01-09T06:29:46","date_gmt":"2025-01-09T06:29:46","guid":{"rendered":"https:\/\/jinhuaceramic.com\/?post_type=product&#038;p=7623"},"modified":"2025-01-09T06:29:55","modified_gmt":"2025-01-09T06:29:55","slug":"ramekins-wholesale","status":"publish","type":"product","link":"https:\/\/jinhuaceramic.com\/de\/product\/ramekins-wholesale\/","title":{"rendered":"Quadratische Ramekins Gro\u00dfhandel, keramische kleine Backformen in Bulk"},"content":{"rendered":"<div class=\"wp-block-columns is-layout-flex wp-container-core-columns-is-layout-9d6595d7 wp-block-columns-is-layout-flex\">\n<div class=\"wp-block-column is-layout-flow wp-block-column-is-layout-flow\">\n<h3 class=\"wp-block-heading\">Premium Ramekins Gro\u00dfhandel Merkmale:<\/h3>\n\n\n\n<ul class=\"wp-block-list\">\n<li><strong>Minimalistisches Design: <\/strong>Das minimalistische Design an den Seiten dieser wei\u00dfen Keramik-Auflaufformen im Gro\u00dfhandel umfasst ein vertikales Streifendesign mit schwarzer Linienverzierung an den R\u00e4ndern. Diese dekorative Linie ist einfach und auff\u00e4llig, das Hinzuf\u00fcgen Raffinesse und Mode zu Backformen, so dass die Backformen k\u00f6nnte einfach, aber detailliert, eine schillernde Dekoration in der K\u00fcche sein.<\/li>\n\n\n\n<li><strong>Ausgezeichnetes keramisches Material: <\/strong>Diese kleinen Backformen f\u00fcr den Gro\u00dfhandel sind aus hochwertiger Keramik gefertigt, die eine ausgezeichnete Hitzebest\u00e4ndigkeit aufweist und hohe Temperaturen aush\u00e4lt, ohne sich zu verformen oder zu brechen.<\/li>\n\n\n\n<li><strong>Vielseitigkeit: <\/strong>Das Volumen dieser kleinen quadratischen Auflaufformen im Gro\u00dfhandel betr\u00e4gt 350 ml, die zum Backen einer einzigen Portion Essen verwendet werden k\u00f6nnen. Es w\u00e4re sch\u00f6n, die Keramik-Backform nicht nur zum Backen von Lebensmitteln zu verwenden, sondern auch viele K\u00f6stlichkeiten wie Salate und Fr\u00fcchte darin aufzubewahren und dem Hauptgericht auf dem Esstisch Farbe und Sch\u00f6nheit zu verleihen.<\/li>\n\n\n\n<li><strong>Bequeme Griffe: <\/strong>Die Griffe dieser kleinen Keramik-Backformen sind so gestaltet, dass sie leicht zu greifen sind. So l\u00e4sst sich die Backform besser kontrollieren, wenn sie aus dem Ofen genommen oder auf den Tisch gestellt wird, und es wird verhindert, dass sie verrutscht, was die Gefahr von Verbrennungen verringert.<\/li>\n<\/ul>\n<\/div>\n\n\n\n<div class=\"wp-block-column is-layout-flow wp-block-column-is-layout-flow\">\n<figure class=\"wp-block-image size-full\"><img fetchpriority=\"high\" decoding=\"async\" width=\"1600\" height=\"1600\" src=\"https:\/\/jinhuaceramic.com\/wp-content\/uploads\/2025\/01\/Ceramic-Square-Small-Baking-Dish-Custom-Bakeware-Wholesale-8.webp\" alt=\"Quadratische Ramekins Gro\u00dfhandel, keramische kleine Backformen in Bulk-1\" class=\"wp-image-7630\" srcset=\"https:\/\/jinhuaceramic.com\/wp-content\/uploads\/2025\/01\/Ceramic-Square-Small-Baking-Dish-Custom-Bakeware-Wholesale-8.webp 1600w, https:\/\/jinhuaceramic.com\/wp-content\/uploads\/2025\/01\/Ceramic-Square-Small-Baking-Dish-Custom-Bakeware-Wholesale-8-300x300.webp 300w, https:\/\/jinhuaceramic.com\/wp-content\/uploads\/2025\/01\/Ceramic-Square-Small-Baking-Dish-Custom-Bakeware-Wholesale-8-150x150.webp 150w, https:\/\/jinhuaceramic.com\/wp-content\/uploads\/2025\/01\/Ceramic-Square-Small-Baking-Dish-Custom-Bakeware-Wholesale-8-768x768.webp 768w, https:\/\/jinhuaceramic.com\/wp-content\/uploads\/2025\/01\/Ceramic-Square-Small-Baking-Dish-Custom-Bakeware-Wholesale-8-12x12.webp 12w, https:\/\/jinhuaceramic.com\/wp-content\/uploads\/2025\/01\/Ceramic-Square-Small-Baking-Dish-Custom-Bakeware-Wholesale-8-285x285.webp 285w, https:\/\/jinhuaceramic.com\/wp-content\/uploads\/2025\/01\/Ceramic-Square-Small-Baking-Dish-Custom-Bakeware-Wholesale-8-270x270.webp 270w, https:\/\/jinhuaceramic.com\/wp-content\/uploads\/2025\/01\/Ceramic-Square-Small-Baking-Dish-Custom-Bakeware-Wholesale-8-540x540.webp 540w, https:\/\/jinhuaceramic.com\/wp-content\/uploads\/2025\/01\/Ceramic-Square-Small-Baking-Dish-Custom-Bakeware-Wholesale-8-660x660.webp 660w\" sizes=\"(max-width: 1600px) 100vw, 1600px\" \/><\/figure>\n<\/div>\n<\/div>","protected":false},"excerpt":{"rendered":"<p>Willkommen zum Kauf von Keramik Auflaufformen Gro\u00dfhandel. Diese quadratischen kleinen Backformen sind nicht nur minimalistisch und sch\u00f6n gestaltet, sondern haben auch mehrere Vorteile: hitzebest\u00e4ndig, temperaturbest\u00e4ndig, gesund und umweltfreundlich, vielseitig und langlebig. Diese Vorteile machen diese Art von Schale zu einem unverzichtbaren Werkzeug in der K\u00fcche.<\/p>","protected":false},"featured_media":7627,"comment_status":"closed","ping_status":"closed","template":"","meta":{"_acf_changed":false},"product_brand":[],"product_cat":[53],"product_tag":[69],"class_list":{"0":"post-7623","1":"product","2":"type-product","3":"status-publish","4":"has-post-thumbnail","6":"product_cat-bakeware-in-bulk","7":"product_tag-bulk-ramekins","9":"first","10":"instock","11":"shipping-taxable","12":"product-type-simple"},"acf":[],"_links":{"self":[{"href":"https:\/\/jinhuaceramic.com\/de\/wp-json\/wp\/v2\/product\/7623","targetHints":{"allow":["GET"]}}],"collection":[{"href":"https:\/\/jinhuaceramic.com\/de\/wp-json\/wp\/v2\/product"}],"about":[{"href":"https:\/\/jinhuaceramic.com\/de\/wp-json\/wp\/v2\/types\/product"}],"replies":[{"embeddable":true,"href":"https:\/\/jinhuaceramic.com\/de\/wp-json\/wp\/v2\/comments?post=7623"}],"version-history":[{"count":0,"href":"https:\/\/jinhuaceramic.com\/de\/wp-json\/wp\/v2\/product\/7623\/revisions"}],"wp:featuredmedia":[{"embeddable":true,"href":"https:\/\/jinhuaceramic.com\/de\/wp-json\/wp\/v2\/media\/7627"}],"wp:attachment":[{"href":"https:\/\/jinhuaceramic.com\/de\/wp-json\/wp\/v2\/media?parent=7623"}],"wp:term":[{"taxonomy":"product_brand","embeddable":true,"href":"https:\/\/jinhuaceramic.com\/de\/wp-json\/wp\/v2\/product_brand?post=7623"},{"taxonomy":"product_cat","embeddable":true,"href":"https:\/\/jinhuaceramic.com\/de\/wp-json\/wp\/v2\/product_cat?post=7623"},{"taxonomy":"product_tag","embeddable":true,"href":"https:\/\/jinhuaceramic.com\/de\/wp-json\/wp\/v2\/product_tag?post=7623"}],"curies":[{"name":"wp","href":"https:\/\/api.w.org\/{rel}","templated":true}]}}