{"id":7635,"date":"2025-01-09T04:03:42","date_gmt":"2025-01-09T04:03:42","guid":{"rendered":"https:\/\/jinhuaceramic.com\/?post_type=product&#038;p=7635"},"modified":"2025-01-09T04:03:44","modified_gmt":"2025-01-09T04:03:44","slug":"soap-dish-wholesale","status":"publish","type":"product","link":"https:\/\/jinhuaceramic.com\/de\/product\/soap-dish-wholesale\/","title":{"rendered":"Niedliche keramische Seife Gro\u00dfhandel, Badezimmer Seife Halter Bulk"},"content":{"rendered":"<div class=\"wp-block-columns is-layout-flex wp-container-core-columns-is-layout-9d6595d7 wp-block-columns-is-layout-flex\">\n<div class=\"wp-block-column is-layout-flow wp-block-column-is-layout-flow\">\n<h3 class=\"wp-block-heading\">Premium-Seifenschale Gro\u00dfhandel Merkmale:<\/h3>\n\n\n\n<ul class=\"wp-block-list\">\n<li><strong>Ovale Form:<\/strong> Diese ovalen Keramik-Seifenschalen im Gro\u00dfhandel haben glatte Linien, die ein weiches und abgerundetes Erscheinungsbild vermitteln, und ausgepr\u00e4gte Kanten. Diese Form ist nicht nur sch\u00f6n, sondern bietet auch mehr Platz f\u00fcr Seife und h\u00e4lt sie sicher an ihrem Platz.<\/li>\n\n\n\n<li><strong>Verschiedene Farben:<\/strong> Diese hochwertigen Seifenschalen sind im Gro\u00dfhandel in sanften Beige-, Hellgelb- und Wei\u00dft\u00f6nen sowie in einem besonderen Wei\u00df mit schwarzen Punkten erh\u00e4ltlich. Diese Farben passen zu jeder Badezimmerausstattung und schaffen eine warme, nat\u00fcrliche Atmosph\u00e4re.<\/li>\n\n\n\n<li><strong>Hochwertiges Material:<\/strong> Diese niedlichen Seifenhalter im Gro\u00dfhandel sind aus hochwertiger Keramik mit hoher Haltbarkeit und Textur gefertigt und verf\u00fcgen \u00fcber eine glatte und empfindliche Oberfl\u00e4che, die sich leicht reinigen und pflegen l\u00e4sst.<\/li>\n\n\n\n<li><strong>Detaillierter Entwurf:<\/strong> Diese Keramik-Seifenhalter im Gro\u00dfhandel verf\u00fcgen \u00fcber 4 kleine L\u00f6cher, durch die das Wasser rechtzeitig abflie\u00dfen kann, um zu verhindern, dass die Seife durch das Einweichen in Wasser \u00fcber einen l\u00e4ngeren Zeitraum weich wird und schmilzt, was die Lebensdauer der Seife verl\u00e4ngert.<\/li>\n<\/ul>\n<\/div>\n\n\n\n<div class=\"wp-block-column is-layout-flow wp-block-column-is-layout-flow\">\n<figure class=\"wp-block-image size-full\"><img fetchpriority=\"high\" decoding=\"async\" width=\"685\" height=\"644\" src=\"https:\/\/jinhuaceramic.com\/wp-content\/uploads\/2025\/01\/Wholesale-Ceramic-Soap-Dishes-Bulk-Soap-Holder-Custom.webp\" alt=\"Niedliche Keramik-Seifenschale Gro\u00dfhandel, Seifenhalter f\u00fcr das Badezimmer Gro\u00dfpackung-7\" class=\"wp-image-7644\" srcset=\"https:\/\/jinhuaceramic.com\/wp-content\/uploads\/2025\/01\/Wholesale-Ceramic-Soap-Dishes-Bulk-Soap-Holder-Custom.webp 685w, https:\/\/jinhuaceramic.com\/wp-content\/uploads\/2025\/01\/Wholesale-Ceramic-Soap-Dishes-Bulk-Soap-Holder-Custom-300x282.webp 300w, https:\/\/jinhuaceramic.com\/wp-content\/uploads\/2025\/01\/Wholesale-Ceramic-Soap-Dishes-Bulk-Soap-Holder-Custom-13x12.webp 13w, https:\/\/jinhuaceramic.com\/wp-content\/uploads\/2025\/01\/Wholesale-Ceramic-Soap-Dishes-Bulk-Soap-Holder-Custom-285x268.webp 285w, https:\/\/jinhuaceramic.com\/wp-content\/uploads\/2025\/01\/Wholesale-Ceramic-Soap-Dishes-Bulk-Soap-Holder-Custom-660x620.webp 660w, https:\/\/jinhuaceramic.com\/wp-content\/uploads\/2025\/01\/Wholesale-Ceramic-Soap-Dishes-Bulk-Soap-Holder-Custom-150x141.webp 150w\" sizes=\"(max-width: 685px) 100vw, 685px\" \/><\/figure>\n<\/div>\n<\/div>","protected":false},"excerpt":{"rendered":"<p>Willkommen beim Gro\u00dfhandelskauf von Seifenschalen aus Keramik. Unsere Seifenhalter sind praktisch, aber aufgrund ihrer unverwechselbaren Formen, bunten Farbt\u00f6ne, detaillierten Designs und feinen Materialstrukturen auch dekorativ und verleihen jedem Badezimmer Eleganz und Anmut.<\/p>","protected":false},"featured_media":7636,"comment_status":"closed","ping_status":"closed","template":"","meta":{"_acf_changed":false},"product_brand":[],"product_cat":[51],"product_tag":[72],"class_list":{"0":"post-7635","1":"product","2":"type-product","3":"status-publish","4":"has-post-thumbnail","6":"product_cat-bathroom-accessories-wholesale","7":"product_tag-wholesale-soap-dishes","9":"first","10":"instock","11":"shipping-taxable","12":"product-type-simple"},"acf":[],"_links":{"self":[{"href":"https:\/\/jinhuaceramic.com\/de\/wp-json\/wp\/v2\/product\/7635","targetHints":{"allow":["GET"]}}],"collection":[{"href":"https:\/\/jinhuaceramic.com\/de\/wp-json\/wp\/v2\/product"}],"about":[{"href":"https:\/\/jinhuaceramic.com\/de\/wp-json\/wp\/v2\/types\/product"}],"replies":[{"embeddable":true,"href":"https:\/\/jinhuaceramic.com\/de\/wp-json\/wp\/v2\/comments?post=7635"}],"version-history":[{"count":0,"href":"https:\/\/jinhuaceramic.com\/de\/wp-json\/wp\/v2\/product\/7635\/revisions"}],"wp:featuredmedia":[{"embeddable":true,"href":"https:\/\/jinhuaceramic.com\/de\/wp-json\/wp\/v2\/media\/7636"}],"wp:attachment":[{"href":"https:\/\/jinhuaceramic.com\/de\/wp-json\/wp\/v2\/media?parent=7635"}],"wp:term":[{"taxonomy":"product_brand","embeddable":true,"href":"https:\/\/jinhuaceramic.com\/de\/wp-json\/wp\/v2\/product_brand?post=7635"},{"taxonomy":"product_cat","embeddable":true,"href":"https:\/\/jinhuaceramic.com\/de\/wp-json\/wp\/v2\/product_cat?post=7635"},{"taxonomy":"product_tag","embeddable":true,"href":"https:\/\/jinhuaceramic.com\/de\/wp-json\/wp\/v2\/product_tag?post=7635"}],"curies":[{"name":"wp","href":"https:\/\/api.w.org\/{rel}","templated":true}]}}