{"id":7681,"date":"2025-01-17T06:41:07","date_gmt":"2025-01-17T06:41:07","guid":{"rendered":"https:\/\/jinhuaceramic.com\/?post_type=product&#038;p=7681"},"modified":"2025-01-17T06:41:08","modified_gmt":"2025-01-17T06:41:08","slug":"wholesale-ceramic-baking-pans","status":"publish","type":"product","link":"https:\/\/jinhuaceramic.com\/de\/product\/wholesale-ceramic-baking-pans\/","title":{"rendered":"Gro\u00dfhandel keramische Backformen, wei\u00dfe ma\u00dfgeschneiderte Backformen"},"content":{"rendered":"<div class=\"wp-block-columns is-layout-flex wp-container-core-columns-is-layout-9d6595d7 wp-block-columns-is-layout-flex\">\n<div class=\"wp-block-column is-layout-flow wp-block-column-is-layout-flow\">\n<h3 class=\"wp-block-heading\">Hochwertige Keramik-Backformen f\u00fcr den Gro\u00dfhandel Eigenschaften:<\/h3>\n\n\n\n<ul class=\"wp-block-list\">\n<li><strong>Elegantes Design: <\/strong>Diese Keramik-Backformen f\u00fcr den Gro\u00dfhandel haben ein elegantes, schlichtes Design und sind wei\u00df, was ihnen ein frisches Aussehen verleiht, das gut zu verschiedenen K\u00fcchenumgebungen und Tischmanieren passt. Die wellenf\u00f6rmige Struktur an den Seiten der Backform verst\u00e4rkt die Schichtung und den dreidimensionalen Eindruck der Backformen, wodurch sie strukturierter und kunstvoller wirken.<\/li>\n\n\n\n<li><strong>Hochwertiges keramisches Material: <\/strong>Das hochwertige Keramikmaterial dieser individuell angefertigten Keramikbackformen bietet eine gute W\u00e4rmeleitf\u00e4higkeit und ist ungiftig und unbedenklich.<\/li>\n\n\n\n<li><strong>Vielseitigkeit:<\/strong> Diese Keramik-Backformen sind in zwei Gr\u00f6\u00dfen erh\u00e4ltlich, sodass sie den t\u00e4glichen Backbedarf decken und beispielsweise in kleinen Mengen f\u00fcr das Backen von Gem\u00fcse oder Fleisch verwendet werden k\u00f6nnen. Gleichzeitig bieten diese Artikel ausreichend Platz f\u00fcr Zutaten, um Gerichte f\u00fcr verschiedene Anl\u00e4sse zuzubereiten.<\/li>\n\n\n\n<li><strong>Leicht zu reinigen: <\/strong>Die Oberfl\u00e4che dieser individuell angefertigten Backformen aus Keramik ist glatt, sodass Lebensmittelreste nicht so leicht haften bleiben. Daher lassen sie sich im Vergleich zu Backformen aus Metall leichter reinigen. Sie verkratzen nicht, verf\u00e4rben sich nicht und behalten auch nach l\u00e4ngerem Gebrauch ihr gutes Aussehen.<\/li>\n<\/ul>\n<\/div>\n\n\n\n<div class=\"wp-block-column is-layout-flow wp-block-column-is-layout-flow\">\n<figure class=\"wp-block-image size-full\"><img fetchpriority=\"high\" decoding=\"async\" width=\"2400\" height=\"2400\" src=\"https:\/\/jinhuaceramic.com\/wp-content\/uploads\/2025\/01\/White-Ceramic-Custom-Baking-Dish-Kitchen-Bakeware-Wholesale-5.webp\" alt=\"Gro\u00dfhandel Keramik-Backformen, wei\u00dfe ma\u00dfgeschneiderte Backformen-1\" class=\"wp-image-7685\" srcset=\"https:\/\/jinhuaceramic.com\/wp-content\/uploads\/2025\/01\/White-Ceramic-Custom-Baking-Dish-Kitchen-Bakeware-Wholesale-5.webp 2400w, https:\/\/jinhuaceramic.com\/wp-content\/uploads\/2025\/01\/White-Ceramic-Custom-Baking-Dish-Kitchen-Bakeware-Wholesale-5-300x300.webp 300w, https:\/\/jinhuaceramic.com\/wp-content\/uploads\/2025\/01\/White-Ceramic-Custom-Baking-Dish-Kitchen-Bakeware-Wholesale-5-150x150.webp 150w, https:\/\/jinhuaceramic.com\/wp-content\/uploads\/2025\/01\/White-Ceramic-Custom-Baking-Dish-Kitchen-Bakeware-Wholesale-5-768x768.webp 768w, https:\/\/jinhuaceramic.com\/wp-content\/uploads\/2025\/01\/White-Ceramic-Custom-Baking-Dish-Kitchen-Bakeware-Wholesale-5-12x12.webp 12w, https:\/\/jinhuaceramic.com\/wp-content\/uploads\/2025\/01\/White-Ceramic-Custom-Baking-Dish-Kitchen-Bakeware-Wholesale-5-285x285.webp 285w, https:\/\/jinhuaceramic.com\/wp-content\/uploads\/2025\/01\/White-Ceramic-Custom-Baking-Dish-Kitchen-Bakeware-Wholesale-5-1600x1600.webp 1600w, https:\/\/jinhuaceramic.com\/wp-content\/uploads\/2025\/01\/White-Ceramic-Custom-Baking-Dish-Kitchen-Bakeware-Wholesale-5-270x270.webp 270w, https:\/\/jinhuaceramic.com\/wp-content\/uploads\/2025\/01\/White-Ceramic-Custom-Baking-Dish-Kitchen-Bakeware-Wholesale-5-540x540.webp 540w, https:\/\/jinhuaceramic.com\/wp-content\/uploads\/2025\/01\/White-Ceramic-Custom-Baking-Dish-Kitchen-Bakeware-Wholesale-5-660x660.webp 660w\" sizes=\"(max-width: 2400px) 100vw, 2400px\" \/><\/figure>\n<\/div>\n<\/div>","protected":false},"excerpt":{"rendered":"<p>Willkommen beim Kauf von Keramik-Backformen im Gro\u00dfhandel. Unsere individuell gestalteten Keramik-Backformen sind wundersch\u00f6n und vielseitig einsetzbar. Sie sind in Wei\u00df gehalten und verf\u00fcgen \u00fcber eine einzigartige Struktur. Das Design mit zwei Griffen erleichtert das Halten und verhindert Verbrennungen. Diese Backformen verbinden \u00c4sthetik und Funktionalit\u00e4t und sind aus der K\u00fcche nicht mehr wegzudenken.<\/p>","protected":false},"featured_media":7682,"comment_status":"closed","ping_status":"closed","template":"","meta":{"_acf_changed":false},"product_brand":[],"product_cat":[53],"product_tag":[71],"class_list":{"0":"post-7681","1":"product","2":"type-product","3":"status-publish","4":"has-post-thumbnail","6":"product_cat-bakeware-in-bulk","7":"product_tag-wholesale-baking-pans","9":"first","10":"instock","11":"shipping-taxable","12":"product-type-simple"},"acf":[],"_links":{"self":[{"href":"https:\/\/jinhuaceramic.com\/de\/wp-json\/wp\/v2\/product\/7681","targetHints":{"allow":["GET"]}}],"collection":[{"href":"https:\/\/jinhuaceramic.com\/de\/wp-json\/wp\/v2\/product"}],"about":[{"href":"https:\/\/jinhuaceramic.com\/de\/wp-json\/wp\/v2\/types\/product"}],"replies":[{"embeddable":true,"href":"https:\/\/jinhuaceramic.com\/de\/wp-json\/wp\/v2\/comments?post=7681"}],"version-history":[{"count":0,"href":"https:\/\/jinhuaceramic.com\/de\/wp-json\/wp\/v2\/product\/7681\/revisions"}],"wp:featuredmedia":[{"embeddable":true,"href":"https:\/\/jinhuaceramic.com\/de\/wp-json\/wp\/v2\/media\/7682"}],"wp:attachment":[{"href":"https:\/\/jinhuaceramic.com\/de\/wp-json\/wp\/v2\/media?parent=7681"}],"wp:term":[{"taxonomy":"product_brand","embeddable":true,"href":"https:\/\/jinhuaceramic.com\/de\/wp-json\/wp\/v2\/product_brand?post=7681"},{"taxonomy":"product_cat","embeddable":true,"href":"https:\/\/jinhuaceramic.com\/de\/wp-json\/wp\/v2\/product_cat?post=7681"},{"taxonomy":"product_tag","embeddable":true,"href":"https:\/\/jinhuaceramic.com\/de\/wp-json\/wp\/v2\/product_tag?post=7681"}],"curies":[{"name":"wp","href":"https:\/\/api.w.org\/{rel}","templated":true}]}}