{"id":7690,"date":"2025-01-17T06:32:58","date_gmt":"2025-01-17T06:32:58","guid":{"rendered":"https:\/\/jinhuaceramic.com\/?post_type=product&#038;p=7690"},"modified":"2025-01-17T06:33:00","modified_gmt":"2025-01-17T06:33:00","slug":"restaurant-tableware-wholesale","status":"publish","type":"product","link":"https:\/\/jinhuaceramic.com\/de\/product\/restaurant-tableware-wholesale\/","title":{"rendered":"Blaues Restaurant-Geschirr Gro\u00dfhandel, reaktive Glasur Bulk Geschirr"},"content":{"rendered":"<div class=\"wp-block-columns is-layout-flex wp-container-core-columns-is-layout-9d6595d7 wp-block-columns-is-layout-flex\">\n<div class=\"wp-block-column is-layout-flow wp-block-column-is-layout-flow\">\n<h3 class=\"wp-block-heading\">Premium-Restaurant-Geschirr Gro\u00dfhandel Merkmale:<\/h3>\n\n\n\n<ul class=\"wp-block-list\">\n<li><strong>Elegantes Design: <\/strong>Diese keramischen Restaurant Geschirr Gro\u00dfhandel sind tiefblau, das Hinzuf\u00fcgen gehobenen Wert und Raffinesse f\u00fcr die Augen der Menschen. Dies wird sch\u00f6n genug sein, um einige Raffinesse und Sch\u00f6nheit, um den Esstisch f\u00fcr was auch immer das Haus Stil ist hinzuzuf\u00fcgen.<\/li>\n\n\n\n<li><strong>Transmutation des Ofens: <\/strong>Die Oberfl\u00e4che dieser gro\u00dfen Geschirrsets weist verschiedene Blaut\u00f6ne mit reichhaltigen Schichten auf, ein einzigartiger visueller Effekt, der durch die Technologie der Ofentransmutation erzielt wird. Diese Texturen erg\u00e4nzen die Farben und verleihen diesem Set ein ganz anderes Aussehen als anderen.<\/li>\n\n\n\n<li><strong>Hochwertiges keramisches Material: <\/strong>Dieses hochwertige keramische Restaurantgeschirr hat eine gute H\u00e4rte und Verschlei\u00dffestigkeit, kann St\u00f6\u00dfen und Reibung im t\u00e4glichen Gebrauch widerstehen, ist nicht leicht zu besch\u00e4digen und hat eine lange Lebensdauer.<\/li>\n\n\n\n<li><strong>Praktikabilit\u00e4t: <\/strong>Dieses keramische Gro\u00dfgeschirr umfasst 5,6-Zoll-Sch\u00fcsseln, 8-Zoll-Teller und 10,8-Zoll-Teller. Die gro\u00dfen Teller eignen sich f\u00fcr Hauptgerichte, die kleinen Teller f\u00fcr Beilagen oder Snacks und die Sch\u00fcsseln f\u00fcr Suppen, Reis usw., um den vielf\u00e4ltigen Bed\u00fcrfnissen des t\u00e4glichen Essens gerecht zu werden.<\/li>\n<\/ul>\n<\/div>\n\n\n\n<div class=\"wp-block-column is-layout-flow wp-block-column-is-layout-flow\">\n<figure class=\"wp-block-image size-full\"><img fetchpriority=\"high\" decoding=\"async\" width=\"1500\" height=\"1500\" src=\"https:\/\/jinhuaceramic.com\/wp-content\/uploads\/2025\/01\/Blue-Wholesale-Tableware-Set-Dinnerware-Kitchenware-Supplies-Custom.webp\" alt=\"Blaues Restaurant-Geschirr Gro\u00dfhandel, reaktive Glasur Bulk-Geschirr-1\" class=\"wp-image-7697\" srcset=\"https:\/\/jinhuaceramic.com\/wp-content\/uploads\/2025\/01\/Blue-Wholesale-Tableware-Set-Dinnerware-Kitchenware-Supplies-Custom.webp 1500w, https:\/\/jinhuaceramic.com\/wp-content\/uploads\/2025\/01\/Blue-Wholesale-Tableware-Set-Dinnerware-Kitchenware-Supplies-Custom-300x300.webp 300w, https:\/\/jinhuaceramic.com\/wp-content\/uploads\/2025\/01\/Blue-Wholesale-Tableware-Set-Dinnerware-Kitchenware-Supplies-Custom-150x150.webp 150w, https:\/\/jinhuaceramic.com\/wp-content\/uploads\/2025\/01\/Blue-Wholesale-Tableware-Set-Dinnerware-Kitchenware-Supplies-Custom-768x768.webp 768w, https:\/\/jinhuaceramic.com\/wp-content\/uploads\/2025\/01\/Blue-Wholesale-Tableware-Set-Dinnerware-Kitchenware-Supplies-Custom-12x12.webp 12w, https:\/\/jinhuaceramic.com\/wp-content\/uploads\/2025\/01\/Blue-Wholesale-Tableware-Set-Dinnerware-Kitchenware-Supplies-Custom-285x285.webp 285w, https:\/\/jinhuaceramic.com\/wp-content\/uploads\/2025\/01\/Blue-Wholesale-Tableware-Set-Dinnerware-Kitchenware-Supplies-Custom-270x270.webp 270w, https:\/\/jinhuaceramic.com\/wp-content\/uploads\/2025\/01\/Blue-Wholesale-Tableware-Set-Dinnerware-Kitchenware-Supplies-Custom-540x540.webp 540w, https:\/\/jinhuaceramic.com\/wp-content\/uploads\/2025\/01\/Blue-Wholesale-Tableware-Set-Dinnerware-Kitchenware-Supplies-Custom-660x660.webp 660w\" sizes=\"(max-width: 1500px) 100vw, 1500px\" \/><\/figure>\n<\/div>\n<\/div>","protected":false},"excerpt":{"rendered":"<p>Willkommen zum Kauf von Massengeschirr. Unsere reaktive Glasur blau Restaurant Geschirr Gro\u00dfhandel haben einzigartige blaue Texturen und sch\u00f6nes Aussehen, kombiniert \u00c4sthetik und praktische Das keramische Material unserer Gro\u00dfhandel Geschirr ist ungiftig, harmlos, resistent gegen hohe Temperaturen und sicher zu bedienen.<\/p>","protected":false},"featured_media":7693,"comment_status":"closed","ping_status":"closed","template":"","meta":{"_acf_changed":false},"product_brand":[],"product_cat":[83,54],"product_tag":[],"class_list":{"0":"post-7690","1":"product","2":"type-product","3":"status-publish","4":"has-post-thumbnail","6":"product_cat-wholesale-dinnerware-sets","7":"product_cat-tableware-wholesale","9":"first","10":"instock","11":"shipping-taxable","12":"product-type-simple"},"acf":[],"_links":{"self":[{"href":"https:\/\/jinhuaceramic.com\/de\/wp-json\/wp\/v2\/product\/7690","targetHints":{"allow":["GET"]}}],"collection":[{"href":"https:\/\/jinhuaceramic.com\/de\/wp-json\/wp\/v2\/product"}],"about":[{"href":"https:\/\/jinhuaceramic.com\/de\/wp-json\/wp\/v2\/types\/product"}],"replies":[{"embeddable":true,"href":"https:\/\/jinhuaceramic.com\/de\/wp-json\/wp\/v2\/comments?post=7690"}],"version-history":[{"count":0,"href":"https:\/\/jinhuaceramic.com\/de\/wp-json\/wp\/v2\/product\/7690\/revisions"}],"wp:featuredmedia":[{"embeddable":true,"href":"https:\/\/jinhuaceramic.com\/de\/wp-json\/wp\/v2\/media\/7693"}],"wp:attachment":[{"href":"https:\/\/jinhuaceramic.com\/de\/wp-json\/wp\/v2\/media?parent=7690"}],"wp:term":[{"taxonomy":"product_brand","embeddable":true,"href":"https:\/\/jinhuaceramic.com\/de\/wp-json\/wp\/v2\/product_brand?post=7690"},{"taxonomy":"product_cat","embeddable":true,"href":"https:\/\/jinhuaceramic.com\/de\/wp-json\/wp\/v2\/product_cat?post=7690"},{"taxonomy":"product_tag","embeddable":true,"href":"https:\/\/jinhuaceramic.com\/de\/wp-json\/wp\/v2\/product_tag?post=7690"}],"curies":[{"name":"wp","href":"https:\/\/api.w.org\/{rel}","templated":true}]}}