{"id":7714,"date":"2025-01-17T06:23:16","date_gmt":"2025-01-17T06:23:16","guid":{"rendered":"https:\/\/jinhuaceramic.com\/?post_type=product&#038;p=7714"},"modified":"2025-01-17T06:23:20","modified_gmt":"2025-01-17T06:23:20","slug":"dinner-set-wholesale","status":"publish","type":"product","link":"https:\/\/jinhuaceramic.com\/de\/product\/dinner-set-wholesale\/","title":{"rendered":"Exquisite Dinner Set Gro\u00dfhandel, Luxus Restaurant Geschirr Gro\u00dfhandel"},"content":{"rendered":"<div class=\"wp-block-columns is-layout-flex wp-container-core-columns-is-layout-9d6595d7 wp-block-columns-is-layout-flex\">\n<div class=\"wp-block-column is-layout-flow wp-block-column-is-layout-flow\">\n<h3 class=\"wp-block-heading\">Premium Dinner Set Gro\u00dfhandel Merkmale:<\/h3>\n\n\n\n<ul class=\"wp-block-list\">\n<li><strong>Kantenstruktur Dekoration: <\/strong>Die R\u00e4nder dieses Tafelsets sind mit einer einzigartigen spiralf\u00f6rmigen Struktur versehen, die optisch ein Gef\u00fchl des Flie\u00dfens vermittelt, wie die Wellen einer Brise, die \u00fcber das Wasser weht, und die dynamische Sch\u00f6nheit und k\u00fcnstlerische Atmosph\u00e4re des Geschirrs unterstreicht.<\/li>\n\n\n\n<li><strong>Farbabstimmung: <\/strong>Die Gesamtfarbe dieser Restaurantgeschirr Gro\u00dfhandel ist vor allem off-wei\u00df, so dass die Menschen ein warmes und weiches Gef\u00fchl. Die goldene Dekoration am Rand unterstreicht den Luxus und die Zartheit des Geschirrs, ohne zu knallig zu sein - nur um das elegante Temperament zu zeigen.<\/li>\n\n\n\n<li><strong>Hochwertiges Material: <\/strong>Unser Tafelservice im Gro\u00dfhandel ist aus hochwertigem Material gefertigt, das eine hohe Temperaturbest\u00e4ndigkeit aufweist und f\u00fcr die Verwendung mit K\u00fcchenger\u00e4ten wie Mikrowellenherden, Back\u00f6fen und Geschirrsp\u00fclern geeignet ist. Mehr noch, diese Art von Geschirr garantiert eine hohe W\u00e4rmeschutzleistung.<\/li>\n\n\n\n<li><strong>Vielfalt in der Gr\u00f6\u00dfe: <\/strong>Diese Restaurantgeschirr-Kollektion f\u00fcr den Gro\u00dfhandel enth\u00e4lt Teller und Sch\u00fcsseln in verschiedenen Gr\u00f6\u00dfen, die sich f\u00fcr verschiedene Zwecke eignen. Die gro\u00dfen Teller sind f\u00fcr Hauptgerichte gedacht, die mittelgro\u00dfen f\u00fcr Salate oder Snacks und die Sch\u00fcsseln f\u00fcr Suppen, Reis usw.<\/li>\n<\/ul>\n<\/div>\n\n\n\n<div class=\"wp-block-column is-layout-flow wp-block-column-is-layout-flow\">\n<figure class=\"wp-block-image size-full\"><img fetchpriority=\"high\" decoding=\"async\" width=\"1500\" height=\"1500\" src=\"https:\/\/jinhuaceramic.com\/wp-content\/uploads\/2025\/01\/Luxury-Wholesale-Tableware-Set-Custom-Ceramic-Plate-Bowl-Dinnerware-Set.webp\" alt=\"Exquisite Abendessen Set Gro\u00dfhandel, Luxus Restaurant Geschirr Gro\u00dfhandel-1\" class=\"wp-image-7721\" srcset=\"https:\/\/jinhuaceramic.com\/wp-content\/uploads\/2025\/01\/Luxury-Wholesale-Tableware-Set-Custom-Ceramic-Plate-Bowl-Dinnerware-Set.webp 1500w, https:\/\/jinhuaceramic.com\/wp-content\/uploads\/2025\/01\/Luxury-Wholesale-Tableware-Set-Custom-Ceramic-Plate-Bowl-Dinnerware-Set-300x300.webp 300w, https:\/\/jinhuaceramic.com\/wp-content\/uploads\/2025\/01\/Luxury-Wholesale-Tableware-Set-Custom-Ceramic-Plate-Bowl-Dinnerware-Set-150x150.webp 150w, https:\/\/jinhuaceramic.com\/wp-content\/uploads\/2025\/01\/Luxury-Wholesale-Tableware-Set-Custom-Ceramic-Plate-Bowl-Dinnerware-Set-768x768.webp 768w, https:\/\/jinhuaceramic.com\/wp-content\/uploads\/2025\/01\/Luxury-Wholesale-Tableware-Set-Custom-Ceramic-Plate-Bowl-Dinnerware-Set-12x12.webp 12w, https:\/\/jinhuaceramic.com\/wp-content\/uploads\/2025\/01\/Luxury-Wholesale-Tableware-Set-Custom-Ceramic-Plate-Bowl-Dinnerware-Set-285x285.webp 285w, https:\/\/jinhuaceramic.com\/wp-content\/uploads\/2025\/01\/Luxury-Wholesale-Tableware-Set-Custom-Ceramic-Plate-Bowl-Dinnerware-Set-270x270.webp 270w, https:\/\/jinhuaceramic.com\/wp-content\/uploads\/2025\/01\/Luxury-Wholesale-Tableware-Set-Custom-Ceramic-Plate-Bowl-Dinnerware-Set-540x540.webp 540w, https:\/\/jinhuaceramic.com\/wp-content\/uploads\/2025\/01\/Luxury-Wholesale-Tableware-Set-Custom-Ceramic-Plate-Bowl-Dinnerware-Set-660x660.webp 660w\" sizes=\"(max-width: 1500px) 100vw, 1500px\" \/><\/figure>\n<\/div>\n<\/div>","protected":false},"excerpt":{"rendered":"<p>Willkommen zum Kauf Restaurant Geschirr Gro\u00dfhandel. Diese Keramik Geschirr Gro\u00dfhandel zeigt einzigartigen Charme durch einzigartige Formen, harmonische Farbabstimmung, Premium-Keramik-Material und praktisches Design \u00dcberlegungen, die Menschen ein angenehmes Gef\u00fchl sowohl in visueller Sch\u00f6nheit und Nutzung Erfahrung bringen kann.<\/p>","protected":false},"featured_media":7716,"comment_status":"closed","ping_status":"closed","template":"","meta":{"_acf_changed":false},"product_brand":[],"product_cat":[83,54],"product_tag":[],"class_list":{"0":"post-7714","1":"product","2":"type-product","3":"status-publish","4":"has-post-thumbnail","6":"product_cat-wholesale-dinnerware-sets","7":"product_cat-tableware-wholesale","9":"first","10":"instock","11":"shipping-taxable","12":"product-type-simple"},"acf":[],"_links":{"self":[{"href":"https:\/\/jinhuaceramic.com\/de\/wp-json\/wp\/v2\/product\/7714","targetHints":{"allow":["GET"]}}],"collection":[{"href":"https:\/\/jinhuaceramic.com\/de\/wp-json\/wp\/v2\/product"}],"about":[{"href":"https:\/\/jinhuaceramic.com\/de\/wp-json\/wp\/v2\/types\/product"}],"replies":[{"embeddable":true,"href":"https:\/\/jinhuaceramic.com\/de\/wp-json\/wp\/v2\/comments?post=7714"}],"version-history":[{"count":0,"href":"https:\/\/jinhuaceramic.com\/de\/wp-json\/wp\/v2\/product\/7714\/revisions"}],"wp:featuredmedia":[{"embeddable":true,"href":"https:\/\/jinhuaceramic.com\/de\/wp-json\/wp\/v2\/media\/7716"}],"wp:attachment":[{"href":"https:\/\/jinhuaceramic.com\/de\/wp-json\/wp\/v2\/media?parent=7714"}],"wp:term":[{"taxonomy":"product_brand","embeddable":true,"href":"https:\/\/jinhuaceramic.com\/de\/wp-json\/wp\/v2\/product_brand?post=7714"},{"taxonomy":"product_cat","embeddable":true,"href":"https:\/\/jinhuaceramic.com\/de\/wp-json\/wp\/v2\/product_cat?post=7714"},{"taxonomy":"product_tag","embeddable":true,"href":"https:\/\/jinhuaceramic.com\/de\/wp-json\/wp\/v2\/product_tag?post=7714"}],"curies":[{"name":"wp","href":"https:\/\/api.w.org\/{rel}","templated":true}]}}