{"id":7738,"date":"2025-01-18T06:20:43","date_gmt":"2025-01-18T06:20:43","guid":{"rendered":"https:\/\/jinhuaceramic.com\/?post_type=product&#038;p=7738"},"modified":"2025-01-18T06:20:46","modified_gmt":"2025-01-18T06:20:46","slug":"wholesale-dinnerware-sets","status":"publish","type":"product","link":"https:\/\/jinhuaceramic.com\/de\/product\/wholesale-dinnerware-sets\/","title":{"rendered":"Gradient Gro\u00dfhandel Geschirr Sets, Catering Bulk Teller und Schalen"},"content":{"rendered":"<div class=\"wp-block-columns is-layout-flex wp-container-core-columns-is-layout-9d6595d7 wp-block-columns-is-layout-flex\">\n<div class=\"wp-block-column is-layout-flow wp-block-column-is-layout-flow\">\n<h3 class=\"wp-block-heading\">Premium Gro\u00dfhandel Essgeschirr Sets Eigenschaften:<\/h3>\n\n\n\n<ul class=\"wp-block-list\">\n<li><strong>Farbverlaufsdesign: <\/strong>Die Farbe dieser Gro\u00dfhandel Geschirr-Sets ist in blau-schwarz Farbverlauf, von dunkelblau bis schwarz nat\u00fcrlich \u00e4ndern, bringen die Menschen eine elegante und geschichteten visuellen Effekt. Es ist nicht nur modisch in der Farbe, sondern auch sehr einzigartig und besonders, das Hinzuf\u00fcgen Charme zu Ihrem Esstisch.<\/li>\n\n\n\n<li><strong>Hochwertiges keramisches Material: <\/strong>Die Verdienste f\u00fcr diese Bulk-Teller und Schalen aus hochwertiger Keramik sind gut f\u00fcr die Erhaltung der Hitze und hohe Temperaturbest\u00e4ndigkeit, die langlebig ist, und sie werden nicht so leicht zu tragen. In den \u00d6fen, Mikrowellen, Friteuse, K\u00fchlschrank, Sp\u00fclmaschine, etc. verwendet werden.<\/li>\n\n\n\n<li><strong>Glatte Glasur: <\/strong>Die Glasur auf der Oberfl\u00e4che dieser Gro\u00dfhandelsgeschirrsets ist glatt und zart, mit gutem Glanz. Dies verbessert nicht nur die Sch\u00f6nheit des Geschirrs, sondern erschwert auch das Anhaften von Flecken und macht die Reinigung einfach.<\/li>\n\n\n\n<li><strong>Praktikabilit\u00e4t: <\/strong>Diese gro\u00dfen Teller und Sch\u00fcsseln gibt es in zwei Gr\u00f6\u00dfen, um den verschiedenen Bed\u00fcrfnissen beim Essen gerecht zu werden. Gro\u00dfe Teller k\u00f6nnen f\u00fcr Hauptgerichte verwendet werden, kleine Teller f\u00fcr Vorspeisen, Snacks oder Salate, und Sch\u00fcsseln eignen sich f\u00fcr Suppen, M\u00fcsli, Reis usw.<\/li>\n<\/ul>\n<\/div>\n\n\n\n<div class=\"wp-block-column is-layout-flow wp-block-column-is-layout-flow\">\n<figure class=\"wp-block-image size-full\"><img fetchpriority=\"high\" decoding=\"async\" width=\"1500\" height=\"1500\" src=\"https:\/\/jinhuaceramic.com\/wp-content\/uploads\/2025\/01\/Gradient-Wholesale-Dinnerware-Set-Custom-Tableware-Ceramic-Plates-Bulk-7.webp\" alt=\"Gradient Gro\u00dfhandel Geschirr-Sets, Catering Bulk-Platten und Schalen-2\" class=\"wp-image-7744\" srcset=\"https:\/\/jinhuaceramic.com\/wp-content\/uploads\/2025\/01\/Gradient-Wholesale-Dinnerware-Set-Custom-Tableware-Ceramic-Plates-Bulk-7.webp 1500w, https:\/\/jinhuaceramic.com\/wp-content\/uploads\/2025\/01\/Gradient-Wholesale-Dinnerware-Set-Custom-Tableware-Ceramic-Plates-Bulk-7-300x300.webp 300w, https:\/\/jinhuaceramic.com\/wp-content\/uploads\/2025\/01\/Gradient-Wholesale-Dinnerware-Set-Custom-Tableware-Ceramic-Plates-Bulk-7-150x150.webp 150w, https:\/\/jinhuaceramic.com\/wp-content\/uploads\/2025\/01\/Gradient-Wholesale-Dinnerware-Set-Custom-Tableware-Ceramic-Plates-Bulk-7-768x768.webp 768w, https:\/\/jinhuaceramic.com\/wp-content\/uploads\/2025\/01\/Gradient-Wholesale-Dinnerware-Set-Custom-Tableware-Ceramic-Plates-Bulk-7-12x12.webp 12w, https:\/\/jinhuaceramic.com\/wp-content\/uploads\/2025\/01\/Gradient-Wholesale-Dinnerware-Set-Custom-Tableware-Ceramic-Plates-Bulk-7-285x285.webp 285w, https:\/\/jinhuaceramic.com\/wp-content\/uploads\/2025\/01\/Gradient-Wholesale-Dinnerware-Set-Custom-Tableware-Ceramic-Plates-Bulk-7-270x270.webp 270w, https:\/\/jinhuaceramic.com\/wp-content\/uploads\/2025\/01\/Gradient-Wholesale-Dinnerware-Set-Custom-Tableware-Ceramic-Plates-Bulk-7-540x540.webp 540w, https:\/\/jinhuaceramic.com\/wp-content\/uploads\/2025\/01\/Gradient-Wholesale-Dinnerware-Set-Custom-Tableware-Ceramic-Plates-Bulk-7-660x660.webp 660w\" sizes=\"(max-width: 1500px) 100vw, 1500px\" \/><\/figure>\n<\/div>\n<\/div>","protected":false},"excerpt":{"rendered":"<p>Willkommen zum Kauf gro\u00dfer Mengen von Tellern und Sch\u00fcsseln. Diese Gro\u00dfhandel Geschirr-Sets kommen mit modernen, modischen Farbverlauf, um Farbe zu Ihrem Esstisch hinzuzuf\u00fcgen. Mit robusten keramischen Materialien gefertigt, werden diese exquisit gestaltete Geschirr-Sets erstaunlich sein, nicht nur im Aussehen, sondern auch funktionale Essqualit\u00e4t zu verbessern und bringen mehr Gl\u00fcck.<\/p>","protected":false},"featured_media":7742,"comment_status":"closed","ping_status":"closed","template":"","meta":{"_acf_changed":false},"product_brand":[],"product_cat":[83,54],"product_tag":[],"class_list":{"0":"post-7738","1":"product","2":"type-product","3":"status-publish","4":"has-post-thumbnail","6":"product_cat-wholesale-dinnerware-sets","7":"product_cat-tableware-wholesale","9":"first","10":"instock","11":"shipping-taxable","12":"product-type-simple"},"acf":[],"_links":{"self":[{"href":"https:\/\/jinhuaceramic.com\/de\/wp-json\/wp\/v2\/product\/7738","targetHints":{"allow":["GET"]}}],"collection":[{"href":"https:\/\/jinhuaceramic.com\/de\/wp-json\/wp\/v2\/product"}],"about":[{"href":"https:\/\/jinhuaceramic.com\/de\/wp-json\/wp\/v2\/types\/product"}],"replies":[{"embeddable":true,"href":"https:\/\/jinhuaceramic.com\/de\/wp-json\/wp\/v2\/comments?post=7738"}],"version-history":[{"count":0,"href":"https:\/\/jinhuaceramic.com\/de\/wp-json\/wp\/v2\/product\/7738\/revisions"}],"wp:featuredmedia":[{"embeddable":true,"href":"https:\/\/jinhuaceramic.com\/de\/wp-json\/wp\/v2\/media\/7742"}],"wp:attachment":[{"href":"https:\/\/jinhuaceramic.com\/de\/wp-json\/wp\/v2\/media?parent=7738"}],"wp:term":[{"taxonomy":"product_brand","embeddable":true,"href":"https:\/\/jinhuaceramic.com\/de\/wp-json\/wp\/v2\/product_brand?post=7738"},{"taxonomy":"product_cat","embeddable":true,"href":"https:\/\/jinhuaceramic.com\/de\/wp-json\/wp\/v2\/product_cat?post=7738"},{"taxonomy":"product_tag","embeddable":true,"href":"https:\/\/jinhuaceramic.com\/de\/wp-json\/wp\/v2\/product_tag?post=7738"}],"curies":[{"name":"wp","href":"https:\/\/api.w.org\/{rel}","templated":true}]}}