{"id":7751,"date":"2025-01-21T02:34:31","date_gmt":"2025-01-21T02:34:31","guid":{"rendered":"https:\/\/jinhuaceramic.com\/?post_type=product&#038;p=7751"},"modified":"2025-01-21T02:34:34","modified_gmt":"2025-01-21T02:34:34","slug":"bulk-dinnerware","status":"publish","type":"product","link":"https:\/\/jinhuaceramic.com\/de\/product\/bulk-dinnerware\/","title":{"rendered":"Hochwertiges Massengeschirr, exquisites Restaurantgeschirr im Gro\u00dfhandel"},"content":{"rendered":"<div class=\"wp-block-columns is-layout-flex wp-container-core-columns-is-layout-9d6595d7 wp-block-columns-is-layout-flex\">\n<div class=\"wp-block-column is-layout-flow wp-block-column-is-layout-flow\">\n<h3 class=\"wp-block-heading\">Premium Bulk-Geschirr Merkmale:<\/h3>\n\n\n\n<ul class=\"wp-block-list\">\n<li><strong>Elegantes Design: <\/strong>Das meiste Geschirr ist in frischem Gr\u00fcn gehalten und mit wei\u00dfen Blumenmustern verziert, so dass sich die Menschen leicht und nat\u00fcrlich f\u00fchlen, was dem Esstisch eine k\u00fcnstlerische Atmosph\u00e4re verleiht und die Essumgebung versch\u00f6nert und stilisiert.<\/li>\n\n\n\n<li><strong>Ungiftig und harmlos: <\/strong>Dieses hochwertige Restaurantgeschirr im Gro\u00dfhandel wird aus nat\u00fcrlichem Keramikton hergestellt und w\u00e4hrend des Brennens bei einer sehr hohen Temperatur behandelt. Es gibt keine M\u00f6glichkeit des Auslaufens, sie sind unsch\u00e4dlich f\u00fcr die menschliche Gesundheit, und alle Arten von hei\u00dfen Speisen k\u00f6nnen darin aufbewahrt werden.<\/li>\n\n\n\n<li><strong>Langlebig:<\/strong> Dieses Keramikgeschirr hat eine hohe H\u00e4rte und Festigkeit, ist verschlei\u00df- und kratzfest, widersteht St\u00f6\u00dfen und Reibung im t\u00e4glichen Gebrauch und hat eine lange Lebensdauer.<\/li>\n\n\n\n<li><strong>Praktikabilit\u00e4t: <\/strong>Dieses Restaurantgeschirr im Gro\u00dfhandel umfasst Sch\u00fcsseln und Teller in zwei Gr\u00f6\u00dfen. Die gro\u00dfen Teller k\u00f6nnen mehr Gerichte aufnehmen, die einfacher zu lassen, alle in einer Familie Versammlung oder Bankett zu teilen sind; die kleinen Teller k\u00f6nnen auf einige Snacks, Desserts oder Beilagen gesetzt werden; die Schalen sind geeignet f\u00fcr Suppe, Getreide und Reis.<\/li>\n<\/ul>\n<\/div>\n\n\n\n<div class=\"wp-block-column is-layout-flow wp-block-column-is-layout-flow\">\n<figure class=\"wp-block-image size-full\"><img fetchpriority=\"high\" decoding=\"async\" width=\"1500\" height=\"1500\" src=\"https:\/\/jinhuaceramic.com\/wp-content\/uploads\/2025\/01\/High-End-Wholesale-Tableware-Set-Dinner-Services-Custom-Ceramic-Plates-4.webp\" alt=\"High-End Bulk-Geschirr, exquisites Restaurant-Geschirr Gro\u00dfhandel-5\" class=\"wp-image-7754\" srcset=\"https:\/\/jinhuaceramic.com\/wp-content\/uploads\/2025\/01\/High-End-Wholesale-Tableware-Set-Dinner-Services-Custom-Ceramic-Plates-4.webp 1500w, https:\/\/jinhuaceramic.com\/wp-content\/uploads\/2025\/01\/High-End-Wholesale-Tableware-Set-Dinner-Services-Custom-Ceramic-Plates-4-300x300.webp 300w, https:\/\/jinhuaceramic.com\/wp-content\/uploads\/2025\/01\/High-End-Wholesale-Tableware-Set-Dinner-Services-Custom-Ceramic-Plates-4-150x150.webp 150w, https:\/\/jinhuaceramic.com\/wp-content\/uploads\/2025\/01\/High-End-Wholesale-Tableware-Set-Dinner-Services-Custom-Ceramic-Plates-4-768x768.webp 768w, https:\/\/jinhuaceramic.com\/wp-content\/uploads\/2025\/01\/High-End-Wholesale-Tableware-Set-Dinner-Services-Custom-Ceramic-Plates-4-12x12.webp 12w, https:\/\/jinhuaceramic.com\/wp-content\/uploads\/2025\/01\/High-End-Wholesale-Tableware-Set-Dinner-Services-Custom-Ceramic-Plates-4-285x285.webp 285w, https:\/\/jinhuaceramic.com\/wp-content\/uploads\/2025\/01\/High-End-Wholesale-Tableware-Set-Dinner-Services-Custom-Ceramic-Plates-4-270x270.webp 270w, https:\/\/jinhuaceramic.com\/wp-content\/uploads\/2025\/01\/High-End-Wholesale-Tableware-Set-Dinner-Services-Custom-Ceramic-Plates-4-540x540.webp 540w, https:\/\/jinhuaceramic.com\/wp-content\/uploads\/2025\/01\/High-End-Wholesale-Tableware-Set-Dinner-Services-Custom-Ceramic-Plates-4-660x660.webp 660w\" sizes=\"(max-width: 1500px) 100vw, 1500px\" \/><\/figure>\n<\/div>\n<\/div>\n\n\n\n<p><\/p>","protected":false},"excerpt":{"rendered":"<p>Willkommen zum Kauf Restaurant Geschirr Gro\u00dfhandel. Unsere Bulk-Geschirr hat erfrischende gr\u00fcne Farbe, exquisite Blumenmuster, und langlebig ungiftig und harmlos Keramikmaterial. Die Sch\u00f6nheit und Zweckm\u00e4\u00dfigkeit dieser benutzerdefinierten Geschirr wird die Ess-Atmosph\u00e4re und Qualit\u00e4t zu verbessern.<\/p>","protected":false},"featured_media":7756,"comment_status":"closed","ping_status":"closed","template":"","meta":{"_acf_changed":false},"product_brand":[],"product_cat":[83,54],"product_tag":[],"class_list":{"0":"post-7751","1":"product","2":"type-product","3":"status-publish","4":"has-post-thumbnail","6":"product_cat-wholesale-dinnerware-sets","7":"product_cat-tableware-wholesale","9":"first","10":"instock","11":"shipping-taxable","12":"product-type-simple"},"acf":[],"_links":{"self":[{"href":"https:\/\/jinhuaceramic.com\/de\/wp-json\/wp\/v2\/product\/7751","targetHints":{"allow":["GET"]}}],"collection":[{"href":"https:\/\/jinhuaceramic.com\/de\/wp-json\/wp\/v2\/product"}],"about":[{"href":"https:\/\/jinhuaceramic.com\/de\/wp-json\/wp\/v2\/types\/product"}],"replies":[{"embeddable":true,"href":"https:\/\/jinhuaceramic.com\/de\/wp-json\/wp\/v2\/comments?post=7751"}],"version-history":[{"count":0,"href":"https:\/\/jinhuaceramic.com\/de\/wp-json\/wp\/v2\/product\/7751\/revisions"}],"wp:featuredmedia":[{"embeddable":true,"href":"https:\/\/jinhuaceramic.com\/de\/wp-json\/wp\/v2\/media\/7756"}],"wp:attachment":[{"href":"https:\/\/jinhuaceramic.com\/de\/wp-json\/wp\/v2\/media?parent=7751"}],"wp:term":[{"taxonomy":"product_brand","embeddable":true,"href":"https:\/\/jinhuaceramic.com\/de\/wp-json\/wp\/v2\/product_brand?post=7751"},{"taxonomy":"product_cat","embeddable":true,"href":"https:\/\/jinhuaceramic.com\/de\/wp-json\/wp\/v2\/product_cat?post=7751"},{"taxonomy":"product_tag","embeddable":true,"href":"https:\/\/jinhuaceramic.com\/de\/wp-json\/wp\/v2\/product_tag?post=7751"}],"curies":[{"name":"wp","href":"https:\/\/api.w.org\/{rel}","templated":true}]}}