{"id":7762,"date":"2025-01-21T02:18:36","date_gmt":"2025-01-21T02:18:36","guid":{"rendered":"https:\/\/jinhuaceramic.com\/?post_type=product&#038;p=7762"},"modified":"2025-01-21T02:18:38","modified_gmt":"2025-01-21T02:18:38","slug":"customize-bathroom-sets","status":"publish","type":"product","link":"https:\/\/jinhuaceramic.com\/de\/product\/customize-bathroom-sets\/","title":{"rendered":"4-teilige Badezimmer-Sets, keramische Bad-Accessoires Bulk Customize"},"content":{"rendered":"<div class=\"wp-block-columns is-layout-flex wp-container-core-columns-is-layout-9d6595d7 wp-block-columns-is-layout-flex\">\n<div class=\"wp-block-column is-layout-flow wp-block-column-is-layout-flow\">\n<h3 class=\"wp-block-heading\">Premium Customize Badezimmer-Sets Eigenschaften:<\/h3>\n\n\n\n<ul class=\"wp-block-list\">\n<li><strong>Elegantes Design:<\/strong> Diese ma\u00dfgeschneiderten Badezimmersets sind wei\u00df und haben eine sechseckige Textur auf der Oberfl\u00e4che. Das Design kann mit allen Arten von dekorativen Stilen kombiniert werden, egal ob Ihr Badezimmer im minimalistischen, nordischen oder sogar modernen Stil gehalten ist. Dies k\u00f6nnte die Sch\u00f6nheit und den Luxus des gesamten Badezimmers unterstreichen.<\/li>\n\n\n\n<li><strong>Hochwertiges keramisches Material: <\/strong>Diese keramischen Bad-Accessoires in loser Sch\u00fcttung bestehen aus hochwertigem Material, das sie robust und langlebig genug macht, um Verschlei\u00df und Besch\u00e4digungen standzuhalten und eine l\u00e4ngere Lebenserwartung zu gew\u00e4hrleisten. Au\u00dferdem ist die \u00e4u\u00dfere Oberfl\u00e4che der Keramik glatt und leicht zu reinigen.<\/li>\n\n\n\n<li><strong>Vollst\u00e4ndiger Satz: <\/strong>Mit einem Seifenspender, einem Zahnb\u00fcrstenhalter, einem Mundwasserbecher und einer Seifenschale erf\u00fcllen diese 4-teiligen Keramiksets die Anforderungen an die Aufbewahrung und Reinigung des Badezimmers und sorgen f\u00fcr Ordnung im Bad.<\/li>\n\n\n\n<li><strong>Detaillierter Entwurf: <\/strong>Der Seifenspender f\u00fcr den Gro\u00dfhandel hat eine gro\u00dfe \u00d6ffnung zum einfachen Bef\u00fcllen. Au\u00dferdem ist der Kopf von betr\u00e4chtlicher Gr\u00f6\u00dfe und daher sehr leicht zu dr\u00fccken. Dar\u00fcber hinaus hat die Gro\u00dfhandelsseifenschale erh\u00f6hte F\u00fc\u00dfe auf dem Boden, um ein Einweichen zu vermeiden, was die Stabilit\u00e4t erh\u00f6hen kann, erh\u00f6hte Streifen in der Mitte der Seifenschale sind in der Lage, die Reibung zu erh\u00f6hen, um ein Gleiten der Seife zu vermeiden.<\/li>\n<\/ul>\n<\/div>\n\n\n\n<div class=\"wp-block-column is-layout-flow wp-block-column-is-layout-flow\">\n<figure class=\"wp-block-image size-full\"><img fetchpriority=\"high\" decoding=\"async\" width=\"1600\" height=\"1600\" src=\"https:\/\/jinhuaceramic.com\/wp-content\/uploads\/2025\/01\/4-Piece-Designer-Bathroom-Sets-Wholesale-Ceramic-Bathroom-Supplies-3.webp\" alt=\"4-teilige Badezimmer-Sets, keramische Bad-Accessoires Bulk-1\" class=\"wp-image-7764\" srcset=\"https:\/\/jinhuaceramic.com\/wp-content\/uploads\/2025\/01\/4-Piece-Designer-Bathroom-Sets-Wholesale-Ceramic-Bathroom-Supplies-3.webp 1600w, https:\/\/jinhuaceramic.com\/wp-content\/uploads\/2025\/01\/4-Piece-Designer-Bathroom-Sets-Wholesale-Ceramic-Bathroom-Supplies-3-300x300.webp 300w, https:\/\/jinhuaceramic.com\/wp-content\/uploads\/2025\/01\/4-Piece-Designer-Bathroom-Sets-Wholesale-Ceramic-Bathroom-Supplies-3-150x150.webp 150w, https:\/\/jinhuaceramic.com\/wp-content\/uploads\/2025\/01\/4-Piece-Designer-Bathroom-Sets-Wholesale-Ceramic-Bathroom-Supplies-3-768x768.webp 768w, https:\/\/jinhuaceramic.com\/wp-content\/uploads\/2025\/01\/4-Piece-Designer-Bathroom-Sets-Wholesale-Ceramic-Bathroom-Supplies-3-12x12.webp 12w, https:\/\/jinhuaceramic.com\/wp-content\/uploads\/2025\/01\/4-Piece-Designer-Bathroom-Sets-Wholesale-Ceramic-Bathroom-Supplies-3-285x285.webp 285w, https:\/\/jinhuaceramic.com\/wp-content\/uploads\/2025\/01\/4-Piece-Designer-Bathroom-Sets-Wholesale-Ceramic-Bathroom-Supplies-3-270x270.webp 270w, https:\/\/jinhuaceramic.com\/wp-content\/uploads\/2025\/01\/4-Piece-Designer-Bathroom-Sets-Wholesale-Ceramic-Bathroom-Supplies-3-540x540.webp 540w, https:\/\/jinhuaceramic.com\/wp-content\/uploads\/2025\/01\/4-Piece-Designer-Bathroom-Sets-Wholesale-Ceramic-Bathroom-Supplies-3-660x660.webp 660w\" sizes=\"(max-width: 1600px) 100vw, 1600px\" \/><\/figure>\n<\/div>\n<\/div>\n\n\n\n<p><\/p>","protected":false},"excerpt":{"rendered":"<p>Willkommen zum Kauf von keramischen Bad-Accessoires in gro\u00dfen Mengen. Diese keramischen Bad-Sets sind sehr attraktiv, die wei\u00dfe Farbe ist einfach in jedem Stil der Baddekoration zu mischen, zeigt die Eleganz voll und f\u00fcgen Sch\u00f6nheit im Bad umfassend. Das keramische Material, langlebig und sauber, zahlt viel Aufmerksamkeit zum Detail. Stilvoll und praktikabel, jedes Set f\u00fcgt dem Bad Ordentlichkeit und Ausgeglichenheit hinzu.<\/p>","protected":false},"featured_media":7768,"comment_status":"closed","ping_status":"closed","template":"","meta":{"_acf_changed":false},"product_brand":[],"product_cat":[51],"product_tag":[74],"class_list":{"0":"post-7762","1":"product","2":"type-product","3":"status-publish","4":"has-post-thumbnail","6":"product_cat-bathroom-accessories-wholesale","7":"product_tag-ceramic-bath-accessories-wholesale","9":"first","10":"instock","11":"shipping-taxable","12":"product-type-simple"},"acf":[],"_links":{"self":[{"href":"https:\/\/jinhuaceramic.com\/de\/wp-json\/wp\/v2\/product\/7762","targetHints":{"allow":["GET"]}}],"collection":[{"href":"https:\/\/jinhuaceramic.com\/de\/wp-json\/wp\/v2\/product"}],"about":[{"href":"https:\/\/jinhuaceramic.com\/de\/wp-json\/wp\/v2\/types\/product"}],"replies":[{"embeddable":true,"href":"https:\/\/jinhuaceramic.com\/de\/wp-json\/wp\/v2\/comments?post=7762"}],"version-history":[{"count":0,"href":"https:\/\/jinhuaceramic.com\/de\/wp-json\/wp\/v2\/product\/7762\/revisions"}],"wp:featuredmedia":[{"embeddable":true,"href":"https:\/\/jinhuaceramic.com\/de\/wp-json\/wp\/v2\/media\/7768"}],"wp:attachment":[{"href":"https:\/\/jinhuaceramic.com\/de\/wp-json\/wp\/v2\/media?parent=7762"}],"wp:term":[{"taxonomy":"product_brand","embeddable":true,"href":"https:\/\/jinhuaceramic.com\/de\/wp-json\/wp\/v2\/product_brand?post=7762"},{"taxonomy":"product_cat","embeddable":true,"href":"https:\/\/jinhuaceramic.com\/de\/wp-json\/wp\/v2\/product_cat?post=7762"},{"taxonomy":"product_tag","embeddable":true,"href":"https:\/\/jinhuaceramic.com\/de\/wp-json\/wp\/v2\/product_tag?post=7762"}],"curies":[{"name":"wp","href":"https:\/\/api.w.org\/{rel}","templated":true}]}}