{"id":7782,"date":"2025-01-22T07:19:22","date_gmt":"2025-01-22T07:19:22","guid":{"rendered":"https:\/\/jinhuaceramic.com\/?post_type=product&#038;p=7782"},"modified":"2025-01-22T07:19:24","modified_gmt":"2025-01-22T07:19:24","slug":"customized-baking-pan","status":"publish","type":"product","link":"https:\/\/jinhuaceramic.com\/de\/product\/customized-baking-pan\/","title":{"rendered":"Antihaft-Backform nach Ma\u00df, Keramik-Backformen Gro\u00dfhandel"},"content":{"rendered":"<div class=\"wp-block-columns is-layout-flex wp-container-core-columns-is-layout-9d6595d7 wp-block-columns-is-layout-flex\">\n<div class=\"wp-block-column is-layout-flow wp-block-column-is-layout-flow\">\n<h3 class=\"wp-block-heading\">Hochwertige, individuell angefertigte Backform \u2013 Eigenschaften:<\/h3>\n\n\n\n<ul class=\"wp-block-list\">\n<li><strong>Rechteckige Form:<\/strong> Diese ma\u00dfgeschneiderte Backform hat eine rechteckige Form, ist praktischer und fasst mehr Zutaten. Au\u00dferdem l\u00e4sst sich diese Art von Backform leichter in den Ofen schieben, da sie den Platz im Ofen optimal ausnutzt und so die Effizienz beim Backen verbessert.<\/li>\n\n\n\n<li><strong>Klassische Farbanpassung: <\/strong>Diese Keramik-Backformen sind wei\u00df mit schwarzen R\u00e4ndern und Griffen, die einen starken Farbkontrast bilden und schlicht, aber stilvoll wirken. Diese Farbkombination f\u00fcgt sich leicht in verschiedene K\u00fcchenstile ein und unterstreicht die Sch\u00f6nheit der K\u00fcche.<\/li>\n\n\n\n<li><strong>Hochwertiges Material: <\/strong>Diese hochwertigen, ma\u00dfgeschneiderten Backformen aus Keramik weisen eine gute Hochtemperaturbest\u00e4ndigkeit auf. Sie k\u00f6nnen unter den hohen Temperaturen im Backofen verwendet werden und halten mehreren hundert Grad Celsius stand, ohne zu rei\u00dfen oder sich zu verformen.<\/li>\n\n\n\n<li><strong>Bequeme Griffe: <\/strong>Diese Keramik-Backformen f\u00fcr den Gro\u00dfhandel verf\u00fcgen \u00fcber Griffe an beiden Seiten, die die Arbeit erleichtern und gleichzeitig verhindern, dass Sie sich beim Tragen Ihrer Backformen die H\u00e4nde verbrennen \u2013 insbesondere, wenn diese gerade aus dem Ofen genommen wurden. Dies verbessert sowohl die Sicherheit bei der Verwendung als auch den Komfort.<\/li>\n<\/ul>\n<\/div>\n\n\n\n<div class=\"wp-block-column is-layout-flow wp-block-column-is-layout-flow\">\n<figure class=\"wp-block-image size-full\"><img fetchpriority=\"high\" decoding=\"async\" width=\"1600\" height=\"1600\" src=\"https:\/\/jinhuaceramic.com\/wp-content\/uploads\/2025\/01\/Rectangular-Nonstick-Custom-Baking-Dish-Ceramic-Professional-Bakeware-Supplies-2.webp\" alt=\"Antihaftbeschichtete, individuell angefertigte Backform, Keramik-Backformen Gro\u00dfhandel-1\" class=\"wp-image-7783\" srcset=\"https:\/\/jinhuaceramic.com\/wp-content\/uploads\/2025\/01\/Rectangular-Nonstick-Custom-Baking-Dish-Ceramic-Professional-Bakeware-Supplies-2.webp 1600w, https:\/\/jinhuaceramic.com\/wp-content\/uploads\/2025\/01\/Rectangular-Nonstick-Custom-Baking-Dish-Ceramic-Professional-Bakeware-Supplies-2-300x300.webp 300w, https:\/\/jinhuaceramic.com\/wp-content\/uploads\/2025\/01\/Rectangular-Nonstick-Custom-Baking-Dish-Ceramic-Professional-Bakeware-Supplies-2-150x150.webp 150w, https:\/\/jinhuaceramic.com\/wp-content\/uploads\/2025\/01\/Rectangular-Nonstick-Custom-Baking-Dish-Ceramic-Professional-Bakeware-Supplies-2-768x768.webp 768w, https:\/\/jinhuaceramic.com\/wp-content\/uploads\/2025\/01\/Rectangular-Nonstick-Custom-Baking-Dish-Ceramic-Professional-Bakeware-Supplies-2-12x12.webp 12w, https:\/\/jinhuaceramic.com\/wp-content\/uploads\/2025\/01\/Rectangular-Nonstick-Custom-Baking-Dish-Ceramic-Professional-Bakeware-Supplies-2-285x285.webp 285w, https:\/\/jinhuaceramic.com\/wp-content\/uploads\/2025\/01\/Rectangular-Nonstick-Custom-Baking-Dish-Ceramic-Professional-Bakeware-Supplies-2-270x270.webp 270w, https:\/\/jinhuaceramic.com\/wp-content\/uploads\/2025\/01\/Rectangular-Nonstick-Custom-Baking-Dish-Ceramic-Professional-Bakeware-Supplies-2-540x540.webp 540w, https:\/\/jinhuaceramic.com\/wp-content\/uploads\/2025\/01\/Rectangular-Nonstick-Custom-Baking-Dish-Ceramic-Professional-Bakeware-Supplies-2-660x660.webp 660w\" sizes=\"(max-width: 1600px) 100vw, 1600px\" \/><\/figure>\n<\/div>\n<\/div>","protected":false},"excerpt":{"rendered":"<p>Willkommen beim Gro\u00dfhandelskauf von Keramik-Backformen. Diese ma\u00dfgeschneiderte Backform zeichnet sich durch eine praktische rechteckige Form, eine klassische schwarz-wei\u00dfe Farbkombination, eine strapazierf\u00e4hige Keramikkonstruktion und praktische Griffe aus, wodurch sie zu einem unverzichtbaren Bestandteil in jeder K\u00fcche wird. Diese Backformen verbinden \u00c4sthetik und Funktionalit\u00e4t und sind eine ausgezeichnete Wahl f\u00fcr alle, die Wert auf Lebensqualit\u00e4t legen.<\/p>","protected":false},"featured_media":7784,"comment_status":"closed","ping_status":"closed","template":"","meta":{"_acf_changed":false},"product_brand":[],"product_cat":[53],"product_tag":[71],"class_list":{"0":"post-7782","1":"product","2":"type-product","3":"status-publish","4":"has-post-thumbnail","6":"product_cat-bakeware-in-bulk","7":"product_tag-wholesale-baking-pans","9":"first","10":"instock","11":"shipping-taxable","12":"product-type-simple"},"acf":[],"_links":{"self":[{"href":"https:\/\/jinhuaceramic.com\/de\/wp-json\/wp\/v2\/product\/7782","targetHints":{"allow":["GET"]}}],"collection":[{"href":"https:\/\/jinhuaceramic.com\/de\/wp-json\/wp\/v2\/product"}],"about":[{"href":"https:\/\/jinhuaceramic.com\/de\/wp-json\/wp\/v2\/types\/product"}],"replies":[{"embeddable":true,"href":"https:\/\/jinhuaceramic.com\/de\/wp-json\/wp\/v2\/comments?post=7782"}],"version-history":[{"count":0,"href":"https:\/\/jinhuaceramic.com\/de\/wp-json\/wp\/v2\/product\/7782\/revisions"}],"wp:featuredmedia":[{"embeddable":true,"href":"https:\/\/jinhuaceramic.com\/de\/wp-json\/wp\/v2\/media\/7784"}],"wp:attachment":[{"href":"https:\/\/jinhuaceramic.com\/de\/wp-json\/wp\/v2\/media?parent=7782"}],"wp:term":[{"taxonomy":"product_brand","embeddable":true,"href":"https:\/\/jinhuaceramic.com\/de\/wp-json\/wp\/v2\/product_brand?post=7782"},{"taxonomy":"product_cat","embeddable":true,"href":"https:\/\/jinhuaceramic.com\/de\/wp-json\/wp\/v2\/product_cat?post=7782"},{"taxonomy":"product_tag","embeddable":true,"href":"https:\/\/jinhuaceramic.com\/de\/wp-json\/wp\/v2\/product_tag?post=7782"}],"curies":[{"name":"wp","href":"https:\/\/api.w.org\/{rel}","templated":true}]}}