{"id":7796,"date":"2025-01-24T07:08:17","date_gmt":"2025-01-24T07:08:17","guid":{"rendered":"https:\/\/jinhuaceramic.com\/?post_type=product&#038;p=7796"},"modified":"2025-01-24T07:08:43","modified_gmt":"2025-01-24T07:08:43","slug":"restaurant-crockery-wholesale","status":"publish","type":"product","link":"https:\/\/jinhuaceramic.com\/de\/product\/restaurant-crockery-wholesale\/","title":{"rendered":"Tan Restaurant Geschirr Gro\u00dfhandel, keramische benutzerdefinierte Teller und Schalen"},"content":{"rendered":"<div class=\"wp-block-columns is-layout-flex wp-container-core-columns-is-layout-9d6595d7 wp-block-columns-is-layout-flex\">\n<div class=\"wp-block-column is-layout-flow wp-block-column-is-layout-flow\">\n<h3 class=\"wp-block-heading\">Premium-Restaurant-Geschirr Gro\u00dfhandel Merkmale:<\/h3>\n\n\n\n<ul class=\"wp-block-list\">\n<li><strong>Elegantes Design:<\/strong> Dieses Restaurantgeschirr im Gro\u00dfhandel ist eine nat\u00fcrliche und rustikale Kombination aus Beige und Hellbraun. Die hellbraunen R\u00e4nder geben ein warmes und Retro-Gef\u00fchl, w\u00e4hrend die beigen Teile sauber und erfrischend wirken, was die Farbe der Speisen gut zur Geltung bringen kann und f\u00fcr eine Vielzahl von Essensszenen geeignet ist.<\/li>\n\n\n\n<li><strong>Hochwertige glasierte Textur: <\/strong>Die Glasur auf diesen gro\u00dfen Tellern und Schalen ist glatt und gl\u00e4nzend und wirkt edel und hochwertig, mit leichten Farbverl\u00e4ufen und Flecken auf der Glasur, die Textur und Einzigartigkeit verleihen.<\/li>\n\n\n\n<li><strong>Hochwertiges keramisches Material: <\/strong>Hergestellt aus hochwertigem gebranntem Keramikmaterial, ungiftig und unbedenklich. Best\u00e4ndig gegen hohe Temperaturen, kann unser Restaurant Geschirr Gro\u00dfhandel in der Mikrowelle oder im Ofen verwendet werden.<\/li>\n\n\n\n<li><strong>Starke Praktikabilit\u00e4t: <\/strong>Diese gro\u00dfen Teller und Sch\u00fcsseln umfassen zwei Gr\u00f6\u00dfen von Tellern und Sch\u00fcsseln, um den Bed\u00fcrfnissen der Aufbewahrung verschiedener Lebensmittel gerecht zu werden. Ob es sich um Grundnahrungsmittel, Gerichte oder Suppen handelt, es gibt das passende Geschirr.<\/li>\n<\/ul>\n<\/div>\n\n\n\n<div class=\"wp-block-column is-layout-flow wp-block-column-is-layout-flow\">\n<figure class=\"wp-block-image size-full\"><img fetchpriority=\"high\" decoding=\"async\" width=\"1500\" height=\"1500\" src=\"https:\/\/jinhuaceramic.com\/wp-content\/uploads\/2025\/01\/Tan-Wholesale-Tableware-Set-Ceramic-Custom-Dinnerware-Set-Service-For-8-4.webp\" alt=\"Tan Restaurant Geschirr Gro\u00dfhandel, benutzerdefinierte Teller und Schalen-1\" class=\"wp-image-7799\" srcset=\"https:\/\/jinhuaceramic.com\/wp-content\/uploads\/2025\/01\/Tan-Wholesale-Tableware-Set-Ceramic-Custom-Dinnerware-Set-Service-For-8-4.webp 1500w, https:\/\/jinhuaceramic.com\/wp-content\/uploads\/2025\/01\/Tan-Wholesale-Tableware-Set-Ceramic-Custom-Dinnerware-Set-Service-For-8-4-300x300.webp 300w, https:\/\/jinhuaceramic.com\/wp-content\/uploads\/2025\/01\/Tan-Wholesale-Tableware-Set-Ceramic-Custom-Dinnerware-Set-Service-For-8-4-150x150.webp 150w, https:\/\/jinhuaceramic.com\/wp-content\/uploads\/2025\/01\/Tan-Wholesale-Tableware-Set-Ceramic-Custom-Dinnerware-Set-Service-For-8-4-768x768.webp 768w, https:\/\/jinhuaceramic.com\/wp-content\/uploads\/2025\/01\/Tan-Wholesale-Tableware-Set-Ceramic-Custom-Dinnerware-Set-Service-For-8-4-12x12.webp 12w, https:\/\/jinhuaceramic.com\/wp-content\/uploads\/2025\/01\/Tan-Wholesale-Tableware-Set-Ceramic-Custom-Dinnerware-Set-Service-For-8-4-285x285.webp 285w, https:\/\/jinhuaceramic.com\/wp-content\/uploads\/2025\/01\/Tan-Wholesale-Tableware-Set-Ceramic-Custom-Dinnerware-Set-Service-For-8-4-270x270.webp 270w, https:\/\/jinhuaceramic.com\/wp-content\/uploads\/2025\/01\/Tan-Wholesale-Tableware-Set-Ceramic-Custom-Dinnerware-Set-Service-For-8-4-540x540.webp 540w, https:\/\/jinhuaceramic.com\/wp-content\/uploads\/2025\/01\/Tan-Wholesale-Tableware-Set-Ceramic-Custom-Dinnerware-Set-Service-For-8-4-660x660.webp 660w\" sizes=\"(max-width: 1500px) 100vw, 1500px\" \/><\/figure>\n<\/div>\n<\/div>\n\n\n\n<p><\/p>","protected":false},"excerpt":{"rendered":"<p>Willkommen zum Kauf gro\u00dfer Mengen von Tellern und Sch\u00fcsseln. Diese tan Restaurant Geschirr Gro\u00dfhandel sind harmonisch mit off-white und tan abgestimmt, und die glatte Glasur zeigt exquisiten und hohe Qualit\u00e4t. Die gesunde, sichere und hochtemperaturbest\u00e4ndige Materialien erf\u00fcllen die Bed\u00fcrfnisse des t\u00e4glichen Gebrauchs, und die verschiedenen Gr\u00f6\u00dfen erf\u00fcllen die Bed\u00fcrfnisse der verschiedenen Lebensmittel dienen, die sowohl praktisch und sch\u00f6n sind.<\/p>","protected":false},"featured_media":7800,"comment_status":"closed","ping_status":"closed","template":"","meta":{"_acf_changed":false},"product_brand":[],"product_cat":[83,54],"product_tag":[],"class_list":{"0":"post-7796","1":"product","2":"type-product","3":"status-publish","4":"has-post-thumbnail","6":"product_cat-wholesale-dinnerware-sets","7":"product_cat-tableware-wholesale","9":"first","10":"instock","11":"shipping-taxable","12":"product-type-simple"},"acf":[],"_links":{"self":[{"href":"https:\/\/jinhuaceramic.com\/de\/wp-json\/wp\/v2\/product\/7796","targetHints":{"allow":["GET"]}}],"collection":[{"href":"https:\/\/jinhuaceramic.com\/de\/wp-json\/wp\/v2\/product"}],"about":[{"href":"https:\/\/jinhuaceramic.com\/de\/wp-json\/wp\/v2\/types\/product"}],"replies":[{"embeddable":true,"href":"https:\/\/jinhuaceramic.com\/de\/wp-json\/wp\/v2\/comments?post=7796"}],"version-history":[{"count":0,"href":"https:\/\/jinhuaceramic.com\/de\/wp-json\/wp\/v2\/product\/7796\/revisions"}],"wp:featuredmedia":[{"embeddable":true,"href":"https:\/\/jinhuaceramic.com\/de\/wp-json\/wp\/v2\/media\/7800"}],"wp:attachment":[{"href":"https:\/\/jinhuaceramic.com\/de\/wp-json\/wp\/v2\/media?parent=7796"}],"wp:term":[{"taxonomy":"product_brand","embeddable":true,"href":"https:\/\/jinhuaceramic.com\/de\/wp-json\/wp\/v2\/product_brand?post=7796"},{"taxonomy":"product_cat","embeddable":true,"href":"https:\/\/jinhuaceramic.com\/de\/wp-json\/wp\/v2\/product_cat?post=7796"},{"taxonomy":"product_tag","embeddable":true,"href":"https:\/\/jinhuaceramic.com\/de\/wp-json\/wp\/v2\/product_tag?post=7796"}],"curies":[{"name":"wp","href":"https:\/\/api.w.org\/{rel}","templated":true}]}}