{"id":7805,"date":"2025-01-24T07:00:45","date_gmt":"2025-01-24T07:00:45","guid":{"rendered":"https:\/\/jinhuaceramic.com\/?post_type=product&#038;p=7805"},"modified":"2025-01-24T07:00:46","modified_gmt":"2025-01-24T07:00:46","slug":"wholesale-bathroom-set","status":"publish","type":"product","link":"https:\/\/jinhuaceramic.com\/de\/product\/wholesale-bathroom-set\/","title":{"rendered":"Vogelk\u00e4fig Design Gro\u00dfhandel Badezimmer Sets, Keramik Bad-Accessoires"},"content":{"rendered":"<div class=\"wp-block-columns is-layout-flex wp-container-core-columns-is-layout-9d6595d7 wp-block-columns-is-layout-flex\">\n<div class=\"wp-block-column is-layout-flow wp-block-column-is-layout-flow\">\n<h3 class=\"wp-block-heading\">Premium-Gro\u00dfhandels-Badezimmer-Sets Merkmale:<\/h3>\n\n\n\n<ul class=\"wp-block-list\">\n<li><strong>Vogelk\u00e4fig-Design:<\/strong> Gro\u00dfhandels-Badezimmersets in Form eines Vogelk\u00e4figs haben zarte Pr\u00e4gemuster auf der Oberfl\u00e4che, die ebenso realistisch und lebendig wirken. Solche Designs k\u00f6nnen dem Badezimmer viel k\u00fcnstlerischen und dekorativen Geschmack verleihen und Ihren Stil hervorragend zur Geltung bringen.<\/li>\n\n\n\n<li><strong>Langlebigkeit: <\/strong>Diese Keramik-Badaccessoires werden aus hochwertigen Keramikmaterialien hergestellt. Daher sind sie stabil, langlebig, verschlei\u00df- und korrosionsbest\u00e4ndig, k\u00f6nnen durch Reinigungsmittel und andere Substanzen im t\u00e4glichen Gebrauch nicht leicht besch\u00e4digt werden und haben eine lange Lebensdauer.<\/li>\n\n\n\n<li><strong>Praktikabilit\u00e4t: <\/strong>Diese Bad-Sets im Vogelk\u00e4fig-Design umfassen einen Fl\u00fcssigseifenspender, einen Zahnb\u00fcrstenhalter und eine Seifenschale, die den Platzierungsanforderungen f\u00fcr die t\u00e4glichen Toilettenartikel im Badezimmer gerecht werden. Sie sind voll funktionsf\u00e4hig und einfach zu bedienen.<\/li>\n\n\n\n<li><strong>Wiederverwendbar und leicht zu reinigen: <\/strong>Diese Keramik-Badaccessoires haben eine glatte Oberfl\u00e4che, sind schmutzabweisend, wasserabweisend und leicht zu reinigen. Wischen Sie sie einfach mit einem feuchten Tuch ab, um sie sauber zu halten. Sie k\u00f6nnen nach dem Waschen wiederverwendet werden, um den Verbrauch von Einweg-Plastikflaschen zu reduzieren und umweltfreundlicher zu sein.<\/li>\n<\/ul>\n<\/div>\n\n\n\n<div class=\"wp-block-column is-layout-flow wp-block-column-is-layout-flow\">\n<figure class=\"wp-block-image size-full\"><img fetchpriority=\"high\" decoding=\"async\" width=\"1600\" height=\"1600\" src=\"https:\/\/jinhuaceramic.com\/wp-content\/uploads\/2025\/01\/Birdcage-Design-Wholesale-Bathroom-Sets-Custom-Made-Bathroom-Accessories-2.webp\" alt=\"Vogelk\u00e4fig-Design Gro\u00dfhandel Badezimmer-Sets, Keramik-Badaccessoires-1\" class=\"wp-image-7806\" srcset=\"https:\/\/jinhuaceramic.com\/wp-content\/uploads\/2025\/01\/Birdcage-Design-Wholesale-Bathroom-Sets-Custom-Made-Bathroom-Accessories-2.webp 1600w, https:\/\/jinhuaceramic.com\/wp-content\/uploads\/2025\/01\/Birdcage-Design-Wholesale-Bathroom-Sets-Custom-Made-Bathroom-Accessories-2-300x300.webp 300w, https:\/\/jinhuaceramic.com\/wp-content\/uploads\/2025\/01\/Birdcage-Design-Wholesale-Bathroom-Sets-Custom-Made-Bathroom-Accessories-2-150x150.webp 150w, https:\/\/jinhuaceramic.com\/wp-content\/uploads\/2025\/01\/Birdcage-Design-Wholesale-Bathroom-Sets-Custom-Made-Bathroom-Accessories-2-768x768.webp 768w, https:\/\/jinhuaceramic.com\/wp-content\/uploads\/2025\/01\/Birdcage-Design-Wholesale-Bathroom-Sets-Custom-Made-Bathroom-Accessories-2-12x12.webp 12w, https:\/\/jinhuaceramic.com\/wp-content\/uploads\/2025\/01\/Birdcage-Design-Wholesale-Bathroom-Sets-Custom-Made-Bathroom-Accessories-2-285x285.webp 285w, https:\/\/jinhuaceramic.com\/wp-content\/uploads\/2025\/01\/Birdcage-Design-Wholesale-Bathroom-Sets-Custom-Made-Bathroom-Accessories-2-270x270.webp 270w, https:\/\/jinhuaceramic.com\/wp-content\/uploads\/2025\/01\/Birdcage-Design-Wholesale-Bathroom-Sets-Custom-Made-Bathroom-Accessories-2-540x540.webp 540w, https:\/\/jinhuaceramic.com\/wp-content\/uploads\/2025\/01\/Birdcage-Design-Wholesale-Bathroom-Sets-Custom-Made-Bathroom-Accessories-2-660x660.webp 660w\" sizes=\"(max-width: 1600px) 100vw, 1600px\" \/><\/figure>\n<\/div>\n<\/div>","protected":false},"excerpt":{"rendered":"<p>Willkommen beim Kauf von Bad-Sets im Gro\u00dfhandel. Diese Keramik-Badaccessoires im Gro\u00dfhandel zeichnen sich durch ein einzigartiges und elegantes Vogelk\u00e4fig-Design aus, das den Gesamtstil Ihres Badezimmers aufwerten kann. Gleichzeitig ist das Keramikmaterial langlebig und leicht zu reinigen und verbindet Sch\u00f6nheit mit Funktionalit\u00e4t, was diese Bad-Sets zu einem Muss f\u00fcr alle macht, die Wert auf Lebensqualit\u00e4t legen.<\/p>","protected":false},"featured_media":7814,"comment_status":"closed","ping_status":"closed","template":"","meta":{"_acf_changed":false},"product_brand":[],"product_cat":[51],"product_tag":[74],"class_list":{"0":"post-7805","1":"product","2":"type-product","3":"status-publish","4":"has-post-thumbnail","6":"product_cat-bathroom-accessories-wholesale","7":"product_tag-ceramic-bath-accessories-wholesale","9":"first","10":"instock","11":"shipping-taxable","12":"product-type-simple"},"acf":[],"_links":{"self":[{"href":"https:\/\/jinhuaceramic.com\/de\/wp-json\/wp\/v2\/product\/7805","targetHints":{"allow":["GET"]}}],"collection":[{"href":"https:\/\/jinhuaceramic.com\/de\/wp-json\/wp\/v2\/product"}],"about":[{"href":"https:\/\/jinhuaceramic.com\/de\/wp-json\/wp\/v2\/types\/product"}],"replies":[{"embeddable":true,"href":"https:\/\/jinhuaceramic.com\/de\/wp-json\/wp\/v2\/comments?post=7805"}],"version-history":[{"count":0,"href":"https:\/\/jinhuaceramic.com\/de\/wp-json\/wp\/v2\/product\/7805\/revisions"}],"wp:featuredmedia":[{"embeddable":true,"href":"https:\/\/jinhuaceramic.com\/de\/wp-json\/wp\/v2\/media\/7814"}],"wp:attachment":[{"href":"https:\/\/jinhuaceramic.com\/de\/wp-json\/wp\/v2\/media?parent=7805"}],"wp:term":[{"taxonomy":"product_brand","embeddable":true,"href":"https:\/\/jinhuaceramic.com\/de\/wp-json\/wp\/v2\/product_brand?post=7805"},{"taxonomy":"product_cat","embeddable":true,"href":"https:\/\/jinhuaceramic.com\/de\/wp-json\/wp\/v2\/product_cat?post=7805"},{"taxonomy":"product_tag","embeddable":true,"href":"https:\/\/jinhuaceramic.com\/de\/wp-json\/wp\/v2\/product_tag?post=7805"}],"curies":[{"name":"wp","href":"https:\/\/api.w.org\/{rel}","templated":true}]}}