{"id":7821,"date":"2025-01-24T06:51:32","date_gmt":"2025-01-24T06:51:32","guid":{"rendered":"https:\/\/jinhuaceramic.com\/?post_type=product&#038;p=7821"},"modified":"2025-01-24T06:51:34","modified_gmt":"2025-01-24T06:51:34","slug":"ceramic-bakeware-wholesale","status":"publish","type":"product","link":"https:\/\/jinhuaceramic.com\/de\/product\/ceramic-bakeware-wholesale\/","title":{"rendered":"Antihaft-Keramik-Backformen Gro\u00dfhandel, individuelle Backformen"},"content":{"rendered":"<div class=\"wp-block-columns is-layout-flex wp-container-core-columns-is-layout-9d6595d7 wp-block-columns-is-layout-flex\">\n<div class=\"wp-block-column is-layout-flow wp-block-column-is-layout-flow\">\n<h3 class=\"wp-block-heading\">Hochwertige Keramik-Backformen im Gro\u00dfhandel \u2013 Eigenschaften:<\/h3>\n\n\n\n<ul class=\"wp-block-list\">\n<li><strong>Elegantes Design: <\/strong>Diese Keramik-Backformen sind reinwei\u00df, vielseitig einsetzbar und passen zu jedem K\u00fcchenstil. Sie sind schlicht und dennoch elegant. Die wellenf\u00f6rmigen R\u00e4nder brechen mit den herk\u00f6mmlichen geraden Linien oder einfachen Kurven, wodurch sie k\u00fcnstlerischer und einzigartiger wirken und dem Esstisch eine besondere Note verleihen.<\/li>\n\n\n\n<li><strong>Hochwertiges keramisches Material:<\/strong> Diese ma\u00dfgefertigten Backformen bestehen aus hochwertigem Keramikmaterial mit guter W\u00e4rmeleitf\u00e4higkeit, das die W\u00e4rme gleichm\u00e4\u00dfig verteilt und dazu beitr\u00e4gt, dass die Speisen gleichm\u00e4\u00dfig garen, sodass keine verbrannten oder ungaren Stellen entstehen.<\/li>\n\n\n\n<li><strong>Verschiedene Gr\u00f6\u00dfen: <\/strong>Diese ma\u00dfgefertigten Backformen aus Keramik enthalten 3 Backformen in verschiedenen Gr\u00f6\u00dfen, die sich f\u00fcr Backanl\u00e4sse mit unterschiedlichen Mengenanforderungen eignen, z. B. f\u00fcr Einzelportionen, t\u00e4gliche Familienfeiern und Partys mit mehreren Personen.<\/li>\n\n\n\n<li><strong>Bequeme Griffe:<\/strong> Diese Keramik-Backformen f\u00fcr den Gro\u00dfhandel sind auf beiden Seiten mit doppelten Henkeln ausgestattet, die nicht nur das Halten erleichtern und Verbrennungen verhindern, sondern auch optisch eine symmetrische Sch\u00f6nheit bilden und so die Gesamtkoordination und Praktikabilit\u00e4t der Backform verbessern.<\/li>\n<\/ul>\n<\/div>\n\n\n\n<div class=\"wp-block-column is-layout-flow wp-block-column-is-layout-flow\">\n<figure class=\"wp-block-image size-full\"><img fetchpriority=\"high\" decoding=\"async\" width=\"1001\" height=\"1001\" src=\"https:\/\/jinhuaceramic.com\/wp-content\/uploads\/2025\/01\/Non-Stick-Custom-Bakeware-Set-Ceramic-Wholesale-Baking-Pans-Dishes.webp\" alt=\"Antihaft-Keramik-Backformen Gro\u00dfhandel, ma\u00dfgefertigte Backform-1\" class=\"wp-image-7827\" srcset=\"https:\/\/jinhuaceramic.com\/wp-content\/uploads\/2025\/01\/Non-Stick-Custom-Bakeware-Set-Ceramic-Wholesale-Baking-Pans-Dishes.webp 1001w, https:\/\/jinhuaceramic.com\/wp-content\/uploads\/2025\/01\/Non-Stick-Custom-Bakeware-Set-Ceramic-Wholesale-Baking-Pans-Dishes-300x300.webp 300w, https:\/\/jinhuaceramic.com\/wp-content\/uploads\/2025\/01\/Non-Stick-Custom-Bakeware-Set-Ceramic-Wholesale-Baking-Pans-Dishes-150x150.webp 150w, https:\/\/jinhuaceramic.com\/wp-content\/uploads\/2025\/01\/Non-Stick-Custom-Bakeware-Set-Ceramic-Wholesale-Baking-Pans-Dishes-768x768.webp 768w, https:\/\/jinhuaceramic.com\/wp-content\/uploads\/2025\/01\/Non-Stick-Custom-Bakeware-Set-Ceramic-Wholesale-Baking-Pans-Dishes-12x12.webp 12w, https:\/\/jinhuaceramic.com\/wp-content\/uploads\/2025\/01\/Non-Stick-Custom-Bakeware-Set-Ceramic-Wholesale-Baking-Pans-Dishes-285x285.webp 285w, https:\/\/jinhuaceramic.com\/wp-content\/uploads\/2025\/01\/Non-Stick-Custom-Bakeware-Set-Ceramic-Wholesale-Baking-Pans-Dishes-270x270.webp 270w, https:\/\/jinhuaceramic.com\/wp-content\/uploads\/2025\/01\/Non-Stick-Custom-Bakeware-Set-Ceramic-Wholesale-Baking-Pans-Dishes-540x540.webp 540w, https:\/\/jinhuaceramic.com\/wp-content\/uploads\/2025\/01\/Non-Stick-Custom-Bakeware-Set-Ceramic-Wholesale-Baking-Pans-Dishes-660x660.webp 660w\" sizes=\"(max-width: 1001px) 100vw, 1001px\" \/><\/figure>\n<\/div>\n<\/div>\n\n\n\n<p><\/p>","protected":false},"excerpt":{"rendered":"<p>Willkommen beim Gro\u00dfhandelskauf von Backformen aus Keramik. Diese wei\u00dfen Backformen nach Ma\u00df zeichnen sich durch einen einzigartigen gewellten Rand aus, der ihnen ein elegantes und vielseitiges Aussehen verleiht und Ihr Esserlebnis bereichert. Das strapazierf\u00e4hige Keramikmaterial und die praktischen Griffe machen diese Backformen in verschiedenen Gr\u00f6\u00dfen nicht nur sch\u00f6n, sondern auch praktisch.<\/p>","protected":false},"featured_media":7824,"comment_status":"closed","ping_status":"closed","template":"","meta":{"_acf_changed":false},"product_brand":[],"product_cat":[53],"product_tag":[71],"class_list":{"0":"post-7821","1":"product","2":"type-product","3":"status-publish","4":"has-post-thumbnail","6":"product_cat-bakeware-in-bulk","7":"product_tag-wholesale-baking-pans","9":"first","10":"instock","11":"shipping-taxable","12":"product-type-simple"},"acf":[],"_links":{"self":[{"href":"https:\/\/jinhuaceramic.com\/de\/wp-json\/wp\/v2\/product\/7821","targetHints":{"allow":["GET"]}}],"collection":[{"href":"https:\/\/jinhuaceramic.com\/de\/wp-json\/wp\/v2\/product"}],"about":[{"href":"https:\/\/jinhuaceramic.com\/de\/wp-json\/wp\/v2\/types\/product"}],"replies":[{"embeddable":true,"href":"https:\/\/jinhuaceramic.com\/de\/wp-json\/wp\/v2\/comments?post=7821"}],"version-history":[{"count":0,"href":"https:\/\/jinhuaceramic.com\/de\/wp-json\/wp\/v2\/product\/7821\/revisions"}],"wp:featuredmedia":[{"embeddable":true,"href":"https:\/\/jinhuaceramic.com\/de\/wp-json\/wp\/v2\/media\/7824"}],"wp:attachment":[{"href":"https:\/\/jinhuaceramic.com\/de\/wp-json\/wp\/v2\/media?parent=7821"}],"wp:term":[{"taxonomy":"product_brand","embeddable":true,"href":"https:\/\/jinhuaceramic.com\/de\/wp-json\/wp\/v2\/product_brand?post=7821"},{"taxonomy":"product_cat","embeddable":true,"href":"https:\/\/jinhuaceramic.com\/de\/wp-json\/wp\/v2\/product_cat?post=7821"},{"taxonomy":"product_tag","embeddable":true,"href":"https:\/\/jinhuaceramic.com\/de\/wp-json\/wp\/v2\/product_tag?post=7821"}],"curies":[{"name":"wp","href":"https:\/\/api.w.org\/{rel}","templated":true}]}}