{"id":7842,"date":"2025-02-08T07:02:15","date_gmt":"2025-02-08T07:02:15","guid":{"rendered":"https:\/\/jinhuaceramic.com\/?post_type=product&#038;p=7842"},"modified":"2025-03-21T01:28:33","modified_gmt":"2025-03-21T01:28:33","slug":"white-crockery-wholesale","status":"publish","type":"product","link":"https:\/\/jinhuaceramic.com\/de\/product\/white-crockery-wholesale\/","title":{"rendered":"Wei\u00dfes Geschirr Gro\u00dfhandel, Restaurant Versorgung Essgeschirr Sets"},"content":{"rendered":"<div class=\"wp-block-columns is-layout-flex wp-container-core-columns-is-layout-9d6595d7 wp-block-columns-is-layout-flex\">\n<div class=\"wp-block-column is-layout-flow wp-block-column-is-layout-flow\">\n<h3 class=\"wp-block-heading\">Premium White Geschirr Gro\u00dfhandel Merkmale:<\/h3>\n\n\n\n<ul class=\"wp-block-list\">\n<li><strong>Elegantes Design: <\/strong>Der obere Teil dieses wei\u00dfen Geschirrs im Gro\u00dfhandel ist wei\u00df, einfach und elegant; der untere Teil nimmt Holzmaserungst\u00f6ne an und f\u00fcgt nat\u00fcrliche Textur hinzu. Das Gesamtdesign ist modern und warm, geeignet f\u00fcr eine Vielzahl von Wohnstilen.<\/li>\n\n\n\n<li><strong>Praktikabilit\u00e4t: <\/strong>Diese Restaurantgeschirr-Sets in verschiedenen Gr\u00f6\u00dfen eignen sich f\u00fcr eine Vielzahl von Essenssituationen, vom Fr\u00fchst\u00fcck bis zum Abendessen. Diese Gro\u00dfhandel Geschirr in verschiedenen Gr\u00f6\u00dfen sind geeignet f\u00fcr alle Arten von Lebensmitteln zu halten, die Verbesserung der Ritual und Praktikabilit\u00e4t des Essens.<\/li>\n\n\n\n<li><strong>Langlebiges Material: <\/strong>Unser wei\u00dfes Geschirr im Gro\u00dfhandel ist aus hochwertigem Keramikmaterial hergestellt, das solide und langlebig ist. Es ist leicht zu reinigen und f\u00fcr den t\u00e4glichen Gebrauch geeignet. Unser Gro\u00dfhandels-Keramikgeschirr widersteht hohen Temperaturen und ist f\u00fcr Mikrowellen, \u00d6fen und Fritteusen geeignet.<\/li>\n\n\n\n<li><strong>Gro\u00dfhandel &amp; Personalisierung: <\/strong>Unsere Geschirrsets f\u00fcr die Gastronomie kommen H\u00e4ndlern entgegen, die Gro\u00dfeink\u00e4ufe t\u00e4tigen. Dar\u00fcber hinaus bieten wir personalisierte Anpassungsdienste an, die es den Kunden erm\u00f6glichen, Farben, Gr\u00f6\u00dfen, Muster usw. anzupassen.<\/li>\n<\/ul>\n<\/div>\n\n\n\n<div class=\"wp-block-column is-layout-flow wp-block-column-is-layout-flow\">\n<figure class=\"wp-block-image size-full\"><img fetchpriority=\"high\" decoding=\"async\" width=\"1500\" height=\"1500\" src=\"https:\/\/jinhuaceramic.com\/wp-content\/uploads\/2025\/02\/Ceramic-Custom-Tableware-Set-Wholesale-Dinnerware-For-Dinner-Services-2.webp\" alt=\"Wei\u00dfes Geschirr Gro\u00dfhandel, Restaurant Versorgung Geschirr-Sets-1\" class=\"wp-image-7843\" srcset=\"https:\/\/jinhuaceramic.com\/wp-content\/uploads\/2025\/02\/Ceramic-Custom-Tableware-Set-Wholesale-Dinnerware-For-Dinner-Services-2.webp 1500w, https:\/\/jinhuaceramic.com\/wp-content\/uploads\/2025\/02\/Ceramic-Custom-Tableware-Set-Wholesale-Dinnerware-For-Dinner-Services-2-300x300.webp 300w, https:\/\/jinhuaceramic.com\/wp-content\/uploads\/2025\/02\/Ceramic-Custom-Tableware-Set-Wholesale-Dinnerware-For-Dinner-Services-2-150x150.webp 150w, https:\/\/jinhuaceramic.com\/wp-content\/uploads\/2025\/02\/Ceramic-Custom-Tableware-Set-Wholesale-Dinnerware-For-Dinner-Services-2-768x768.webp 768w, https:\/\/jinhuaceramic.com\/wp-content\/uploads\/2025\/02\/Ceramic-Custom-Tableware-Set-Wholesale-Dinnerware-For-Dinner-Services-2-12x12.webp 12w, https:\/\/jinhuaceramic.com\/wp-content\/uploads\/2025\/02\/Ceramic-Custom-Tableware-Set-Wholesale-Dinnerware-For-Dinner-Services-2-285x285.webp 285w, https:\/\/jinhuaceramic.com\/wp-content\/uploads\/2025\/02\/Ceramic-Custom-Tableware-Set-Wholesale-Dinnerware-For-Dinner-Services-2-270x270.webp 270w, https:\/\/jinhuaceramic.com\/wp-content\/uploads\/2025\/02\/Ceramic-Custom-Tableware-Set-Wholesale-Dinnerware-For-Dinner-Services-2-540x540.webp 540w, https:\/\/jinhuaceramic.com\/wp-content\/uploads\/2025\/02\/Ceramic-Custom-Tableware-Set-Wholesale-Dinnerware-For-Dinner-Services-2-660x660.webp 660w\" sizes=\"(max-width: 1500px) 100vw, 1500px\" \/><\/figure>\n<\/div>\n<\/div>","protected":false},"excerpt":{"rendered":"<p>Willkommen im Restaurant Versorgung Geschirr-Sets zu kaufen. Unser wei\u00dfes Geschirr im Gro\u00dfhandel hat ein elegantes zweifarbiges Design, das dem Tisch visuelle Tiefe verleiht und die Essatmosph\u00e4re verbessert. Die einzigartige Holzmaserung Ton vermittelt eine nat\u00fcrliche Atmosph\u00e4re, geeignet f\u00fcr Benutzer, die einen nat\u00fcrlichen Stil zu verfolgen.<\/p>","protected":false},"featured_media":7844,"comment_status":"closed","ping_status":"closed","template":"","meta":{"_acf_changed":false},"product_brand":[],"product_cat":[83,54],"product_tag":[],"class_list":{"0":"post-7842","1":"product","2":"type-product","3":"status-publish","4":"has-post-thumbnail","6":"product_cat-wholesale-dinnerware-sets","7":"product_cat-tableware-wholesale","9":"first","10":"instock","11":"shipping-taxable","12":"product-type-simple"},"acf":[],"_links":{"self":[{"href":"https:\/\/jinhuaceramic.com\/de\/wp-json\/wp\/v2\/product\/7842","targetHints":{"allow":["GET"]}}],"collection":[{"href":"https:\/\/jinhuaceramic.com\/de\/wp-json\/wp\/v2\/product"}],"about":[{"href":"https:\/\/jinhuaceramic.com\/de\/wp-json\/wp\/v2\/types\/product"}],"replies":[{"embeddable":true,"href":"https:\/\/jinhuaceramic.com\/de\/wp-json\/wp\/v2\/comments?post=7842"}],"version-history":[{"count":0,"href":"https:\/\/jinhuaceramic.com\/de\/wp-json\/wp\/v2\/product\/7842\/revisions"}],"wp:featuredmedia":[{"embeddable":true,"href":"https:\/\/jinhuaceramic.com\/de\/wp-json\/wp\/v2\/media\/7844"}],"wp:attachment":[{"href":"https:\/\/jinhuaceramic.com\/de\/wp-json\/wp\/v2\/media?parent=7842"}],"wp:term":[{"taxonomy":"product_brand","embeddable":true,"href":"https:\/\/jinhuaceramic.com\/de\/wp-json\/wp\/v2\/product_brand?post=7842"},{"taxonomy":"product_cat","embeddable":true,"href":"https:\/\/jinhuaceramic.com\/de\/wp-json\/wp\/v2\/product_cat?post=7842"},{"taxonomy":"product_tag","embeddable":true,"href":"https:\/\/jinhuaceramic.com\/de\/wp-json\/wp\/v2\/product_tag?post=7842"}],"curies":[{"name":"wp","href":"https:\/\/api.w.org\/{rel}","templated":true}]}}