{"id":7862,"date":"2025-02-11T01:30:49","date_gmt":"2025-02-11T01:30:49","guid":{"rendered":"https:\/\/jinhuaceramic.com\/?post_type=product&#038;p=7862"},"modified":"2025-02-11T01:30:51","modified_gmt":"2025-02-11T01:30:51","slug":"bulk-plates-and-bowls","status":"publish","type":"product","link":"https:\/\/jinhuaceramic.com\/de\/product\/bulk-plates-and-bowls\/","title":{"rendered":"Luxuri\u00f6se, mattschwarze Teller und Sch\u00fcsseln, ma\u00dfgeschneidertes Geschirr"},"content":{"rendered":"<div class=\"wp-block-columns is-layout-flex wp-container-core-columns-is-layout-9d6595d7 wp-block-columns-is-layout-flex\">\n<div class=\"wp-block-column is-layout-flow wp-block-column-is-layout-flow\">\n<h3 class=\"wp-block-heading\">Premium Bulk-Teller und -Schalen Merkmale:<\/h3>\n\n\n\n<ul class=\"wp-block-list\">\n<li><strong>Retro-Stil:<\/strong> Diese gro\u00dfen Keramikteller und -schalen werden im Brennverfahren hergestellt, wodurch die Glasur des Porzellans eine einzigartige Textur erh\u00e4lt, die die Spuren der Jahre der Taufe zeigt und eine starke Retro-Atmosph\u00e4re schafft. Dieser Stil ist elegant und historisch zugleich und verleiht dem Esstisch einen einzigartigen Charme.<\/li>\n\n\n\n<li><strong>Einzigartige Farbkombination:<\/strong> Dieses ma\u00dfgeschneiderte Geschirr ist eine Kombination aus Dunkelgrau und Hellgrau. Die \u00e4u\u00dfere Oberfl\u00e4che in Dunkelgrau ist ruhig und gediegen, w\u00e4hrend die innere Oberfl\u00e4che in Hellgrau weich und zur\u00fcckhaltend ist. Die Kombination der beiden Farben ist sowohl vielschichtig als auch harmonisch.<\/li>\n\n\n\n<li><strong>Hochwertiges keramisches Material:<\/strong> Diese Sch\u00fcttgutplatten und -schalen aus hochwertigem Keramikmaterial werden bei hohen Temperaturen gebrannt, daher die H\u00e4rte, die verschlei\u00dffest ist und hohen Temperaturen standh\u00e4lt.<\/li>\n\n\n\n<li><strong>Vielf\u00e4ltige Kombinationen: <\/strong>Dieses ma\u00dfgeschneiderte Geschirr ist in verschiedenen Gr\u00f6\u00dfen und Formen erh\u00e4ltlich und kann je nach Bedarf frei kombiniert werden. Ob es sich um ein Familienessen oder einen Drink mit Freunden handelt, es l\u00e4sst sich leicht erf\u00fcllen.<\/li>\n<\/ul>\n<\/div>\n\n\n\n<div class=\"wp-block-column is-layout-flow wp-block-column-is-layout-flow\">\n<figure class=\"wp-block-image size-full\"><img fetchpriority=\"high\" decoding=\"async\" width=\"1500\" height=\"1500\" src=\"https:\/\/jinhuaceramic.com\/wp-content\/uploads\/2025\/02\/Gray-Wholesale-Tableware-Custom-Dinnerware-Services-Ceramic-Bowl-And-Plate-7.webp\" alt=\"Luxuri\u00f6se mattschwarze Teller und Sch\u00fcsseln, ma\u00dfgeschneidertes Geschirr-1\" class=\"wp-image-7868\" srcset=\"https:\/\/jinhuaceramic.com\/wp-content\/uploads\/2025\/02\/Gray-Wholesale-Tableware-Custom-Dinnerware-Services-Ceramic-Bowl-And-Plate-7.webp 1500w, https:\/\/jinhuaceramic.com\/wp-content\/uploads\/2025\/02\/Gray-Wholesale-Tableware-Custom-Dinnerware-Services-Ceramic-Bowl-And-Plate-7-300x300.webp 300w, https:\/\/jinhuaceramic.com\/wp-content\/uploads\/2025\/02\/Gray-Wholesale-Tableware-Custom-Dinnerware-Services-Ceramic-Bowl-And-Plate-7-150x150.webp 150w, https:\/\/jinhuaceramic.com\/wp-content\/uploads\/2025\/02\/Gray-Wholesale-Tableware-Custom-Dinnerware-Services-Ceramic-Bowl-And-Plate-7-768x768.webp 768w, https:\/\/jinhuaceramic.com\/wp-content\/uploads\/2025\/02\/Gray-Wholesale-Tableware-Custom-Dinnerware-Services-Ceramic-Bowl-And-Plate-7-12x12.webp 12w, https:\/\/jinhuaceramic.com\/wp-content\/uploads\/2025\/02\/Gray-Wholesale-Tableware-Custom-Dinnerware-Services-Ceramic-Bowl-And-Plate-7-285x285.webp 285w, https:\/\/jinhuaceramic.com\/wp-content\/uploads\/2025\/02\/Gray-Wholesale-Tableware-Custom-Dinnerware-Services-Ceramic-Bowl-And-Plate-7-270x270.webp 270w, https:\/\/jinhuaceramic.com\/wp-content\/uploads\/2025\/02\/Gray-Wholesale-Tableware-Custom-Dinnerware-Services-Ceramic-Bowl-And-Plate-7-540x540.webp 540w, https:\/\/jinhuaceramic.com\/wp-content\/uploads\/2025\/02\/Gray-Wholesale-Tableware-Custom-Dinnerware-Services-Ceramic-Bowl-And-Plate-7-660x660.webp 660w\" sizes=\"(max-width: 1500px) 100vw, 1500px\" \/><\/figure>\n<\/div>\n<\/div>\n\n\n\n<p><\/p>","protected":false},"excerpt":{"rendered":"<p>Willkommen zum Kauf von ma\u00dfgeschneidertem Geschirr. Diese gro\u00dfvolumigen Teller und Schalen kombinieren perfekt den Retro-Stil, einzigartige Farbabstimmung, hochwertige Keramikmaterialien und verschiedene Gr\u00f6\u00dfen, so dass sie nicht nur den t\u00e4glichen Essensbed\u00fcrfnissen entsprechen, sondern auch die Freude am Essen erh\u00f6hen. Es ist die beste Wahl f\u00fcr Menschen, die Wert auf Lebensqualit\u00e4t legen.<\/p>","protected":false},"featured_media":7863,"comment_status":"closed","ping_status":"closed","template":"","meta":{"_acf_changed":false},"product_brand":[],"product_cat":[83,54],"product_tag":[],"class_list":{"0":"post-7862","1":"product","2":"type-product","3":"status-publish","4":"has-post-thumbnail","6":"product_cat-wholesale-dinnerware-sets","7":"product_cat-tableware-wholesale","9":"first","10":"instock","11":"shipping-taxable","12":"product-type-simple"},"acf":[],"_links":{"self":[{"href":"https:\/\/jinhuaceramic.com\/de\/wp-json\/wp\/v2\/product\/7862","targetHints":{"allow":["GET"]}}],"collection":[{"href":"https:\/\/jinhuaceramic.com\/de\/wp-json\/wp\/v2\/product"}],"about":[{"href":"https:\/\/jinhuaceramic.com\/de\/wp-json\/wp\/v2\/types\/product"}],"replies":[{"embeddable":true,"href":"https:\/\/jinhuaceramic.com\/de\/wp-json\/wp\/v2\/comments?post=7862"}],"version-history":[{"count":0,"href":"https:\/\/jinhuaceramic.com\/de\/wp-json\/wp\/v2\/product\/7862\/revisions"}],"wp:featuredmedia":[{"embeddable":true,"href":"https:\/\/jinhuaceramic.com\/de\/wp-json\/wp\/v2\/media\/7863"}],"wp:attachment":[{"href":"https:\/\/jinhuaceramic.com\/de\/wp-json\/wp\/v2\/media?parent=7862"}],"wp:term":[{"taxonomy":"product_brand","embeddable":true,"href":"https:\/\/jinhuaceramic.com\/de\/wp-json\/wp\/v2\/product_brand?post=7862"},{"taxonomy":"product_cat","embeddable":true,"href":"https:\/\/jinhuaceramic.com\/de\/wp-json\/wp\/v2\/product_cat?post=7862"},{"taxonomy":"product_tag","embeddable":true,"href":"https:\/\/jinhuaceramic.com\/de\/wp-json\/wp\/v2\/product_tag?post=7862"}],"curies":[{"name":"wp","href":"https:\/\/api.w.org\/{rel}","templated":true}]}}