{"id":7894,"date":"2025-02-15T03:19:27","date_gmt":"2025-02-15T03:19:27","guid":{"rendered":"https:\/\/jinhuaceramic.com\/?post_type=product&#038;p=7894"},"modified":"2025-02-15T03:19:28","modified_gmt":"2025-02-15T03:19:28","slug":"custom-ceramic-plates","status":"publish","type":"product","link":"https:\/\/jinhuaceramic.com\/de\/product\/custom-ceramic-plates\/","title":{"rendered":"Hochwertige kundenspezifische Keramikplatten, wei\u00dfe Keramikplatten im Gro\u00dfhandel"},"content":{"rendered":"<div class=\"wp-block-columns is-layout-flex wp-container-core-columns-is-layout-9d6595d7 wp-block-columns-is-layout-flex\">\n<div class=\"wp-block-column is-layout-flow wp-block-column-is-layout-flow\">\n<h3 class=\"wp-block-heading\">Premium High-End Custom Ceramic Plates Merkmale:<\/h3>\n\n\n\n<ul class=\"wp-block-list\">\n<li><strong>Elegantes Design: <\/strong>Die Eleganz des Designs dieser wei\u00dfen Keramikteller f\u00fcr den Gro\u00dfhandel liegt in ihrer Schlichtheit. Die traditionelle runde Form wird durch ein originelles spiralf\u00f6rmiges Muster aufgewertet, das zusammen mit schwarzen Punkten auf der Glasur auf die Oberfl\u00e4che des Tellers ge\u00e4tzt wird. So heben sie die Langweiligkeit gew\u00f6hnlicher Essteller auf.<\/li>\n\n\n\n<li><strong>Verschiedene Farben:<\/strong> Diese individuellen Keramikteller sind in zahlreichen Farben erh\u00e4ltlich, die von warmem, schlichtem Beige bis zu klarem, nat\u00fcrlichem Blau reichen. Die Kunden haben die Freiheit, je nach ihren Vorlieben zu w\u00e4hlen und auszuw\u00e4hlen. Wir als Hersteller k\u00f6nnen je nach Bestellung auch andere Farben anbieten.<\/li>\n\n\n\n<li><strong>Hochwertiges keramisches Material:<\/strong> Diese kundenspezifischen Keramikplatten werden aus erstklassigem Keramikmaterial ohne Spuren von Blei oder Kadmium hergestellt, was die Platten sicher macht.<\/li>\n\n\n\n<li><strong>Starke Praktikabilit\u00e4t:<\/strong> Diese wei\u00dfen Keramikteller aus dem Gro\u00dfhandel sind \u00e4u\u00dferst praktisch, und die Schultergr\u00f6\u00dfe von 10,5 Zoll eignet sich f\u00fcr verschiedene Grundnahrungsmittel und Speisen. Das Keramikgeschirr ist hervorragend hitzebest\u00e4ndig und f\u00fcr die Verwendung in Mikrowellenherden und Fritteusen geeignet.<\/li>\n<\/ul>\n<\/div>\n\n\n\n<div class=\"wp-block-column is-layout-flow wp-block-column-is-layout-flow\">\n<figure class=\"wp-block-image size-full\"><img fetchpriority=\"high\" decoding=\"async\" width=\"800\" height=\"800\" src=\"https:\/\/jinhuaceramic.com\/wp-content\/uploads\/2025\/02\/High-End-Custom-Ceramic-Plates-Wholesale-Bulk-Restaurant-Dinner-Dishes-2.webp\" alt=\"Hochwertige benutzerdefinierte keramische Platten, wei\u00dfe keramische Platten Gro\u00dfhandel-1\" class=\"wp-image-7895\" srcset=\"https:\/\/jinhuaceramic.com\/wp-content\/uploads\/2025\/02\/High-End-Custom-Ceramic-Plates-Wholesale-Bulk-Restaurant-Dinner-Dishes-2.webp 800w, https:\/\/jinhuaceramic.com\/wp-content\/uploads\/2025\/02\/High-End-Custom-Ceramic-Plates-Wholesale-Bulk-Restaurant-Dinner-Dishes-2-300x300.webp 300w, https:\/\/jinhuaceramic.com\/wp-content\/uploads\/2025\/02\/High-End-Custom-Ceramic-Plates-Wholesale-Bulk-Restaurant-Dinner-Dishes-2-150x150.webp 150w, https:\/\/jinhuaceramic.com\/wp-content\/uploads\/2025\/02\/High-End-Custom-Ceramic-Plates-Wholesale-Bulk-Restaurant-Dinner-Dishes-2-768x768.webp 768w, https:\/\/jinhuaceramic.com\/wp-content\/uploads\/2025\/02\/High-End-Custom-Ceramic-Plates-Wholesale-Bulk-Restaurant-Dinner-Dishes-2-12x12.webp 12w, https:\/\/jinhuaceramic.com\/wp-content\/uploads\/2025\/02\/High-End-Custom-Ceramic-Plates-Wholesale-Bulk-Restaurant-Dinner-Dishes-2-285x285.webp 285w, https:\/\/jinhuaceramic.com\/wp-content\/uploads\/2025\/02\/High-End-Custom-Ceramic-Plates-Wholesale-Bulk-Restaurant-Dinner-Dishes-2-270x270.webp 270w, https:\/\/jinhuaceramic.com\/wp-content\/uploads\/2025\/02\/High-End-Custom-Ceramic-Plates-Wholesale-Bulk-Restaurant-Dinner-Dishes-2-540x540.webp 540w, https:\/\/jinhuaceramic.com\/wp-content\/uploads\/2025\/02\/High-End-Custom-Ceramic-Plates-Wholesale-Bulk-Restaurant-Dinner-Dishes-2-660x660.webp 660w\" sizes=\"(max-width: 800px) 100vw, 800px\" \/><\/figure>\n<\/div>\n<\/div>\n\n\n\n<p><\/p>","protected":false},"excerpt":{"rendered":"<p>Willkommen zu kaufen benutzerdefinierte Keramik-Teller. Diese wei\u00dfen Keramikteller Gro\u00dfhandel sind eine gute Wahl f\u00fcr moderne Familie Esstische mit ihren modernen und gem\u00fctlichen Blick, langlebige Keramik Konstruktion und starken Nutzen. Egal, ob t\u00e4gliches Essen oder Essen mit Freunden und Familien, k\u00f6nnen sie Sch\u00f6nheit und W\u00e4rme hinzuf\u00fcgen.<\/p>","protected":false},"featured_media":7896,"comment_status":"closed","ping_status":"closed","template":"","meta":{"_acf_changed":false},"product_brand":[],"product_cat":[54,84],"product_tag":[],"class_list":{"0":"post-7894","1":"product","2":"type-product","3":"status-publish","4":"has-post-thumbnail","6":"product_cat-tableware-wholesale","7":"product_cat-wholesale-ceramic-plates","9":"first","10":"instock","11":"shipping-taxable","12":"product-type-simple"},"acf":[],"_links":{"self":[{"href":"https:\/\/jinhuaceramic.com\/de\/wp-json\/wp\/v2\/product\/7894","targetHints":{"allow":["GET"]}}],"collection":[{"href":"https:\/\/jinhuaceramic.com\/de\/wp-json\/wp\/v2\/product"}],"about":[{"href":"https:\/\/jinhuaceramic.com\/de\/wp-json\/wp\/v2\/types\/product"}],"replies":[{"embeddable":true,"href":"https:\/\/jinhuaceramic.com\/de\/wp-json\/wp\/v2\/comments?post=7894"}],"version-history":[{"count":0,"href":"https:\/\/jinhuaceramic.com\/de\/wp-json\/wp\/v2\/product\/7894\/revisions"}],"wp:featuredmedia":[{"embeddable":true,"href":"https:\/\/jinhuaceramic.com\/de\/wp-json\/wp\/v2\/media\/7896"}],"wp:attachment":[{"href":"https:\/\/jinhuaceramic.com\/de\/wp-json\/wp\/v2\/media?parent=7894"}],"wp:term":[{"taxonomy":"product_brand","embeddable":true,"href":"https:\/\/jinhuaceramic.com\/de\/wp-json\/wp\/v2\/product_brand?post=7894"},{"taxonomy":"product_cat","embeddable":true,"href":"https:\/\/jinhuaceramic.com\/de\/wp-json\/wp\/v2\/product_cat?post=7894"},{"taxonomy":"product_tag","embeddable":true,"href":"https:\/\/jinhuaceramic.com\/de\/wp-json\/wp\/v2\/product_tag?post=7894"}],"curies":[{"name":"wp","href":"https:\/\/api.w.org\/{rel}","templated":true}]}}