{"id":7902,"date":"2025-02-15T03:24:40","date_gmt":"2025-02-15T03:24:40","guid":{"rendered":"https:\/\/jinhuaceramic.com\/?post_type=product&#038;p=7902"},"modified":"2025-02-28T07:39:18","modified_gmt":"2025-02-28T07:39:18","slug":"unique-candle-jars-wholesale","status":"publish","type":"product","link":"https:\/\/jinhuaceramic.com\/de\/product\/unique-candle-jars-wholesale\/","title":{"rendered":"Gradient Unique Kerze Jars Gro\u00dfhandel, benutzerdefinierte Kerze-Container"},"content":{"rendered":"<div class=\"wp-block-columns is-layout-flex wp-container-core-columns-is-layout-9d6595d7 wp-block-columns-is-layout-flex\">\n<div class=\"wp-block-column is-layout-flow wp-block-column-is-layout-flow\">\n<h3 class=\"wp-block-heading\">Premium Gradient Unique Candle Jars Gro\u00dfhandel Features:<\/h3>\n\n\n\n<ul class=\"wp-block-list\">\n<li><strong>Einzigartige Farbverl\u00e4ufe: <\/strong>Diese benutzerdefinierte Kerze Container sind in allen Arten von Farben, einschlie\u00dflich blau, gr\u00fcn, rosa und beige, und jede Farbe hat einen Farbverlauf Aussehen von dunkel bis hell, die sehr weich und beruhigend f\u00fcr die Augen ist. Gradient Farben erm\u00f6glichen die Kerze Gl\u00e4ser zu leuchten heller und vermeiden stumpfe Farben, die ein gro\u00dfer Bonus ist.<\/li>\n\n\n\n<li><strong>Geometrische Textur:<\/strong> Die einzigartigen Kerzengl\u00e4ser f\u00fcr den Gro\u00dfhandel werden in der Regel mit zwei Oberfl\u00e4chen hergestellt, die konkave vertikale Streifen und konvexe vertikale Streifen aufweisen, was die \u00c4sthetik und das taktile Erlebnis verbessert und gleichzeitig eine rutschhemmende Funktion hat.<\/li>\n\n\n\n<li><strong>Hochwertiges keramisches Material:<\/strong> Die glatte und zarte Oberfl\u00e4che von gutem Glanz erm\u00f6glicht es, die Rahmen der individuellen Kerzenbeh\u00e4lter aus hochwertiger Keramik herzustellen. Das keramische Material ist sicher, hitzebest\u00e4ndig und bricht nicht, so dass Verbrennungen bei der Verwendung von Kerzen vermieden werden.<\/li>\n\n\n\n<li><strong>Umweltfreundlich:<\/strong> Diese einzigartigen Kerzengl\u00e4ser f\u00fcr den Gro\u00dfhandel sind wiederverwertbar, ganz im Sinne der modernen gr\u00fcnen Ideen zur Erhaltung der Umwelt. Nachdem die Kerzen ausgebrannt sind, k\u00f6nnen die Gl\u00e4ser als Vorratsgl\u00e4ser oder Dekorationen verwendet werden, um noch von ihrem Wert zu profitieren.<\/li>\n<\/ul>\n<\/div>\n\n\n\n<div class=\"wp-block-column is-layout-flow wp-block-column-is-layout-flow\">\n<figure class=\"wp-block-image size-full\"><img fetchpriority=\"high\" decoding=\"async\" width=\"800\" height=\"800\" src=\"https:\/\/jinhuaceramic.com\/wp-content\/uploads\/2025\/02\/Gradient-Unique-Candle-Jars-Wholesale-Ceramic-Candle-Containers-Bulk.webp\" alt=\"Gradient einzigartige Kerze Gl\u00e4ser Gro\u00dfhandel, benutzerdefinierte Kerze-Container-1\" class=\"wp-image-7909\" srcset=\"https:\/\/jinhuaceramic.com\/wp-content\/uploads\/2025\/02\/Gradient-Unique-Candle-Jars-Wholesale-Ceramic-Candle-Containers-Bulk.webp 800w, https:\/\/jinhuaceramic.com\/wp-content\/uploads\/2025\/02\/Gradient-Unique-Candle-Jars-Wholesale-Ceramic-Candle-Containers-Bulk-300x300.webp 300w, https:\/\/jinhuaceramic.com\/wp-content\/uploads\/2025\/02\/Gradient-Unique-Candle-Jars-Wholesale-Ceramic-Candle-Containers-Bulk-150x150.webp 150w, https:\/\/jinhuaceramic.com\/wp-content\/uploads\/2025\/02\/Gradient-Unique-Candle-Jars-Wholesale-Ceramic-Candle-Containers-Bulk-768x768.webp 768w, https:\/\/jinhuaceramic.com\/wp-content\/uploads\/2025\/02\/Gradient-Unique-Candle-Jars-Wholesale-Ceramic-Candle-Containers-Bulk-12x12.webp 12w, https:\/\/jinhuaceramic.com\/wp-content\/uploads\/2025\/02\/Gradient-Unique-Candle-Jars-Wholesale-Ceramic-Candle-Containers-Bulk-285x285.webp 285w, https:\/\/jinhuaceramic.com\/wp-content\/uploads\/2025\/02\/Gradient-Unique-Candle-Jars-Wholesale-Ceramic-Candle-Containers-Bulk-270x270.webp 270w, https:\/\/jinhuaceramic.com\/wp-content\/uploads\/2025\/02\/Gradient-Unique-Candle-Jars-Wholesale-Ceramic-Candle-Containers-Bulk-540x540.webp 540w, https:\/\/jinhuaceramic.com\/wp-content\/uploads\/2025\/02\/Gradient-Unique-Candle-Jars-Wholesale-Ceramic-Candle-Containers-Bulk-660x660.webp 660w\" sizes=\"(max-width: 800px) 100vw, 800px\" \/><\/figure>\n<\/div>\n<\/div>","protected":false},"excerpt":{"rendered":"<p>Willkommen zu kaufen benutzerdefinierte Kerze Container. Diese einzigartigen Kerzengl\u00e4ser Gro\u00dfhandel zeigen eine einfache, moderne und modische Sch\u00f6nheit durch einzigartige Designs von Farbverlauf, geometrische Textur, Material Glanz, etc. Ob als Heimdekoration oder Aromatherapie Produkte verwendet werden, k\u00f6nnen sie W\u00e4rme und Stimmung zum Leben hinzuf\u00fcgen.<\/p>","protected":false},"featured_media":7906,"comment_status":"closed","ping_status":"closed","template":"","meta":{"_acf_changed":false},"product_brand":[],"product_cat":[52],"product_tag":[66],"class_list":{"0":"post-7902","1":"product","2":"type-product","3":"status-publish","4":"has-post-thumbnail","6":"product_cat-wholesale-candle-containers","7":"product_tag-candle-jars-wholesale","9":"first","10":"instock","11":"shipping-taxable","12":"product-type-simple"},"acf":[],"_links":{"self":[{"href":"https:\/\/jinhuaceramic.com\/de\/wp-json\/wp\/v2\/product\/7902","targetHints":{"allow":["GET"]}}],"collection":[{"href":"https:\/\/jinhuaceramic.com\/de\/wp-json\/wp\/v2\/product"}],"about":[{"href":"https:\/\/jinhuaceramic.com\/de\/wp-json\/wp\/v2\/types\/product"}],"replies":[{"embeddable":true,"href":"https:\/\/jinhuaceramic.com\/de\/wp-json\/wp\/v2\/comments?post=7902"}],"version-history":[{"count":0,"href":"https:\/\/jinhuaceramic.com\/de\/wp-json\/wp\/v2\/product\/7902\/revisions"}],"wp:featuredmedia":[{"embeddable":true,"href":"https:\/\/jinhuaceramic.com\/de\/wp-json\/wp\/v2\/media\/7906"}],"wp:attachment":[{"href":"https:\/\/jinhuaceramic.com\/de\/wp-json\/wp\/v2\/media?parent=7902"}],"wp:term":[{"taxonomy":"product_brand","embeddable":true,"href":"https:\/\/jinhuaceramic.com\/de\/wp-json\/wp\/v2\/product_brand?post=7902"},{"taxonomy":"product_cat","embeddable":true,"href":"https:\/\/jinhuaceramic.com\/de\/wp-json\/wp\/v2\/product_cat?post=7902"},{"taxonomy":"product_tag","embeddable":true,"href":"https:\/\/jinhuaceramic.com\/de\/wp-json\/wp\/v2\/product_tag?post=7902"}],"curies":[{"name":"wp","href":"https:\/\/api.w.org\/{rel}","templated":true}]}}