{"id":7921,"date":"2025-02-18T03:59:50","date_gmt":"2025-02-18T03:59:50","guid":{"rendered":"https:\/\/jinhuaceramic.com\/?post_type=product&#038;p=7921"},"modified":"2025-02-18T03:59:52","modified_gmt":"2025-02-18T03:59:52","slug":"wholesale-dishware","status":"publish","type":"product","link":"https:\/\/jinhuaceramic.com\/de\/product\/wholesale-dishware\/","title":{"rendered":"Gro\u00dfhandel Geschirr f\u00fcr 6 Dinner Set, benutzerdefinierte Teller und Sch\u00fcsseln"},"content":{"rendered":"<div class=\"wp-block-columns is-layout-flex wp-container-core-columns-is-layout-9d6595d7 wp-block-columns-is-layout-flex\">\n<div class=\"wp-block-column is-layout-flow wp-block-column-is-layout-flow\">\n<h3 class=\"wp-block-heading\">Premium Wholesale Dishware Features:<\/h3>\n\n\n\n<ul class=\"wp-block-list\">\n<li><strong>Elegantes Design:<\/strong> These custom plates and bowls are mainly pure white, and they have blue edges and cup handles. They have a generally new and unadorned look, and the uniform appearance can contribute to the sense of ritual of food consumption.<\/li>\n\n\n\n<li><strong>Hochwertiges keramisches Material:<\/strong> These wholesale dishware are made of high-quality ceramic material, free of harmful substances such as lead and cadmium, and are safe to use. The ceramic material is hard and wear-resistant, not easy to scratch and break, and durable.<\/li>\n\n\n\n<li><strong>Practicality<\/strong>: These are all wholesale dishware and include two plates of different sizes, bowls, and cups. The plates are suitable to contain a wide variety of different dishes, the bowls are suitable to contain cereal, soup or rice, and the handle cups are easy to carry and suitable to contain drinks, meeting the daily meal necessity.<\/li>\n\n\n\n<li><strong>Perfektes Geschenk: <\/strong>These high-end custom plates and bowls are of good texture and exquisite looks, and are highly perfect as gifts, such as wedding gifts or housewarming gifts, etc.<\/li>\n<\/ul>\n<\/div>\n\n\n\n<div class=\"wp-block-column is-layout-flow wp-block-column-is-layout-flow\">\n<figure class=\"wp-block-image size-full\"><img fetchpriority=\"high\" decoding=\"async\" width=\"1353\" height=\"1353\" src=\"https:\/\/jinhuaceramic.com\/wp-content\/uploads\/2025\/02\/Custom-Tableware-Set-Wholesale-Dinner-Services-For-6-Dinnerware-Set-5.webp\" alt=\"\" class=\"wp-image-7925\" srcset=\"https:\/\/jinhuaceramic.com\/wp-content\/uploads\/2025\/02\/Custom-Tableware-Set-Wholesale-Dinner-Services-For-6-Dinnerware-Set-5.webp 1353w, https:\/\/jinhuaceramic.com\/wp-content\/uploads\/2025\/02\/Custom-Tableware-Set-Wholesale-Dinner-Services-For-6-Dinnerware-Set-5-300x300.webp 300w, https:\/\/jinhuaceramic.com\/wp-content\/uploads\/2025\/02\/Custom-Tableware-Set-Wholesale-Dinner-Services-For-6-Dinnerware-Set-5-150x150.webp 150w, https:\/\/jinhuaceramic.com\/wp-content\/uploads\/2025\/02\/Custom-Tableware-Set-Wholesale-Dinner-Services-For-6-Dinnerware-Set-5-768x768.webp 768w, https:\/\/jinhuaceramic.com\/wp-content\/uploads\/2025\/02\/Custom-Tableware-Set-Wholesale-Dinner-Services-For-6-Dinnerware-Set-5-12x12.webp 12w, https:\/\/jinhuaceramic.com\/wp-content\/uploads\/2025\/02\/Custom-Tableware-Set-Wholesale-Dinner-Services-For-6-Dinnerware-Set-5-285x285.webp 285w, https:\/\/jinhuaceramic.com\/wp-content\/uploads\/2025\/02\/Custom-Tableware-Set-Wholesale-Dinner-Services-For-6-Dinnerware-Set-5-270x270.webp 270w, https:\/\/jinhuaceramic.com\/wp-content\/uploads\/2025\/02\/Custom-Tableware-Set-Wholesale-Dinner-Services-For-6-Dinnerware-Set-5-540x540.webp 540w, https:\/\/jinhuaceramic.com\/wp-content\/uploads\/2025\/02\/Custom-Tableware-Set-Wholesale-Dinner-Services-For-6-Dinnerware-Set-5-660x660.webp 660w\" sizes=\"(max-width: 1353px) 100vw, 1353px\" \/><\/figure>\n<\/div>\n<\/div>\n\n\n\n<p><\/p>","protected":false},"excerpt":{"rendered":"<p>Welcome to purchase our custom plates and bowls. These wholesale dishware are popular among consumers for their modern and elegant design and safe, practical features. These personalized tableware are suitable for various occasions, whether it is a family dinner or a party with friends, they can meet your needs. Whether used by oneself or as a gift, it is a good choice.<\/p>","protected":false},"featured_media":7928,"comment_status":"closed","ping_status":"closed","template":"","meta":{"_acf_changed":false},"product_brand":[],"product_cat":[83,54],"product_tag":[],"class_list":{"0":"post-7921","1":"product","2":"type-product","3":"status-publish","4":"has-post-thumbnail","6":"product_cat-wholesale-dinnerware-sets","7":"product_cat-tableware-wholesale","9":"first","10":"instock","11":"shipping-taxable","12":"product-type-simple"},"acf":[],"_links":{"self":[{"href":"https:\/\/jinhuaceramic.com\/de\/wp-json\/wp\/v2\/product\/7921","targetHints":{"allow":["GET"]}}],"collection":[{"href":"https:\/\/jinhuaceramic.com\/de\/wp-json\/wp\/v2\/product"}],"about":[{"href":"https:\/\/jinhuaceramic.com\/de\/wp-json\/wp\/v2\/types\/product"}],"replies":[{"embeddable":true,"href":"https:\/\/jinhuaceramic.com\/de\/wp-json\/wp\/v2\/comments?post=7921"}],"version-history":[{"count":0,"href":"https:\/\/jinhuaceramic.com\/de\/wp-json\/wp\/v2\/product\/7921\/revisions"}],"wp:featuredmedia":[{"embeddable":true,"href":"https:\/\/jinhuaceramic.com\/de\/wp-json\/wp\/v2\/media\/7928"}],"wp:attachment":[{"href":"https:\/\/jinhuaceramic.com\/de\/wp-json\/wp\/v2\/media?parent=7921"}],"wp:term":[{"taxonomy":"product_brand","embeddable":true,"href":"https:\/\/jinhuaceramic.com\/de\/wp-json\/wp\/v2\/product_brand?post=7921"},{"taxonomy":"product_cat","embeddable":true,"href":"https:\/\/jinhuaceramic.com\/de\/wp-json\/wp\/v2\/product_cat?post=7921"},{"taxonomy":"product_tag","embeddable":true,"href":"https:\/\/jinhuaceramic.com\/de\/wp-json\/wp\/v2\/product_tag?post=7921"}],"curies":[{"name":"wp","href":"https:\/\/api.w.org\/{rel}","templated":true}]}}