{"id":7938,"date":"2025-02-20T07:43:42","date_gmt":"2025-02-20T07:43:42","guid":{"rendered":"https:\/\/jinhuaceramic.com\/?post_type=product&#038;p=7938"},"modified":"2025-02-22T01:29:15","modified_gmt":"2025-02-22T01:29:15","slug":"dinnerware-wholesale","status":"publish","type":"product","link":"https:\/\/jinhuaceramic.com\/de\/product\/dinnerware-wholesale\/","title":{"rendered":"Rustikales keramisches Essgeschirr im Gro\u00dfhandel, kundenspezifisches Essbesteck"},"content":{"rendered":"<div class=\"wp-block-columns is-layout-flex wp-container-core-columns-is-layout-9d6595d7 wp-block-columns-is-layout-flex\">\n<div class=\"wp-block-column is-layout-flow wp-block-column-is-layout-flow\">\n<h3 class=\"wp-block-heading\">Premium-Geschirr Gro\u00dfhandel Merkmale:<\/h3>\n\n\n\n<ul class=\"wp-block-list\">\n<li><strong>Anmutiges Design:<\/strong> Das Keramikgeschirr im Gro\u00dfhandel ist einfach und elegant in der Form, mit Wei\u00df als Hauptfarbe und braunen R\u00e4ndern, klassisch und sch\u00f6n, was mit den meisten Haushaltsdekorationsstilen und Essgelegenheiten koordiniert werden kann. Die Sprenkel auf der Glasur der Keramik f\u00fcgen Sie ein Gef\u00fchl der l\u00e4ndlichen, erscheint nat\u00fcrlich und luxuri\u00f6s.<\/li>\n\n\n\n<li><strong>Materielle Sicherheit: <\/strong>Das ungiftige, ma\u00dfgeschneiderte Tafelservice ist aus Hochtemperatur-Keramik hergestellt. Daher kann es extreme Temperaturen aushalten und Lebensmittel bei hohen Temperaturen aufnehmen. Sie sind ungiftig und sicher, ohne sch\u00e4dliche Chemikalien, und sicherer in der Anwendung.<\/li>\n\n\n\n<li><strong>Breite Anwendbarkeit: <\/strong>Dieses Keramikgeschirr im Gro\u00dfhandel enth\u00e4lt Teller, Sch\u00fcsseln und andere der gleichen Grundtypen von Geschirr, die zum Servieren von Reis, Gerichten, Suppe usw. verwendet werden. Dieser Artikel erf\u00fcllt die grundlegenden Anforderungen jeder Mahlzeit und ist f\u00fcr alle Gelegenheiten geeignet, vom Familienessen bis zum Empfang von G\u00e4sten.<\/li>\n\n\n\n<li><strong>Leicht zu reinigen: <\/strong>Das ma\u00dfgefertigte Tafelservice hat eine dichte und glatte Oberfl\u00e4che, an der keine Essens- und \u00d6lreste haften bleiben, so dass es einfach zu reinigen ist und man Zeit bei der Reinigung sparen kann.<\/li>\n<\/ul>\n<\/div>\n\n\n\n<div class=\"wp-block-column is-layout-flow wp-block-column-is-layout-flow\">\n<figure class=\"wp-block-image size-full\"><img fetchpriority=\"high\" decoding=\"async\" width=\"2000\" height=\"2000\" src=\"https:\/\/jinhuaceramic.com\/wp-content\/uploads\/2025\/02\/Rustic-Wholesale-Dinnerware-Set-Dinner-Services-Custom-Tableware-2.webp\" alt=\"Rustikales Keramik-Geschirr Gro\u00dfhandel, ma\u00dfgeschneiderte Abendessen Set-1\" class=\"wp-image-7939\" srcset=\"https:\/\/jinhuaceramic.com\/wp-content\/uploads\/2025\/02\/Rustic-Wholesale-Dinnerware-Set-Dinner-Services-Custom-Tableware-2.webp 2000w, https:\/\/jinhuaceramic.com\/wp-content\/uploads\/2025\/02\/Rustic-Wholesale-Dinnerware-Set-Dinner-Services-Custom-Tableware-2-300x300.webp 300w, https:\/\/jinhuaceramic.com\/wp-content\/uploads\/2025\/02\/Rustic-Wholesale-Dinnerware-Set-Dinner-Services-Custom-Tableware-2-150x150.webp 150w, https:\/\/jinhuaceramic.com\/wp-content\/uploads\/2025\/02\/Rustic-Wholesale-Dinnerware-Set-Dinner-Services-Custom-Tableware-2-768x768.webp 768w, https:\/\/jinhuaceramic.com\/wp-content\/uploads\/2025\/02\/Rustic-Wholesale-Dinnerware-Set-Dinner-Services-Custom-Tableware-2-12x12.webp 12w, https:\/\/jinhuaceramic.com\/wp-content\/uploads\/2025\/02\/Rustic-Wholesale-Dinnerware-Set-Dinner-Services-Custom-Tableware-2-285x285.webp 285w, https:\/\/jinhuaceramic.com\/wp-content\/uploads\/2025\/02\/Rustic-Wholesale-Dinnerware-Set-Dinner-Services-Custom-Tableware-2-1600x1600.webp 1600w, https:\/\/jinhuaceramic.com\/wp-content\/uploads\/2025\/02\/Rustic-Wholesale-Dinnerware-Set-Dinner-Services-Custom-Tableware-2-270x270.webp 270w, https:\/\/jinhuaceramic.com\/wp-content\/uploads\/2025\/02\/Rustic-Wholesale-Dinnerware-Set-Dinner-Services-Custom-Tableware-2-540x540.webp 540w, https:\/\/jinhuaceramic.com\/wp-content\/uploads\/2025\/02\/Rustic-Wholesale-Dinnerware-Set-Dinner-Services-Custom-Tableware-2-660x660.webp 660w\" sizes=\"(max-width: 2000px) 100vw, 2000px\" \/><\/figure>\n<\/div>\n<\/div>","protected":false},"excerpt":{"rendered":"<p>Diese rustikalen Keramikgeschirr Gro\u00dfhandel haben die Vorteile der sch\u00f6nen und eleganten Design, sichere und gesunde Materialien, breite Anwendbarkeit und einfache Reinigung, so dass sie eine ideale Wahl f\u00fcr moderne Familie Esstische. Neben der Verwendung zu Hause, sind sie auch sehr geeignet als Geschenke.<\/p>","protected":false},"featured_media":7944,"comment_status":"closed","ping_status":"closed","template":"","meta":{"_acf_changed":false},"product_brand":[],"product_cat":[83,54],"product_tag":[],"class_list":{"0":"post-7938","1":"product","2":"type-product","3":"status-publish","4":"has-post-thumbnail","6":"product_cat-wholesale-dinnerware-sets","7":"product_cat-tableware-wholesale","9":"first","10":"instock","11":"shipping-taxable","12":"product-type-simple"},"acf":[],"_links":{"self":[{"href":"https:\/\/jinhuaceramic.com\/de\/wp-json\/wp\/v2\/product\/7938","targetHints":{"allow":["GET"]}}],"collection":[{"href":"https:\/\/jinhuaceramic.com\/de\/wp-json\/wp\/v2\/product"}],"about":[{"href":"https:\/\/jinhuaceramic.com\/de\/wp-json\/wp\/v2\/types\/product"}],"replies":[{"embeddable":true,"href":"https:\/\/jinhuaceramic.com\/de\/wp-json\/wp\/v2\/comments?post=7938"}],"version-history":[{"count":0,"href":"https:\/\/jinhuaceramic.com\/de\/wp-json\/wp\/v2\/product\/7938\/revisions"}],"wp:featuredmedia":[{"embeddable":true,"href":"https:\/\/jinhuaceramic.com\/de\/wp-json\/wp\/v2\/media\/7944"}],"wp:attachment":[{"href":"https:\/\/jinhuaceramic.com\/de\/wp-json\/wp\/v2\/media?parent=7938"}],"wp:term":[{"taxonomy":"product_brand","embeddable":true,"href":"https:\/\/jinhuaceramic.com\/de\/wp-json\/wp\/v2\/product_brand?post=7938"},{"taxonomy":"product_cat","embeddable":true,"href":"https:\/\/jinhuaceramic.com\/de\/wp-json\/wp\/v2\/product_cat?post=7938"},{"taxonomy":"product_tag","embeddable":true,"href":"https:\/\/jinhuaceramic.com\/de\/wp-json\/wp\/v2\/product_tag?post=7938"}],"curies":[{"name":"wp","href":"https:\/\/api.w.org\/{rel}","templated":true}]}}