{"id":7949,"date":"2025-02-20T08:25:09","date_gmt":"2025-02-20T08:25:09","guid":{"rendered":"https:\/\/jinhuaceramic.com\/?post_type=product&#038;p=7949"},"modified":"2025-02-28T07:38:37","modified_gmt":"2025-02-28T07:38:37","slug":"custom-bath-set","status":"publish","type":"product","link":"https:\/\/jinhuaceramic.com\/de\/product\/custom-bath-set\/","title":{"rendered":"Gradient Custom Bath Set, keramische Bad-Accessoires Gro\u00dfhandel"},"content":{"rendered":"<div class=\"wp-block-columns is-layout-flex wp-container-core-columns-is-layout-9d6595d7 wp-block-columns-is-layout-flex\">\n<div class=\"wp-block-column is-layout-flow wp-block-column-is-layout-flow\">\n<h3 class=\"wp-block-heading\">Premium Gradient Custom Bath Set Eigenschaften:<\/h3>\n\n\n\n<ul class=\"wp-block-list\">\n<li><strong>Einzigartige Farbverl\u00e4ufe: <\/strong>Das benutzerdefinierte Badeset ist mit einem exklusiven Farbverlauf und in verschiedenen Farben wie Orange, Blau, Lila, Gr\u00fcn usw. gestaltet. Der Farbverlauf von Wei\u00df zu Farbe hat einen weichen Farbton und eine nat\u00fcrliche Abstufung, die W\u00e4rme und Komfort vermittelt.<\/li>\n\n\n\n<li><strong>Exquisite geometrische Textur: <\/strong>Das geometrische Muster auf der Oberfl\u00e4che der Badaccessoires im Gro\u00dfhandel ist nicht nur sch\u00f6n, sondern dient auch als rutschfester Belag. Das Muster ist \u00e4sthetisch ansprechend und dient gleichzeitig als funktionale Erg\u00e4nzung des Produkts.<\/li>\n\n\n\n<li><strong>Hochwertiges keramisches Material: <\/strong>Diese Hochtemperatur-Keramik-Badezimmer-Accessoires f\u00fcr den Gro\u00dfhandel besitzen die Vorteile von Hochtemperaturbest\u00e4ndigkeit, Korrosionsbest\u00e4ndigkeit und Reinigungsfreundlichkeit. Die Oberfl\u00e4che der Keramik wird glasiert, was die Oberfl\u00e4che fein und glatt, fleckenfrei und extrem leicht zu reinigen macht.<\/li>\n\n\n\n<li><strong>Starke Praktikabilit\u00e4t: <\/strong>Das ma\u00dfgefertigte Badeset mit einer Auswahl an Badutensilien wie Mundsp\u00fclbecher, Zahnb\u00fcrstenhalter, Fl\u00fcssigseifenspender und Seifenschale erf\u00fcllt den t\u00e4glichen Waschbedarf im Bad.<\/li>\n<\/ul>\n<\/div>\n\n\n\n<div class=\"wp-block-column is-layout-flow wp-block-column-is-layout-flow\">\n<figure class=\"wp-block-image size-full\"><img fetchpriority=\"high\" decoding=\"async\" width=\"1600\" height=\"1600\" src=\"https:\/\/jinhuaceramic.com\/wp-content\/uploads\/2025\/02\/Gradient-Custom-Bathroom-Sets-Bulk-Dispenser-Soap-Dish-Toothbrush-Holder-3.webp\" alt=\"Gradient benutzerdefinierte Bad Set keramische Bad-Accessoires Gro\u00dfhandel-1\" class=\"wp-image-7951\" srcset=\"https:\/\/jinhuaceramic.com\/wp-content\/uploads\/2025\/02\/Gradient-Custom-Bathroom-Sets-Bulk-Dispenser-Soap-Dish-Toothbrush-Holder-3.webp 1600w, https:\/\/jinhuaceramic.com\/wp-content\/uploads\/2025\/02\/Gradient-Custom-Bathroom-Sets-Bulk-Dispenser-Soap-Dish-Toothbrush-Holder-3-300x300.webp 300w, https:\/\/jinhuaceramic.com\/wp-content\/uploads\/2025\/02\/Gradient-Custom-Bathroom-Sets-Bulk-Dispenser-Soap-Dish-Toothbrush-Holder-3-150x150.webp 150w, https:\/\/jinhuaceramic.com\/wp-content\/uploads\/2025\/02\/Gradient-Custom-Bathroom-Sets-Bulk-Dispenser-Soap-Dish-Toothbrush-Holder-3-768x768.webp 768w, https:\/\/jinhuaceramic.com\/wp-content\/uploads\/2025\/02\/Gradient-Custom-Bathroom-Sets-Bulk-Dispenser-Soap-Dish-Toothbrush-Holder-3-12x12.webp 12w, https:\/\/jinhuaceramic.com\/wp-content\/uploads\/2025\/02\/Gradient-Custom-Bathroom-Sets-Bulk-Dispenser-Soap-Dish-Toothbrush-Holder-3-285x285.webp 285w, https:\/\/jinhuaceramic.com\/wp-content\/uploads\/2025\/02\/Gradient-Custom-Bathroom-Sets-Bulk-Dispenser-Soap-Dish-Toothbrush-Holder-3-270x270.webp 270w, https:\/\/jinhuaceramic.com\/wp-content\/uploads\/2025\/02\/Gradient-Custom-Bathroom-Sets-Bulk-Dispenser-Soap-Dish-Toothbrush-Holder-3-540x540.webp 540w, https:\/\/jinhuaceramic.com\/wp-content\/uploads\/2025\/02\/Gradient-Custom-Bathroom-Sets-Bulk-Dispenser-Soap-Dish-Toothbrush-Holder-3-660x660.webp 660w\" sizes=\"(max-width: 1600px) 100vw, 1600px\" \/><\/figure>\n<\/div>\n<\/div>","protected":false},"excerpt":{"rendered":"<p>Willkommen zum Kauf unserer Bad-Accessoires Gro\u00dfhandel. Die benutzerdefinierte Bad-Set bringt Eleganz und W\u00e4rme in das Bad mit dem speziellen Farbverlauf Muster, rutschfestes geometrisches Muster, hochwertige Keramik-Material und n\u00fctzliche Funktionen. Ihr elegantes Aussehen und feine Verarbeitung kann die gesamte Dekoration Stil des Badezimmers zu verbessern.<\/p>","protected":false},"featured_media":7957,"comment_status":"closed","ping_status":"closed","template":"","meta":{"_acf_changed":false},"product_brand":[],"product_cat":[51],"product_tag":[74],"class_list":{"0":"post-7949","1":"product","2":"type-product","3":"status-publish","4":"has-post-thumbnail","6":"product_cat-bathroom-accessories-wholesale","7":"product_tag-ceramic-bath-accessories-wholesale","9":"first","10":"instock","11":"shipping-taxable","12":"product-type-simple"},"acf":[],"_links":{"self":[{"href":"https:\/\/jinhuaceramic.com\/de\/wp-json\/wp\/v2\/product\/7949","targetHints":{"allow":["GET"]}}],"collection":[{"href":"https:\/\/jinhuaceramic.com\/de\/wp-json\/wp\/v2\/product"}],"about":[{"href":"https:\/\/jinhuaceramic.com\/de\/wp-json\/wp\/v2\/types\/product"}],"replies":[{"embeddable":true,"href":"https:\/\/jinhuaceramic.com\/de\/wp-json\/wp\/v2\/comments?post=7949"}],"version-history":[{"count":0,"href":"https:\/\/jinhuaceramic.com\/de\/wp-json\/wp\/v2\/product\/7949\/revisions"}],"wp:featuredmedia":[{"embeddable":true,"href":"https:\/\/jinhuaceramic.com\/de\/wp-json\/wp\/v2\/media\/7957"}],"wp:attachment":[{"href":"https:\/\/jinhuaceramic.com\/de\/wp-json\/wp\/v2\/media?parent=7949"}],"wp:term":[{"taxonomy":"product_brand","embeddable":true,"href":"https:\/\/jinhuaceramic.com\/de\/wp-json\/wp\/v2\/product_brand?post=7949"},{"taxonomy":"product_cat","embeddable":true,"href":"https:\/\/jinhuaceramic.com\/de\/wp-json\/wp\/v2\/product_cat?post=7949"},{"taxonomy":"product_tag","embeddable":true,"href":"https:\/\/jinhuaceramic.com\/de\/wp-json\/wp\/v2\/product_tag?post=7949"}],"curies":[{"name":"wp","href":"https:\/\/api.w.org\/{rel}","templated":true}]}}