{"id":7970,"date":"2025-02-22T01:21:44","date_gmt":"2025-02-22T01:21:44","guid":{"rendered":"https:\/\/jinhuaceramic.com\/?post_type=product&#038;p=7970"},"modified":"2025-03-21T01:28:14","modified_gmt":"2025-03-21T01:28:14","slug":"catering-dinnerware-wholesale","status":"publish","type":"product","link":"https:\/\/jinhuaceramic.com\/de\/product\/catering-dinnerware-wholesale\/","title":{"rendered":"Catering-Geschirr Gro\u00dfhandel, kommerzielle Geschirr-Sets Bulk"},"content":{"rendered":"<div class=\"wp-block-columns is-layout-flex wp-container-core-columns-is-layout-9d6595d7 wp-block-columns-is-layout-flex\">\n<div class=\"wp-block-column is-layout-flow wp-block-column-is-layout-flow\">\n<h3 class=\"wp-block-heading\">Premium Catering-Geschirr Gro\u00dfhandel Merkmale:<\/h3>\n\n\n\n<ul class=\"wp-block-list\">\n<li><strong>Elegantes Design:<\/strong> Diese Catering-Geschirr Gro\u00dfhandel sind einfach und elegant im Design, mit off-wei\u00dfe Farbe und grauen Kanten. Sie sind klassisch und sch\u00f6n, geeignet f\u00fcr alle Tischstile, ob f\u00fcr den t\u00e4glichen Gebrauch zu Hause oder High-End-Restaurant verwenden.<\/li>\n\n\n\n<li><strong>Langlebiges Material: <\/strong>Diese keramischen Geschirrsets werden bei hohen Temperaturen gebrannt, um eine hohe H\u00e4rte zu erreichen, sie sind schwer zu verschlei\u00dfen und zu zerkratzen und sie sind hart und haltbar. Sie nehmen nur schwer Wasser auf, sind gut feuchtigkeitsundurchl\u00e4ssig und schwer zu knacken.<\/li>\n\n\n\n<li><strong>Praktikabilit\u00e4t: <\/strong>Diese Catering-Geschirr Gro\u00dfhandel umfassen eine Sch\u00fcssel und zwei Teller in verschiedenen Gr\u00f6\u00dfen. Die Gr\u00f6\u00dfen sind praktisch entworfen, um verschiedene Lebensmittel wie Reis, Gerichte, Suppen, etc. zu passen, um die t\u00e4gliche Mahlzeit Bed\u00fcrfnisse gerecht zu werden.<\/li>\n\n\n\n<li><strong>Breite Anwendbarkeit: <\/strong>Diese handels\u00fcblichen Geschirrsets sind vielseitig einsetzbar und eignen sich f\u00fcr verschiedene Anl\u00e4sse wie Familienessen, Treffen mit Freunden, Festlichkeiten usw. Neben dem h\u00e4uslichen Gebrauch eignen sie sich auch zum Verschenken an Freunde und Familienmitglieder.<\/li>\n<\/ul>\n<\/div>\n\n\n\n<div class=\"wp-block-column is-layout-flow wp-block-column-is-layout-flow\">\n<figure class=\"wp-block-image size-full\"><img fetchpriority=\"high\" decoding=\"async\" width=\"710\" height=\"710\" src=\"https:\/\/jinhuaceramic.com\/wp-content\/uploads\/2025\/02\/High-End-Wholesale-Tableware-Set-Custom-Dinnerware-Dinner-Set-4.webp\" alt=\"High-End-Catering-Geschirr Gro\u00dfhandel, kommerzielle Geschirr-Sets-4\" class=\"wp-image-7973\" srcset=\"https:\/\/jinhuaceramic.com\/wp-content\/uploads\/2025\/02\/High-End-Wholesale-Tableware-Set-Custom-Dinnerware-Dinner-Set-4.webp 710w, https:\/\/jinhuaceramic.com\/wp-content\/uploads\/2025\/02\/High-End-Wholesale-Tableware-Set-Custom-Dinnerware-Dinner-Set-4-300x300.webp 300w, https:\/\/jinhuaceramic.com\/wp-content\/uploads\/2025\/02\/High-End-Wholesale-Tableware-Set-Custom-Dinnerware-Dinner-Set-4-150x150.webp 150w, https:\/\/jinhuaceramic.com\/wp-content\/uploads\/2025\/02\/High-End-Wholesale-Tableware-Set-Custom-Dinnerware-Dinner-Set-4-12x12.webp 12w, https:\/\/jinhuaceramic.com\/wp-content\/uploads\/2025\/02\/High-End-Wholesale-Tableware-Set-Custom-Dinnerware-Dinner-Set-4-285x285.webp 285w, https:\/\/jinhuaceramic.com\/wp-content\/uploads\/2025\/02\/High-End-Wholesale-Tableware-Set-Custom-Dinnerware-Dinner-Set-4-270x270.webp 270w, https:\/\/jinhuaceramic.com\/wp-content\/uploads\/2025\/02\/High-End-Wholesale-Tableware-Set-Custom-Dinnerware-Dinner-Set-4-540x540.webp 540w, https:\/\/jinhuaceramic.com\/wp-content\/uploads\/2025\/02\/High-End-Wholesale-Tableware-Set-Custom-Dinnerware-Dinner-Set-4-660x660.webp 660w\" sizes=\"(max-width: 710px) 100vw, 710px\" \/><\/figure>\n<\/div>\n<\/div>","protected":false},"excerpt":{"rendered":"<p>Willkommen zum Kauf von Catering-Geschirr im Gro\u00dfhandel. Diese High-End-Gro\u00dfhandel kommerziellen Geschirr-Sets perfekt kombinieren Einfachheit, Eleganz, Haltbarkeit und Funktionalit\u00e4t, die nicht nur die Bed\u00fcrfnisse des t\u00e4glichen Gebrauchs, sondern auch die Qualit\u00e4t der Mahlzeiten zu verbessern, und sind sehr von den Verbrauchern begr\u00fc\u00dft.<\/p>","protected":false},"featured_media":7975,"comment_status":"closed","ping_status":"closed","template":"","meta":{"_acf_changed":false},"product_brand":[],"product_cat":[83,54],"product_tag":[],"class_list":{"0":"post-7970","1":"product","2":"type-product","3":"status-publish","4":"has-post-thumbnail","6":"product_cat-wholesale-dinnerware-sets","7":"product_cat-tableware-wholesale","9":"first","10":"instock","11":"shipping-taxable","12":"product-type-simple"},"acf":[],"_links":{"self":[{"href":"https:\/\/jinhuaceramic.com\/de\/wp-json\/wp\/v2\/product\/7970","targetHints":{"allow":["GET"]}}],"collection":[{"href":"https:\/\/jinhuaceramic.com\/de\/wp-json\/wp\/v2\/product"}],"about":[{"href":"https:\/\/jinhuaceramic.com\/de\/wp-json\/wp\/v2\/types\/product"}],"replies":[{"embeddable":true,"href":"https:\/\/jinhuaceramic.com\/de\/wp-json\/wp\/v2\/comments?post=7970"}],"version-history":[{"count":0,"href":"https:\/\/jinhuaceramic.com\/de\/wp-json\/wp\/v2\/product\/7970\/revisions"}],"wp:featuredmedia":[{"embeddable":true,"href":"https:\/\/jinhuaceramic.com\/de\/wp-json\/wp\/v2\/media\/7975"}],"wp:attachment":[{"href":"https:\/\/jinhuaceramic.com\/de\/wp-json\/wp\/v2\/media?parent=7970"}],"wp:term":[{"taxonomy":"product_brand","embeddable":true,"href":"https:\/\/jinhuaceramic.com\/de\/wp-json\/wp\/v2\/product_brand?post=7970"},{"taxonomy":"product_cat","embeddable":true,"href":"https:\/\/jinhuaceramic.com\/de\/wp-json\/wp\/v2\/product_cat?post=7970"},{"taxonomy":"product_tag","embeddable":true,"href":"https:\/\/jinhuaceramic.com\/de\/wp-json\/wp\/v2\/product_tag?post=7970"}],"curies":[{"name":"wp","href":"https:\/\/api.w.org\/{rel}","templated":true}]}}