{"id":7985,"date":"2025-02-28T07:45:08","date_gmt":"2025-02-28T07:45:08","guid":{"rendered":"https:\/\/jinhuaceramic.com\/?post_type=product&#038;p=7985"},"modified":"2025-02-28T07:45:18","modified_gmt":"2025-02-28T07:45:18","slug":"ceramic-candle-vessels-bulk","status":"publish","type":"product","link":"https:\/\/jinhuaceramic.com\/de\/product\/ceramic-candle-vessels-bulk\/","title":{"rendered":"Moderne Sechseck Keramik Kerze Gef\u00e4\u00dfe Bulk, Kerze Gl\u00e4ser Gro\u00dfhandel"},"content":{"rendered":"<div class=\"wp-block-columns is-layout-flex wp-container-core-columns-is-layout-9d6595d7 wp-block-columns-is-layout-flex\">\n<div class=\"wp-block-column is-layout-flow wp-block-column-is-layout-flow\">\n<h3 class=\"wp-block-heading\">Premium Modern Hexagon Keramik Kerze Gef\u00e4\u00dfe Bulk Features:<\/h3>\n\n\n\n<ul class=\"wp-block-list\">\n<li><strong>Einzigartige geometrische Form:<\/strong> Unsere Keramik-Kerzengef\u00e4\u00dfe sind nicht quadratisch oder rund, sondern haben eine weiche, geschwungene, sechseckige Form. Die geometrische Form ist sauber und modern, aber hat eine Weichheit zu ihm, so dass es f\u00fcr jedes Heim Dekor geeignet sein wird.<\/li>\n\n\n\n<li><strong>Verschiedene Farben:<\/strong> Die Kerzengl\u00e4ser im Gro\u00dfhandel sind in zwei matten Farben erh\u00e4ltlich: einem traditionellen matten Wei\u00df und einem hellen, aber beruhigenden matten Rot. Die Kunden k\u00f6nnen je nach ihrer Einrichtung und Vorliebe w\u00e4hlen.<\/li>\n\n\n\n<li><strong>Sicher und langlebig:<\/strong> Die hochwertigen Keramikkerzengef\u00e4\u00dfe haben eine gute Hitzebest\u00e4ndigkeit und k\u00f6nnen brennende Kerzen sicher tragen, ohne zu zerbrechen. Die Keramik ist solide und langlebig, nicht empfindlich, und kann f\u00fcr mehrere Jahre verwendet werden.<\/li>\n\n\n\n<li><strong>Wiederverwendbar: <\/strong>Diese Kerzengl\u00e4ser im Gro\u00dfhandel k\u00f6nnen auch f\u00fcr andere Dinge als Kerzengl\u00e4ser wiederverwendet werden. Nachdem die Kerzen geleert sind, kann es auch als Blumentopf, Aufbewahrungsglas oder Wohnkultur verwendet werden. Ohne Kerzen, kann diese Kerze Glas auch eine sch\u00f6ne Dekoration sein und kann Ihr Zuhause Geschmack.<\/li>\n<\/ul>\n<\/div>\n\n\n\n<div class=\"wp-block-column is-layout-flow wp-block-column-is-layout-flow\">\n<figure class=\"wp-block-image size-full\"><img fetchpriority=\"high\" decoding=\"async\" width=\"750\" height=\"750\" src=\"https:\/\/jinhuaceramic.com\/wp-content\/uploads\/2025\/02\/Modern-Hexagon-Candle-Jars-Wholesale-Ceramic-Candle-Vessels-Bulk-3.webp\" alt=\"Moderne Sechseck Keramik Kerze Gef\u00e4\u00dfe Bulk, Kerze Jars Wholesale3\" class=\"wp-image-7987\" srcset=\"https:\/\/jinhuaceramic.com\/wp-content\/uploads\/2025\/02\/Modern-Hexagon-Candle-Jars-Wholesale-Ceramic-Candle-Vessels-Bulk-3.webp 750w, https:\/\/jinhuaceramic.com\/wp-content\/uploads\/2025\/02\/Modern-Hexagon-Candle-Jars-Wholesale-Ceramic-Candle-Vessels-Bulk-3-300x300.webp 300w, https:\/\/jinhuaceramic.com\/wp-content\/uploads\/2025\/02\/Modern-Hexagon-Candle-Jars-Wholesale-Ceramic-Candle-Vessels-Bulk-3-150x150.webp 150w, https:\/\/jinhuaceramic.com\/wp-content\/uploads\/2025\/02\/Modern-Hexagon-Candle-Jars-Wholesale-Ceramic-Candle-Vessels-Bulk-3-12x12.webp 12w, https:\/\/jinhuaceramic.com\/wp-content\/uploads\/2025\/02\/Modern-Hexagon-Candle-Jars-Wholesale-Ceramic-Candle-Vessels-Bulk-3-285x285.webp 285w, https:\/\/jinhuaceramic.com\/wp-content\/uploads\/2025\/02\/Modern-Hexagon-Candle-Jars-Wholesale-Ceramic-Candle-Vessels-Bulk-3-270x270.webp 270w, https:\/\/jinhuaceramic.com\/wp-content\/uploads\/2025\/02\/Modern-Hexagon-Candle-Jars-Wholesale-Ceramic-Candle-Vessels-Bulk-3-540x540.webp 540w, https:\/\/jinhuaceramic.com\/wp-content\/uploads\/2025\/02\/Modern-Hexagon-Candle-Jars-Wholesale-Ceramic-Candle-Vessels-Bulk-3-660x660.webp 660w\" sizes=\"(max-width: 750px) 100vw, 750px\" \/><\/figure>\n<\/div>\n<\/div>\n\n\n\n<p><\/p>","protected":false},"excerpt":{"rendered":"<p>Willkommen zum Kauf unserer Kerzengef\u00e4\u00dfe Gro\u00dfhandel. Diese modernen keramischen Kerzengef\u00e4\u00dfe Gro\u00dfhandel sind so verschieden von den anderen \u00e4hnlichen Produkten auf dem Markt in Bezug auf ihre sechseckige Form, \u00fcblichen Farben, sichere und langlebige Materialien und recycelbar Stil. Diese Kerzengef\u00e4\u00dfe sind so perfekt ausgewogen zwischen Sch\u00f6nheit und Funktionalit\u00e4t, dass sie nicht nur eine warme und romantische Atmosph\u00e4re zu Hause zu schaffen, sondern auch auf den Sinn des Hauses hinzuf\u00fcgen k\u00f6nnen.<\/p>","protected":false},"featured_media":7988,"comment_status":"closed","ping_status":"closed","template":"","meta":{"_acf_changed":false},"product_brand":[],"product_cat":[52],"product_tag":[66],"class_list":{"0":"post-7985","1":"product","2":"type-product","3":"status-publish","4":"has-post-thumbnail","6":"product_cat-wholesale-candle-containers","7":"product_tag-candle-jars-wholesale","9":"first","10":"instock","11":"shipping-taxable","12":"product-type-simple"},"acf":[],"_links":{"self":[{"href":"https:\/\/jinhuaceramic.com\/de\/wp-json\/wp\/v2\/product\/7985","targetHints":{"allow":["GET"]}}],"collection":[{"href":"https:\/\/jinhuaceramic.com\/de\/wp-json\/wp\/v2\/product"}],"about":[{"href":"https:\/\/jinhuaceramic.com\/de\/wp-json\/wp\/v2\/types\/product"}],"replies":[{"embeddable":true,"href":"https:\/\/jinhuaceramic.com\/de\/wp-json\/wp\/v2\/comments?post=7985"}],"version-history":[{"count":0,"href":"https:\/\/jinhuaceramic.com\/de\/wp-json\/wp\/v2\/product\/7985\/revisions"}],"wp:featuredmedia":[{"embeddable":true,"href":"https:\/\/jinhuaceramic.com\/de\/wp-json\/wp\/v2\/media\/7988"}],"wp:attachment":[{"href":"https:\/\/jinhuaceramic.com\/de\/wp-json\/wp\/v2\/media?parent=7985"}],"wp:term":[{"taxonomy":"product_brand","embeddable":true,"href":"https:\/\/jinhuaceramic.com\/de\/wp-json\/wp\/v2\/product_brand?post=7985"},{"taxonomy":"product_cat","embeddable":true,"href":"https:\/\/jinhuaceramic.com\/de\/wp-json\/wp\/v2\/product_cat?post=7985"},{"taxonomy":"product_tag","embeddable":true,"href":"https:\/\/jinhuaceramic.com\/de\/wp-json\/wp\/v2\/product_tag?post=7985"}],"curies":[{"name":"wp","href":"https:\/\/api.w.org\/{rel}","templated":true}]}}