{"id":8000,"date":"2025-02-28T07:37:12","date_gmt":"2025-02-28T07:37:12","guid":{"rendered":"https:\/\/jinhuaceramic.com\/?post_type=product&#038;p=8000"},"modified":"2025-02-28T07:37:55","modified_gmt":"2025-02-28T07:37:55","slug":"wholesale-food-service-baking-pans","status":"publish","type":"product","link":"https:\/\/jinhuaceramic.com\/de\/product\/wholesale-food-service-baking-pans\/","title":{"rendered":"Gro\u00dfhandel Food Service Backformen, Keramik-Backformen Bulk"},"content":{"rendered":"<div class=\"wp-block-columns is-layout-flex wp-container-core-columns-is-layout-9d6595d7 wp-block-columns-is-layout-flex\">\n<div class=\"wp-block-column is-layout-flow wp-block-column-is-layout-flow\">\n<h3 class=\"wp-block-heading\">Premium Gro\u00dfhandel Food Service Backformen Merkmale:<\/h3>\n\n\n\n<ul class=\"wp-block-list\">\n<li><strong>Minimalistischer Stil: <\/strong>Diese ma\u00dfgeschneiderten Backformen f\u00fcr die Gastronomie haben eine schlichte Gesamterscheinung, ein schlankes Profil und keine unn\u00f6tig knalligen Verzierungen, was dem Geschmack der modernen Zeit entspricht. Der Holzdeckel ist der nat\u00fcrliche Charme der Backform.<\/li>\n\n\n\n<li><strong>Hervorragende Qualit\u00e4t des Materials: <\/strong>Der Hauptk\u00f6rper dieser gro\u00dfen Keramik-Backformen ist aus hochwertigem Keramikmaterial gefertigt, das robust ist und sich beim Backen bei hohen Temperaturen nicht verformt. Der Deckel ist aus hochwertigem Holzrohstoff gefertigt, der gesund und sicher ist.<\/li>\n\n\n\n<li><strong>Hohe Praktikabilit\u00e4t: <\/strong>Die Dicke und L\u00e4nge unserer Gro\u00dfhandels-Backformen sind so konzipiert, dass sie jede Art von Backwaren aufnehmen k\u00f6nnen, z. B. gebackenen Reis, gebratenes Gem\u00fcse, gebratenes Fleisch usw. Diese Backformen sind nicht nur ofenfest, sondern auch mikrowellen- und sp\u00fclmaschinengeeignet, sodass sie sehr einfach zu handhaben sind.<\/li>\n\n\n\n<li><strong>Funktioneller Deckel: <\/strong>Diese Gro\u00dfhandels-Keramik-Backformen werden mit einem multifunktionalen Holzdeckel geliefert, der nicht nur die W\u00e4rme der Speisen aufrechterh\u00e4lt, sondern auch als Barriere gegen Spritzer beim Backen dient. Er dient sogar als Topflappen oder Serviertablett, und die Backform wird noch praktischer.<\/li>\n<\/ul>\n<\/div>\n\n\n\n<div class=\"wp-block-column is-layout-flow wp-block-column-is-layout-flow\">\n<figure class=\"wp-block-image size-full\"><img fetchpriority=\"high\" decoding=\"async\" width=\"510\" height=\"510\" src=\"https:\/\/jinhuaceramic.com\/wp-content\/uploads\/2025\/02\/Wholesale-Ceramic-Baking-Dish-With-Wooden-Lid-Custom-Bakeware-2.webp\" alt=\"Gro\u00dfhandel Food Service Backformen, Keramik-Backformen Bulk-7\" class=\"wp-image-8001\" srcset=\"https:\/\/jinhuaceramic.com\/wp-content\/uploads\/2025\/02\/Wholesale-Ceramic-Baking-Dish-With-Wooden-Lid-Custom-Bakeware-2.webp 510w, https:\/\/jinhuaceramic.com\/wp-content\/uploads\/2025\/02\/Wholesale-Ceramic-Baking-Dish-With-Wooden-Lid-Custom-Bakeware-2-300x300.webp 300w, https:\/\/jinhuaceramic.com\/wp-content\/uploads\/2025\/02\/Wholesale-Ceramic-Baking-Dish-With-Wooden-Lid-Custom-Bakeware-2-150x150.webp 150w, https:\/\/jinhuaceramic.com\/wp-content\/uploads\/2025\/02\/Wholesale-Ceramic-Baking-Dish-With-Wooden-Lid-Custom-Bakeware-2-12x12.webp 12w, https:\/\/jinhuaceramic.com\/wp-content\/uploads\/2025\/02\/Wholesale-Ceramic-Baking-Dish-With-Wooden-Lid-Custom-Bakeware-2-285x285.webp 285w, https:\/\/jinhuaceramic.com\/wp-content\/uploads\/2025\/02\/Wholesale-Ceramic-Baking-Dish-With-Wooden-Lid-Custom-Bakeware-2-270x270.webp 270w\" sizes=\"(max-width: 510px) 100vw, 510px\" \/><\/figure>\n<\/div>\n<\/div>","protected":false},"excerpt":{"rendered":"<p>Willkommen beim Kauf von Backformen f\u00fcr die Gastronomie. Die Einzigartigkeit dieser Keramik-Backformen in gro\u00dfen Mengen liegt in der geschickten Kombination von Keramik- und Holzmaterialien, dem minimalistischen und modernen Design und den funktionalen Deckeln. Durch die Kombination von \u00c4sthetik und Zweckm\u00e4\u00dfigkeit verleihen diese Backformen mit Deckel der K\u00fcche und dem Esstisch eine einzigartige Note.<\/p>","protected":false},"featured_media":8003,"comment_status":"closed","ping_status":"closed","template":"","meta":{"_acf_changed":false},"product_brand":[],"product_cat":[53],"product_tag":[71],"class_list":{"0":"post-8000","1":"product","2":"type-product","3":"status-publish","4":"has-post-thumbnail","6":"product_cat-bakeware-in-bulk","7":"product_tag-wholesale-baking-pans","9":"first","10":"instock","11":"shipping-taxable","12":"product-type-simple"},"acf":[],"_links":{"self":[{"href":"https:\/\/jinhuaceramic.com\/de\/wp-json\/wp\/v2\/product\/8000","targetHints":{"allow":["GET"]}}],"collection":[{"href":"https:\/\/jinhuaceramic.com\/de\/wp-json\/wp\/v2\/product"}],"about":[{"href":"https:\/\/jinhuaceramic.com\/de\/wp-json\/wp\/v2\/types\/product"}],"replies":[{"embeddable":true,"href":"https:\/\/jinhuaceramic.com\/de\/wp-json\/wp\/v2\/comments?post=8000"}],"version-history":[{"count":0,"href":"https:\/\/jinhuaceramic.com\/de\/wp-json\/wp\/v2\/product\/8000\/revisions"}],"wp:featuredmedia":[{"embeddable":true,"href":"https:\/\/jinhuaceramic.com\/de\/wp-json\/wp\/v2\/media\/8003"}],"wp:attachment":[{"href":"https:\/\/jinhuaceramic.com\/de\/wp-json\/wp\/v2\/media?parent=8000"}],"wp:term":[{"taxonomy":"product_brand","embeddable":true,"href":"https:\/\/jinhuaceramic.com\/de\/wp-json\/wp\/v2\/product_brand?post=8000"},{"taxonomy":"product_cat","embeddable":true,"href":"https:\/\/jinhuaceramic.com\/de\/wp-json\/wp\/v2\/product_cat?post=8000"},{"taxonomy":"product_tag","embeddable":true,"href":"https:\/\/jinhuaceramic.com\/de\/wp-json\/wp\/v2\/product_tag?post=8000"}],"curies":[{"name":"wp","href":"https:\/\/api.w.org\/{rel}","templated":true}]}}