{"id":8009,"date":"2025-02-28T07:14:24","date_gmt":"2025-02-28T07:14:24","guid":{"rendered":"https:\/\/jinhuaceramic.com\/?post_type=product&#038;p=8009"},"modified":"2025-02-28T07:14:27","modified_gmt":"2025-02-28T07:14:27","slug":"tableware-wholesale","status":"publish","type":"product","link":"https:\/\/jinhuaceramic.com\/de\/product\/tableware-wholesale\/","title":{"rendered":"Mattschwarzes Tafelgeschirr Gro\u00dfhandel, Restaurant Geschirr Sets"},"content":{"rendered":"<div class=\"wp-block-columns is-layout-flex wp-container-core-columns-is-layout-9d6595d7 wp-block-columns-is-layout-flex\">\n<div class=\"wp-block-column is-layout-flow wp-block-column-is-layout-flow\">\n<h3 class=\"wp-block-heading\">Premium-Geschirr Gro\u00dfhandel Merkmale:<\/h3>\n\n\n\n<ul class=\"wp-block-list\">\n<li><strong>Einfache Form:<\/strong> Das Design dieses Keramikgeschirrs im Gro\u00dfhandel ist einfach und nicht zu sehr mit komplizierten Details verziert, was der Intention der heutigen Zeit entspricht. Der Rand der Teller und Schalen sind flach, leicht abgerundet, und die Form ist rund, damit die Menschen f\u00fchlen sich entspannt.<\/li>\n\n\n\n<li><strong>Schwarz gesprenkelt Textur: <\/strong>Diese Geschirrsets f\u00fcr die Gastronomie zeichnen sich durch geheimnisvolle und ruhige mattschwarze Farbt\u00f6ne aus, die im Vergleich zu gl\u00e4nzenden Oberfl\u00e4chen weniger auff\u00e4llig und raffiniert sind. Die Oberfl\u00e4che des Geschirrs ist seidig gesprenkelt und verleiht der Textur und der Schichtung des Geschirrs Raffinesse und zeigt ein gehobenes Aussehen.<\/li>\n\n\n\n<li><strong>Hochwertiges Material: <\/strong>Unsere Keramik-Geschirr Gro\u00dfhandel sind mit hochwertigen keramischen Material, das bei hoher Temperatur gebrannt wird, und hat eine verbesserte Hitzebest\u00e4ndigkeit und Haltbarkeit hergestellt. Keramisches Material ist sicher und gesund, ohne giftige Elemente wie Blei und Cadmium, und ist sicher f\u00fcr den Einsatz.<\/li>\n\n\n\n<li><strong>Starke Praktikabilit\u00e4t: <\/strong>Diese Geschirrsets f\u00fcr die Gastronomie umfassen eine Sch\u00fcssel und zwei Teller in verschiedenen Gr\u00f6\u00dfen, die ausreichen, um verschiedene Mengen an Hauptgerichten, Beilagen, Reis, Suppe usw. f\u00fcr die t\u00e4glichen Mahlzeiten bereitzustellen. Unsere Gro\u00dfhandelsgeschirrsets k\u00f6nnen f\u00fcr t\u00e4gliche Haushaltsmahlzeiten und Bankette verwendet werden.<\/li>\n<\/ul>\n<\/div>\n\n\n\n<div class=\"wp-block-column is-layout-flow wp-block-column-is-layout-flow\">\n<figure class=\"wp-block-image size-full\"><img fetchpriority=\"high\" decoding=\"async\" width=\"1500\" height=\"1500\" src=\"https:\/\/jinhuaceramic.com\/wp-content\/uploads\/2025\/02\/Matte-Black-Wholesale-Tableware-Dinner-Services-Custom-Dinnerware.webp\" alt=\"Mattes schwarzes Geschirr Gro\u00dfhandel, Restaurant Geschirr-Sets-1\" class=\"wp-image-8016\" srcset=\"https:\/\/jinhuaceramic.com\/wp-content\/uploads\/2025\/02\/Matte-Black-Wholesale-Tableware-Dinner-Services-Custom-Dinnerware.webp 1500w, https:\/\/jinhuaceramic.com\/wp-content\/uploads\/2025\/02\/Matte-Black-Wholesale-Tableware-Dinner-Services-Custom-Dinnerware-300x300.webp 300w, https:\/\/jinhuaceramic.com\/wp-content\/uploads\/2025\/02\/Matte-Black-Wholesale-Tableware-Dinner-Services-Custom-Dinnerware-150x150.webp 150w, https:\/\/jinhuaceramic.com\/wp-content\/uploads\/2025\/02\/Matte-Black-Wholesale-Tableware-Dinner-Services-Custom-Dinnerware-768x768.webp 768w, https:\/\/jinhuaceramic.com\/wp-content\/uploads\/2025\/02\/Matte-Black-Wholesale-Tableware-Dinner-Services-Custom-Dinnerware-12x12.webp 12w, https:\/\/jinhuaceramic.com\/wp-content\/uploads\/2025\/02\/Matte-Black-Wholesale-Tableware-Dinner-Services-Custom-Dinnerware-285x285.webp 285w, https:\/\/jinhuaceramic.com\/wp-content\/uploads\/2025\/02\/Matte-Black-Wholesale-Tableware-Dinner-Services-Custom-Dinnerware-270x270.webp 270w, https:\/\/jinhuaceramic.com\/wp-content\/uploads\/2025\/02\/Matte-Black-Wholesale-Tableware-Dinner-Services-Custom-Dinnerware-540x540.webp 540w, https:\/\/jinhuaceramic.com\/wp-content\/uploads\/2025\/02\/Matte-Black-Wholesale-Tableware-Dinner-Services-Custom-Dinnerware-660x660.webp 660w\" sizes=\"(max-width: 1500px) 100vw, 1500px\" \/><\/figure>\n<\/div>\n<\/div>","protected":false},"excerpt":{"rendered":"<p>Willkommen im Restaurant Versorgung Geschirr-Sets zu kaufen. Die Einzigartigkeit dieser mattschwarzen Keramik-Geschirr Gro\u00dfhandel liegt in der hochwertigen matten T\u00f6nen, exquisite gesprenkelt Texturen, langlebige keramische Materialien und gute Praktikabilit\u00e4t.<\/p>","protected":false},"featured_media":8015,"comment_status":"closed","ping_status":"closed","template":"","meta":{"_acf_changed":false},"product_brand":[],"product_cat":[83,54],"product_tag":[],"class_list":{"0":"post-8009","1":"product","2":"type-product","3":"status-publish","4":"has-post-thumbnail","6":"product_cat-wholesale-dinnerware-sets","7":"product_cat-tableware-wholesale","9":"first","10":"instock","11":"shipping-taxable","12":"product-type-simple"},"acf":[],"_links":{"self":[{"href":"https:\/\/jinhuaceramic.com\/de\/wp-json\/wp\/v2\/product\/8009","targetHints":{"allow":["GET"]}}],"collection":[{"href":"https:\/\/jinhuaceramic.com\/de\/wp-json\/wp\/v2\/product"}],"about":[{"href":"https:\/\/jinhuaceramic.com\/de\/wp-json\/wp\/v2\/types\/product"}],"replies":[{"embeddable":true,"href":"https:\/\/jinhuaceramic.com\/de\/wp-json\/wp\/v2\/comments?post=8009"}],"version-history":[{"count":0,"href":"https:\/\/jinhuaceramic.com\/de\/wp-json\/wp\/v2\/product\/8009\/revisions"}],"wp:featuredmedia":[{"embeddable":true,"href":"https:\/\/jinhuaceramic.com\/de\/wp-json\/wp\/v2\/media\/8015"}],"wp:attachment":[{"href":"https:\/\/jinhuaceramic.com\/de\/wp-json\/wp\/v2\/media?parent=8009"}],"wp:term":[{"taxonomy":"product_brand","embeddable":true,"href":"https:\/\/jinhuaceramic.com\/de\/wp-json\/wp\/v2\/product_brand?post=8009"},{"taxonomy":"product_cat","embeddable":true,"href":"https:\/\/jinhuaceramic.com\/de\/wp-json\/wp\/v2\/product_cat?post=8009"},{"taxonomy":"product_tag","embeddable":true,"href":"https:\/\/jinhuaceramic.com\/de\/wp-json\/wp\/v2\/product_tag?post=8009"}],"curies":[{"name":"wp","href":"https:\/\/api.w.org\/{rel}","templated":true}]}}