{"id":8035,"date":"2025-03-03T07:58:34","date_gmt":"2025-03-03T07:58:34","guid":{"rendered":"https:\/\/jinhuaceramic.com\/?post_type=product&#038;p=8035"},"modified":"2025-03-03T08:36:31","modified_gmt":"2025-03-03T08:36:31","slug":"baking-pan-customized","status":"publish","type":"product","link":"https:\/\/jinhuaceramic.com\/de\/product\/baking-pan-customized\/","title":{"rendered":"Wei\u00dfe Keramik-Backform angepasst, Gro\u00dfhandel Backformen f\u00fcr Food Service"},"content":{"rendered":"<div class=\"wp-block-columns is-layout-flex wp-container-core-columns-is-layout-9d6595d7 wp-block-columns-is-layout-flex\">\n<div class=\"wp-block-column is-layout-flow wp-block-column-is-layout-flow\">\n<h3 class=\"wp-block-heading\">Premium White Ceramic Baking Pan Customized Features:<\/h3>\n\n\n\n<ul class=\"wp-block-list\">\n<li><strong>Elegantes Design:<\/strong> The overall design of this baking pan customized is sophisticated and minimalist, and the clean white color makes it a multi-tool in the kitchen. The edges and sides are designed with irregular wave patterns, which is not only beautiful but also gives the baking pan added anti-slip properties when in use.<\/li>\n\n\n\n<li><strong>Hochwertiges Material:<\/strong> These good-quality wholesale bakeware items possess identical thermal conductivity, which can heat food evenly and avoid local overheating. Ceramic material is safe, non-toxic, will cause no harm to the human body, and may be used safely.<\/li>\n\n\n\n<li><strong>Detaillierter Entwurf:<\/strong> The baking pan customized has a refined and advanced design, and the pure white color gives it the capability of matching any kitchen. The sides and edges of the pan have non-even wave patterns, which is not just beautiful but also gives the baking pan a greater level of anti-slip functionality when in use.<\/li>\n\n\n\n<li><strong>Leicht zu reinigen:<\/strong> These wholesale bakeware items have a smooth glaze that is resistant to food residue and simple to clean with detergent and water only or in the dishwasher.<\/li>\n<\/ul>\n<\/div>\n\n\n\n<div class=\"wp-block-column is-layout-flow wp-block-column-is-layout-flow\">\n<figure class=\"wp-block-image size-full\"><img fetchpriority=\"high\" decoding=\"async\" width=\"1600\" height=\"1600\" src=\"https:\/\/jinhuaceramic.com\/wp-content\/uploads\/2025\/03\/White-Ceramic-Custom-Baking-Pans-Wholesale-Bakeware-For-Food-Service.webp\" alt=\"Wei\u00dfe keramische Backform ma\u00dfgeschneidert, Gro\u00dfhandel Backformen f\u00fcr Food Service-1\" class=\"wp-image-8042\" srcset=\"https:\/\/jinhuaceramic.com\/wp-content\/uploads\/2025\/03\/White-Ceramic-Custom-Baking-Pans-Wholesale-Bakeware-For-Food-Service.webp 1600w, https:\/\/jinhuaceramic.com\/wp-content\/uploads\/2025\/03\/White-Ceramic-Custom-Baking-Pans-Wholesale-Bakeware-For-Food-Service-300x300.webp 300w, https:\/\/jinhuaceramic.com\/wp-content\/uploads\/2025\/03\/White-Ceramic-Custom-Baking-Pans-Wholesale-Bakeware-For-Food-Service-150x150.webp 150w, https:\/\/jinhuaceramic.com\/wp-content\/uploads\/2025\/03\/White-Ceramic-Custom-Baking-Pans-Wholesale-Bakeware-For-Food-Service-768x768.webp 768w, https:\/\/jinhuaceramic.com\/wp-content\/uploads\/2025\/03\/White-Ceramic-Custom-Baking-Pans-Wholesale-Bakeware-For-Food-Service-12x12.webp 12w, https:\/\/jinhuaceramic.com\/wp-content\/uploads\/2025\/03\/White-Ceramic-Custom-Baking-Pans-Wholesale-Bakeware-For-Food-Service-285x285.webp 285w, https:\/\/jinhuaceramic.com\/wp-content\/uploads\/2025\/03\/White-Ceramic-Custom-Baking-Pans-Wholesale-Bakeware-For-Food-Service-270x270.webp 270w, https:\/\/jinhuaceramic.com\/wp-content\/uploads\/2025\/03\/White-Ceramic-Custom-Baking-Pans-Wholesale-Bakeware-For-Food-Service-540x540.webp 540w, https:\/\/jinhuaceramic.com\/wp-content\/uploads\/2025\/03\/White-Ceramic-Custom-Baking-Pans-Wholesale-Bakeware-For-Food-Service-660x660.webp 660w\" sizes=\"(max-width: 1600px) 100vw, 1600px\" \/><\/figure>\n<\/div>\n<\/div>","protected":false},"excerpt":{"rendered":"<p>Welcome to purchase our wholesale bakerware.This baking pan customized has a simple and elegant appearance and is made of high-quality ceramic material with exquisite detail design and easy cleaning. Not only have a good baking performance, but it can also be placed directly on the dining table to improve the presentation of dishes, combining beauty and practicality.<\/p>","protected":false},"featured_media":8041,"comment_status":"closed","ping_status":"closed","template":"","meta":{"_acf_changed":false},"product_brand":[],"product_cat":[53],"product_tag":[71],"class_list":{"0":"post-8035","1":"product","2":"type-product","3":"status-publish","4":"has-post-thumbnail","6":"product_cat-bakeware-in-bulk","7":"product_tag-wholesale-baking-pans","9":"first","10":"instock","11":"shipping-taxable","12":"product-type-simple"},"acf":[],"_links":{"self":[{"href":"https:\/\/jinhuaceramic.com\/de\/wp-json\/wp\/v2\/product\/8035","targetHints":{"allow":["GET"]}}],"collection":[{"href":"https:\/\/jinhuaceramic.com\/de\/wp-json\/wp\/v2\/product"}],"about":[{"href":"https:\/\/jinhuaceramic.com\/de\/wp-json\/wp\/v2\/types\/product"}],"replies":[{"embeddable":true,"href":"https:\/\/jinhuaceramic.com\/de\/wp-json\/wp\/v2\/comments?post=8035"}],"version-history":[{"count":0,"href":"https:\/\/jinhuaceramic.com\/de\/wp-json\/wp\/v2\/product\/8035\/revisions"}],"wp:featuredmedia":[{"embeddable":true,"href":"https:\/\/jinhuaceramic.com\/de\/wp-json\/wp\/v2\/media\/8041"}],"wp:attachment":[{"href":"https:\/\/jinhuaceramic.com\/de\/wp-json\/wp\/v2\/media?parent=8035"}],"wp:term":[{"taxonomy":"product_brand","embeddable":true,"href":"https:\/\/jinhuaceramic.com\/de\/wp-json\/wp\/v2\/product_brand?post=8035"},{"taxonomy":"product_cat","embeddable":true,"href":"https:\/\/jinhuaceramic.com\/de\/wp-json\/wp\/v2\/product_cat?post=8035"},{"taxonomy":"product_tag","embeddable":true,"href":"https:\/\/jinhuaceramic.com\/de\/wp-json\/wp\/v2\/product_tag?post=8035"}],"curies":[{"name":"wp","href":"https:\/\/api.w.org\/{rel}","templated":true}]}}