{"id":8064,"date":"2025-03-06T08:07:22","date_gmt":"2025-03-06T08:07:22","guid":{"rendered":"https:\/\/jinhuaceramic.com\/?post_type=product&#038;p=8064"},"modified":"2025-03-06T08:07:23","modified_gmt":"2025-03-06T08:07:23","slug":"custom-tableware","status":"publish","type":"product","link":"https:\/\/jinhuaceramic.com\/de\/product\/custom-tableware\/","title":{"rendered":"Off-White Custom Tableware, Gro\u00dfhandel Geschirr-Sets Dienstleistungen"},"content":{"rendered":"<div class=\"wp-block-columns is-layout-flex wp-container-core-columns-is-layout-9d6595d7 wp-block-columns-is-layout-flex\">\n<div class=\"wp-block-column is-layout-flow wp-block-column-is-layout-flow\">\n<h3 class=\"wp-block-heading\">Premium Off-White Custom Tableware Merkmale:<\/h3>\n\n\n\n<ul class=\"wp-block-list\">\n<li><strong>Elegantes Design: <\/strong>Dieses individuelle Geschirr ist zierlich und cremefarben, was den Menschen ein Gef\u00fchl von W\u00e4rme und Sch\u00f6nheit vermittelt. Ausgepr\u00e4gte Blattstrukturen am Rand des Geschirrs sorgen f\u00fcr eine zus\u00e4tzliche optische Auflockerung. Bei der Verwendung verleiht es dem Essen einen rituellen Charakter und macht das gew\u00f6hnliche Essen stilvoller.<\/li>\n\n\n\n<li><strong>Dauerhaftes keramisches Material:<\/strong> Diese Gro\u00dfhandelsgeschirrsets werden aus hochwertigen Keramikmaterialien hergestellt, die bei hohen Temperaturen verwendet werden. Sie sind haltbar und langlebig und k\u00f6nnen einigem Verschlei\u00df und Zusammenst\u00f6\u00dfen standhalten. Bei normalem Gebrauch und Pflege, k\u00f6nnen sie f\u00fcr eine lange Zeit dauern.<\/li>\n\n\n\n<li><strong>Vielseitigkeit:<\/strong> Diese Gro\u00dfhandelsgeschirrsets haben Teller in verschiedenen Formen und Gr\u00f6\u00dfen, gro\u00dfe tiefe Teller, kleine Teller und Tassen, die den Anforderungen an das Servieren verschiedener Speisen und Getr\u00e4nke gerecht werden. Sie sind f\u00fcr verschiedene Anl\u00e4sse geeignet, sei es f\u00fcr den t\u00e4glichen Gebrauch oder f\u00fcr den Empfang von G\u00e4sten.<\/li>\n\n\n\n<li><strong>Leicht zu reinigen:<\/strong> Dieses hochwertige, individuell gestaltete Geschirr verf\u00fcgt \u00fcber eine seidenglatte Glasur. Essensreste und Flecken k\u00f6nnen sich nur schwer festsetzen und lassen sich nach den Mahlzeiten problemlos mit frischem Wasser und ein paar Tropfen Sp\u00fclmittel abwaschen.<\/li>\n<\/ul>\n<\/div>\n\n\n\n<div class=\"wp-block-column is-layout-flow wp-block-column-is-layout-flow\">\n<figure class=\"wp-block-image size-full\"><img fetchpriority=\"high\" decoding=\"async\" width=\"1600\" height=\"1600\" src=\"https:\/\/jinhuaceramic.com\/wp-content\/uploads\/2025\/03\/Off-White-Wholesale-Tableware-Crockery-Set-Deals-Dinner-Services-2.webp\" alt=\"Off-White Custom Geschirr, Gro\u00dfhandel Geschirr-Sets Services-1\" class=\"wp-image-8065\" srcset=\"https:\/\/jinhuaceramic.com\/wp-content\/uploads\/2025\/03\/Off-White-Wholesale-Tableware-Crockery-Set-Deals-Dinner-Services-2.webp 1600w, https:\/\/jinhuaceramic.com\/wp-content\/uploads\/2025\/03\/Off-White-Wholesale-Tableware-Crockery-Set-Deals-Dinner-Services-2-300x300.webp 300w, https:\/\/jinhuaceramic.com\/wp-content\/uploads\/2025\/03\/Off-White-Wholesale-Tableware-Crockery-Set-Deals-Dinner-Services-2-150x150.webp 150w, https:\/\/jinhuaceramic.com\/wp-content\/uploads\/2025\/03\/Off-White-Wholesale-Tableware-Crockery-Set-Deals-Dinner-Services-2-768x768.webp 768w, https:\/\/jinhuaceramic.com\/wp-content\/uploads\/2025\/03\/Off-White-Wholesale-Tableware-Crockery-Set-Deals-Dinner-Services-2-12x12.webp 12w, https:\/\/jinhuaceramic.com\/wp-content\/uploads\/2025\/03\/Off-White-Wholesale-Tableware-Crockery-Set-Deals-Dinner-Services-2-285x285.webp 285w, https:\/\/jinhuaceramic.com\/wp-content\/uploads\/2025\/03\/Off-White-Wholesale-Tableware-Crockery-Set-Deals-Dinner-Services-2-270x270.webp 270w, https:\/\/jinhuaceramic.com\/wp-content\/uploads\/2025\/03\/Off-White-Wholesale-Tableware-Crockery-Set-Deals-Dinner-Services-2-540x540.webp 540w, https:\/\/jinhuaceramic.com\/wp-content\/uploads\/2025\/03\/Off-White-Wholesale-Tableware-Crockery-Set-Deals-Dinner-Services-2-660x660.webp 660w\" sizes=\"(max-width: 1600px) 100vw, 1600px\" \/><\/figure>\n<\/div>\n<\/div>","protected":false},"excerpt":{"rendered":"<p>Willkommen zum Kauf unseres kundenspezifischen Geschirrs. Diese Gro\u00dfhandelsgeschirrsets werden von den Kunden auf dem Markt wegen ihres schlichten und sch\u00f6nen Aussehens, ihrer Haltbarkeit durch das keramische Material, ihrer Flexibilit\u00e4t und ihrer m\u00fchelosen Reinigung geliebt. Durch die Kombination von Aussehen und Funktion werden diese Keramikgeschirrsets zu einem sch\u00f6nen Mittelpunkt auf dem Tisch und tragen zu einem besseren Essvergn\u00fcgen bei.<\/p>","protected":false},"featured_media":8067,"comment_status":"closed","ping_status":"closed","template":"","meta":{"_acf_changed":false},"product_brand":[],"product_cat":[83,54],"product_tag":[],"class_list":{"0":"post-8064","1":"product","2":"type-product","3":"status-publish","4":"has-post-thumbnail","6":"product_cat-wholesale-dinnerware-sets","7":"product_cat-tableware-wholesale","9":"first","10":"instock","11":"shipping-taxable","12":"product-type-simple"},"acf":[],"_links":{"self":[{"href":"https:\/\/jinhuaceramic.com\/de\/wp-json\/wp\/v2\/product\/8064","targetHints":{"allow":["GET"]}}],"collection":[{"href":"https:\/\/jinhuaceramic.com\/de\/wp-json\/wp\/v2\/product"}],"about":[{"href":"https:\/\/jinhuaceramic.com\/de\/wp-json\/wp\/v2\/types\/product"}],"replies":[{"embeddable":true,"href":"https:\/\/jinhuaceramic.com\/de\/wp-json\/wp\/v2\/comments?post=8064"}],"version-history":[{"count":0,"href":"https:\/\/jinhuaceramic.com\/de\/wp-json\/wp\/v2\/product\/8064\/revisions"}],"wp:featuredmedia":[{"embeddable":true,"href":"https:\/\/jinhuaceramic.com\/de\/wp-json\/wp\/v2\/media\/8067"}],"wp:attachment":[{"href":"https:\/\/jinhuaceramic.com\/de\/wp-json\/wp\/v2\/media?parent=8064"}],"wp:term":[{"taxonomy":"product_brand","embeddable":true,"href":"https:\/\/jinhuaceramic.com\/de\/wp-json\/wp\/v2\/product_brand?post=8064"},{"taxonomy":"product_cat","embeddable":true,"href":"https:\/\/jinhuaceramic.com\/de\/wp-json\/wp\/v2\/product_cat?post=8064"},{"taxonomy":"product_tag","embeddable":true,"href":"https:\/\/jinhuaceramic.com\/de\/wp-json\/wp\/v2\/product_tag?post=8064"}],"curies":[{"name":"wp","href":"https:\/\/api.w.org\/{rel}","templated":true}]}}