{"id":8075,"date":"2025-03-06T08:33:02","date_gmt":"2025-03-06T08:33:02","guid":{"rendered":"https:\/\/jinhuaceramic.com\/?post_type=product&#038;p=8075"},"modified":"2025-03-06T08:34:22","modified_gmt":"2025-03-06T08:34:22","slug":"custom-dinnerware-sets","status":"publish","type":"product","link":"https:\/\/jinhuaceramic.com\/de\/product\/custom-dinnerware-sets\/","title":{"rendered":"High-End benutzerdefinierte Geschirr-Sets, Gro\u00dfhandel Geschirr Service f\u00fcr 8"},"content":{"rendered":"<div class=\"wp-block-columns is-layout-flex wp-container-core-columns-is-layout-9d6595d7 wp-block-columns-is-layout-flex\">\n<div class=\"wp-block-column is-layout-flow wp-block-column-is-layout-flow\">\n<h3 class=\"wp-block-heading\">Premium High-End Custom Geschirr Sets Eigenschaften:<\/h3>\n\n\n\n<ul class=\"wp-block-list\">\n<li><strong>Rustikales Design:<\/strong> Dieses Gro\u00dfhandelsgeschirr ist in sanftem Beige gehalten und hat eine nat\u00fcrliche Struktur, die ihm ein rustikales, hochwertiges Aussehen verleiht. Die flie\u00dfenden Linien der Teller und Schalen, die sanft gewellten R\u00e4nder und die subtilen Farbabstufungen erzeugen einen Eindruck von visueller Tiefe und werten die Tischdekoration in einer Vielzahl von Einrichtungsstilen auf.<\/li>\n\n\n\n<li><strong>Hochwertiges Material:<\/strong> Diese individuellen Geschirrsets sind aus hochwertigem Keramikmaterial hergestellt, das verschlei\u00dffest ist und nicht so leicht verkratzt. Keramik kann die Temperatur von Lebensmitteln \u00fcber einen l\u00e4ngeren Zeitraum halten, so dass die Gerichte f\u00fcr einige Zeit die richtige Temperatur zum Essen beibehalten k\u00f6nnen.<\/li>\n\n\n\n<li><strong>Praktikabilit\u00e4t: <\/strong>Das Gro\u00dfhandelsgeschirr aus Keramik gibt es in verschiedenen Gr\u00f6\u00dfen. Gro\u00dfe Teller k\u00f6nnen f\u00fcr Hauptgerichte, kleine Teller f\u00fcr Beilagen oder Snacks und Sch\u00fcsseln f\u00fcr Ramen, M\u00fcsli, Suppe, Reis usw. verwendet werden, um den unterschiedlichen Bed\u00fcrfnissen der t\u00e4glichen Mahlzeiten gerecht zu werden.<\/li>\n\n\n\n<li><strong>Breite Anwendbarkeit:<\/strong> Diese individuell gestalteten Geschirrsets vereinen perfekt Funktionalit\u00e4t und \u00c4sthetik und lassen sich problemlos bei den t\u00e4glichen Familienmahlzeiten oder bei Banketten mit guten Freunden verwenden. Ob Sie es selbst benutzen oder verschenken, es ist die beste Wahl.<\/li>\n<\/ul>\n<\/div>\n\n\n\n<div class=\"wp-block-column is-layout-flow wp-block-column-is-layout-flow\">\n<figure class=\"wp-block-image size-full\"><img fetchpriority=\"high\" decoding=\"async\" width=\"1000\" height=\"1000\" src=\"https:\/\/jinhuaceramic.com\/wp-content\/uploads\/2025\/03\/High-End-Custom-Tableware-Wholesale-Dinnerware-Set-Service-For-8-3.webp\" alt=\"High-End benutzerdefinierte Geschirr-Sets, Gro\u00dfhandel Geschirr Service f\u00fcr 8-1\" class=\"wp-image-8077\" srcset=\"https:\/\/jinhuaceramic.com\/wp-content\/uploads\/2025\/03\/High-End-Custom-Tableware-Wholesale-Dinnerware-Set-Service-For-8-3.webp 1000w, https:\/\/jinhuaceramic.com\/wp-content\/uploads\/2025\/03\/High-End-Custom-Tableware-Wholesale-Dinnerware-Set-Service-For-8-3-300x300.webp 300w, https:\/\/jinhuaceramic.com\/wp-content\/uploads\/2025\/03\/High-End-Custom-Tableware-Wholesale-Dinnerware-Set-Service-For-8-3-150x150.webp 150w, https:\/\/jinhuaceramic.com\/wp-content\/uploads\/2025\/03\/High-End-Custom-Tableware-Wholesale-Dinnerware-Set-Service-For-8-3-768x768.webp 768w, https:\/\/jinhuaceramic.com\/wp-content\/uploads\/2025\/03\/High-End-Custom-Tableware-Wholesale-Dinnerware-Set-Service-For-8-3-12x12.webp 12w, https:\/\/jinhuaceramic.com\/wp-content\/uploads\/2025\/03\/High-End-Custom-Tableware-Wholesale-Dinnerware-Set-Service-For-8-3-285x285.webp 285w, https:\/\/jinhuaceramic.com\/wp-content\/uploads\/2025\/03\/High-End-Custom-Tableware-Wholesale-Dinnerware-Set-Service-For-8-3-270x270.webp 270w, https:\/\/jinhuaceramic.com\/wp-content\/uploads\/2025\/03\/High-End-Custom-Tableware-Wholesale-Dinnerware-Set-Service-For-8-3-540x540.webp 540w, https:\/\/jinhuaceramic.com\/wp-content\/uploads\/2025\/03\/High-End-Custom-Tableware-Wholesale-Dinnerware-Set-Service-For-8-3-660x660.webp 660w\" sizes=\"(max-width: 1000px) 100vw, 1000px\" \/><\/figure>\n<\/div>\n<\/div>","protected":false},"excerpt":{"rendered":"<p>Willkommen im Gro\u00dfhandel Geschirr zu kaufen. Diese hochwertigen, kundenspezifischen Geschirrsets zeichnen sich durch ihren einzigartigen Design-Charme in Bezug auf Aussehen, Material und Zweckm\u00e4\u00dfigkeit aus. Ihre Land und anspruchsvolle Design-Stil, Keramik Qualit\u00e4t Materialien und Flexibilit\u00e4t machen diese Geschirr ideal f\u00fcr zu Hause essen oder High-End-Catering-Einrichtungen.<\/p>","protected":false},"featured_media":8076,"comment_status":"closed","ping_status":"closed","template":"","meta":{"_acf_changed":false},"product_brand":[],"product_cat":[83,54],"product_tag":[],"class_list":{"0":"post-8075","1":"product","2":"type-product","3":"status-publish","4":"has-post-thumbnail","6":"product_cat-wholesale-dinnerware-sets","7":"product_cat-tableware-wholesale","9":"first","10":"instock","11":"shipping-taxable","12":"product-type-simple"},"acf":[],"_links":{"self":[{"href":"https:\/\/jinhuaceramic.com\/de\/wp-json\/wp\/v2\/product\/8075","targetHints":{"allow":["GET"]}}],"collection":[{"href":"https:\/\/jinhuaceramic.com\/de\/wp-json\/wp\/v2\/product"}],"about":[{"href":"https:\/\/jinhuaceramic.com\/de\/wp-json\/wp\/v2\/types\/product"}],"replies":[{"embeddable":true,"href":"https:\/\/jinhuaceramic.com\/de\/wp-json\/wp\/v2\/comments?post=8075"}],"version-history":[{"count":0,"href":"https:\/\/jinhuaceramic.com\/de\/wp-json\/wp\/v2\/product\/8075\/revisions"}],"wp:featuredmedia":[{"embeddable":true,"href":"https:\/\/jinhuaceramic.com\/de\/wp-json\/wp\/v2\/media\/8076"}],"wp:attachment":[{"href":"https:\/\/jinhuaceramic.com\/de\/wp-json\/wp\/v2\/media?parent=8075"}],"wp:term":[{"taxonomy":"product_brand","embeddable":true,"href":"https:\/\/jinhuaceramic.com\/de\/wp-json\/wp\/v2\/product_brand?post=8075"},{"taxonomy":"product_cat","embeddable":true,"href":"https:\/\/jinhuaceramic.com\/de\/wp-json\/wp\/v2\/product_cat?post=8075"},{"taxonomy":"product_tag","embeddable":true,"href":"https:\/\/jinhuaceramic.com\/de\/wp-json\/wp\/v2\/product_tag?post=8075"}],"curies":[{"name":"wp","href":"https:\/\/api.w.org\/{rel}","templated":true}]}}