{"id":8087,"date":"2025-03-06T09:10:09","date_gmt":"2025-03-06T09:10:09","guid":{"rendered":"https:\/\/jinhuaceramic.com\/?post_type=product&#038;p=8087"},"modified":"2025-03-06T09:10:11","modified_gmt":"2025-03-06T09:10:11","slug":"custom-dinnerware","status":"publish","type":"product","link":"https:\/\/jinhuaceramic.com\/de\/product\/custom-dinnerware\/","title":{"rendered":"Modernes benutzerdefiniertes Geschirr, Keramikteller und -sch\u00fcsseln im Gro\u00dfhandel"},"content":{"rendered":"<div class=\"wp-block-columns is-layout-flex wp-container-core-columns-is-layout-9d6595d7 wp-block-columns-is-layout-flex\">\n<div class=\"wp-block-column is-layout-flow wp-block-column-is-layout-flow\">\n<h3 class=\"wp-block-heading\">Hochwertiges modernes benutzerdefiniertes Geschirr Merkmale:<\/h3>\n\n\n\n<ul class=\"wp-block-list\">\n<li><strong>Modernes Design:<\/strong> Diese individuellen Geschirrsets sind gebrochen wei\u00df mit braunen R\u00e4ndern, haben einen modernen Kontrast, der einfach, aber warm ist und sehr gut zu verschiedenen Einrichtungsstilen passen kann. Die zus\u00e4tzlich gesprenkelte Glasur hebt die Sch\u00f6nheit des Geschirrs noch weiter hervor.<\/li>\n\n\n\n<li><strong>Langlebiges Material:<\/strong> Diese Teller und Sch\u00fcsseln im Gro\u00dfhandel bestehen aus hochwertiger Keramik, die langlebig ist und sich bei normalem Gebrauch nicht so leicht abnutzt und daher eine lange Lebensdauer hat. Das keramische Material ist sicher und ungiftig; es hat eine hohe Hitzetoleranz, ist schwer zu halten Geruch, und einfach zu reinigen.<\/li>\n\n\n\n<li><strong>Praktikabilit\u00e4t: <\/strong>Dieses individuelle Geschirr bietet Teller und Sch\u00fcsseln in verschiedenen Gr\u00f6\u00dfen f\u00fcr viele Anl\u00e4sse. Dieses Geschirr kann f\u00fcr ein Gesch\u00e4ftsbankett, ein Treffen von Freunden oder ein Familienessen geeignet sein.<\/li>\n\n\n\n<li><strong>Verbessern Sie die Qualit\u00e4t der Mahlzeiten:<\/strong> Diese Keramikteller und -schalen aus dem Gro\u00dfhandel sorgen mit ihrem besonderen Design und ihren erstklassigen Materialien f\u00fcr eine h\u00f6here Qualit\u00e4t beim Essen. Sie erm\u00f6glichen es dem Einzelnen, die Sch\u00f6nheit und den Lebensstandard w\u00e4hrend des Essens zu genie\u00dfen und gleichzeitig die Mindestanforderungen an das Essen zu erf\u00fcllen.<\/li>\n<\/ul>\n<\/div>\n\n\n\n<div class=\"wp-block-column is-layout-flow wp-block-column-is-layout-flow\">\n<figure class=\"wp-block-image size-full\"><img fetchpriority=\"high\" decoding=\"async\" width=\"1600\" height=\"1600\" src=\"https:\/\/jinhuaceramic.com\/wp-content\/uploads\/2025\/03\/Modern-Custom-Dinnerware-Set-Wholesale-Ceramic-Plates-Bulk-Tableware-2.webp\" alt=\"Modernes benutzerdefiniertes Geschirr, Keramikteller und Sch\u00fcsseln Gro\u00dfhandel-1\" class=\"wp-image-8088\" srcset=\"https:\/\/jinhuaceramic.com\/wp-content\/uploads\/2025\/03\/Modern-Custom-Dinnerware-Set-Wholesale-Ceramic-Plates-Bulk-Tableware-2.webp 1600w, https:\/\/jinhuaceramic.com\/wp-content\/uploads\/2025\/03\/Modern-Custom-Dinnerware-Set-Wholesale-Ceramic-Plates-Bulk-Tableware-2-300x300.webp 300w, https:\/\/jinhuaceramic.com\/wp-content\/uploads\/2025\/03\/Modern-Custom-Dinnerware-Set-Wholesale-Ceramic-Plates-Bulk-Tableware-2-150x150.webp 150w, https:\/\/jinhuaceramic.com\/wp-content\/uploads\/2025\/03\/Modern-Custom-Dinnerware-Set-Wholesale-Ceramic-Plates-Bulk-Tableware-2-768x768.webp 768w, https:\/\/jinhuaceramic.com\/wp-content\/uploads\/2025\/03\/Modern-Custom-Dinnerware-Set-Wholesale-Ceramic-Plates-Bulk-Tableware-2-12x12.webp 12w, https:\/\/jinhuaceramic.com\/wp-content\/uploads\/2025\/03\/Modern-Custom-Dinnerware-Set-Wholesale-Ceramic-Plates-Bulk-Tableware-2-285x285.webp 285w, https:\/\/jinhuaceramic.com\/wp-content\/uploads\/2025\/03\/Modern-Custom-Dinnerware-Set-Wholesale-Ceramic-Plates-Bulk-Tableware-2-270x270.webp 270w, https:\/\/jinhuaceramic.com\/wp-content\/uploads\/2025\/03\/Modern-Custom-Dinnerware-Set-Wholesale-Ceramic-Plates-Bulk-Tableware-2-540x540.webp 540w, https:\/\/jinhuaceramic.com\/wp-content\/uploads\/2025\/03\/Modern-Custom-Dinnerware-Set-Wholesale-Ceramic-Plates-Bulk-Tableware-2-660x660.webp 660w\" sizes=\"(max-width: 1600px) 100vw, 1600px\" \/><\/figure>\n<\/div>\n<\/div>","protected":false},"excerpt":{"rendered":"<p>Herzlich willkommen zum Kauf unseres ma\u00dfgeschneiderten Geschirrs. Diese Keramikteller und -schalen sind wegen ihres schlichten, aber eleganten Aussehens und ihres sicheren und haltbaren Keramikmaterials, das sich f\u00fcr verschiedene Anforderungen und Umgebungen eignet, sehr beliebt im Gro\u00dfhandel. Sie sind ideal f\u00fcr den intimen Rahmen eines Familientisches und ausreichend, um den eleganten Stil eines Spitzenrestaurants zu zeigen.<\/p>","protected":false},"featured_media":8093,"comment_status":"closed","ping_status":"closed","template":"","meta":{"_acf_changed":false},"product_brand":[],"product_cat":[83,54],"product_tag":[],"class_list":{"0":"post-8087","1":"product","2":"type-product","3":"status-publish","4":"has-post-thumbnail","6":"product_cat-wholesale-dinnerware-sets","7":"product_cat-tableware-wholesale","9":"first","10":"instock","11":"shipping-taxable","12":"product-type-simple"},"acf":[],"_links":{"self":[{"href":"https:\/\/jinhuaceramic.com\/de\/wp-json\/wp\/v2\/product\/8087","targetHints":{"allow":["GET"]}}],"collection":[{"href":"https:\/\/jinhuaceramic.com\/de\/wp-json\/wp\/v2\/product"}],"about":[{"href":"https:\/\/jinhuaceramic.com\/de\/wp-json\/wp\/v2\/types\/product"}],"replies":[{"embeddable":true,"href":"https:\/\/jinhuaceramic.com\/de\/wp-json\/wp\/v2\/comments?post=8087"}],"version-history":[{"count":0,"href":"https:\/\/jinhuaceramic.com\/de\/wp-json\/wp\/v2\/product\/8087\/revisions"}],"wp:featuredmedia":[{"embeddable":true,"href":"https:\/\/jinhuaceramic.com\/de\/wp-json\/wp\/v2\/media\/8093"}],"wp:attachment":[{"href":"https:\/\/jinhuaceramic.com\/de\/wp-json\/wp\/v2\/media?parent=8087"}],"wp:term":[{"taxonomy":"product_brand","embeddable":true,"href":"https:\/\/jinhuaceramic.com\/de\/wp-json\/wp\/v2\/product_brand?post=8087"},{"taxonomy":"product_cat","embeddable":true,"href":"https:\/\/jinhuaceramic.com\/de\/wp-json\/wp\/v2\/product_cat?post=8087"},{"taxonomy":"product_tag","embeddable":true,"href":"https:\/\/jinhuaceramic.com\/de\/wp-json\/wp\/v2\/product_tag?post=8087"}],"curies":[{"name":"wp","href":"https:\/\/api.w.org\/{rel}","templated":true}]}}