{"id":8112,"date":"2025-03-08T04:01:17","date_gmt":"2025-03-08T04:01:17","guid":{"rendered":"https:\/\/jinhuaceramic.com\/?post_type=product&#038;p=8112"},"modified":"2025-03-10T02:27:31","modified_gmt":"2025-03-10T02:27:31","slug":"bespoke-tableware","status":"publish","type":"product","link":"https:\/\/jinhuaceramic.com\/de\/product\/bespoke-tableware\/","title":{"rendered":"Hochwertiges blaues ma\u00dfgeschneidertes Geschirr, Tafelservice f\u00fcr 12 Personen Geschirr Gro\u00dfhandel"},"content":{"rendered":"<div class=\"wp-block-columns is-layout-flex wp-container-core-columns-is-layout-9d6595d7 wp-block-columns-is-layout-flex\">\n<div class=\"wp-block-column is-layout-flow wp-block-column-is-layout-flow\">\n<h3 class=\"wp-block-heading\">Premium Blue Bespoke Tableware Merkmale:<\/h3>\n\n\n\n<ul class=\"wp-block-list\">\n<li><strong>\u00c4sthetik:<\/strong> Dieses Geschirr im Gro\u00dfhandel ist in einem ruhigen und sanften Blau gehalten, mit einer feinen Maserung auf der Au\u00dfenseite, die ein rustikales, handgefertigtes Aussehen verleiht. Das Geschirr hat goldene Linien an den R\u00e4ndern, die einen kontrastierenden Blick auf die Haupt blau geben, vermitteln Zartheit und Eleganz, geeignet f\u00fcr alle Arten von formellen oder informellen Gelegenheiten zu essen.<\/li>\n\n\n\n<li><strong>Langlebigkeit:<\/strong> Dieses hochwertige Keramikgeschirr ist von hervorragender Haltbarkeit und Verschlei\u00dffestigkeit. Auch nach langem Gebrauch verliert das Geschirr nicht seinen urspr\u00fcnglichen Glanz und seine Textur und kann nicht leicht zerkratzt werden oder verblassen.<\/li>\n\n\n\n<li><strong>Sicherheit: <\/strong>Dieses ma\u00dfgeschneiderte Keramikgeschirr ist ungiftig f\u00fcr Chemikalien wie Blei, umweltfreundlich und ungiftig, gesund und sicher im Gebrauch und hitzebest\u00e4ndig, also ideal zum Servieren jeder Art von hei\u00dfen Speisen.<\/li>\n\n\n\n<li><strong>Praktikabilit\u00e4t:<\/strong> Das Geschirr, das Sie hier im Gro\u00dfhandel finden, umfasst Teller und Sch\u00fcsseln in verschiedenen Gr\u00f6\u00dfen f\u00fcr die unterschiedlichsten Speisen. Es gibt gro\u00dfe Teller, die perfekt f\u00fcr die Vorspeisen sind, kleine Teller, die perfekt f\u00fcr Vorspeisen, Beilagen und andere kleine Portionen sind, und Sch\u00fcsseln, die perfekt f\u00fcr Suppe, M\u00fcsli, Reis und vieles mehr sind.<\/li>\n<\/ul>\n<\/div>\n\n\n\n<div class=\"wp-block-column is-layout-flow wp-block-column-is-layout-flow\">\n<figure class=\"wp-block-image size-full\"><img fetchpriority=\"high\" decoding=\"async\" width=\"2000\" height=\"2000\" src=\"https:\/\/jinhuaceramic.com\/wp-content\/uploads\/2025\/03\/High-Quality-Blue-Custom-Tableware-Dinner-Service-For-12-Dinnerware-Set-3.webp\" alt=\"hochwertiges-blaues-Ma\u00dfgeschirr-Geschirrservice-f\u00fcr-12-Geschirr-Gro\u00dfhandel-2\" class=\"wp-image-8114\" srcset=\"https:\/\/jinhuaceramic.com\/wp-content\/uploads\/2025\/03\/High-Quality-Blue-Custom-Tableware-Dinner-Service-For-12-Dinnerware-Set-3.webp 2000w, https:\/\/jinhuaceramic.com\/wp-content\/uploads\/2025\/03\/High-Quality-Blue-Custom-Tableware-Dinner-Service-For-12-Dinnerware-Set-3-300x300.webp 300w, https:\/\/jinhuaceramic.com\/wp-content\/uploads\/2025\/03\/High-Quality-Blue-Custom-Tableware-Dinner-Service-For-12-Dinnerware-Set-3-150x150.webp 150w, https:\/\/jinhuaceramic.com\/wp-content\/uploads\/2025\/03\/High-Quality-Blue-Custom-Tableware-Dinner-Service-For-12-Dinnerware-Set-3-768x768.webp 768w, https:\/\/jinhuaceramic.com\/wp-content\/uploads\/2025\/03\/High-Quality-Blue-Custom-Tableware-Dinner-Service-For-12-Dinnerware-Set-3-12x12.webp 12w, https:\/\/jinhuaceramic.com\/wp-content\/uploads\/2025\/03\/High-Quality-Blue-Custom-Tableware-Dinner-Service-For-12-Dinnerware-Set-3-285x285.webp 285w, https:\/\/jinhuaceramic.com\/wp-content\/uploads\/2025\/03\/High-Quality-Blue-Custom-Tableware-Dinner-Service-For-12-Dinnerware-Set-3-1600x1600.webp 1600w, https:\/\/jinhuaceramic.com\/wp-content\/uploads\/2025\/03\/High-Quality-Blue-Custom-Tableware-Dinner-Service-For-12-Dinnerware-Set-3-270x270.webp 270w, https:\/\/jinhuaceramic.com\/wp-content\/uploads\/2025\/03\/High-Quality-Blue-Custom-Tableware-Dinner-Service-For-12-Dinnerware-Set-3-540x540.webp 540w, https:\/\/jinhuaceramic.com\/wp-content\/uploads\/2025\/03\/High-Quality-Blue-Custom-Tableware-Dinner-Service-For-12-Dinnerware-Set-3-660x660.webp 660w\" sizes=\"(max-width: 2000px) 100vw, 2000px\" \/><\/figure>\n<\/div>\n<\/div>","protected":false},"excerpt":{"rendered":"<p>Willkommen zum Kauf unseres ma\u00dfgeschneiderten Geschirrs. Diese Keramikgeschirr Gro\u00dfhandel sind nicht nur wundersch\u00f6n, langlebig, sicher, gesund und vielseitig, sondern auch \u00e4sthetisch ansprechend und funktional, und kann mit verschiedenen Stilen der Tabelle Einstellungen abgestimmt werden, die Farbe auf den Tisch und die Verbesserung der Freude am Essen.<\/p>","protected":false},"featured_media":8115,"comment_status":"closed","ping_status":"closed","template":"","meta":{"_acf_changed":false},"product_brand":[],"product_cat":[83,54],"product_tag":[],"class_list":{"0":"post-8112","1":"product","2":"type-product","3":"status-publish","4":"has-post-thumbnail","6":"product_cat-wholesale-dinnerware-sets","7":"product_cat-tableware-wholesale","9":"first","10":"instock","11":"shipping-taxable","12":"product-type-simple"},"acf":[],"_links":{"self":[{"href":"https:\/\/jinhuaceramic.com\/de\/wp-json\/wp\/v2\/product\/8112","targetHints":{"allow":["GET"]}}],"collection":[{"href":"https:\/\/jinhuaceramic.com\/de\/wp-json\/wp\/v2\/product"}],"about":[{"href":"https:\/\/jinhuaceramic.com\/de\/wp-json\/wp\/v2\/types\/product"}],"replies":[{"embeddable":true,"href":"https:\/\/jinhuaceramic.com\/de\/wp-json\/wp\/v2\/comments?post=8112"}],"version-history":[{"count":0,"href":"https:\/\/jinhuaceramic.com\/de\/wp-json\/wp\/v2\/product\/8112\/revisions"}],"wp:featuredmedia":[{"embeddable":true,"href":"https:\/\/jinhuaceramic.com\/de\/wp-json\/wp\/v2\/media\/8115"}],"wp:attachment":[{"href":"https:\/\/jinhuaceramic.com\/de\/wp-json\/wp\/v2\/media?parent=8112"}],"wp:term":[{"taxonomy":"product_brand","embeddable":true,"href":"https:\/\/jinhuaceramic.com\/de\/wp-json\/wp\/v2\/product_brand?post=8112"},{"taxonomy":"product_cat","embeddable":true,"href":"https:\/\/jinhuaceramic.com\/de\/wp-json\/wp\/v2\/product_cat?post=8112"},{"taxonomy":"product_tag","embeddable":true,"href":"https:\/\/jinhuaceramic.com\/de\/wp-json\/wp\/v2\/product_tag?post=8112"}],"curies":[{"name":"wp","href":"https:\/\/api.w.org\/{rel}","templated":true}]}}