{"id":8147,"date":"2025-03-11T02:26:24","date_gmt":"2025-03-11T02:26:24","guid":{"rendered":"https:\/\/jinhuaceramic.com\/?post_type=product&#038;p=8147"},"modified":"2025-03-11T02:26:25","modified_gmt":"2025-03-11T02:26:25","slug":"ceramic-dinnerware-wholesale","status":"publish","type":"product","link":"https:\/\/jinhuaceramic.com\/de\/product\/ceramic-dinnerware-wholesale\/","title":{"rendered":"Zweifarbiges Keramikgeschirr Gro\u00dfhandel, benutzerdefinierte keramische Speiseteller Bulk"},"content":{"rendered":"<div class=\"wp-block-columns is-layout-flex wp-container-core-columns-is-layout-9d6595d7 wp-block-columns-is-layout-flex\">\n<div class=\"wp-block-column is-layout-flow wp-block-column-is-layout-flow\">\n<h3 class=\"wp-block-heading\">Premium Zwei-Ton-Keramik-Geschirr Gro\u00dfhandel Merkmale:<\/h3>\n\n\n\n<ul class=\"wp-block-list\">\n<li><strong>Zweifarbiges Design: <\/strong>Dieses Keramikgeschirr im Gro\u00dfhandel hat ein einzigartiges zweifarbiges Design mit gl\u00e4nzendem Schwarz auf der Innenseite und mattem Beige auf der Au\u00dfenseite, ebenfalls mit braunen R\u00e4ndern. Grob und doch sch\u00f6n, k\u00f6nnten sie in der Lage sein, den Esstisch zu dekorieren und passen zu jedem Stil der Dekoration und Ess-Situation.<\/li>\n\n\n\n<li><strong>Hochwertiges keramisches Material: <\/strong>Diese hochwertigen, individuell gestalteten Keramikteller und -sch\u00fcsseln sind extrem widerstandsf\u00e4hig und k\u00f6nnen St\u00f6\u00dfe und Reibung absorbieren, ohne leicht besch\u00e4digt zu werden. Dies macht dieses Geschirr st\u00e4rker, wenn sie verwendet und in der Lage zu bleiben sch\u00f6n und intakt f\u00fcr Jahrzehnte.<\/li>\n\n\n\n<li><strong>Vielseitigkeit: <\/strong>Es handelt sich um Teller und Sch\u00fcsseln im Keramikgeschirr-Gro\u00dfhandel. Gro\u00dfe Teller eignen sich f\u00fcr Hauptgerichte, kleine Teller f\u00fcr Beilagen oder Snacks und tiefe Sch\u00fcsseln f\u00fcr Suppen, Nudeln usw., um verschiedene Bed\u00fcrfnisse beim Servieren von Speisen zu erf\u00fcllen.<\/li>\n\n\n\n<li><strong>Leicht zu reinigen: <\/strong>Diese individuellen Keramikteller und -sch\u00fcsseln sind leichter zu reinigen und zu pflegen als Geschirr aus anderen Materialien. Nicht \u00f6lige und \u00f6lige Flecken k\u00f6nnen einfach mit frischem Wasser abgewischt werden, \u00f6lige Flecken mit milder Seife.<\/li>\n<\/ul>\n<\/div>\n\n\n\n<div class=\"wp-block-column is-layout-flow wp-block-column-is-layout-flow\">\n<figure class=\"wp-block-image size-full\"><img fetchpriority=\"high\" decoding=\"async\" width=\"800\" height=\"800\" src=\"https:\/\/jinhuaceramic.com\/wp-content\/uploads\/2025\/03\/Two-Tone-Wholesale-Tableware-Set-Custom-Ceramic-Dinner-Plates-Bulk-6.webp\" alt=\"Zweifarbiges keramisches Geschirr Gro\u00dfhandel, benutzerdefinierte keramische Speiseteller Bulk-5\" class=\"wp-image-8152\" srcset=\"https:\/\/jinhuaceramic.com\/wp-content\/uploads\/2025\/03\/Two-Tone-Wholesale-Tableware-Set-Custom-Ceramic-Dinner-Plates-Bulk-6.webp 800w, https:\/\/jinhuaceramic.com\/wp-content\/uploads\/2025\/03\/Two-Tone-Wholesale-Tableware-Set-Custom-Ceramic-Dinner-Plates-Bulk-6-300x300.webp 300w, https:\/\/jinhuaceramic.com\/wp-content\/uploads\/2025\/03\/Two-Tone-Wholesale-Tableware-Set-Custom-Ceramic-Dinner-Plates-Bulk-6-150x150.webp 150w, https:\/\/jinhuaceramic.com\/wp-content\/uploads\/2025\/03\/Two-Tone-Wholesale-Tableware-Set-Custom-Ceramic-Dinner-Plates-Bulk-6-768x768.webp 768w, https:\/\/jinhuaceramic.com\/wp-content\/uploads\/2025\/03\/Two-Tone-Wholesale-Tableware-Set-Custom-Ceramic-Dinner-Plates-Bulk-6-12x12.webp 12w, https:\/\/jinhuaceramic.com\/wp-content\/uploads\/2025\/03\/Two-Tone-Wholesale-Tableware-Set-Custom-Ceramic-Dinner-Plates-Bulk-6-285x285.webp 285w, https:\/\/jinhuaceramic.com\/wp-content\/uploads\/2025\/03\/Two-Tone-Wholesale-Tableware-Set-Custom-Ceramic-Dinner-Plates-Bulk-6-270x270.webp 270w, https:\/\/jinhuaceramic.com\/wp-content\/uploads\/2025\/03\/Two-Tone-Wholesale-Tableware-Set-Custom-Ceramic-Dinner-Plates-Bulk-6-540x540.webp 540w, https:\/\/jinhuaceramic.com\/wp-content\/uploads\/2025\/03\/Two-Tone-Wholesale-Tableware-Set-Custom-Ceramic-Dinner-Plates-Bulk-6-660x660.webp 660w\" sizes=\"(max-width: 800px) 100vw, 800px\" \/><\/figure>\n<\/div>\n<\/div>","protected":false},"excerpt":{"rendered":"<p>Kommen Sie und kaufen Sie unser Keramikgeschirr im Gro\u00dfhandel. Diese benutzerdefinierte Keramik Teller und Schalen sind exquisit gestaltet, mit schwarzen und beigen kontrastierenden Farben und braunen R\u00e4ndern; sie sind aus nat\u00fcrlichen keramischen Materialien hergestellt und sind sicher f\u00fcr den Verzehr; die Teller und Schalen sind angepasst, um verschiedene Anforderungen zu erf\u00fcllen, und sind leicht zu reinigen, bequem und langlebig, und kann f\u00fcr den pers\u00f6nlichen Verbrauch und unterhaltsame G\u00e4ste verwendet werden.<\/p>","protected":false},"featured_media":8148,"comment_status":"closed","ping_status":"closed","template":"","meta":{"_acf_changed":false},"product_brand":[],"product_cat":[83,54],"product_tag":[],"class_list":{"0":"post-8147","1":"product","2":"type-product","3":"status-publish","4":"has-post-thumbnail","6":"product_cat-wholesale-dinnerware-sets","7":"product_cat-tableware-wholesale","9":"first","10":"instock","11":"shipping-taxable","12":"product-type-simple"},"acf":[],"_links":{"self":[{"href":"https:\/\/jinhuaceramic.com\/de\/wp-json\/wp\/v2\/product\/8147","targetHints":{"allow":["GET"]}}],"collection":[{"href":"https:\/\/jinhuaceramic.com\/de\/wp-json\/wp\/v2\/product"}],"about":[{"href":"https:\/\/jinhuaceramic.com\/de\/wp-json\/wp\/v2\/types\/product"}],"replies":[{"embeddable":true,"href":"https:\/\/jinhuaceramic.com\/de\/wp-json\/wp\/v2\/comments?post=8147"}],"version-history":[{"count":0,"href":"https:\/\/jinhuaceramic.com\/de\/wp-json\/wp\/v2\/product\/8147\/revisions"}],"wp:featuredmedia":[{"embeddable":true,"href":"https:\/\/jinhuaceramic.com\/de\/wp-json\/wp\/v2\/media\/8148"}],"wp:attachment":[{"href":"https:\/\/jinhuaceramic.com\/de\/wp-json\/wp\/v2\/media?parent=8147"}],"wp:term":[{"taxonomy":"product_brand","embeddable":true,"href":"https:\/\/jinhuaceramic.com\/de\/wp-json\/wp\/v2\/product_brand?post=8147"},{"taxonomy":"product_cat","embeddable":true,"href":"https:\/\/jinhuaceramic.com\/de\/wp-json\/wp\/v2\/product_cat?post=8147"},{"taxonomy":"product_tag","embeddable":true,"href":"https:\/\/jinhuaceramic.com\/de\/wp-json\/wp\/v2\/product_tag?post=8147"}],"curies":[{"name":"wp","href":"https:\/\/api.w.org\/{rel}","templated":true}]}}