{"id":8185,"date":"2025-03-14T03:05:17","date_gmt":"2025-03-14T03:05:17","guid":{"rendered":"https:\/\/jinhuaceramic.com\/?post_type=product&#038;p=8185"},"modified":"2025-03-21T01:28:00","modified_gmt":"2025-03-21T01:28:00","slug":"custom-ceramic-dinnerware","status":"publish","type":"product","link":"https:\/\/jinhuaceramic.com\/de\/product\/custom-ceramic-dinnerware\/","title":{"rendered":"Rustikales benutzerdefiniertes Keramikgeschirr, Keramikteller und -schalen im Gro\u00dfhandel"},"content":{"rendered":"<div class=\"wp-block-columns is-layout-flex wp-container-core-columns-is-layout-9d6595d7 wp-block-columns-is-layout-flex\">\n<div class=\"wp-block-column is-layout-flow wp-block-column-is-layout-flow\">\n<h3 class=\"wp-block-heading\">Premium Rustic Custom Keramikgeschirr Eigenschaften:<\/h3>\n\n\n\n<ul class=\"wp-block-list\">\n<li><strong>Rustikales Design:<\/strong> Die Kombination aus Beige und Braun bei diesem individuellen Keramikgeschirr ist rustikal und edel. Das Beige sorgt f\u00fcr eine warme und gem\u00fctliche Atmosph\u00e4re, w\u00e4hrend der braune Rand dem Geschirr ein Gef\u00fchl von Stabilit\u00e4t und Luxus verleiht, das zur allgemeinen Sch\u00f6nheit des Esstisches und zum Stil und Geschmack des Besitzers beitragen kann.<\/li>\n\n\n\n<li><strong>Hochwertiges Material:<\/strong> Diese keramischen Teller und Sch\u00fcsseln Gro\u00dfhandel sind aus hochwertiger Keramik mit hoher H\u00e4rte und kann einige Auswirkungen und Reibung zu absorbieren. Diese Geschirrkeramik von hoher Qualit\u00e4t sind sicher und ungiftig und k\u00f6nnen hohe Hitze unterst\u00fctzen, um Lebensmittel hei\u00df zu halten.<\/li>\n\n\n\n<li><strong>Starke Praktikabilit\u00e4t:<\/strong> Dieses individuelle Keramikgeschirr besteht aus gro\u00dfen runden Tellern f\u00fcr Hauptgerichte, kleinen runden Tellern f\u00fcr Beilagen oder Snacks und Sch\u00fcsseln f\u00fcr Suppen oder Nudeln. Diese vielf\u00e4ltige Kombination macht das Geschirr besonders praktisch.<\/li>\n\n\n\n<li><strong>Breite Anwendbarkeit: <\/strong>Diese Keramikteller und -sch\u00fcsseln aus dem Gro\u00dfhandel eignen sich perfekt f\u00fcr den t\u00e4glichen Gebrauch in der Familie, f\u00fcr Treffen mit Freunden, f\u00fcr formelle Abendessen und andere Anl\u00e4sse und lassen sich vielseitig an verschiedene Tischsituationen anpassen. Sie k\u00f6nnen zu Hause und in hochklassigen Restaurants gefunden werden.<\/li>\n<\/ul>\n<\/div>\n\n\n\n<div class=\"wp-block-column is-layout-flow wp-block-column-is-layout-flow\">\n<figure class=\"wp-block-image size-full\"><img fetchpriority=\"high\" decoding=\"async\" width=\"2000\" height=\"2000\" src=\"https:\/\/jinhuaceramic.com\/wp-content\/uploads\/2025\/03\/Rustic-Custom-Dinnerware-Set-Wholesale-Tableware-Ceramic-Dinner-Plates-2.webp\" alt=\"rustikales-keramisches-geschirr-keramische-teller-und-sch\u00fcsseln-grosshandel-1\" class=\"wp-image-8186\" srcset=\"https:\/\/jinhuaceramic.com\/wp-content\/uploads\/2025\/03\/Rustic-Custom-Dinnerware-Set-Wholesale-Tableware-Ceramic-Dinner-Plates-2.webp 2000w, https:\/\/jinhuaceramic.com\/wp-content\/uploads\/2025\/03\/Rustic-Custom-Dinnerware-Set-Wholesale-Tableware-Ceramic-Dinner-Plates-2-300x300.webp 300w, https:\/\/jinhuaceramic.com\/wp-content\/uploads\/2025\/03\/Rustic-Custom-Dinnerware-Set-Wholesale-Tableware-Ceramic-Dinner-Plates-2-150x150.webp 150w, https:\/\/jinhuaceramic.com\/wp-content\/uploads\/2025\/03\/Rustic-Custom-Dinnerware-Set-Wholesale-Tableware-Ceramic-Dinner-Plates-2-768x768.webp 768w, https:\/\/jinhuaceramic.com\/wp-content\/uploads\/2025\/03\/Rustic-Custom-Dinnerware-Set-Wholesale-Tableware-Ceramic-Dinner-Plates-2-12x12.webp 12w, https:\/\/jinhuaceramic.com\/wp-content\/uploads\/2025\/03\/Rustic-Custom-Dinnerware-Set-Wholesale-Tableware-Ceramic-Dinner-Plates-2-285x285.webp 285w, https:\/\/jinhuaceramic.com\/wp-content\/uploads\/2025\/03\/Rustic-Custom-Dinnerware-Set-Wholesale-Tableware-Ceramic-Dinner-Plates-2-1600x1600.webp 1600w, https:\/\/jinhuaceramic.com\/wp-content\/uploads\/2025\/03\/Rustic-Custom-Dinnerware-Set-Wholesale-Tableware-Ceramic-Dinner-Plates-2-270x270.webp 270w, https:\/\/jinhuaceramic.com\/wp-content\/uploads\/2025\/03\/Rustic-Custom-Dinnerware-Set-Wholesale-Tableware-Ceramic-Dinner-Plates-2-540x540.webp 540w, https:\/\/jinhuaceramic.com\/wp-content\/uploads\/2025\/03\/Rustic-Custom-Dinnerware-Set-Wholesale-Tableware-Ceramic-Dinner-Plates-2-660x660.webp 660w\" sizes=\"(max-width: 2000px) 100vw, 2000px\" \/><\/figure>\n<\/div>\n<\/div>","protected":false},"excerpt":{"rendered":"<p>Willkommen im Gro\u00dfhandel f\u00fcr unsere Keramikteller und -sch\u00fcsseln. Diese benutzerdefinierten Keramikgeschirr sind sowohl dekorativ und funktional. Das universelle und rustikale Hellbraun in Kombination mit Beige passt zu den meisten Esszimmern und Wohnstilen und kann alle Speisen aufnehmen. Ihre Keramik ist nicht nur langlebig und verschlei\u00dffest, sondern auch leicht zu reinigen, so dass sie ideal f\u00fcr den t\u00e4glichen Gebrauch oder sogar einen besonderen Anlass gesetzt.<\/p>","protected":false},"featured_media":8188,"comment_status":"closed","ping_status":"closed","template":"","meta":{"_acf_changed":false},"product_brand":[],"product_cat":[83,54],"product_tag":[],"class_list":{"0":"post-8185","1":"product","2":"type-product","3":"status-publish","4":"has-post-thumbnail","6":"product_cat-wholesale-dinnerware-sets","7":"product_cat-tableware-wholesale","9":"first","10":"instock","11":"shipping-taxable","12":"product-type-simple"},"acf":[],"_links":{"self":[{"href":"https:\/\/jinhuaceramic.com\/de\/wp-json\/wp\/v2\/product\/8185","targetHints":{"allow":["GET"]}}],"collection":[{"href":"https:\/\/jinhuaceramic.com\/de\/wp-json\/wp\/v2\/product"}],"about":[{"href":"https:\/\/jinhuaceramic.com\/de\/wp-json\/wp\/v2\/types\/product"}],"replies":[{"embeddable":true,"href":"https:\/\/jinhuaceramic.com\/de\/wp-json\/wp\/v2\/comments?post=8185"}],"version-history":[{"count":0,"href":"https:\/\/jinhuaceramic.com\/de\/wp-json\/wp\/v2\/product\/8185\/revisions"}],"wp:featuredmedia":[{"embeddable":true,"href":"https:\/\/jinhuaceramic.com\/de\/wp-json\/wp\/v2\/media\/8188"}],"wp:attachment":[{"href":"https:\/\/jinhuaceramic.com\/de\/wp-json\/wp\/v2\/media?parent=8185"}],"wp:term":[{"taxonomy":"product_brand","embeddable":true,"href":"https:\/\/jinhuaceramic.com\/de\/wp-json\/wp\/v2\/product_brand?post=8185"},{"taxonomy":"product_cat","embeddable":true,"href":"https:\/\/jinhuaceramic.com\/de\/wp-json\/wp\/v2\/product_cat?post=8185"},{"taxonomy":"product_tag","embeddable":true,"href":"https:\/\/jinhuaceramic.com\/de\/wp-json\/wp\/v2\/product_tag?post=8185"}],"curies":[{"name":"wp","href":"https:\/\/api.w.org\/{rel}","templated":true}]}}