{"id":8218,"date":"2025-03-14T02:02:38","date_gmt":"2025-03-14T02:02:38","guid":{"rendered":"https:\/\/jinhuaceramic.com\/?post_type=product&#038;p=8218"},"modified":"2025-03-14T02:15:22","modified_gmt":"2025-03-14T02:15:22","slug":"bespoke-dinnerware","status":"publish","type":"product","link":"https:\/\/jinhuaceramic.com\/de\/product\/bespoke-dinnerware\/","title":{"rendered":"Hochwertiges ma\u00dfgeschneidertes Geschirr, Gro\u00dfhandel Keramikgeschirr 4 St\u00fcck"},"content":{"rendered":"<div class=\"wp-block-columns is-layout-flex wp-container-core-columns-is-layout-9d6595d7 wp-block-columns-is-layout-flex\">\n<div class=\"wp-block-column is-layout-flow wp-block-column-is-layout-flow\">\n<h3 class=\"wp-block-heading\">Premium High-End Bespoke-Geschirr Merkmale:<\/h3>\n\n\n\n<ul class=\"wp-block-list\">\n<li><strong>Elegantes Design:<\/strong> Dieses Gro\u00dfhandels-Keramikgeschirr ist grau-blau und hat einen Rand in Vintage-Braun. Es hat ein einfaches, aber elegantes Aussehen, das sich nahtlos in jede Haushaltseinrichtung einf\u00fcgt. Sie verleihen dem Esstisch ein einzigartiges Aussehen.<\/li>\n\n\n\n<li><strong>Hochwertige Materialien:<\/strong> Dieses ma\u00dfgeschneiderte Geschirr wird aus hochwertigem keramischem Material durch Brennen bei hohen Temperaturen hergestellt, ist frei von toxischen Stoffen, entspricht den internationalen Sicherheitsstandards f\u00fcr den Kontakt mit Lebensmitteln und ist f\u00fcr den t\u00e4glichen Gebrauch geeignet.<\/li>\n\n\n\n<li><strong>Exquisite Verarbeitung: <\/strong>Diese Gro\u00dfhandel Keramik Geschirr sind mit exquisiten Handwerkskunst und professionelle Arbeiter gemacht, so dass die Oberfl\u00e4che Textur ist weich, die Farbe ist auch, die Kanten sind gut poliert, und es ist eine Freude zu ber\u00fchren.<\/li>\n\n\n\n<li><strong>Starke Praktikabilit\u00e4t:<\/strong> Bei diesem ma\u00dfgeschneiderten Geschirr handelt es sich um Teller und Sch\u00fcsseln f\u00fcr unterschiedliche Anforderungen beim Servieren von Speisen. Die Teller sind mittelgro\u00df und eignen sich zum Servieren gew\u00f6hnlicher Speisen und Gerichte; die Sch\u00fcsseln haben eine mittlere Tiefe und ein mittleres Volumen und eignen sich zum Servieren von Suppen, Salaten oder M\u00fcsli usw., um den Anforderungen gew\u00f6hnlicher Familienmahlzeiten und kleiner Partys gerecht zu werden.<\/li>\n<\/ul>\n<\/div>\n\n\n\n<div class=\"wp-block-column is-layout-flow wp-block-column-is-layout-flow\">\n<figure class=\"wp-block-image size-full\"><img fetchpriority=\"high\" decoding=\"async\" width=\"800\" height=\"800\" src=\"https:\/\/jinhuaceramic.com\/wp-content\/uploads\/2025\/03\/High-End-Custom-Tableware-Set-Ceramic-Dinner-Service-For-4-Dinnerware-Set-6.webp\" alt=\"high-end-ma\u00dfgeschneidertes-geschirr-gro\u00dfhandel-keramik-geschirr-4-teilig-1\" class=\"wp-image-8223\" srcset=\"https:\/\/jinhuaceramic.com\/wp-content\/uploads\/2025\/03\/High-End-Custom-Tableware-Set-Ceramic-Dinner-Service-For-4-Dinnerware-Set-6.webp 800w, https:\/\/jinhuaceramic.com\/wp-content\/uploads\/2025\/03\/High-End-Custom-Tableware-Set-Ceramic-Dinner-Service-For-4-Dinnerware-Set-6-300x300.webp 300w, https:\/\/jinhuaceramic.com\/wp-content\/uploads\/2025\/03\/High-End-Custom-Tableware-Set-Ceramic-Dinner-Service-For-4-Dinnerware-Set-6-150x150.webp 150w, https:\/\/jinhuaceramic.com\/wp-content\/uploads\/2025\/03\/High-End-Custom-Tableware-Set-Ceramic-Dinner-Service-For-4-Dinnerware-Set-6-768x768.webp 768w, https:\/\/jinhuaceramic.com\/wp-content\/uploads\/2025\/03\/High-End-Custom-Tableware-Set-Ceramic-Dinner-Service-For-4-Dinnerware-Set-6-12x12.webp 12w, https:\/\/jinhuaceramic.com\/wp-content\/uploads\/2025\/03\/High-End-Custom-Tableware-Set-Ceramic-Dinner-Service-For-4-Dinnerware-Set-6-285x285.webp 285w, https:\/\/jinhuaceramic.com\/wp-content\/uploads\/2025\/03\/High-End-Custom-Tableware-Set-Ceramic-Dinner-Service-For-4-Dinnerware-Set-6-270x270.webp 270w, https:\/\/jinhuaceramic.com\/wp-content\/uploads\/2025\/03\/High-End-Custom-Tableware-Set-Ceramic-Dinner-Service-For-4-Dinnerware-Set-6-540x540.webp 540w, https:\/\/jinhuaceramic.com\/wp-content\/uploads\/2025\/03\/High-End-Custom-Tableware-Set-Ceramic-Dinner-Service-For-4-Dinnerware-Set-6-660x660.webp 660w\" sizes=\"(max-width: 800px) 100vw, 800px\" \/><\/figure>\n<\/div>\n<\/div>","protected":false},"excerpt":{"rendered":"<p>Willkommen bei unserem Gro\u00dfhandel f\u00fcr Keramikgeschirr. Dieses hochwertige, ma\u00dfgeschneiderte Geschirr besticht durch sein elegantes Design, sichere Materialien, die den Gebrauch erleichtern, praktische Kombinationen, die verschiedene Bed\u00fcrfnisse erf\u00fcllen, und exquisite Handwerkskunst, die Qualit\u00e4t gew\u00e4hrleistet. Sie sind sowohl \u00e4sthetisch als auch praktisch und heben sich dadurch von vielen Geschirrsets ab und sind bei den Verbrauchern sehr beliebt.<\/p>","protected":false},"featured_media":8224,"comment_status":"closed","ping_status":"closed","template":"","meta":{"_acf_changed":false},"product_brand":[],"product_cat":[83,54],"product_tag":[],"class_list":{"0":"post-8218","1":"product","2":"type-product","3":"status-publish","4":"has-post-thumbnail","6":"product_cat-wholesale-dinnerware-sets","7":"product_cat-tableware-wholesale","9":"first","10":"instock","11":"shipping-taxable","12":"product-type-simple"},"acf":[],"_links":{"self":[{"href":"https:\/\/jinhuaceramic.com\/de\/wp-json\/wp\/v2\/product\/8218","targetHints":{"allow":["GET"]}}],"collection":[{"href":"https:\/\/jinhuaceramic.com\/de\/wp-json\/wp\/v2\/product"}],"about":[{"href":"https:\/\/jinhuaceramic.com\/de\/wp-json\/wp\/v2\/types\/product"}],"replies":[{"embeddable":true,"href":"https:\/\/jinhuaceramic.com\/de\/wp-json\/wp\/v2\/comments?post=8218"}],"version-history":[{"count":0,"href":"https:\/\/jinhuaceramic.com\/de\/wp-json\/wp\/v2\/product\/8218\/revisions"}],"wp:featuredmedia":[{"embeddable":true,"href":"https:\/\/jinhuaceramic.com\/de\/wp-json\/wp\/v2\/media\/8224"}],"wp:attachment":[{"href":"https:\/\/jinhuaceramic.com\/de\/wp-json\/wp\/v2\/media?parent=8218"}],"wp:term":[{"taxonomy":"product_brand","embeddable":true,"href":"https:\/\/jinhuaceramic.com\/de\/wp-json\/wp\/v2\/product_brand?post=8218"},{"taxonomy":"product_cat","embeddable":true,"href":"https:\/\/jinhuaceramic.com\/de\/wp-json\/wp\/v2\/product_cat?post=8218"},{"taxonomy":"product_tag","embeddable":true,"href":"https:\/\/jinhuaceramic.com\/de\/wp-json\/wp\/v2\/product_tag?post=8218"}],"curies":[{"name":"wp","href":"https:\/\/api.w.org\/{rel}","templated":true}]}}