{"id":8228,"date":"2025-03-14T02:26:49","date_gmt":"2025-03-14T02:26:49","guid":{"rendered":"https:\/\/jinhuaceramic.com\/?post_type=product&#038;p=8228"},"modified":"2025-03-14T02:26:50","modified_gmt":"2025-03-14T02:26:50","slug":"custom-ceramic-dinner-plates","status":"publish","type":"product","link":"https:\/\/jinhuaceramic.com\/de\/product\/custom-ceramic-dinner-plates\/","title":{"rendered":"Off-White benutzerdefinierte keramische Speiseteller Gro\u00dfhandel Geschirr f\u00fcr Restaurant"},"content":{"rendered":"<div class=\"wp-block-columns is-layout-flex wp-container-core-columns-is-layout-9d6595d7 wp-block-columns-is-layout-flex\">\n<div class=\"wp-block-column is-layout-flow wp-block-column-is-layout-flow\">\n<h3 class=\"wp-block-heading\">Premium Off-White Custom Ceramic Dinner Plates Eigenschaften:<\/h3>\n\n\n\n<ul class=\"wp-block-list\">\n<li><strong>Elegantes Design:<\/strong> Diese cremefarbenen, individuell gestalteten Keramikteller haben ein dezentes, aber raffiniertes Aussehen mit einem antiquierten runden Design und zart geschwungenen Kanten, die einen flachen Rand bilden, damit die Suppe nicht versch\u00fcttet wird. Eine hellbraune Paspel entlang des Tellerrandes verleiht dem Essteller ein geschichtetes und handgefertigtes Aussehen und verleiht ihm damit einen zus\u00e4tzlichen Hauch von Einzigartigkeit.<\/li>\n\n\n\n<li><strong>Hochwertiges Material:<\/strong> Unsere kundenspezifischen Keramikteller bestehen aus hochwertigem Keramikmaterial und werden in Hochtemperatur\u00f6fen gebrannt, die nicht leicht besch\u00e4digt werden k\u00f6nnen. Die \u00e4u\u00dfere Glasur ist ungiftig und unbedenklich, wurde auf Lebensmittelsicherheit getestet und kann sicher verwendet werden.<\/li>\n\n\n\n<li><strong>Verschiedene Gr\u00f6\u00dfen:<\/strong> Dieses Gro\u00dfhandelsgeschirr gibt es in 4 Gr\u00f6\u00dfen, die f\u00fcr verschiedene Esszwecke geeignet sind. Der kleinste Teller kann f\u00fcr ein Dessert oder einen Snack verwendet werden, der mittlere Teller f\u00fcr Beilagen und Salate und der gro\u00dfe Teller f\u00fcr Hauptgerichte wie Steaks und Pasta.<\/li>\n\n\n\n<li><strong>Breite Anwendbarkeit:<\/strong> Dieses Gro\u00dfhandelsgeschirr f\u00fcr das Abendessen kann sowohl f\u00fcr t\u00e4gliche Mahlzeiten als auch f\u00fcr Anl\u00e4sse wie Familientreffen, Weihnachtsessen usw. verwendet werden. Abgesehen davon k\u00f6nnen diese Teller auch in kommerziellen Einrichtungen wie Restaurants und Caf\u00e9s eingesetzt werden.<\/li>\n<\/ul>\n<\/div>\n\n\n\n<div class=\"wp-block-column is-layout-flow wp-block-column-is-layout-flow\">\n<figure class=\"wp-block-image size-full\"><img fetchpriority=\"high\" decoding=\"async\" width=\"750\" height=\"750\" src=\"https:\/\/jinhuaceramic.com\/wp-content\/uploads\/2025\/03\/Off-White-Custom-Ceramic-Dinner-Plates-Wholesale-Tableware-For-Restaurant.webp\" alt=\"Off-White-Keramik-Geschirrteller-Gro\u00dfhandel-Geschirr-f\u00fcr-Restaurant-1\" class=\"wp-image-8234\" srcset=\"https:\/\/jinhuaceramic.com\/wp-content\/uploads\/2025\/03\/Off-White-Custom-Ceramic-Dinner-Plates-Wholesale-Tableware-For-Restaurant.webp 750w, https:\/\/jinhuaceramic.com\/wp-content\/uploads\/2025\/03\/Off-White-Custom-Ceramic-Dinner-Plates-Wholesale-Tableware-For-Restaurant-300x300.webp 300w, https:\/\/jinhuaceramic.com\/wp-content\/uploads\/2025\/03\/Off-White-Custom-Ceramic-Dinner-Plates-Wholesale-Tableware-For-Restaurant-150x150.webp 150w, https:\/\/jinhuaceramic.com\/wp-content\/uploads\/2025\/03\/Off-White-Custom-Ceramic-Dinner-Plates-Wholesale-Tableware-For-Restaurant-12x12.webp 12w, https:\/\/jinhuaceramic.com\/wp-content\/uploads\/2025\/03\/Off-White-Custom-Ceramic-Dinner-Plates-Wholesale-Tableware-For-Restaurant-285x285.webp 285w, https:\/\/jinhuaceramic.com\/wp-content\/uploads\/2025\/03\/Off-White-Custom-Ceramic-Dinner-Plates-Wholesale-Tableware-For-Restaurant-270x270.webp 270w, https:\/\/jinhuaceramic.com\/wp-content\/uploads\/2025\/03\/Off-White-Custom-Ceramic-Dinner-Plates-Wholesale-Tableware-For-Restaurant-540x540.webp 540w, https:\/\/jinhuaceramic.com\/wp-content\/uploads\/2025\/03\/Off-White-Custom-Ceramic-Dinner-Plates-Wholesale-Tableware-For-Restaurant-660x660.webp 660w\" sizes=\"(max-width: 750px) 100vw, 750px\" \/><\/figure>\n<\/div>\n<\/div>\n\n\n\n<p><\/p>","protected":false},"excerpt":{"rendered":"<p>Kaufen Sie unser Gro\u00dfhandelsgeschirr. Diese benutzerdefinierten Keramikteller zeichnen sich auf dem Markt durch ihr elegantes Design, hochwertige Materialien, verschiedene funktionale Gr\u00f6\u00dfen und breite Anwendungsszenarien aus. Sie sind nicht nur funktional, sondern verleihen den Mahlzeiten auch einen rituellen Charakter, der jede Mahlzeit noch luxuri\u00f6ser macht.<\/p>","protected":false},"featured_media":8230,"comment_status":"closed","ping_status":"closed","template":"","meta":{"_acf_changed":false},"product_brand":[],"product_cat":[84,54],"product_tag":[],"class_list":{"0":"post-8228","1":"product","2":"type-product","3":"status-publish","4":"has-post-thumbnail","6":"product_cat-wholesale-ceramic-plates","7":"product_cat-tableware-wholesale","9":"first","10":"instock","11":"shipping-taxable","12":"product-type-simple"},"acf":[],"_links":{"self":[{"href":"https:\/\/jinhuaceramic.com\/de\/wp-json\/wp\/v2\/product\/8228","targetHints":{"allow":["GET"]}}],"collection":[{"href":"https:\/\/jinhuaceramic.com\/de\/wp-json\/wp\/v2\/product"}],"about":[{"href":"https:\/\/jinhuaceramic.com\/de\/wp-json\/wp\/v2\/types\/product"}],"replies":[{"embeddable":true,"href":"https:\/\/jinhuaceramic.com\/de\/wp-json\/wp\/v2\/comments?post=8228"}],"version-history":[{"count":0,"href":"https:\/\/jinhuaceramic.com\/de\/wp-json\/wp\/v2\/product\/8228\/revisions"}],"wp:featuredmedia":[{"embeddable":true,"href":"https:\/\/jinhuaceramic.com\/de\/wp-json\/wp\/v2\/media\/8230"}],"wp:attachment":[{"href":"https:\/\/jinhuaceramic.com\/de\/wp-json\/wp\/v2\/media?parent=8228"}],"wp:term":[{"taxonomy":"product_brand","embeddable":true,"href":"https:\/\/jinhuaceramic.com\/de\/wp-json\/wp\/v2\/product_brand?post=8228"},{"taxonomy":"product_cat","embeddable":true,"href":"https:\/\/jinhuaceramic.com\/de\/wp-json\/wp\/v2\/product_cat?post=8228"},{"taxonomy":"product_tag","embeddable":true,"href":"https:\/\/jinhuaceramic.com\/de\/wp-json\/wp\/v2\/product_tag?post=8228"}],"curies":[{"name":"wp","href":"https:\/\/api.w.org\/{rel}","templated":true}]}}