{"id":8250,"date":"2025-03-18T03:02:53","date_gmt":"2025-03-18T03:02:53","guid":{"rendered":"https:\/\/jinhuaceramic.com\/?post_type=product&#038;p=8250"},"modified":"2025-03-18T03:02:54","modified_gmt":"2025-03-18T03:02:54","slug":"restaurant-tableware-supplies","status":"publish","type":"product","link":"https:\/\/jinhuaceramic.com\/de\/product\/restaurant-tableware-supplies\/","title":{"rendered":"Vintage Custom Restaurant Geschirr liefert, keramische Geschirr Gro\u00dfhandel"},"content":{"rendered":"<div class=\"wp-block-columns is-layout-flex wp-container-core-columns-is-layout-9d6595d7 wp-block-columns-is-layout-flex\">\n<div class=\"wp-block-column is-layout-flow wp-block-column-is-layout-flow\">\n<h3 class=\"wp-block-heading\">Premium Vintage Restaurant Geschirr Zubeh\u00f6r Eigenschaften:<\/h3>\n\n\n\n<ul class=\"wp-block-list\">\n<li><strong>Vintage-Stil:<\/strong> Dieses kundenspezifische Restaurantgeschirr hat eine schlichte Form, aber leichte Strukturvariationen und Farbabstufungen auf der Oberfl\u00e4che, die eine handgefertigte, gesprenkelte Textur aufweisen, die ein Retro- und gem\u00fctliches Restaurantambiente heraufbeschw\u00f6rt, ein anspruchsvolles Ambiente f\u00fcr das Restaurant schafft und das Markenimage verbessert.<\/li>\n\n\n\n<li><strong>Hochwertiges keramisches Material: <\/strong>Diese Hochtemperatur gebrannt hochwertige keramische Materialien verwendet werden, um diese Keramik Geschirr Gro\u00dfhandel zu produzieren, und die H\u00e4rte ist nicht leicht kratzbar durch Geschirr Utensilien wie Messer und Gabeln, und das ist perfekt f\u00fcr den t\u00e4glichen Gebrauch.<\/li>\n\n\n\n<li><strong>Verschiedene Farben: <\/strong>Diese Vintage-Restaurant-Geschirr Lieferungen sind in verschiedenen Farben, wie universell und in der Regel wei\u00df, alt und im Alter von hellbraun, anspruchsvoll und luxuri\u00f6s blau, usw., die mit verschiedenen Arten von Esstisch Designs wie moderne, nordische oder retro gemischt werden k\u00f6nnen.<\/li>\n\n\n\n<li><strong>Vollst\u00e4ndiger Satz:<\/strong> Diese Keramikgeschirr Gro\u00dfhandel geh\u00f6ren Teller, Schalen und Tassen in verschiedenen Gr\u00f6\u00dfen zu verschiedenen Anforderungen der Mahlzeiten im t\u00e4glichen Leben zu erf\u00fcllen. Kunden k\u00f6nnen verschiedene S\u00e4tze nach der Gr\u00f6\u00dfe ihrer Familie und Tischmanieren, Fabrik direkte Lieferung professionell w\u00e4hlen, und Gro\u00dfeinkauf unterst\u00fctzt.<\/li>\n<\/ul>\n<\/div>\n\n\n\n<div class=\"wp-block-column is-layout-flow wp-block-column-is-layout-flow\">\n<figure class=\"wp-block-image size-full\"><img fetchpriority=\"high\" decoding=\"async\" width=\"1280\" height=\"1280\" src=\"https:\/\/jinhuaceramic.com\/wp-content\/uploads\/2025\/03\/Vintage-Custom-Ceramic-Tableware-Set-Restaurant-Supply-Dinnerware-Wholesale-5.webp\" alt=\"vintage-restaurant-geschirr-lieferungen-keramik-geschirr-grosshandel-1\" class=\"wp-image-8254\" srcset=\"https:\/\/jinhuaceramic.com\/wp-content\/uploads\/2025\/03\/Vintage-Custom-Ceramic-Tableware-Set-Restaurant-Supply-Dinnerware-Wholesale-5.webp 1280w, https:\/\/jinhuaceramic.com\/wp-content\/uploads\/2025\/03\/Vintage-Custom-Ceramic-Tableware-Set-Restaurant-Supply-Dinnerware-Wholesale-5-300x300.webp 300w, https:\/\/jinhuaceramic.com\/wp-content\/uploads\/2025\/03\/Vintage-Custom-Ceramic-Tableware-Set-Restaurant-Supply-Dinnerware-Wholesale-5-150x150.webp 150w, https:\/\/jinhuaceramic.com\/wp-content\/uploads\/2025\/03\/Vintage-Custom-Ceramic-Tableware-Set-Restaurant-Supply-Dinnerware-Wholesale-5-768x768.webp 768w, https:\/\/jinhuaceramic.com\/wp-content\/uploads\/2025\/03\/Vintage-Custom-Ceramic-Tableware-Set-Restaurant-Supply-Dinnerware-Wholesale-5-12x12.webp 12w, https:\/\/jinhuaceramic.com\/wp-content\/uploads\/2025\/03\/Vintage-Custom-Ceramic-Tableware-Set-Restaurant-Supply-Dinnerware-Wholesale-5-285x285.webp 285w, https:\/\/jinhuaceramic.com\/wp-content\/uploads\/2025\/03\/Vintage-Custom-Ceramic-Tableware-Set-Restaurant-Supply-Dinnerware-Wholesale-5-270x270.webp 270w, https:\/\/jinhuaceramic.com\/wp-content\/uploads\/2025\/03\/Vintage-Custom-Ceramic-Tableware-Set-Restaurant-Supply-Dinnerware-Wholesale-5-540x540.webp 540w, https:\/\/jinhuaceramic.com\/wp-content\/uploads\/2025\/03\/Vintage-Custom-Ceramic-Tableware-Set-Restaurant-Supply-Dinnerware-Wholesale-5-660x660.webp 660w\" sizes=\"(max-width: 1280px) 100vw, 1280px\" \/><\/figure>\n<\/div>\n<\/div>","protected":false},"excerpt":{"rendered":"<p>Willkommen bei unserem Keramikgeschirr Gro\u00dfhandel zu kaufen. Das einzigartige Vintage-Finish und die Farbe dieser benutzerdefinierten Restaurantgeschirr Lieferungen schaffen eine besondere k\u00fcnstlerische Atmosph\u00e4re auf dem Esstisch. Gleichzeitig sind die Sicherheit, Langlebigkeit und einfache Reinigung Eigenschaften von keramischen Materialien auch f\u00fcr den t\u00e4glichen Gebrauch. Ob es sich um das t\u00e4gliche Essen oder die Bewirtung von Freunden und Familie handelt, diese Restaurantgeschirr Lieferungen k\u00f6nnen die F\u00e4higkeit, das Ritual und das Vergn\u00fcgen des Essens zu verbessern bieten.<\/p>","protected":false},"featured_media":8251,"comment_status":"closed","ping_status":"closed","template":"","meta":{"_acf_changed":false},"product_brand":[],"product_cat":[83,54],"product_tag":[],"class_list":{"0":"post-8250","1":"product","2":"type-product","3":"status-publish","4":"has-post-thumbnail","6":"product_cat-wholesale-dinnerware-sets","7":"product_cat-tableware-wholesale","9":"first","10":"instock","11":"shipping-taxable","12":"product-type-simple"},"acf":[],"_links":{"self":[{"href":"https:\/\/jinhuaceramic.com\/de\/wp-json\/wp\/v2\/product\/8250","targetHints":{"allow":["GET"]}}],"collection":[{"href":"https:\/\/jinhuaceramic.com\/de\/wp-json\/wp\/v2\/product"}],"about":[{"href":"https:\/\/jinhuaceramic.com\/de\/wp-json\/wp\/v2\/types\/product"}],"replies":[{"embeddable":true,"href":"https:\/\/jinhuaceramic.com\/de\/wp-json\/wp\/v2\/comments?post=8250"}],"version-history":[{"count":0,"href":"https:\/\/jinhuaceramic.com\/de\/wp-json\/wp\/v2\/product\/8250\/revisions"}],"wp:featuredmedia":[{"embeddable":true,"href":"https:\/\/jinhuaceramic.com\/de\/wp-json\/wp\/v2\/media\/8251"}],"wp:attachment":[{"href":"https:\/\/jinhuaceramic.com\/de\/wp-json\/wp\/v2\/media?parent=8250"}],"wp:term":[{"taxonomy":"product_brand","embeddable":true,"href":"https:\/\/jinhuaceramic.com\/de\/wp-json\/wp\/v2\/product_brand?post=8250"},{"taxonomy":"product_cat","embeddable":true,"href":"https:\/\/jinhuaceramic.com\/de\/wp-json\/wp\/v2\/product_cat?post=8250"},{"taxonomy":"product_tag","embeddable":true,"href":"https:\/\/jinhuaceramic.com\/de\/wp-json\/wp\/v2\/product_tag?post=8250"}],"curies":[{"name":"wp","href":"https:\/\/api.w.org\/{rel}","templated":true}]}}