{"id":8268,"date":"2025-03-18T03:52:46","date_gmt":"2025-03-18T03:52:46","guid":{"rendered":"https:\/\/jinhuaceramic.com\/?post_type=product&#038;p=8268"},"modified":"2025-03-18T03:52:48","modified_gmt":"2025-03-18T03:52:48","slug":"wholesale-ceramic-dinnerware","status":"publish","type":"product","link":"https:\/\/jinhuaceramic.com\/de\/product\/wholesale-ceramic-dinnerware\/","title":{"rendered":"Gr\u00fcnes Gro\u00dfhandels-Keramik-Geschirr, benutzerdefiniertes Geschirr f\u00fcr Abendessen Service"},"content":{"rendered":"<div class=\"wp-block-columns is-layout-flex wp-container-core-columns-is-layout-9d6595d7 wp-block-columns-is-layout-flex\">\n<div class=\"wp-block-column is-layout-flow wp-block-column-is-layout-flow\">\n<h3 class=\"wp-block-heading\">Premium Green Wholesale Ceramic Dinnerware Features:<\/h3>\n\n\n\n<ul class=\"wp-block-list\">\n<li><strong>Elegantes Design:<\/strong> These custom tableware sets have a fresh and natural light-green appearance. The glaze is also not solid in color but is instead a bit grainy. The black lines along the edges add some design, which can serve to contribute to the table setting and complement a variety of decoration schemes and dining arrangements.<\/li>\n\n\n\n<li><strong>Langlebiges Material:<\/strong> These wholesale ceramic dinnerware are constructed from high-quality ceramic material, which is long-lasting and durable, not easy to wear and scratch, and can be used for a long time. And the glaze of ceramic is smooth, dishwasher-safe, and easy to clean, which is very convenient.<\/li>\n\n\n\n<li><strong>Good Thermal Stability:<\/strong> These high-quality wholesale ceramic dinnerware sets possess good thermal stability. They can withstand some degree of temperature change. They can be used to heat food in the microwave oven, keep hot soups, hot foods, etc., and can even be refrigerated, in multi-purpose application environments.<\/li>\n\n\n\n<li><strong>Starke Praktikabilit\u00e4t: <\/strong>These custom tableware sets are equipped with all kinds of tableware such as plates and bowls that can be used for all sorts of dining purposes such as serving staple food, dishes, soups, etc., and are very practical.<\/li>\n<\/ul>\n<\/div>\n\n\n\n<div class=\"wp-block-column is-layout-flow wp-block-column-is-layout-flow\">\n<figure class=\"wp-block-image size-full\"><img fetchpriority=\"high\" decoding=\"async\" width=\"2000\" height=\"2000\" src=\"https:\/\/jinhuaceramic.com\/wp-content\/uploads\/2025\/03\/Green-Wholesale-Dinnerware-Set-Custom-Tableware-For-Dinner-Service-6.webp\" alt=\"green-wholesale-ceramic-dinnerware-custom-tableware-for-dinner-service-1\" class=\"wp-image-8273\" srcset=\"https:\/\/jinhuaceramic.com\/wp-content\/uploads\/2025\/03\/Green-Wholesale-Dinnerware-Set-Custom-Tableware-For-Dinner-Service-6.webp 2000w, https:\/\/jinhuaceramic.com\/wp-content\/uploads\/2025\/03\/Green-Wholesale-Dinnerware-Set-Custom-Tableware-For-Dinner-Service-6-300x300.webp 300w, https:\/\/jinhuaceramic.com\/wp-content\/uploads\/2025\/03\/Green-Wholesale-Dinnerware-Set-Custom-Tableware-For-Dinner-Service-6-150x150.webp 150w, https:\/\/jinhuaceramic.com\/wp-content\/uploads\/2025\/03\/Green-Wholesale-Dinnerware-Set-Custom-Tableware-For-Dinner-Service-6-768x768.webp 768w, https:\/\/jinhuaceramic.com\/wp-content\/uploads\/2025\/03\/Green-Wholesale-Dinnerware-Set-Custom-Tableware-For-Dinner-Service-6-12x12.webp 12w, https:\/\/jinhuaceramic.com\/wp-content\/uploads\/2025\/03\/Green-Wholesale-Dinnerware-Set-Custom-Tableware-For-Dinner-Service-6-285x285.webp 285w, https:\/\/jinhuaceramic.com\/wp-content\/uploads\/2025\/03\/Green-Wholesale-Dinnerware-Set-Custom-Tableware-For-Dinner-Service-6-1600x1600.webp 1600w, https:\/\/jinhuaceramic.com\/wp-content\/uploads\/2025\/03\/Green-Wholesale-Dinnerware-Set-Custom-Tableware-For-Dinner-Service-6-270x270.webp 270w, https:\/\/jinhuaceramic.com\/wp-content\/uploads\/2025\/03\/Green-Wholesale-Dinnerware-Set-Custom-Tableware-For-Dinner-Service-6-540x540.webp 540w, https:\/\/jinhuaceramic.com\/wp-content\/uploads\/2025\/03\/Green-Wholesale-Dinnerware-Set-Custom-Tableware-For-Dinner-Service-6-660x660.webp 660w\" sizes=\"(max-width: 2000px) 100vw, 2000px\" \/><\/figure>\n<\/div>\n<\/div>","protected":false},"excerpt":{"rendered":"<p>Purchasing our custom tableware. These wholesale ceramic dinnerware\u00a0sets are light green with dark lines on the rim, quite beautiful. The ceramic body is not just tough and durable but also smooth in texture and convenient to clean. In the meantime, they also possess satisfactory thermal stability and are produced with different kinds of tableware to meet different demands for dining, combining the advantages of beauty, practicability, and safety.<\/p>","protected":false},"featured_media":8275,"comment_status":"closed","ping_status":"closed","template":"","meta":{"_acf_changed":false},"product_brand":[],"product_cat":[83,54],"product_tag":[],"class_list":{"0":"post-8268","1":"product","2":"type-product","3":"status-publish","4":"has-post-thumbnail","6":"product_cat-wholesale-dinnerware-sets","7":"product_cat-tableware-wholesale","9":"first","10":"instock","11":"shipping-taxable","12":"product-type-simple"},"acf":[],"_links":{"self":[{"href":"https:\/\/jinhuaceramic.com\/de\/wp-json\/wp\/v2\/product\/8268","targetHints":{"allow":["GET"]}}],"collection":[{"href":"https:\/\/jinhuaceramic.com\/de\/wp-json\/wp\/v2\/product"}],"about":[{"href":"https:\/\/jinhuaceramic.com\/de\/wp-json\/wp\/v2\/types\/product"}],"replies":[{"embeddable":true,"href":"https:\/\/jinhuaceramic.com\/de\/wp-json\/wp\/v2\/comments?post=8268"}],"version-history":[{"count":0,"href":"https:\/\/jinhuaceramic.com\/de\/wp-json\/wp\/v2\/product\/8268\/revisions"}],"wp:featuredmedia":[{"embeddable":true,"href":"https:\/\/jinhuaceramic.com\/de\/wp-json\/wp\/v2\/media\/8275"}],"wp:attachment":[{"href":"https:\/\/jinhuaceramic.com\/de\/wp-json\/wp\/v2\/media?parent=8268"}],"wp:term":[{"taxonomy":"product_brand","embeddable":true,"href":"https:\/\/jinhuaceramic.com\/de\/wp-json\/wp\/v2\/product_brand?post=8268"},{"taxonomy":"product_cat","embeddable":true,"href":"https:\/\/jinhuaceramic.com\/de\/wp-json\/wp\/v2\/product_cat?post=8268"},{"taxonomy":"product_tag","embeddable":true,"href":"https:\/\/jinhuaceramic.com\/de\/wp-json\/wp\/v2\/product_tag?post=8268"}],"curies":[{"name":"wp","href":"https:\/\/api.w.org\/{rel}","templated":true}]}}