{"id":8279,"date":"2025-03-18T03:32:02","date_gmt":"2025-03-18T03:32:02","guid":{"rendered":"https:\/\/jinhuaceramic.com\/?post_type=product&#038;p=8279"},"modified":"2025-03-18T03:35:03","modified_gmt":"2025-03-18T03:35:03","slug":"white-tableware-wholesale","status":"publish","type":"product","link":"https:\/\/jinhuaceramic.com\/de\/product\/white-tableware-wholesale\/","title":{"rendered":"Luxuri\u00f6ses wei\u00dfes Geschirr Gro\u00dfhandel, benutzerdefinierte keramische Speiseteller f\u00fcr Hochzeit"},"content":{"rendered":"<div class=\"wp-block-columns is-layout-flex wp-container-core-columns-is-layout-9d6595d7 wp-block-columns-is-layout-flex\">\n<div class=\"wp-block-column is-layout-flow wp-block-column-is-layout-flow\">\n<h3 class=\"wp-block-heading\">Premium Luxury White Tableware Wholesale Features:<\/h3>\n\n\n\n<ul class=\"wp-block-list\">\n<li>Elegant White: Clean and elegant, this white tableware wholesale is a traditional, versatile color that presents food well and complements a variety of home decor and table settings.<\/li>\n\n\n\n<li><strong>Luxuri\u00f6ses Design:<\/strong> The edges of these custom ceramic dinner plates and bowls are decorated with a raised concentric circle pattern, creating a layered effect and texture for the tableware, excluding the blandness of white. The tableware is edged in gold as well, adding luxury and elegance to the tableware.<\/li>\n\n\n\n<li><strong>Hochwertiges Material:<\/strong> These custom ceramic dinner plates and bowls are made with natural clay and high-temperature firing, thereby no harmful material is utilized and they are safe for eating. These high-quality ceramic plates have good heat-retaining quality and can retain food hot for a very long time.<\/li>\n\n\n\n<li><strong>Praktikabilit\u00e4t:<\/strong> This white tableware wholesale set includes a bowl and two plates in varying sizes to serve different meals. Whether formal banquet meals or day-to-day meals, this tableware can provide an adequate pair.<\/li>\n<\/ul>\n<\/div>\n\n\n\n<div class=\"wp-block-column is-layout-flow wp-block-column-is-layout-flow\">\n<figure class=\"wp-block-image size-full\"><img fetchpriority=\"high\" decoding=\"async\" width=\"800\" height=\"800\" src=\"https:\/\/jinhuaceramic.com\/wp-content\/uploads\/2025\/03\/Luxury-White-Custom-Tableware-Bulk-Ceramic-Dinner-Plates-For-Wedding-4.webp\" alt=\"luxury-white-tableware-wholesale-custom-ceramic-dinner-plates-for-wedding-1\" class=\"wp-image-8282\" srcset=\"https:\/\/jinhuaceramic.com\/wp-content\/uploads\/2025\/03\/Luxury-White-Custom-Tableware-Bulk-Ceramic-Dinner-Plates-For-Wedding-4.webp 800w, https:\/\/jinhuaceramic.com\/wp-content\/uploads\/2025\/03\/Luxury-White-Custom-Tableware-Bulk-Ceramic-Dinner-Plates-For-Wedding-4-300x300.webp 300w, https:\/\/jinhuaceramic.com\/wp-content\/uploads\/2025\/03\/Luxury-White-Custom-Tableware-Bulk-Ceramic-Dinner-Plates-For-Wedding-4-150x150.webp 150w, https:\/\/jinhuaceramic.com\/wp-content\/uploads\/2025\/03\/Luxury-White-Custom-Tableware-Bulk-Ceramic-Dinner-Plates-For-Wedding-4-768x768.webp 768w, https:\/\/jinhuaceramic.com\/wp-content\/uploads\/2025\/03\/Luxury-White-Custom-Tableware-Bulk-Ceramic-Dinner-Plates-For-Wedding-4-12x12.webp 12w, https:\/\/jinhuaceramic.com\/wp-content\/uploads\/2025\/03\/Luxury-White-Custom-Tableware-Bulk-Ceramic-Dinner-Plates-For-Wedding-4-285x285.webp 285w, https:\/\/jinhuaceramic.com\/wp-content\/uploads\/2025\/03\/Luxury-White-Custom-Tableware-Bulk-Ceramic-Dinner-Plates-For-Wedding-4-270x270.webp 270w, https:\/\/jinhuaceramic.com\/wp-content\/uploads\/2025\/03\/Luxury-White-Custom-Tableware-Bulk-Ceramic-Dinner-Plates-For-Wedding-4-540x540.webp 540w, https:\/\/jinhuaceramic.com\/wp-content\/uploads\/2025\/03\/Luxury-White-Custom-Tableware-Bulk-Ceramic-Dinner-Plates-For-Wedding-4-660x660.webp 660w\" sizes=\"(max-width: 800px) 100vw, 800px\" \/><\/figure>\n<\/div>\n<\/div>","protected":false},"excerpt":{"rendered":"<p>Welcome to buy custom ceramic dinner plates and bowls. We specialize in high-end custom white tableware wholesale supply for wedding banquets, hotels and high-end restaurants. The needs of day-to-day meals can be fulfilled through the coordination of bowls and plates. Meanwhile, the ceramic material is harmless and non-toxic, with good heat retention. These dinnerware sets combine beauty, practicability and durability.<\/p>","protected":false},"featured_media":8285,"comment_status":"closed","ping_status":"closed","template":"","meta":{"_acf_changed":false},"product_brand":[],"product_cat":[83,54],"product_tag":[],"class_list":{"0":"post-8279","1":"product","2":"type-product","3":"status-publish","4":"has-post-thumbnail","6":"product_cat-wholesale-dinnerware-sets","7":"product_cat-tableware-wholesale","9":"first","10":"instock","11":"shipping-taxable","12":"product-type-simple"},"acf":[],"_links":{"self":[{"href":"https:\/\/jinhuaceramic.com\/de\/wp-json\/wp\/v2\/product\/8279","targetHints":{"allow":["GET"]}}],"collection":[{"href":"https:\/\/jinhuaceramic.com\/de\/wp-json\/wp\/v2\/product"}],"about":[{"href":"https:\/\/jinhuaceramic.com\/de\/wp-json\/wp\/v2\/types\/product"}],"replies":[{"embeddable":true,"href":"https:\/\/jinhuaceramic.com\/de\/wp-json\/wp\/v2\/comments?post=8279"}],"version-history":[{"count":0,"href":"https:\/\/jinhuaceramic.com\/de\/wp-json\/wp\/v2\/product\/8279\/revisions"}],"wp:featuredmedia":[{"embeddable":true,"href":"https:\/\/jinhuaceramic.com\/de\/wp-json\/wp\/v2\/media\/8285"}],"wp:attachment":[{"href":"https:\/\/jinhuaceramic.com\/de\/wp-json\/wp\/v2\/media?parent=8279"}],"wp:term":[{"taxonomy":"product_brand","embeddable":true,"href":"https:\/\/jinhuaceramic.com\/de\/wp-json\/wp\/v2\/product_brand?post=8279"},{"taxonomy":"product_cat","embeddable":true,"href":"https:\/\/jinhuaceramic.com\/de\/wp-json\/wp\/v2\/product_cat?post=8279"},{"taxonomy":"product_tag","embeddable":true,"href":"https:\/\/jinhuaceramic.com\/de\/wp-json\/wp\/v2\/product_tag?post=8279"}],"curies":[{"name":"wp","href":"https:\/\/api.w.org\/{rel}","templated":true}]}}