{"id":8302,"date":"2025-03-21T02:01:16","date_gmt":"2025-03-21T02:01:16","guid":{"rendered":"https:\/\/jinhuaceramic.com\/?post_type=product&#038;p=8302"},"modified":"2025-03-21T02:01:18","modified_gmt":"2025-03-21T02:01:18","slug":"wholesale-crockery","status":"publish","type":"product","link":"https:\/\/jinhuaceramic.com\/de\/product\/wholesale-crockery\/","title":{"rendered":"Matte Gray Gro\u00dfhandel Geschirr, Keramik Teller und Schalen Bulk"},"content":{"rendered":"<div class=\"wp-block-columns is-layout-flex wp-container-core-columns-is-layout-9d6595d7 wp-block-columns-is-layout-flex\">\n<div class=\"wp-block-column is-layout-flow wp-block-column-is-layout-flow\">\n<h3 class=\"wp-block-heading\">Premium-Gro\u00dfhandel Geschirr Merkmale:<\/h3>\n\n\n\n<ul class=\"wp-block-list\">\n<li><strong>\u00c4sthetik:<\/strong> Diese Gro\u00dfhandel Geschirr-Sets sind minimalistisch und modern im Design, mit ged\u00e4mpften grauen Farbton und r\u00f6tlich-braune Randlinie, mit blassgrauen Farbton und r\u00f6tlich-braune Randlinie, die einen Hauch von Eleganz, um das Besteck hinzuf\u00fcgt. Au\u00dferdem haben diese Gro\u00dfhandelsgeschirrsets eine matte Oberfl\u00e4che, die nicht so auff\u00e4llig und strukturiert ist wie die trendigere gl\u00e4nzende Oberfl\u00e4che.<\/li>\n\n\n\n<li><strong>Langlebigkeit:<\/strong> Diese Keramikteller und -schalen sind s\u00e4ure-, k\u00e4lte- und hitzebest\u00e4ndig und haben eine lange Lebensdauer. Sie werden nicht verbogen oder verformt mit Gebrauch und wird durch Messer und Gabel Kratzer dauern.<\/li>\n\n\n\n<li><strong>Sicherheit: <\/strong>Diese Geschirrsets f\u00fcr den Gro\u00dfhandel werden aus reinem Naturton und ungiftiger Glasur hergestellt. Sie enthalten keine sch\u00e4dlichen Chemikalien wie Kadmium und Blei und k\u00f6nnen daher unbedenklich mit Lebensmitteln in Kontakt gebracht werden.<\/li>\n\n\n\n<li><strong>Praktikabilit\u00e4t: <\/strong>Diese Keramikteller und -sch\u00fcsseln bestehen aus Tellern und Sch\u00fcsseln in verschiedenen Gr\u00f6\u00dfen, die die Anforderungen f\u00fcr verschiedene Arten von regelm\u00e4\u00dfigen Mahlzeiten erf\u00fcllen, z. B. f\u00fcr Reis, Suppe und Gerichte. Sie eignen sich am besten f\u00fcr gesellige Essenssituationen wie Familienessen und Treffen mit Freunden.<\/li>\n<\/ul>\n<\/div>\n\n\n\n<div class=\"wp-block-column is-layout-flow wp-block-column-is-layout-flow\">\n<figure class=\"wp-block-image size-full\"><img fetchpriority=\"high\" decoding=\"async\" width=\"1200\" height=\"1600\" src=\"https:\/\/jinhuaceramic.com\/wp-content\/uploads\/2025\/03\/Matte-Gray-Wholesale-Crockery-Set-Custom-Dinner-Services-Tableware-5.webp\" alt=\"Mattgrau Gro\u00dfhandel Geschirr, Keramik-Teller und Schalen Bulk-5\" class=\"wp-image-8306\" srcset=\"https:\/\/jinhuaceramic.com\/wp-content\/uploads\/2025\/03\/Matte-Gray-Wholesale-Crockery-Set-Custom-Dinner-Services-Tableware-5.webp 1200w, https:\/\/jinhuaceramic.com\/wp-content\/uploads\/2025\/03\/Matte-Gray-Wholesale-Crockery-Set-Custom-Dinner-Services-Tableware-5-225x300.webp 225w, https:\/\/jinhuaceramic.com\/wp-content\/uploads\/2025\/03\/Matte-Gray-Wholesale-Crockery-Set-Custom-Dinner-Services-Tableware-5-768x1024.webp 768w, https:\/\/jinhuaceramic.com\/wp-content\/uploads\/2025\/03\/Matte-Gray-Wholesale-Crockery-Set-Custom-Dinner-Services-Tableware-5-9x12.webp 9w, https:\/\/jinhuaceramic.com\/wp-content\/uploads\/2025\/03\/Matte-Gray-Wholesale-Crockery-Set-Custom-Dinner-Services-Tableware-5-285x380.webp 285w, https:\/\/jinhuaceramic.com\/wp-content\/uploads\/2025\/03\/Matte-Gray-Wholesale-Crockery-Set-Custom-Dinner-Services-Tableware-5-495x660.webp 495w, https:\/\/jinhuaceramic.com\/wp-content\/uploads\/2025\/03\/Matte-Gray-Wholesale-Crockery-Set-Custom-Dinner-Services-Tableware-5-113x150.webp 113w\" sizes=\"(max-width: 1200px) 100vw, 1200px\" \/><\/figure>\n<\/div>\n<\/div>\n\n\n\n<p><\/p>","protected":false},"excerpt":{"rendered":"<p>Willkommen im Gro\u00dfhandel Geschirr zu kaufen. Diese mattgrauen Keramikteller und -sch\u00fcsseln sind aus hochwertigem Steingut gefertigt und garantieren Langlebigkeit und Sicherheit. Der mattgraue neue Stil und die r\u00f6tlich-braunen Randlinien sorgen daf\u00fcr, dass sie den Bedarf des t\u00e4glichen Essens erf\u00fcllen und mit dem Gesamterscheinungsbild des Esstisches harmonieren und den Kunden eine l\u00e4ssige und elegante Essatmosph\u00e4re bieten.<\/p>","protected":false},"featured_media":8304,"comment_status":"closed","ping_status":"closed","template":"","meta":{"_acf_changed":false},"product_brand":[],"product_cat":[83,54],"product_tag":[],"class_list":{"0":"post-8302","1":"product","2":"type-product","3":"status-publish","4":"has-post-thumbnail","6":"product_cat-wholesale-dinnerware-sets","7":"product_cat-tableware-wholesale","9":"first","10":"instock","11":"shipping-taxable","12":"product-type-simple"},"acf":[],"_links":{"self":[{"href":"https:\/\/jinhuaceramic.com\/de\/wp-json\/wp\/v2\/product\/8302","targetHints":{"allow":["GET"]}}],"collection":[{"href":"https:\/\/jinhuaceramic.com\/de\/wp-json\/wp\/v2\/product"}],"about":[{"href":"https:\/\/jinhuaceramic.com\/de\/wp-json\/wp\/v2\/types\/product"}],"replies":[{"embeddable":true,"href":"https:\/\/jinhuaceramic.com\/de\/wp-json\/wp\/v2\/comments?post=8302"}],"version-history":[{"count":0,"href":"https:\/\/jinhuaceramic.com\/de\/wp-json\/wp\/v2\/product\/8302\/revisions"}],"wp:featuredmedia":[{"embeddable":true,"href":"https:\/\/jinhuaceramic.com\/de\/wp-json\/wp\/v2\/media\/8304"}],"wp:attachment":[{"href":"https:\/\/jinhuaceramic.com\/de\/wp-json\/wp\/v2\/media?parent=8302"}],"wp:term":[{"taxonomy":"product_brand","embeddable":true,"href":"https:\/\/jinhuaceramic.com\/de\/wp-json\/wp\/v2\/product_brand?post=8302"},{"taxonomy":"product_cat","embeddable":true,"href":"https:\/\/jinhuaceramic.com\/de\/wp-json\/wp\/v2\/product_cat?post=8302"},{"taxonomy":"product_tag","embeddable":true,"href":"https:\/\/jinhuaceramic.com\/de\/wp-json\/wp\/v2\/product_tag?post=8302"}],"curies":[{"name":"wp","href":"https:\/\/api.w.org\/{rel}","templated":true}]}}